{"id":5963,"date":"2022-08-08T20:50:11","date_gmt":"2022-08-08T20:50:11","guid":{"rendered":"https:\/\/www.sunkaraoke.hu\/index.php\/termek\/tajtiboy-subi-dubi-kiscsibem\/"},"modified":"2025-04-05T12:00:29","modified_gmt":"2025-04-05T12:00:29","slug":"tajtiboy-subi-dubi-kiscsibem","status":"publish","type":"product","link":"https:\/\/www.sunkaraoke.hu\/index.php\/termek\/tajtiboy-subi-dubi-kiscsibem\/","title":{"rendered":"<div class=\"wcmp-player-container product-5963\"><audio controlslist=\"nodownload\" data-product=\"5963\"  volume=\"1\"  preload=\"none\" data-lazyloading=\"none\" class=\"wcmp-player track mejs-classic\" data-duration=\"0:31\" data-estimated_duration=\"4\"><source src=\"https:\/\/www.sunkaraoke.hu\/wp-content\/uploads\/2022\/08\/Subi-Dubi-Tajti.-kdemoo.mp3\" type=\"audio\/mp3\" \/><\/audio><\/div>Tajtiboy &#8211; Subi dubi kiscsib\u00e9m (Original)"},"content":{"rendered":"<p><strong>04:11<\/strong> | <strong><img loading=\"lazy\" decoding=\"async\" class=\"alignnone size-full wp-image-467\" src=\"https:\/\/www.sunkaraoke.hu\/wp-content\/uploads\/2022\/07\/choir_2-copy.webp\" alt=\"\" width=\"30\" height=\"30\" \/> <\/strong><\/p>\n","protected":false},"excerpt":{"rendered":"<h6><strong>Bits\u0171r\u0171s\u00e9g: 320<\/strong>kb\/s<strong><br \/>\n<\/strong><strong>Hossz: <\/strong>04:11<strong><br \/>\n<\/strong><strong style=\"font-size: 16px;\">Vok\u00e1lt tartalmaz: <\/strong>Nem <img loading=\"lazy\" decoding=\"async\" class=\"alignnone size-full wp-image-467\" src=\"http:\/\/www.sunkaraoke.hu\/wp-content\/uploads\/2022\/07\/choir_2-copy.png\" alt=\"\" width=\"30\" height=\"30\" \/><strong style=\"font-size: 16px;\"><br \/>\n<\/strong><\/h6>\n<p>Sunkaraoke mp3 st\u00fadi\u00f3 \/ www.sunkaraoke.hu \/ Inf: Tel: 06 20 4275001<\/p>\n<p>&#8212;Intr\u00f3&#8212;<br \/>\nNem r\u00e9g, m\u00e9g a tenger homokj\u00e1ban,<br \/>\n\u00fclt\u00fcnk k\u00e9z a k\u00e9zben b\u00e1tran,<br \/>\nszem\u00fcnk csillagokat sz\u00f3rt az \u00e9jszak\u00e1ba.<br \/>\nJ\u00f3 volt, olyan izgat\u00f3an cs\u00f3kolt,<br \/>\nmegr\u00e1zta \u0151sz fej\u00e9t a v\u00e9n hold,<br \/>\ntudom nem hiszel, de \u00edgy volt.<br \/>\nEml\u00e9k, r\u00e9gi itt marasztalt vend\u00e9g,<br \/>\nn\u00e9h\u00e1ny \u00f6sszegy\u0171r\u00f6tt f\u00e9nyk\u00e9p,<br \/>\nn\u00e9h\u00e1ny elfelejtett sz\u00ednj\u00e1t\u00e9k.<br \/>\n\u00d3 egy \u00e1lom, ami itt maradt a f\u00e1kon,<br \/>\nott \u00fcl most is minden \u00e1gon,<br \/>\nmint egy elhib\u00e1zott sz\u00f3.<\/p>\n<p>Subi dubi kiscsib\u00e9m, benned ma is \u00e9l egy kis rem\u00e9ny,<br \/>\nn\u00e9h\u00e1ny esze-veszett perced\u00e9rt visszav\u00e1rlak.<br \/>\nSubi dubi kiscsib\u00e9m, nem kell mesebeli nagy reg\u00e9ny,<br \/>\nminden felesleges sz\u00f3, olyan nevetni val\u00f3,mondd mire val\u00f3!<\/p>\n<p>Nem volt, olyan hely a nagyvil\u00e1gban, ahol annyi sz\u00e9pet l\u00e1ttam,<br \/>\nahol annyira, de annyira vigy\u00e1ztam.<br \/>\nCsak v\u00e1rtam, \u00e9reztem azt, hogy \u00e9g a v\u00e1gyad,<br \/>\nl\u00e1ttam azt, hogy \u00fcres az \u00e1gyad,<br \/>\ntudod nem volt \u00edgy csak n\u00e1lad.<br \/>\nEml\u00e9k, r\u00e9gi itt marasztalt vend\u00e9g,<br \/>\nn\u00e9h\u00e1ny \u00f6ssze gy\u0171r\u00f6tt f\u00e9nyk\u00e9p,<br \/>\nn\u00e9h\u00e1ny elfelejtett sz\u00ednj\u00e1t\u00e9k.<br \/>\n\u00d3 egy \u00e1lom, ami itt maradt a f\u00e1kon,<br \/>\nott \u00fcl most is minden \u00e1gon,<br \/>\nmint egy elhib\u00e1zott sz\u00f3.<\/p>\n<p>Subi dubi kiscsib\u00e9m, benned ma is \u00e9l egy kis rem\u00e9ny,<br \/>\nn\u00e9h\u00e1ny esze-veszett perced\u00e9rt visszav\u00e1rlak.<br \/>\nSubi dubi kiscsib\u00e9m, nem kell mesebeli nagy reg\u00e9ny,<br \/>\nminden felesleges sz\u00f3, olyan nevetni val\u00f3,mondd mire val\u00f3!<br \/>\n&#8212;Sz\u00f3l\u00f3&#8212;<br \/>\nSubi dubi kiscsib\u00e9m, benned ma is \u00e9l egy kis rem\u00e9ny,<br \/>\nn\u00e9h\u00e1ny esze-veszett perced\u00e9rt visszav\u00e1rlak.<br \/>\nSubi dubi kiscsib\u00e9m, nem kell mesebeli nagy reg\u00e9ny,<br \/>\nminden felesleges sz\u00f3, olyan nevetni val\u00f3,mondd mire val\u00f3!<br \/>\n&#8212;V\u00e9ge&#8212;<\/p>\n","protected":false},"featured_media":9020,"template":"","meta":{"site-sidebar-layout":"default","site-content-layout":"default","ast-site-content-layout":"default","site-content-style":"default","site-sidebar-style":"default","ast-global-header-display":"","ast-banner-title-visibility":"","ast-main-header-display":"","ast-hfb-above-header-display":"","ast-hfb-below-header-display":"","ast-hfb-mobile-header-display":"","site-post-title":"","ast-breadcrumbs-content":"","ast-featured-img":"","footer-sml-layout":"","theme-transparent-header-meta":"default","adv-header-id-meta":"","stick-header-meta":"","header-above-stick-meta":"","header-main-stick-meta":"","header-below-stick-meta":"","astra-migrate-meta-layouts":"set","ast-page-background-enabled":"default","ast-page-background-meta":{"desktop":{"background-color":"var(--ast-global-color-4)","background-image":"","background-repeat":"repeat","background-position":"center center","background-size":"auto","background-attachment":"scroll","background-type":"","background-media":"","overlay-type":"","overlay-color":"","overlay-opacity":"","overlay-gradient":""},"tablet":{"background-color":"","background-image":"","background-repeat":"repeat","background-position":"center center","background-size":"auto","background-attachment":"scroll","background-type":"","background-media":"","overlay-type":"","overlay-color":"","overlay-opacity":"","overlay-gradient":""},"mobile":{"background-color":"","background-image":"","background-repeat":"repeat","background-position":"center center","background-size":"auto","background-attachment":"scroll","background-type":"","background-media":"","overlay-type":"","overlay-color":"","overlay-opacity":"","overlay-gradient":""}},"ast-content-background-meta":{"desktop":{"background-color":"var(--ast-global-color-5)","background-image":"","background-repeat":"repeat","background-position":"center center","background-size":"auto","background-attachment":"scroll","background-type":"","background-media":"","overlay-type":"","overlay-color":"","overlay-opacity":"","overlay-gradient":""},"tablet":{"background-color":"var(--ast-global-color-5)","background-image":"","background-repeat":"repeat","background-position":"center center","background-size":"auto","background-attachment":"scroll","background-type":"","background-media":"","overlay-type":"","overlay-color":"","overlay-opacity":"","overlay-gradient":""},"mobile":{"background-color":"var(--ast-global-color-5)","background-image":"","background-repeat":"repeat","background-position":"center center","background-size":"auto","background-attachment":"scroll","background-type":"","background-media":"","overlay-type":"","overlay-color":"","overlay-opacity":"","overlay-gradient":""}}},"product_cat":[52],"product_tag":[],"class_list":["post-5963","product","type-product","status-publish","has-post-thumbnail","hentry","product_cat-tajtiboy","desktop-align-left","tablet-align-left","mobile-align-left"],"_links":{"self":[{"href":"https:\/\/www.sunkaraoke.hu\/index.php\/wp-json\/wp\/v2\/product\/5963","targetHints":{"allow":["GET"]}}],"collection":[{"href":"https:\/\/www.sunkaraoke.hu\/index.php\/wp-json\/wp\/v2\/product"}],"about":[{"href":"https:\/\/www.sunkaraoke.hu\/index.php\/wp-json\/wp\/v2\/types\/product"}],"wp:featuredmedia":[{"embeddable":true,"href":"https:\/\/www.sunkaraoke.hu\/index.php\/wp-json\/wp\/v2\/media\/9020"}],"wp:attachment":[{"href":"https:\/\/www.sunkaraoke.hu\/index.php\/wp-json\/wp\/v2\/media?parent=5963"}],"wp:term":[{"taxonomy":"product_cat","embeddable":true,"href":"https:\/\/www.sunkaraoke.hu\/index.php\/wp-json\/wp\/v2\/product_cat?post=5963"},{"taxonomy":"product_tag","embeddable":true,"href":"https:\/\/www.sunkaraoke.hu\/index.php\/wp-json\/wp\/v2\/product_tag?post=5963"}],"curies":[{"name":"wp","href":"https:\/\/api.w.org\/{rel}","templated":true}]}}