{"id":5962,"date":"2025-04-13T07:00:11","date_gmt":"2025-04-13T07:00:11","guid":{"rendered":"https:\/\/www.sunkaraoke.hu\/index.php\/termek\/roberto-nem-kellesz-mar-nekem\/"},"modified":"2026-04-18T07:25:18","modified_gmt":"2026-04-18T05:25:18","slug":"roberto-nem-kellesz-mar-nekem","status":"publish","type":"product","link":"https:\/\/www.sunkaraoke.hu\/index.php\/termek\/roberto-nem-kellesz-mar-nekem\/","title":{"rendered":"<div class=\"wcmp-player-container product-5962\"><audio controlslist=\"nodownload\" data-product=\"5962\"  volume=\"1\"  preload=\"none\" data-lazyloading=\"none\" class=\"wcmp-player track mejs-classic\" data-duration=\"0:33\" data-estimated_duration=\"4\"><source src=\"https:\/\/www.sunkaraoke.hu\/wp-content\/uploads\/2022\/08\/Nem-kellesz-mar-nekem-Roberto.-demoo.mp3\" type=\"audio\/mp3\" \/><\/audio><\/div>Roberto &#8211; Nem kellesz m\u00e1r nekem (Original B\u00e1ndi Edition)"},"content":{"rendered":"<p><strong>03:49<\/strong> | <strong><img loading=\"lazy\" decoding=\"async\" class=\"alignnone size-full wp-image-467\" src=\"https:\/\/www.sunkaraoke.hu\/wp-content\/uploads\/2022\/07\/choir_2-copy.webp\" alt=\"\" width=\"30\" height=\"30\" \/> <\/strong><\/p>\n","protected":false},"excerpt":{"rendered":"<h6><strong>Bits\u0171r\u0171s\u00e9g: 320<\/strong>kb\/s<strong><br \/>\n<\/strong><strong>Hossz: <\/strong>03:49<strong><br \/>\n<\/strong><strong style=\"font-size: 16px;\">Vok\u00e1lt tartalmaz: <\/strong>Nem <img loading=\"lazy\" decoding=\"async\" class=\"alignnone size-full wp-image-467\" src=\"http:\/\/www.sunkaraoke.hu\/wp-content\/uploads\/2022\/07\/choir_2-copy.png\" alt=\"\" width=\"30\" height=\"30\" \/><strong style=\"font-size: 16px;\"><br \/>\n<\/strong><\/h6>\n<p>Sunkaraoke mp3 st\u00fadi\u00f3 \/ www.sunkaraoke.hu \/ Inf: Tel: 06 20 4275001<\/p>\n<p>&#8212;Intr\u00f3&#8212;<br \/>\nNe gondolj a r\u00e9gi ny\u00e1rra, ne gondolj a boldogs\u00e1gra,<br \/>\nengem oly k\u00f6nnyed\u00e9n itthagyt\u00e1l.<br \/>\nNem kellesz m\u00e1r nekem, nem kell a szerelmed,<br \/>\nv\u00edgan \u00e9lem \u00edgy m\u00e1r a vil\u00e1gom.<br \/>\nAnnyi kisl\u00e1nyt kapok, amennyit akarok,<br \/>\nde szerelmesnek lenni nem tudok.<br \/>\n\u00d6sszet\u00f6rted kicsi sz\u00edvem, meggy\u00f6t\u00f6rted szeg\u00e9ny lelkem,<br \/>\nne gyere vissza m\u00e1r \u00fagy is k\u00e1r.<br \/>\nNem kellesz m\u00e1r nekem, nem kell a szerelmed,<br \/>\nv\u00edgan \u00e9lem \u00edgy m\u00e1r a vil\u00e1gom.<br \/>\nAnnyi kisl\u00e1nyt kapok, amennyit akarok,<br \/>\nde szerelmesnek lenni nem tudok.<br \/>\nJ\u00e1lom\u00e1, j\u00e1lom\u00e1&#8230;&#8230;S\u00e1n\u00e1, s\u00e1n\u00e1, n\u00e1&#8230;..<br \/>\n&#8212;Sz\u00f3l\u00f3&#8211;<br \/>\nNe gondolj a r\u00e9gi ny\u00e1rra, ne gondolj a boldogs\u00e1gra,<br \/>\nengem oly k\u00f6nnyed\u00e9n itthagyt\u00e1l.<br \/>\nNem kellesz m\u00e1r nekem, nem kell a szerelmed,<br \/>\nv\u00edgan \u00e9lem \u00edgy m\u00e1r a vil\u00e1gom.<br \/>\nAnnyi kisl\u00e1nyt kapok, amennyit akarok,<br \/>\nde szerelmesnek lenni nem tudok.<br \/>\n\u00d6sszet\u00f6rted kicsi sz\u00edvem, meggy\u00f6t\u00f6rted szeg\u00e9ny lelkem,<br \/>\nne gyere vissza m\u00e1r \u00fagy is k\u00e1r.<br \/>\nNem kellesz m\u00e1r nekem, nem kell a szerelmed,<br \/>\nv\u00edgan \u00e9lem \u00edgy m\u00e1r a vil\u00e1gom.<br \/>\nAnnyi kisl\u00e1nyt kapok, amennyit akarok,<br \/>\nde szerelmesnek lenni nem tudok.<br \/>\nJ\u00e1lom\u00e1, j\u00e1lom\u00e1&#8230;.S\u00e1, n\u00e1, n\u00e1, n\u00e1&#8230;.<br \/>\nJ\u00e1lom\u00e1, j\u00e1lom\u00e1&#8230;.S\u00e1, n\u00e1, n\u00e1&#8230;<br \/>\n&#8212;-V\u00e9ge&#8212;<\/p>\n","protected":false},"featured_media":9021,"template":"","meta":{"site-sidebar-layout":"default","site-content-layout":"default","ast-site-content-layout":"default","site-content-style":"default","site-sidebar-style":"default","ast-global-header-display":"","ast-banner-title-visibility":"","ast-main-header-display":"","ast-hfb-above-header-display":"","ast-hfb-below-header-display":"","ast-hfb-mobile-header-display":"","site-post-title":"","ast-breadcrumbs-content":"","ast-featured-img":"","footer-sml-layout":"","theme-transparent-header-meta":"default","adv-header-id-meta":"","stick-header-meta":"","header-above-stick-meta":"","header-main-stick-meta":"","header-below-stick-meta":"","astra-migrate-meta-layouts":"set","ast-page-background-enabled":"default","ast-page-background-meta":{"desktop":{"background-color":"var(--ast-global-color-4)","background-image":"","background-repeat":"repeat","background-position":"center center","background-size":"auto","background-attachment":"scroll","background-type":"","background-media":"","overlay-type":"","overlay-color":"","overlay-opacity":"","overlay-gradient":""},"tablet":{"background-color":"","background-image":"","background-repeat":"repeat","background-position":"center center","background-size":"auto","background-attachment":"scroll","background-type":"","background-media":"","overlay-type":"","overlay-color":"","overlay-opacity":"","overlay-gradient":""},"mobile":{"background-color":"","background-image":"","background-repeat":"repeat","background-position":"center center","background-size":"auto","background-attachment":"scroll","background-type":"","background-media":"","overlay-type":"","overlay-color":"","overlay-opacity":"","overlay-gradient":""}},"ast-content-background-meta":{"desktop":{"background-color":"var(--ast-global-color-5)","background-image":"","background-repeat":"repeat","background-position":"center center","background-size":"auto","background-attachment":"scroll","background-type":"","background-media":"","overlay-type":"","overlay-color":"","overlay-opacity":"","overlay-gradient":""},"tablet":{"background-color":"var(--ast-global-color-5)","background-image":"","background-repeat":"repeat","background-position":"center center","background-size":"auto","background-attachment":"scroll","background-type":"","background-media":"","overlay-type":"","overlay-color":"","overlay-opacity":"","overlay-gradient":""},"mobile":{"background-color":"var(--ast-global-color-5)","background-image":"","background-repeat":"repeat","background-position":"center center","background-size":"auto","background-attachment":"scroll","background-type":"","background-media":"","overlay-type":"","overlay-color":"","overlay-opacity":"","overlay-gradient":""}}},"product_cat":[48],"product_tag":[],"class_list":["post-5962","product","type-product","status-publish","has-post-thumbnail","hentry","product_cat-sunkaraoke-dalok","desktop-align-left","tablet-align-left","mobile-align-left"],"_links":{"self":[{"href":"https:\/\/www.sunkaraoke.hu\/index.php\/wp-json\/wp\/v2\/product\/5962","targetHints":{"allow":["GET"]}}],"collection":[{"href":"https:\/\/www.sunkaraoke.hu\/index.php\/wp-json\/wp\/v2\/product"}],"about":[{"href":"https:\/\/www.sunkaraoke.hu\/index.php\/wp-json\/wp\/v2\/types\/product"}],"wp:featuredmedia":[{"embeddable":true,"href":"https:\/\/www.sunkaraoke.hu\/index.php\/wp-json\/wp\/v2\/media\/9021"}],"wp:attachment":[{"href":"https:\/\/www.sunkaraoke.hu\/index.php\/wp-json\/wp\/v2\/media?parent=5962"}],"wp:term":[{"taxonomy":"product_cat","embeddable":true,"href":"https:\/\/www.sunkaraoke.hu\/index.php\/wp-json\/wp\/v2\/product_cat?post=5962"},{"taxonomy":"product_tag","embeddable":true,"href":"https:\/\/www.sunkaraoke.hu\/index.php\/wp-json\/wp\/v2\/product_tag?post=5962"}],"curies":[{"name":"wp","href":"https:\/\/api.w.org\/{rel}","templated":true}]}}