{"id":5951,"date":"2022-08-08T20:50:10","date_gmt":"2022-08-08T20:50:10","guid":{"rendered":"https:\/\/www.sunkaraoke.hu\/index.php\/termek\/csore-bela-csak-menj-2021\/"},"modified":"2025-03-28T10:35:29","modified_gmt":"2025-03-28T10:35:29","slug":"csore-bela-csak-menj-2021","status":"publish","type":"product","link":"https:\/\/www.sunkaraoke.hu\/index.php\/termek\/csore-bela-csak-menj-2021\/","title":{"rendered":"<div class=\"wcmp-player-container product-5951\"><audio controlslist=\"nodownload\" data-product=\"5951\"  volume=\"1\"  preload=\"none\" data-lazyloading=\"none\" class=\"wcmp-player track mejs-classic\" data-duration=\"0:32\" data-estimated_duration=\"4\"><source src=\"https:\/\/www.sunkaraoke.hu\/wp-content\/uploads\/2022\/08\/Csak-menj-2021.-Csore-PB._demo.mp3\" type=\"audio\/mp3\" \/><\/audio><\/div>Cs\u00f3r\u00e9 B\u00e9la &#8211; Csak menj (Original)"},"content":{"rendered":"<p><strong>04:03<\/strong> | <strong><img loading=\"lazy\" decoding=\"async\" class=\"alignnone size-full wp-image-467\" src=\"https:\/\/www.sunkaraoke.hu\/wp-content\/uploads\/2022\/07\/choir_2-copy.webp\" alt=\"\" width=\"30\" height=\"30\" \/> <\/strong><\/p>\n","protected":false},"excerpt":{"rendered":"<h5><strong>Bits\u0171r\u0171s\u00e9g: 320 kb\/s<\/strong><br \/>\n<strong>Hossz: 04:03<\/strong><br \/>\n<strong>Vok\u00e1lt tartalmaz: Nem <img loading=\"lazy\" decoding=\"async\" class=\"alignnone size-full wp-image-467\" src=\"http:\/\/www.sunkaraoke.hu\/wp-content\/uploads\/2022\/07\/choir_2-copy.png\" alt=\"\" width=\"30\" height=\"30\" \/><\/strong><strong style=\"font-size: 16px;\"><br \/>\n<\/strong><\/h5>\n<p>Sunkaraoke mp3 st\u00fadi\u00f3 \/ www.sunkaraoke.hu \/ Inf: Tel: 06 20 4275001<\/p>\n<p>&#8212;Intr\u00f3&#8212;<br \/>\n\u00dagy f\u00e1j, hogy elment\u00e9l t\u0151lem,<br \/>\n\u00fagy f\u00e1j, hogy senki se v\u00e1r.<br \/>\nMindenki kedves\u00e9t v\u00e1rja,<br \/>\nmindenki boldogs\u00e1gra v\u00e1r.<br \/>\nElment\u00e9l t\u0151lem oly k\u00f6nnyen,<br \/>\nv\u00e1rtam, hogy vissza gyere \u00e9rtem.<br \/>\nCsendesen hazudtad n\u00e9kem,<br \/>\nhogy sz\u00e1momra nincs m\u00e1r t\u00f6bb rem\u00e9ny.<br \/>\nCsak menj, hogy boldog legy\u00e9l,<br \/>\n\u00e9s ne k\u00e9rdezd azt, hogy mit v\u00e1rsz m\u00e9g t\u0151lem.<br \/>\nCsak mondd, hogy boldog vagy m\u00e1r,<br \/>\n\u00e9s megtal\u00e1ltad azt, kit sz\u00edvb\u0151l im\u00e1dsz.<br \/>\nCsak menj, hogy boldog legy\u00e9l,<br \/>\n\u00e9s ne k\u00e9rdezd azt, hogy mit v\u00e1rsz m\u00e9g t\u0151lem.<br \/>\nCsak mondd, hogy boldog vagy m\u00e1r,<br \/>\n\u00e9s megtal\u00e1ltad azt, kit sz\u00edvb\u0151l im\u00e1dsz.<br \/>\n&#8212;Sz\u00f3l\u00f3&#8212;<br \/>\nElm\u00falik minden oly csendben,<br \/>\nelmegyek, mert nincs m\u00e1r tov\u00e1bb.<br \/>\nHa \u00fagy \u00e9rzed mindent megb\u00e1nt\u00e1l,<br \/>\nha \u00fagy \u00e9rzed, gyere vissza m\u00e1r.<br \/>\nElment\u00e9l t\u0151lem oly k\u00f6nnyen,<br \/>\nv\u00e1rtam, hogy vissza gyere \u00e9rtem.<br \/>\nCsendesen hazudtad n\u00e9kem,<br \/>\nhogy sz\u00e1momra nincs m\u00e1r t\u00f6bb rem\u00e9ny.<br \/>\nCsak menj, hogy boldog legy\u00e9l,<br \/>\n\u00e9s ne k\u00e9rdezd azt, hogy mit v\u00e1rsz m\u00e9g t\u0151lem.<br \/>\nCsak mondd, hogy boldog vagy m\u00e1r,<br \/>\n\u00e9s megtal\u00e1ltad azt, kit sz\u00edvb\u0151l im\u00e1dsz.<br \/>\nCsak menj, hogy boldog legy\u00e9l,<br \/>\n\u00e9s ne k\u00e9rdezd azt, hogy mit v\u00e1rsz m\u00e9g t\u0151lem.<br \/>\nCsak mondd, hogy boldog vagy m\u00e1r,<br \/>\n\u00e9s megtal\u00e1ltad azt, kit sz\u00edvb\u0151l im\u00e1dsz.<br \/>\n&#8212;Sz\u00f3l\u00f3&#8212;<br \/>\nCsak menj, hogy boldog legy\u00e9l,<br \/>\n\u00e9s ne k\u00e9rdezd azt, hogy mit v\u00e1rsz m\u00e9g t\u0151lem.<br \/>\nCsak mondd, hogy boldog vagy m\u00e1r,<br \/>\n\u00e9s megtal\u00e1ltad azt, kit sz\u00edvb\u0151l im\u00e1dsz.<br \/>\nCsak menj, hogy boldog legy\u00e9l,<br \/>\n\u00e9s ne k\u00e9rdezd azt, hogy mit v\u00e1rsz m\u00e9g t\u0151lem.<br \/>\nCsak mondd, hogy boldog vagy m\u00e1r,<br \/>\n\u00e9s megtal\u00e1ltad azt, kit sz\u00edvb\u0151l im\u00e1dsz.<br \/>\n&#8212;V\u00e9ge&#8212;<\/p>\n","protected":false},"featured_media":8991,"template":"","meta":{"site-sidebar-layout":"default","site-content-layout":"default","ast-site-content-layout":"default","site-content-style":"default","site-sidebar-style":"default","ast-global-header-display":"","ast-banner-title-visibility":"","ast-main-header-display":"","ast-hfb-above-header-display":"","ast-hfb-below-header-display":"","ast-hfb-mobile-header-display":"","site-post-title":"","ast-breadcrumbs-content":"","ast-featured-img":"","footer-sml-layout":"","theme-transparent-header-meta":"default","adv-header-id-meta":"","stick-header-meta":"","header-above-stick-meta":"","header-main-stick-meta":"","header-below-stick-meta":"","astra-migrate-meta-layouts":"set","ast-page-background-enabled":"default","ast-page-background-meta":{"desktop":{"background-color":"var(--ast-global-color-4)","background-image":"","background-repeat":"repeat","background-position":"center center","background-size":"auto","background-attachment":"scroll","background-type":"","background-media":"","overlay-type":"","overlay-color":"","overlay-opacity":"","overlay-gradient":""},"tablet":{"background-color":"","background-image":"","background-repeat":"repeat","background-position":"center center","background-size":"auto","background-attachment":"scroll","background-type":"","background-media":"","overlay-type":"","overlay-color":"","overlay-opacity":"","overlay-gradient":""},"mobile":{"background-color":"","background-image":"","background-repeat":"repeat","background-position":"center center","background-size":"auto","background-attachment":"scroll","background-type":"","background-media":"","overlay-type":"","overlay-color":"","overlay-opacity":"","overlay-gradient":""}},"ast-content-background-meta":{"desktop":{"background-color":"var(--ast-global-color-5)","background-image":"","background-repeat":"repeat","background-position":"center center","background-size":"auto","background-attachment":"scroll","background-type":"","background-media":"","overlay-type":"","overlay-color":"","overlay-opacity":"","overlay-gradient":""},"tablet":{"background-color":"var(--ast-global-color-5)","background-image":"","background-repeat":"repeat","background-position":"center center","background-size":"auto","background-attachment":"scroll","background-type":"","background-media":"","overlay-type":"","overlay-color":"","overlay-opacity":"","overlay-gradient":""},"mobile":{"background-color":"var(--ast-global-color-5)","background-image":"","background-repeat":"repeat","background-position":"center center","background-size":"auto","background-attachment":"scroll","background-type":"","background-media":"","overlay-type":"","overlay-color":"","overlay-opacity":"","overlay-gradient":""}}},"product_cat":[48],"product_tag":[],"class_list":["post-5951","product","type-product","status-publish","has-post-thumbnail","hentry","product_cat-sunkaraoke-dalok","desktop-align-left","tablet-align-left","mobile-align-left"],"_links":{"self":[{"href":"https:\/\/www.sunkaraoke.hu\/index.php\/wp-json\/wp\/v2\/product\/5951","targetHints":{"allow":["GET"]}}],"collection":[{"href":"https:\/\/www.sunkaraoke.hu\/index.php\/wp-json\/wp\/v2\/product"}],"about":[{"href":"https:\/\/www.sunkaraoke.hu\/index.php\/wp-json\/wp\/v2\/types\/product"}],"wp:featuredmedia":[{"embeddable":true,"href":"https:\/\/www.sunkaraoke.hu\/index.php\/wp-json\/wp\/v2\/media\/8991"}],"wp:attachment":[{"href":"https:\/\/www.sunkaraoke.hu\/index.php\/wp-json\/wp\/v2\/media?parent=5951"}],"wp:term":[{"taxonomy":"product_cat","embeddable":true,"href":"https:\/\/www.sunkaraoke.hu\/index.php\/wp-json\/wp\/v2\/product_cat?post=5951"},{"taxonomy":"product_tag","embeddable":true,"href":"https:\/\/www.sunkaraoke.hu\/index.php\/wp-json\/wp\/v2\/product_tag?post=5951"}],"curies":[{"name":"wp","href":"https:\/\/api.w.org\/{rel}","templated":true}]}}