{"id":5946,"date":"2022-08-08T20:50:10","date_gmt":"2022-08-08T20:50:10","guid":{"rendered":"https:\/\/www.sunkaraoke.hu\/index.php\/termek\/dolly-rolly-poperett-dance-mix-operett-megamix\/"},"modified":"2025-04-07T11:54:57","modified_gmt":"2025-04-07T11:54:57","slug":"dolly-rolly-poperett-dance-mix-operett-megamix","status":"publish","type":"product","link":"https:\/\/www.sunkaraoke.hu\/index.php\/termek\/dolly-rolly-poperett-dance-mix-operett-megamix\/","title":{"rendered":"<div class=\"wcmp-player-container product-5946\"><audio controlslist=\"nodownload\" data-product=\"5946\"  volume=\"1\"  preload=\"none\" data-lazyloading=\"none\" class=\"wcmp-player track mejs-classic\" data-duration=\"0:33\" data-estimated_duration=\"4\"><source src=\"https:\/\/www.sunkaraoke.hu\/wp-content\/uploads\/2022\/08\/Poperett-Dance-Mix-Dolly-E.-kdemoo.mp3\" type=\"audio\/mp3\" \/><\/audio><\/div>Dolly Rolly &#8211; Poperett Dance Mix Operett Megamix (Original)"},"content":{"rendered":"<p><strong>07:47<\/strong> | <strong><img loading=\"lazy\" decoding=\"async\" class=\"alignnone size-full wp-image-467\" src=\"https:\/\/www.sunkaraoke.hu\/wp-content\/uploads\/2022\/07\/choir_2-copy.webp\" alt=\"\" width=\"30\" height=\"30\" \/> <\/strong><\/p>\n","protected":false},"excerpt":{"rendered":"<h6><strong>Bits\u0171r\u0171s\u00e9g: 320<\/strong>kb\/s<strong><br \/>\n<\/strong><strong>Hossz: <\/strong>07:47<strong><br \/>\n<\/strong><strong style=\"font-size: 16px;\">Vok\u00e1lt tartalmaz: <\/strong>Nem <img loading=\"lazy\" decoding=\"async\" class=\"alignnone size-full wp-image-467\" src=\"http:\/\/www.sunkaraoke.hu\/wp-content\/uploads\/2022\/07\/choir_2-copy.png\" alt=\"\" width=\"30\" height=\"30\" \/><strong style=\"font-size: 16px;\"><br \/>\n<\/strong><\/h6>\n<p>Sunkaraoke mp3 st\u00fadi\u00f3 \/ www.sunkaraoke.hu \/ Inf: Tel: 06 20 4275001<\/p>\n<p>&#8212;Intr\u00f3&#8212;\/\/00:45\/\/<br \/>\nNem \u00e9l jobban K\u00edn\u00e1ban sem a k\u00ednai cs\u00e1sz\u00e1r,<br \/>\nmert amikor a sz\u00edvemre a b\u00fab\u00e1nat r\u00e1sz\u00e1ll,<br \/>\nmagamat nem ny\u00fazatod, sz\u00edvedet sem z\u00fazatom,<br \/>\nh\u00e1rom veder pezsg\u0151 mell\u00e9 csak a cig\u00e1nyt h\u00fazatom,<br \/>\nha mulat\u00f3s kedvem t\u00e1mad csak ezt h\u00fazatom.<br \/>\nAlm\u00e1si P\u00e9ter, Alm\u00e1si P\u00e1l,a barom\u00e9ter es\u0151re \u00e1ll,<br \/>\nne b\u00fasulj r\u00f3zs\u00e1m mert az egy garast sem \u00e9r,<br \/>\nne b\u00fasulj lesz m\u00e9g sz\u0151l\u0151 lesz m\u00e9g l\u00e1gykeny\u00e9r.<br \/>\nAlm\u00e1si P\u00e9ter Alm\u00e1si P\u00e1l,a barom\u00e9ter nem impon\u00e1l,<br \/>\nh\u00fazatom agyba f\u0151be beugrok a nagyb\u0151g\u0151be, Alm\u00e1si P\u00e9ter Pityke P\u00e1l.<br \/>\n&#8212;Sz\u00f3l\u00f3&#8212;\/\/02:03\/\/<br \/>\nB\u0171n\u00f6s\u00f6k vagyunk mi, mert \u00e9jszak\u00e1zgatunk mi,<br \/>\nnem vonz benn\u00fcnket t\u00edzkor m\u00e9g az \u00e1gy.<br \/>\n\u00d3 e romlott v\u00e1ros, erk\u00f6lcseinkre k\u00e1ros,<br \/>\naz ellen\u00e1ll\u00e1s sz\u00edv\u00fcnkben, de l\u00e1gy.<br \/>\nHogyha \u00faj le\u00e1ny van, az orfi m\u0171sor\u00e1ban,<br \/>\nmi m\u00e1r el\u0151re \u00e9rte l\u00e1ngolunk.<br \/>\n\u00d3 de finom itt a helyzet, cs\u00f3k kacaj meg tarka t\u00e1nc,<br \/>\n\u00e9s a l\u00e1ny mint k\u00f6nny\u0171 szerzet, m\u00e9g mit is k\u00edv\u00e1nsz.<br \/>\nKorunkat elfeledj\u00fck, egy\u00e9b bajunkkal egy\u00fctt,<br \/>\nmihelyt a l\u00e1ny, a kis zsiv\u00e1ny ha t\u00e1ncba h\u00edv, mi nyomban t\u00e1ncolunk!<br \/>\nA l\u00e1nyok, a l\u00e1nyok, a l\u00e1nyok angyalok,<br \/>\na f\u00e9rfiakkal csak kom\u00e9di\u00e1znak.<br \/>\nA l\u00e1nyok szerelme nem s\u00f6t\u00e9t dolog,<br \/>\na l\u00e1nyok a cs\u00f3kt\u00f3l csak ritk\u00e1n f\u00e1znak.<br \/>\n]A l\u00e1nyok, a l\u00e1nyok, a l\u00e1nyok angyalok,<br \/>\naz olt\u00e1rhoz nem szaladnak v\u00e9led.<br \/>\n\u00daj m\u0171sorhoz \u00faj f\u00e9rfi kell,ezt \u0151k sosem felejtik el,<br \/>\ngyer\u00fcnk, gyer\u00fcnk, gyer\u00fcnk, mert gyors az \u00e9let.<br \/>\n&#8212;Sz\u00f3l\u00f3&#8212;\/\/03:40\/\/<br \/>\nHogyha szeretn\u00e9l engemet, \u00fagy mint \u00e9n t\u00e9gedet,<br \/>\n\u00f6sszepusziln\u00e1m k\u00e9pedet, n\u00e9gy helyett, jaj.<br \/>\nMit tegyek \u00e9n egy gy\u00f6nge l\u00e1ny,t\u00e1mad a f\u00e9rfi, a zsiv\u00e1ny,<br \/>\nnem tudok ellen\u00e1llani n\u00e9ki,s hirtelen meg van a baj.<br \/>\nF\u00e9rfias ajkad cs\u00f3koln\u00e1m,cs\u00f3koln\u00e1m,cs\u00f3koln\u00e1m,<br \/>\ncs\u00fcngeni tudn\u00e9k sz\u00fcntelen pici sz\u00e1don.<br \/>\nPomp\u00e1s ez alkalom, maga gonosz nagyon,<br \/>\njer id\u00e9bb,k\u00f6zel\u00e9bb, szeress nagyon.<br \/>\nGyere cs\u00f3kolj meg szapor\u00e1n tubic\u00e1m,<br \/>\nha megf\u0151zt\u00e9l most megegy\u00e9l,de meg \u00e1m.<br \/>\nT\u00fcrelem nagy kincs,de nekem cs\u00f6pp sincs,<br \/>\naki v\u00e1r,nem szerethet igaz\u00e1n.<br \/>\nGyere cs\u00f3kolj meg szapor\u00e1n tubic\u00e1m,<br \/>\nha megf\u0151zt\u00e9l most megegy\u00e9l,de meg \u00e1m,<br \/>\nl\u00e9gy a p\u00e1rom,alig v\u00e1rom ,idetartom a forr\u00f3 sz\u00e1m!<br \/>\n&#8212;Sz\u00f3l\u00f3&#8212;\/\/05:07\/\/<br \/>\nH\u00e1nyszor mondtam m\u00e1r magamnak,n\u00e9zd ezt nem szabad!<br \/>\nHagyd a n\u0151ket abba m\u00e1r,m\u00e9rt vagy oly szam\u00e1r?!<br \/>\nMit t\u00f6r\u0151dsz te azzal,hogy sz\u00e1z l\u00e1ny sz\u00edv megszakad?<br \/>\nMegvigasztal\u00f3dnak \u0151k,nem hallnak bele!<br \/>\nHogy mit sz\u00f3lnak majd a n\u0151k,h\u00e1t mit t\u00f6r\u0151dsz vele?<br \/>\nS \u00fajra j\u00f6tt egy csak egy m\u00e9g,\u00e9s a sz\u00edvem \u00fajfent \u00e9g, mert&#8230;<br \/>\nJaj, cica eszem azt a cs\u00f6pp kis sz\u00e1d.<br \/>\nN\u00e9lk\u00fcled m\u00e9g a mennyorsz\u00e1g is f\u00e1d.<br \/>\nNem megyek egyed\u00fcl oda,nem hagylak el, nem \u00e9n soha!<br \/>\nJaj, cica eszem azt a cs\u00f6pp kis sz\u00e1d.<br \/>\nN\u00e9lk\u00fcled m\u00e9g a mennyorsz\u00e1g is f\u00e1d.<br \/>\nHa \u00fcl\u00f6k is a mennybe,te cica csak \u00fczenj be,\u00e9rted kiugrom cic\u00e1m!<br \/>\n&#8212;Sz\u00f3l\u00f3&#8212;\/\/06:08\/\/<br \/>\nZajt ne \u00fcss kicsi l\u00e1ny ide s\u00fcss,<br \/>\namit \u00e9n szavalok, az egy tiszta dolog.<br \/>\nN\u00e9zz csak r\u00e1m, ilyen n\u0151 ugye b\u00e1r dehogyis terem citromf\u00e1n.<br \/>\nIlyen n\u0151k olyan roppant ritk\u00e1k, vagy esetleg ilyen t\u00f6bb nincs,<br \/>\naki tudja a sz\u00e9p k\u00f6nnyelm\u0171 \u00e9let titk\u00e1t,megbecs\u00fclend\u0151 kincs.<br \/>\nTe rongyos \u00e9let, bolondos \u00e9let<br \/>\nmit\u0151l tudsz olyan \u00e9des lenni mint a m\u00e9z?<br \/>\nTe rongyos \u00e9let, bolondos \u00e9let,<br \/>\nleszokni r\u00f3lad istenem milyen neh\u00e9z!<br \/>\n&#8212;Sz\u00f3l\u00f3&#8212;\/\/07:03\/\/<br \/>\nTe rongyos \u00e9let, bolondos \u00e9let,<br \/>\nmit\u0151l tudsz olyan \u00e9des lenni mint a m\u00e9z?<br \/>\nTe rongyos \u00e9let, bolondos \u00e9let,<br \/>\nleszokni r\u00f3lad istenem milyen neh\u00e9z!<br \/>\nTe rongyos \u00e9let, bolondos \u00e9let,<br \/>\nmit\u0151l tudsz olyan \u00e9des lenni mint a m\u00e9z?<br \/>\nTe rongyos \u00e9let, bolondos \u00e9let,<br \/>\nleszokni r\u00f3lad istenem milyen neh\u00e9z!<br \/>\n&#8212;V\u00e9ge&#8212;<\/p>\n","protected":false},"featured_media":9300,"template":"","meta":{"site-sidebar-layout":"default","site-content-layout":"default","ast-site-content-layout":"default","site-content-style":"default","site-sidebar-style":"default","ast-global-header-display":"","ast-banner-title-visibility":"","ast-main-header-display":"","ast-hfb-above-header-display":"","ast-hfb-below-header-display":"","ast-hfb-mobile-header-display":"","site-post-title":"","ast-breadcrumbs-content":"","ast-featured-img":"","footer-sml-layout":"","theme-transparent-header-meta":"default","adv-header-id-meta":"","stick-header-meta":"","header-above-stick-meta":"","header-main-stick-meta":"","header-below-stick-meta":"","astra-migrate-meta-layouts":"set","ast-page-background-enabled":"default","ast-page-background-meta":{"desktop":{"background-color":"var(--ast-global-color-4)","background-image":"","background-repeat":"repeat","background-position":"center center","background-size":"auto","background-attachment":"scroll","background-type":"","background-media":"","overlay-type":"","overlay-color":"","overlay-opacity":"","overlay-gradient":""},"tablet":{"background-color":"","background-image":"","background-repeat":"repeat","background-position":"center center","background-size":"auto","background-attachment":"scroll","background-type":"","background-media":"","overlay-type":"","overlay-color":"","overlay-opacity":"","overlay-gradient":""},"mobile":{"background-color":"","background-image":"","background-repeat":"repeat","background-position":"center center","background-size":"auto","background-attachment":"scroll","background-type":"","background-media":"","overlay-type":"","overlay-color":"","overlay-opacity":"","overlay-gradient":""}},"ast-content-background-meta":{"desktop":{"background-color":"var(--ast-global-color-5)","background-image":"","background-repeat":"repeat","background-position":"center center","background-size":"auto","background-attachment":"scroll","background-type":"","background-media":"","overlay-type":"","overlay-color":"","overlay-opacity":"","overlay-gradient":""},"tablet":{"background-color":"var(--ast-global-color-5)","background-image":"","background-repeat":"repeat","background-position":"center center","background-size":"auto","background-attachment":"scroll","background-type":"","background-media":"","overlay-type":"","overlay-color":"","overlay-opacity":"","overlay-gradient":""},"mobile":{"background-color":"var(--ast-global-color-5)","background-image":"","background-repeat":"repeat","background-position":"center center","background-size":"auto","background-attachment":"scroll","background-type":"","background-media":"","overlay-type":"","overlay-color":"","overlay-opacity":"","overlay-gradient":""}}},"product_cat":[58],"product_tag":[],"class_list":["post-5946","product","type-product","status-publish","has-post-thumbnail","hentry","product_cat-erdelyi-zoltan","desktop-align-left","tablet-align-left","mobile-align-left"],"_links":{"self":[{"href":"https:\/\/www.sunkaraoke.hu\/index.php\/wp-json\/wp\/v2\/product\/5946","targetHints":{"allow":["GET"]}}],"collection":[{"href":"https:\/\/www.sunkaraoke.hu\/index.php\/wp-json\/wp\/v2\/product"}],"about":[{"href":"https:\/\/www.sunkaraoke.hu\/index.php\/wp-json\/wp\/v2\/types\/product"}],"wp:featuredmedia":[{"embeddable":true,"href":"https:\/\/www.sunkaraoke.hu\/index.php\/wp-json\/wp\/v2\/media\/9300"}],"wp:attachment":[{"href":"https:\/\/www.sunkaraoke.hu\/index.php\/wp-json\/wp\/v2\/media?parent=5946"}],"wp:term":[{"taxonomy":"product_cat","embeddable":true,"href":"https:\/\/www.sunkaraoke.hu\/index.php\/wp-json\/wp\/v2\/product_cat?post=5946"},{"taxonomy":"product_tag","embeddable":true,"href":"https:\/\/www.sunkaraoke.hu\/index.php\/wp-json\/wp\/v2\/product_tag?post=5946"}],"curies":[{"name":"wp","href":"https:\/\/api.w.org\/{rel}","templated":true}]}}