{"id":5935,"date":"2022-08-08T20:50:08","date_gmt":"2022-08-08T20:50:08","guid":{"rendered":"https:\/\/www.sunkaraoke.hu\/index.php\/termek\/piros-bela-piros-bela-mulatos-mix-48\/"},"modified":"2025-04-07T11:48:25","modified_gmt":"2025-04-07T11:48:25","slug":"piros-bela-piros-bela-mulatos-mix-48","status":"publish","type":"product","link":"https:\/\/www.sunkaraoke.hu\/index.php\/termek\/piros-bela-piros-bela-mulatos-mix-48\/","title":{"rendered":"<div class=\"wcmp-player-container product-5935\"><audio controlslist=\"nodownload\" data-product=\"5935\"  volume=\"1\"  preload=\"none\" data-lazyloading=\"none\" class=\"wcmp-player track mejs-classic\" data-duration=\"0:32\" data-estimated_duration=\"4\"><source src=\"https:\/\/www.sunkaraoke.hu\/wp-content\/uploads\/2022\/08\/Piros-Bela-mulatos-mix-48.-demooo.mp3\" type=\"audio\/mp3\" \/><\/audio><\/div>Piros B\u00e9la &#8211; Piros B\u00e9la Mulat\u00f3s mix 48. (Original)"},"content":{"rendered":"<p><strong>09:20<\/strong> | <strong><img loading=\"lazy\" decoding=\"async\" class=\"alignnone size-full wp-image-467\" src=\"https:\/\/www.sunkaraoke.hu\/wp-content\/uploads\/2022\/07\/choir_2-copy.webp\" alt=\"\" width=\"30\" height=\"30\" \/> <\/strong><\/p>\n","protected":false},"excerpt":{"rendered":"<h6><strong>Bits\u0171r\u0171s\u00e9g: 320<\/strong>kb\/s<strong><br \/>\n<\/strong><strong>Hossz: <\/strong>09:20<strong><br \/>\n<\/strong><strong style=\"font-size: 16px;\">Vok\u00e1lt tartalmaz: <\/strong>Nem <img loading=\"lazy\" decoding=\"async\" class=\"alignnone size-full wp-image-467\" src=\"http:\/\/www.sunkaraoke.hu\/wp-content\/uploads\/2022\/07\/choir_2-copy.png\" alt=\"\" width=\"30\" height=\"30\" \/><strong style=\"font-size: 16px;\"><br \/>\n<\/strong><\/h6>\n<p>Sunkaraoke mp3 st\u00fadi\u00f3 \/ www.sunkaraoke.hu \/ Inf: Tel: 06 20 4275001<\/p>\n<p>&#8212;Intr\u00f3&#8212;<br \/>\nNem vagy leg\u00e9ny,Berci,nem vagy leg\u00e9ny,Berci,nem mersz hozz\u00e1m j\u00e1rni.<br \/>\n\u00c9desap\u00e1m el\u0151tt,\u00e9desany\u00e1m el\u0151tt nem mersz megcs\u00f3kolni.<br \/>\nHa \u00e9n leg\u00e9ny voln\u00e9k,Berci,hozz\u00e1tok elj\u00e1rn\u00e9k,<br \/>\n\u00c9desap\u00e1d el\u0151tt,\u00e9desany\u00e1d el\u0151tt p\u00e1ros cs\u00f3kot adn\u00e9k.<br \/>\nHa \u00e9n leg\u00e9ny voln\u00e9k,Berci,hozz\u00e1tok elj\u00e1rn\u00e9k,<br \/>\n\u00c9desap\u00e1d el\u0151tt,\u00e9desany\u00e1d el\u0151tt p\u00e1ros cs\u00f3kot adn\u00e9k.<\/p>\n<p>Leg\u00e9ny vagy te,Berci,leg\u00e9ny vagy te,Berci,mersz m\u00e1r hozz\u00e1nk j\u00e1rni,<br \/>\n\u00c9desap\u00e1m el\u0151tt,\u00e9desany\u00e1m el\u0151tt meg is mersz cs\u00f3kolni.<br \/>\nDe ez nekem mind nem el\u00e9g,mert m\u00e9g meg sem k\u00e9rt\u00e9l.<br \/>\nElm\u00falt m\u00e1r egy ny\u00e1r is,elm\u00falt m\u00e1r egy t\u00e9l is,m\u00e9g el sem jegyezt\u00e9l.<br \/>\nDe ez nekem mind nem el\u00e9g,mert m\u00e9g meg sem k\u00e9rt\u00e9l.<br \/>\nElm\u00falt m\u00e1r egy ny\u00e1r is,elm\u00falt m\u00e1r egy t\u00e9l is,m\u00e9g el sem jegyezt\u00e9l.<br \/>\n&#8212;Sz\u00f3l\u00f3&#8212;<br \/>\nR\u00e9szeg vagyok,r\u00f3zs\u00e1m,mint a csap,nem aludtam h\u00e1rom \u00e9jjel,h\u00e1rom nap.<br \/>\nHazamenn\u00e9k,jaj,de nem tudok,hajnalig,r\u00f3zs\u00e1m,n\u00e1lad maradok.<br \/>\nHazamenn\u00e9k,jaj,de nem tudok,hajnalig,r\u00f3zs\u00e1m,n\u00e1lad maradok.<br \/>\nR\u00e9szeg vagyok,r\u00f3zs\u00e1m,mint a csap,nem aludtam h\u00e1rom \u00e9jjel,h\u00e1rom nap.<br \/>\nHazamenn\u00e9k,jaj,de nem tudok,hajnalig,r\u00f3zs\u00e1m,n\u00e1lad maradok.<br \/>\nHazamenn\u00e9k,jaj,de nem tudok,hajnalig,r\u00f3zs\u00e1m,n\u00e1lad maradok.<\/p>\n<p>&#8212;Sz\u00f3l\u00f3&#8212;<br \/>\nA szekeresi vas\u00fat\u00e1llom\u00e1son k\u00e9t vonat \u00e1ll kinn a negyedik v\u00e1g\u00e1nyon.<br \/>\nAz egyiknek,jaj,de magas a k\u00e9m\u00e9nye,azzal visznek ki a hat\u00e1rsz\u00e9lre.<br \/>\nAz egyiknek,jaj,de magas a k\u00e9m\u00e9nye,azzal visznek ki a hat\u00e1rsz\u00e9lre.<\/p>\n<p>Az \u00e9n r\u00f3zs\u00e1m karjai,karjai,nem akar meghajlani, levelet \u00edrni.<br \/>\nMeg kell annak hajlani,levelet \u00edrni,ha meg akar \u00f6lelni cs\u00f3kolni.<br \/>\nMeg kell annak hajlani,levelet \u00edrni,ha meg akar \u00f6lelni cs\u00f3kolni.<br \/>\n&#8212;Sz\u00f3l\u00f3&#8212;<br \/>\nKis szekeres,nagy szekeres,mind megissza,amit keres.<br \/>\nM\u00edg a kocsi ide-oda j\u00e1r,sz\u00e1z Forintnak a v\u00e9g\u00e9re j\u00e1r.<br \/>\nM\u00edg a kocsi ide-oda j\u00e1r,sz\u00e1z Forintnak a v\u00e9g\u00e9re j\u00e1r.<br \/>\nKis szekeres,nagy szekeres,mind megissza,amit keres.<br \/>\nM\u00edg a kocsi ide-oda j\u00e1r,sz\u00e1z Forintnak a v\u00e9g\u00e9re j\u00e1r.<br \/>\nM\u00edg a kocsi ide-oda j\u00e1r,sz\u00e1z Forintnak a v\u00e9g\u00e9re j\u00e1r.<br \/>\n&#8212;Sz\u00f3l\u00f3&#8212;<br \/>\nEz a kisl\u00e1ny megy a k\u00fatra,nem tal\u00e1l a gyalog\u00fatra.<br \/>\nHajnalban,hajnal el\u0151tt r\u00f3zsafa ny\u00edlik a h\u00e1za el\u0151tt.<br \/>\nHajnalban,hajnal el\u0151tt r\u00f3zsafa ny\u00edlik a h\u00e1za el\u0151tt.<\/p>\n<p>Ez a kisl\u00e1ny olyan kisl\u00e1ny,maga j\u00e1r a leg\u00e9ny ut\u00e1n.<br \/>\nHajnalban,hajnal el\u0151tt r\u00f3zsafa ny\u00edlik a h\u00e1za el\u0151tt.<br \/>\nHajnalban,hajnal el\u0151tt r\u00f3zsafa ny\u00edlik a h\u00e1za el\u0151tt.<\/p>\n<p>Ez a kisl\u00e1ny azt akarja,hogy a leg\u00e9ny megcs\u00f3kolja.<br \/>\nHajnalban,hajnal el\u0151tt r\u00f3zsafa ny\u00edlik a h\u00e1za el\u0151tt.<br \/>\nHajnalban,hajnal el\u0151tt r\u00f3zsafa ny\u00edlik a h\u00e1za el\u0151tt.<\/p>\n<p>Ak\u00e1rmilyen \u00f6regasszony,ha elveszik,csak menyasszony.<br \/>\nHajnalban,hajnal el\u0151tt r\u00f3zsafa ny\u00edlik a h\u00e1za el\u0151tt.<br \/>\nHajnalban,hajnal el\u0151tt r\u00f3zsafa ny\u00edlik a h\u00e1za el\u0151tt.<\/p>\n<p>&#8212;Sz\u00f3l\u00f3&#8212;<br \/>\nZ\u00f6ld b\u00faz\u00e1ban terem a m\u00e9rgesk\u00edgy\u00f3, sz\u00e9p kisl\u00e1nyb\u00f3l van a leg\u00e9ny cs\u00e1b\u00edt\u00f3.<br \/>\nL\u00e1tod any\u00e1m milyen j\u00f3 az ki cs\u00fanya, szeg\u00e9ny leg\u00e9ny sz\u00edv\u00e9t nem szomor\u00edtja.<br \/>\nL\u00e1tod any\u00e1m milyen j\u00f3 az ki cs\u00fanya, szeg\u00e9ny leg\u00e9ny sz\u00edv\u00e9t nem szomor\u00edtja.<\/p>\n<p>\u00c9desany\u00e1m nem tudok elaludni, leg\u00e9nyt hallok a kapuba besz\u00e9lni.<br \/>\n\u00c9desany\u00e1m eresszen ki hozz\u00e1ja, f\u00e1j a sz\u00edvem majd meghalok ut\u00e1na.<br \/>\n\u00c9desany\u00e1m eresszen ki hozz\u00e1ja, f\u00e1j a sz\u00edvem majd meghalok ut\u00e1na.<\/p>\n<p>R\u00e1\u00e9rsz te m\u00e9g \u00e9des l\u00e1nyom kimenni, r\u00e1\u00e9rsz te m\u00e9g a kapuba besz\u00e9lni.<br \/>\nTudom any\u00e1m j\u00f3l tudom hogy r\u00e1\u00e9rek, de azt is tudom hogy nem sok\u00e1ig \u00e9lek.<br \/>\nTudom any\u00e1m j\u00f3l tudom hogy r\u00e1\u00e9rek, de azt is tudom hogy nem sok\u00e1ig \u00e9lek.<\/p>\n<p>&#8212;V\u00e9ge&#8212;<\/p>\n","protected":false},"featured_media":12989,"template":"","meta":{"site-sidebar-layout":"default","site-content-layout":"default","ast-site-content-layout":"default","site-content-style":"default","site-sidebar-style":"default","ast-global-header-display":"","ast-banner-title-visibility":"","ast-main-header-display":"","ast-hfb-above-header-display":"","ast-hfb-below-header-display":"","ast-hfb-mobile-header-display":"","site-post-title":"","ast-breadcrumbs-content":"","ast-featured-img":"","footer-sml-layout":"","theme-transparent-header-meta":"default","adv-header-id-meta":"","stick-header-meta":"","header-above-stick-meta":"","header-main-stick-meta":"","header-below-stick-meta":"","astra-migrate-meta-layouts":"set","ast-page-background-enabled":"default","ast-page-background-meta":{"desktop":{"background-color":"var(--ast-global-color-4)","background-image":"","background-repeat":"repeat","background-position":"center center","background-size":"auto","background-attachment":"scroll","background-type":"","background-media":"","overlay-type":"","overlay-color":"","overlay-opacity":"","overlay-gradient":""},"tablet":{"background-color":"","background-image":"","background-repeat":"repeat","background-position":"center center","background-size":"auto","background-attachment":"scroll","background-type":"","background-media":"","overlay-type":"","overlay-color":"","overlay-opacity":"","overlay-gradient":""},"mobile":{"background-color":"","background-image":"","background-repeat":"repeat","background-position":"center center","background-size":"auto","background-attachment":"scroll","background-type":"","background-media":"","overlay-type":"","overlay-color":"","overlay-opacity":"","overlay-gradient":""}},"ast-content-background-meta":{"desktop":{"background-color":"var(--ast-global-color-5)","background-image":"","background-repeat":"repeat","background-position":"center center","background-size":"auto","background-attachment":"scroll","background-type":"","background-media":"","overlay-type":"","overlay-color":"","overlay-opacity":"","overlay-gradient":""},"tablet":{"background-color":"var(--ast-global-color-5)","background-image":"","background-repeat":"repeat","background-position":"center center","background-size":"auto","background-attachment":"scroll","background-type":"","background-media":"","overlay-type":"","overlay-color":"","overlay-opacity":"","overlay-gradient":""},"mobile":{"background-color":"var(--ast-global-color-5)","background-image":"","background-repeat":"repeat","background-position":"center center","background-size":"auto","background-attachment":"scroll","background-type":"","background-media":"","overlay-type":"","overlay-color":"","overlay-opacity":"","overlay-gradient":""}}},"product_cat":[48],"product_tag":[],"class_list":["post-5935","product","type-product","status-publish","has-post-thumbnail","hentry","product_cat-sunkaraoke-dalok","desktop-align-left","tablet-align-left","mobile-align-left"],"_links":{"self":[{"href":"https:\/\/www.sunkaraoke.hu\/index.php\/wp-json\/wp\/v2\/product\/5935","targetHints":{"allow":["GET"]}}],"collection":[{"href":"https:\/\/www.sunkaraoke.hu\/index.php\/wp-json\/wp\/v2\/product"}],"about":[{"href":"https:\/\/www.sunkaraoke.hu\/index.php\/wp-json\/wp\/v2\/types\/product"}],"wp:featuredmedia":[{"embeddable":true,"href":"https:\/\/www.sunkaraoke.hu\/index.php\/wp-json\/wp\/v2\/media\/12989"}],"wp:attachment":[{"href":"https:\/\/www.sunkaraoke.hu\/index.php\/wp-json\/wp\/v2\/media?parent=5935"}],"wp:term":[{"taxonomy":"product_cat","embeddable":true,"href":"https:\/\/www.sunkaraoke.hu\/index.php\/wp-json\/wp\/v2\/product_cat?post=5935"},{"taxonomy":"product_tag","embeddable":true,"href":"https:\/\/www.sunkaraoke.hu\/index.php\/wp-json\/wp\/v2\/product_tag?post=5935"}],"curies":[{"name":"wp","href":"https:\/\/api.w.org\/{rel}","templated":true}]}}