{"id":5928,"date":"2022-08-08T20:50:08","date_gmt":"2022-08-08T20:50:08","guid":{"rendered":"https:\/\/www.sunkaraoke.hu\/index.php\/termek\/piros-bela-piros-bela-mulatos-mix-46-asszonytanc-3-mix\/"},"modified":"2025-04-07T11:40:10","modified_gmt":"2025-04-07T11:40:10","slug":"piros-bela-piros-bela-mulatos-mix-46-asszonytanc-3-mix","status":"publish","type":"product","link":"https:\/\/www.sunkaraoke.hu\/index.php\/termek\/piros-bela-piros-bela-mulatos-mix-46-asszonytanc-3-mix\/","title":{"rendered":"<div class=\"wcmp-player-container product-5928\"><audio controlslist=\"nodownload\" data-product=\"5928\"  volume=\"1\"  preload=\"none\" data-lazyloading=\"none\" class=\"wcmp-player track mejs-classic\" data-duration=\"0:31\" data-estimated_duration=\"4\"><source src=\"https:\/\/www.sunkaraoke.hu\/wp-content\/uploads\/2022\/08\/Piros-Bela-mulatos-MIX-46.-kdemooo.mp3\" type=\"audio\/mp3\" \/><\/audio><\/div>Piros B\u00e9la &#8211; Piros B\u00e9la mulat\u00f3s mix 46. Asszonyt\u00e1nc 03. MIX (Original)"},"content":{"rendered":"<p><strong>10:38<\/strong> | <strong><img loading=\"lazy\" decoding=\"async\" class=\"alignnone size-full wp-image-467\" src=\"https:\/\/www.sunkaraoke.hu\/wp-content\/uploads\/2022\/07\/choir_2-copy.webp\" alt=\"\" width=\"30\" height=\"30\" \/> <\/strong><\/p>\n","protected":false},"excerpt":{"rendered":"<h6><strong>Bits\u0171r\u0171s\u00e9g: 320<\/strong>kb\/s<strong><br \/>\n<\/strong><strong>Hossz: <\/strong>10:38<strong><br \/>\n<\/strong><strong style=\"font-size: 16px;\">Vok\u00e1lt tartalmaz: <\/strong>Nem <img loading=\"lazy\" decoding=\"async\" class=\"alignnone size-full wp-image-467\" src=\"http:\/\/www.sunkaraoke.hu\/wp-content\/uploads\/2022\/07\/choir_2-copy.png\" alt=\"\" width=\"30\" height=\"30\" \/><strong style=\"font-size: 16px;\"><br \/>\n<\/strong><\/h6>\n<p>Sunkaraoke mp3 st\u00fadi\u00f3 \/ www.sunkaraoke.hu \/ Inf: Tel: 06 20 4275001<\/p>\n<p>&#8212;Intr\u00f3&#8212;<br \/>\nEttetek is ittatok is m\u00e1r eleget,<br \/>\nhazamenni j\u00f3 emberek m\u00e9gsem lehet.<br \/>\nV\u0151f\u00e9ly uram tess\u00e9k k\u00e9rem fel\u00e1llni,<br \/>\na menyasszonyra kezdjen el licit\u00e1lni.<br \/>\nElad\u00f3 a menyasszony m\u00e9g \u00f6tsz\u00e1z\u00e9rt,<br \/>\na k\u00f6vetkez\u0151 elviheti dupl\u00e1\u00e9rt,<br \/>\nde aki a legv\u00e9g\u00e9re marad,<br \/>\nnem \u00fassza meg soha t\u00edz rongy alatt.<br \/>\n&#8212;Sz\u00f3l\u00f3&#8212;<br \/>\nEttetek is ittatok is m\u00e1r eleget,<br \/>\nhazamenni j\u00f3 emberek m\u00e9gsem lehet.<br \/>\nV\u0151f\u00e9ly uram tess\u00e9k k\u00e9rem fel\u00e1llni,<br \/>\na menyasszonyra kezdjen el licit\u00e1lni.<br \/>\nElad\u00f3 a menyasszony m\u00e9g \u00f6tsz\u00e1z\u00e9rt,<br \/>\na k\u00f6vetkez\u0151 elviheti dupl\u00e1\u00e9rt,<br \/>\nde aki a legv\u00e9g\u00e9re marad,<br \/>\nnem \u00fassza meg soha t\u00edz rongy alatt.<br \/>\n&#8212;Sz\u00f3l\u00f3&#8212;<br \/>\nAsszony,asszony,az akarok lenni.<br \/>\nN\u00e9kem akkor nem parancsol senki.<br \/>\nSem ap\u00e1m,sem any\u00e1m,<br \/>\nahhoz megyek,kit szeretek igaz\u00e1n.<br \/>\nSem ap\u00e1m,sem any\u00e1m,<br \/>\nahhoz megyek,kit szeretek igaz\u00e1n.<\/p>\n<p>Szaladj kisl\u00e1ny a szekered ut\u00e1n,<br \/>\nmajd felvesznek valahol az utc\u00e1n,<br \/>\nfelvesznek, letesznek \u00e9s azut\u00e1n feles\u00e9g\u00fcl elvesznek.<br \/>\nfelvesznek, letesznek \u00e9s azut\u00e1n feles\u00e9g\u00fcl elvesznek.<br \/>\n&#8212;Sz\u00f3l\u00f3&#8212;<br \/>\nJegenyef\u00e1n f\u00e9szket rak a cs\u00f3ka,<br \/>\nbarna kisl\u00e1ny tan\u00edtott a cs\u00f3kra.<br \/>\nT\u00fczes cs\u00f3kj\u00e1t jaj, de sokszor vissza-vissza k\u00e9rtem,<br \/>\na sz\u00edvemet, a lelkemet adtam neki oda \u00e9rte.<br \/>\nAdtam cs\u00f3kot az Isten tudja h\u00e1nyat,<br \/>\ncs\u00f3kolom a cs\u00f3kra termett sz\u00e1dat.<br \/>\nDe mivel, hogy sz\u00e9jjelszakadt a szerelm\u00fcnknek l\u00e1nca,<br \/>\na faluban nincsen olyan kov\u00e1cs sej aki \u00f6sszekalap\u00e1lja.<br \/>\nHa meghalok csak az a k\u00e9r\u00e9sem,<br \/>\na cig\u00e1nyzene a s\u00edromig k\u00eds\u00e9rjen.<br \/>\nA h\u00e1zamt\u00f3l a s\u00edromig mindig csak azt h\u00fazza,<br \/>\nhogy ezt a leg\u00e9nyt a szerelem vitte el a s\u00f6t\u00e9t s\u00edrba!<br \/>\nA h\u00e1zamt\u00f3l a s\u00edromig mindig csak azt h\u00fazza,<br \/>\nhogy ezt a leg\u00e9nyt a szerelem vitte el a s\u00f6t\u00e9t s\u00edrba.<br \/>\n&#8212;Sz\u00f3l\u00f3&#8212;<br \/>\nEz a kisl\u00e1ny akkor sz\u00e9p,mikor koszor\u00fa van a fej\u00e9n,<br \/>\nfelmegy az Isten h\u00e1z\u00e1ba, r\u00e1bor\u00fal az \u00dar asztal\u00e1ra.<br \/>\nCsattos Imak\u00f6nyv van a kez\u00e9be, r\u00e9gi szeret\u0151je j\u00e1r az esz\u00e9be.<br \/>\nP\u00e1ros csillag az \u00e9gen, ragyog a fekete szem\u00e9ben.<br \/>\nCsattos Imak\u00f6nyv van a kez\u00e9be, r\u00e9gi szeret\u0151je j\u00e1r az esz\u00e9be.<br \/>\nP\u00e1ros csillag az \u00e9gen, ragyog a fekete szem\u00e9ben.<\/p>\n<p>Egy kett\u0151r\u0151l h\u00e1romra, befogom az any\u00f3som a j\u00e1romba,<br \/>\nkihajtom a tany\u00e1ra, \u00e9s befogom a t\u00f6bbi marha sor\u00e1ba.<br \/>\nSz\u00e9n\u00e1t rakok el\u00e9be, hadd egyen az \u00f6regasszony kedv\u00e9re.<br \/>\nNe s\u00edrj cs\u00e1rd\u00e1s any\u00f3som,itat\u00e1skor a k\u00f6telet eloldom.<br \/>\nSz\u00e9n\u00e1t rakok el\u00e9be, hadd egyen az \u00f6regasszony kedv\u00e9re.<br \/>\nNe s\u00edrj cs\u00e1rd\u00e1s any\u00f3som,itat\u00e1skor a k\u00f6telet eloldom.<br \/>\n&#8212;Sz\u00f3l\u00f3&#8212;<br \/>\nNem z\u00f6r\u00f6g a haraszt, ha a sz\u00e9l nem f\u00fajja,<br \/>\nbety\u00e1ros a kedvem, ha a cig\u00e1ny h\u00fazza.<br \/>\nHajlik sz\u00edvem jobbra, balra,<br \/>\nmindegy neki, sz\u0151ke, barna.<br \/>\nNem vagyok \u00e9n olyan v\u00e1logat\u00f3s fajta.<br \/>\nHajlik sz\u00edvem jobbra, balra,<br \/>\nmindegy neki, sz\u0151ke, barna.<br \/>\nNem vagyok \u00e9n olyan v\u00e1logat\u00f3s fajta.<\/p>\n<p>R\u00f3lunk besz\u00e9l m\u00e1r az eg\u00e9sz vil\u00e1g sz\u00e1ja,<br \/>\nazt mondj\u00e1k, hogy te vagy az \u00e9n sz\u00edvem p\u00e1rja.<br \/>\nTagadjuk, hogy igaz volna,m\u00e9gis azt mondja a n\u00f3ta,<br \/>\nnem z\u00f6r\u00f6g a haraszt, ha a sz\u00e9l nem f\u00fajja.<br \/>\nTagadjuk, hogy igaz volna,m\u00e9gis azt mondja a n\u00f3ta,<br \/>\nnem z\u00f6r\u00f6g a haraszt, ha a sz\u00e9l nem f\u00fajja.<br \/>\n&#8212;Sz\u00f3l\u00f3&#8212;<br \/>\nSej kukor\u00e9kol m\u00e1r a kakas,hajnal akar lenni,<br \/>\na faluv\u00e9gi kiskocsm\u00e1ba be k\u00e9ne m\u00e1r menni.<br \/>\nBent \u00fclnek m\u00e1r a szesztestv\u00e9rek , \u00e9s nyomj\u00e1k a n\u00f3t\u00e1mat.<br \/>\nElvesztettem a havi fizet\u00e9sem, majd meg\u00f6l a b\u00e1nat.<br \/>\nBent \u00fclnek m\u00e1r a szesztestv\u00e9rek , \u00e9s nyomj\u00e1k a n\u00f3t\u00e1mat.<br \/>\nElvesztettem a havi fizet\u00e9sem, majd meg\u00f6l a b\u00e1nat.<\/p>\n<p>&#8212;Sz\u00f3l\u00f3&#8212;<\/p>\n<p>Sej kukor\u00e9kol m\u00e1r a kakas,hajnal akar lenni,<br \/>\nharangoznak a templomban,oda k\u00e9ne menni.<br \/>\n\u00c9gnek a gyerty\u00e1k az olt\u00e1r el\u0151tt,m\u00e9gse j\u00f6n ide a p\u00e1rom,<br \/>\nelittam a havi fizet\u00e9sem,m\u00edg \u00e9lek sajn\u00e1lom.<br \/>\n\u00c9gnek a gyerty\u00e1k az olt\u00e1r el\u0151tt,m\u00e9gse j\u00f6n ide a p\u00e1rom,<br \/>\nelittam a havi fizet\u00e9sem,m\u00edg \u00e9lek sajn\u00e1lom.<br \/>\n&#8212;V\u00e9ge&#8212;<\/p>\n","protected":false},"featured_media":12989,"template":"","meta":{"site-sidebar-layout":"default","site-content-layout":"default","ast-site-content-layout":"default","site-content-style":"default","site-sidebar-style":"default","ast-global-header-display":"","ast-banner-title-visibility":"","ast-main-header-display":"","ast-hfb-above-header-display":"","ast-hfb-below-header-display":"","ast-hfb-mobile-header-display":"","site-post-title":"","ast-breadcrumbs-content":"","ast-featured-img":"","footer-sml-layout":"","theme-transparent-header-meta":"default","adv-header-id-meta":"","stick-header-meta":"","header-above-stick-meta":"","header-main-stick-meta":"","header-below-stick-meta":"","astra-migrate-meta-layouts":"set","ast-page-background-enabled":"default","ast-page-background-meta":{"desktop":{"background-color":"var(--ast-global-color-4)","background-image":"","background-repeat":"repeat","background-position":"center center","background-size":"auto","background-attachment":"scroll","background-type":"","background-media":"","overlay-type":"","overlay-color":"","overlay-opacity":"","overlay-gradient":""},"tablet":{"background-color":"","background-image":"","background-repeat":"repeat","background-position":"center center","background-size":"auto","background-attachment":"scroll","background-type":"","background-media":"","overlay-type":"","overlay-color":"","overlay-opacity":"","overlay-gradient":""},"mobile":{"background-color":"","background-image":"","background-repeat":"repeat","background-position":"center center","background-size":"auto","background-attachment":"scroll","background-type":"","background-media":"","overlay-type":"","overlay-color":"","overlay-opacity":"","overlay-gradient":""}},"ast-content-background-meta":{"desktop":{"background-color":"var(--ast-global-color-5)","background-image":"","background-repeat":"repeat","background-position":"center center","background-size":"auto","background-attachment":"scroll","background-type":"","background-media":"","overlay-type":"","overlay-color":"","overlay-opacity":"","overlay-gradient":""},"tablet":{"background-color":"var(--ast-global-color-5)","background-image":"","background-repeat":"repeat","background-position":"center center","background-size":"auto","background-attachment":"scroll","background-type":"","background-media":"","overlay-type":"","overlay-color":"","overlay-opacity":"","overlay-gradient":""},"mobile":{"background-color":"var(--ast-global-color-5)","background-image":"","background-repeat":"repeat","background-position":"center center","background-size":"auto","background-attachment":"scroll","background-type":"","background-media":"","overlay-type":"","overlay-color":"","overlay-opacity":"","overlay-gradient":""}}},"product_cat":[48],"product_tag":[],"class_list":["post-5928","product","type-product","status-publish","has-post-thumbnail","hentry","product_cat-sunkaraoke-dalok","desktop-align-left","tablet-align-left","mobile-align-left"],"_links":{"self":[{"href":"https:\/\/www.sunkaraoke.hu\/index.php\/wp-json\/wp\/v2\/product\/5928","targetHints":{"allow":["GET"]}}],"collection":[{"href":"https:\/\/www.sunkaraoke.hu\/index.php\/wp-json\/wp\/v2\/product"}],"about":[{"href":"https:\/\/www.sunkaraoke.hu\/index.php\/wp-json\/wp\/v2\/types\/product"}],"wp:featuredmedia":[{"embeddable":true,"href":"https:\/\/www.sunkaraoke.hu\/index.php\/wp-json\/wp\/v2\/media\/12989"}],"wp:attachment":[{"href":"https:\/\/www.sunkaraoke.hu\/index.php\/wp-json\/wp\/v2\/media?parent=5928"}],"wp:term":[{"taxonomy":"product_cat","embeddable":true,"href":"https:\/\/www.sunkaraoke.hu\/index.php\/wp-json\/wp\/v2\/product_cat?post=5928"},{"taxonomy":"product_tag","embeddable":true,"href":"https:\/\/www.sunkaraoke.hu\/index.php\/wp-json\/wp\/v2\/product_tag?post=5928"}],"curies":[{"name":"wp","href":"https:\/\/api.w.org\/{rel}","templated":true}]}}