{"id":5927,"date":"2022-08-08T20:50:08","date_gmt":"2022-08-08T20:50:08","guid":{"rendered":"https:\/\/www.sunkaraoke.hu\/index.php\/termek\/jolly-bunoa-sera-transzp-v\/"},"modified":"2025-08-16T06:09:13","modified_gmt":"2025-08-16T04:09:13","slug":"jolly-bunoa-sera-transzp-v","status":"publish","type":"product","link":"https:\/\/www.sunkaraoke.hu\/index.php\/termek\/jolly-bunoa-sera-transzp-v\/","title":{"rendered":"<div class=\"wcmp-player-container product-5927\"><audio controlslist=\"nodownload\" data-product=\"5927\"  volume=\"1\"  preload=\"none\" data-lazyloading=\"none\" class=\"wcmp-player track mejs-classic\" data-duration=\"0:31\" data-estimated_duration=\"4\"><source src=\"https:\/\/www.sunkaraoke.hu\/wp-content\/uploads\/2022\/08\/Buona-sera-Jolly-transzp_demo.mp3\" type=\"audio\/mp3\" \/><\/audio><\/div>Jolly &#8211; Bunoa Sera (SB Edition)"},"content":{"rendered":"<p><strong>03:42<\/strong> | <strong><img loading=\"lazy\" decoding=\"async\" class=\"alignnone size-full wp-image-467\" src=\"https:\/\/www.sunkaraoke.hu\/wp-content\/uploads\/2022\/07\/choir_2-copy.webp\" alt=\"\" width=\"30\" height=\"30\" \/> <strong> | <img loading=\"lazy\" decoding=\"async\" class=\"alignnone size-full wp-image-613\" src=\"https:\/\/www.sunkaraoke.hu\/wp-content\/uploads\/2022\/07\/transzponalas.webp\" alt=\"\" width=\"30\" height=\"30\" \/> <\/strong><strong>-2<\/strong><\/strong><\/p>\n","protected":false},"excerpt":{"rendered":"<h5>Bits\u0171r\u0171s\u00e9g: 320 kb\/s<br \/>\nHossz: 03:42<br \/>\nVok\u00e1lt tartalmaz: Nem <img loading=\"lazy\" decoding=\"async\" class=\"alignnone size-full wp-image-467\" src=\"http:\/\/www.sunkaraoke.hu\/wp-content\/uploads\/2022\/07\/choir_2-copy.png\" alt=\"\" width=\"30\" height=\"30\" \/><br \/>\nTranszpon\u00e1l\u00e1s: <img loading=\"lazy\" decoding=\"async\" class=\"alignnone size-full wp-image-613\" src=\"http:\/\/www.sunkaraoke.hu\/wp-content\/uploads\/2022\/07\/transzponalas.png\" alt=\"\" width=\"30\" height=\"30\" \/> -2<\/h5>\n<p>Sunkaraoke mp3 st\u00fadi\u00f3 \/ www.sunkaraoke.hu \/ Inf: Tel: 06 20 4275001<\/p>\n<p>Buona Sera, buona sera cia\u00f3, cia\u00f3&#8230;<br \/>\nBuona Sera, buona sera cia\u00f3, cia\u00f3&#8230;<br \/>\nBuona Sera, buona sera, buona, boune sera, cia\u00f3, cia\u00f3&#8230;<\/p>\n<p>Nem tudom mi\u00e9rt de \u00fagy akarom,<br \/>\nahogy a sz\u00edvem dikt\u00e1lja t\u00fal makacson,<br \/>\nelrabolt engem egy \u00e9rz\u00e9s mi hajt hozz\u00e1d.<br \/>\nHa reggel fel\u00e9bredek, m\u00e1r nem \u00e1lmodom \u00e9n,<br \/>\nugyan \u00fagy \u00e9rzem a sz\u00edved h\u00fazna fel\u00e9d,<br \/>\ns m\u00e1r annyira v\u00e1rom tal\u00e1lkozzunk s \u00fajra l\u00e9gy eny\u00e9m.<\/p>\n<p>Buona Sera, buona sera cia\u00f3, cia\u00f3&#8230;<br \/>\na sz\u00edvem tedd most k\u00e9rlek magad\u00e9v\u00e1,<br \/>\nhisz \u00fagyis el\u00e1rul a szemed, \u00fagysem mondasz nemet,<br \/>\nr\u00f3zsasz\u00edn\u0171 lett a vil\u00e1g.<br \/>\nBuona Sera, buona sera cia\u00f3, cia\u00f3,<br \/>\nBuona Sera, buona sera cia\u00f3, cia\u00f3&#8230;<br \/>\na sz\u00edvem tedd most k\u00e9rlek magad\u00e9v\u00e1,<br \/>\n\u00e9rted ,\u00e9rted halok az \u0151rangyalod vagyok,<br \/>\nmegsz\u00e9d\u00fclt vel\u00fcnk a vil\u00e1g.<br \/>\n&#8212;Sz\u00f3l\u00f3&#8212;<br \/>\nDarabokban volt m\u00e1r a sz\u00edvem,<br \/>\nde nem adom fel majd \u00fajra kezdem,<br \/>\n\u00f6ssze rakom a szil\u00e1nkokat neked,<br \/>\nDe \u00e9n m\u00e1r nem akarok, \u00fajra csal\u00f3dni,<br \/>\nk\u00e9rlek most \u00edg\u00e9rd meg hogy t\u00f6bb\u00e9 nem fogsz nekem f\u00e1jdalmat okozni,<br \/>\n\u00e9s a b\u00e1nat nem fog sz\u00edvembe kopogni.<\/p>\n<p>Buona Sera, buona sera cia\u00f3, cia\u00f3,<br \/>\na sz\u00edvem tedd most k\u00e9rlek magad\u00e9v\u00e1,<br \/>\nhisz \u00fagyis el\u00e1rul a szemed, \u00fagysem mondasz nemet,<br \/>\nr\u00f3zsasz\u00edn\u0171 lett a vil\u00e1g.<br \/>\nBuona Sera, buona sera cia\u00f3, cia\u00f3,<br \/>\nBuona Sera, buona sera cia\u00f3, cia\u00f3,<br \/>\na sz\u00edvem tedd most k\u00e9rlek magad\u00e9v\u00e1,<br \/>\n\u00e9rted,\u00e9rted halok az \u0151rangyalod vagyok,<br \/>\nmegsz\u00e9d\u00fclt vel\u00fcnk a vil\u00e1g.<br \/>\n&#8212;Sz\u00f3l\u00f3&#8212;<br \/>\nBuona Sera, buona sera cia\u00f3, cia\u00f3,<br \/>\na sz\u00edvem tedd most k\u00e9rlek magad\u00e9v\u00e1,<br \/>\nhisz \u00fagyis el\u00e1rul a szemed, \u00fagysem mondasz nemet,<br \/>\nr\u00f3zsasz\u00edn\u0171 lett a vil\u00e1g.<br \/>\nBuona Sera, buona sera cia\u00f3, cia\u00f3,<br \/>\nBuona Sera, buona sera cia\u00f3, cia\u00f3,<br \/>\na sz\u00edvem tedd most k\u00e9rlek magad\u00e9v\u00e1,<br \/>\n\u00e9rted ,\u00e9rted halok az \u0151rangyalod vagyok,<br \/>\nmegsz\u00e9d\u00fclt vel\u00fcnk a vil\u00e1g.<br \/>\n&#8212;V\u00e9ge&#8212;<\/p>\n","protected":false},"featured_media":6147,"template":"","meta":{"site-sidebar-layout":"default","site-content-layout":"default","ast-site-content-layout":"default","site-content-style":"default","site-sidebar-style":"default","ast-global-header-display":"","ast-banner-title-visibility":"","ast-main-header-display":"","ast-hfb-above-header-display":"","ast-hfb-below-header-display":"","ast-hfb-mobile-header-display":"","site-post-title":"","ast-breadcrumbs-content":"","ast-featured-img":"","footer-sml-layout":"","theme-transparent-header-meta":"default","adv-header-id-meta":"","stick-header-meta":"","header-above-stick-meta":"","header-main-stick-meta":"","header-below-stick-meta":"","astra-migrate-meta-layouts":"set","ast-page-background-enabled":"default","ast-page-background-meta":{"desktop":{"background-color":"var(--ast-global-color-4)","background-image":"","background-repeat":"repeat","background-position":"center center","background-size":"auto","background-attachment":"scroll","background-type":"","background-media":"","overlay-type":"","overlay-color":"","overlay-opacity":"","overlay-gradient":""},"tablet":{"background-color":"","background-image":"","background-repeat":"repeat","background-position":"center center","background-size":"auto","background-attachment":"scroll","background-type":"","background-media":"","overlay-type":"","overlay-color":"","overlay-opacity":"","overlay-gradient":""},"mobile":{"background-color":"","background-image":"","background-repeat":"repeat","background-position":"center center","background-size":"auto","background-attachment":"scroll","background-type":"","background-media":"","overlay-type":"","overlay-color":"","overlay-opacity":"","overlay-gradient":""}},"ast-content-background-meta":{"desktop":{"background-color":"var(--ast-global-color-5)","background-image":"","background-repeat":"repeat","background-position":"center center","background-size":"auto","background-attachment":"scroll","background-type":"","background-media":"","overlay-type":"","overlay-color":"","overlay-opacity":"","overlay-gradient":""},"tablet":{"background-color":"var(--ast-global-color-5)","background-image":"","background-repeat":"repeat","background-position":"center center","background-size":"auto","background-attachment":"scroll","background-type":"","background-media":"","overlay-type":"","overlay-color":"","overlay-opacity":"","overlay-gradient":""},"mobile":{"background-color":"var(--ast-global-color-5)","background-image":"","background-repeat":"repeat","background-position":"center center","background-size":"auto","background-attachment":"scroll","background-type":"","background-media":"","overlay-type":"","overlay-color":"","overlay-opacity":"","overlay-gradient":""}}},"product_cat":[48],"product_tag":[],"class_list":["post-5927","product","type-product","status-publish","has-post-thumbnail","hentry","product_cat-sunkaraoke-dalok","desktop-align-left","tablet-align-left","mobile-align-left"],"_links":{"self":[{"href":"https:\/\/www.sunkaraoke.hu\/index.php\/wp-json\/wp\/v2\/product\/5927","targetHints":{"allow":["GET"]}}],"collection":[{"href":"https:\/\/www.sunkaraoke.hu\/index.php\/wp-json\/wp\/v2\/product"}],"about":[{"href":"https:\/\/www.sunkaraoke.hu\/index.php\/wp-json\/wp\/v2\/types\/product"}],"wp:featuredmedia":[{"embeddable":true,"href":"https:\/\/www.sunkaraoke.hu\/index.php\/wp-json\/wp\/v2\/media\/6147"}],"wp:attachment":[{"href":"https:\/\/www.sunkaraoke.hu\/index.php\/wp-json\/wp\/v2\/media?parent=5927"}],"wp:term":[{"taxonomy":"product_cat","embeddable":true,"href":"https:\/\/www.sunkaraoke.hu\/index.php\/wp-json\/wp\/v2\/product_cat?post=5927"},{"taxonomy":"product_tag","embeddable":true,"href":"https:\/\/www.sunkaraoke.hu\/index.php\/wp-json\/wp\/v2\/product_tag?post=5927"}],"curies":[{"name":"wp","href":"https:\/\/api.w.org\/{rel}","templated":true}]}}