{"id":5924,"date":"2022-08-08T20:50:07","date_gmt":"2022-08-08T20:50:07","guid":{"rendered":"https:\/\/www.sunkaraoke.hu\/index.php\/termek\/piros-bela-piros-bela-mulatos-mix-45-asszonytanc-2-mix\/"},"modified":"2025-04-07T11:37:26","modified_gmt":"2025-04-07T11:37:26","slug":"piros-bela-piros-bela-mulatos-mix-45-asszonytanc-2-mix","status":"publish","type":"product","link":"https:\/\/www.sunkaraoke.hu\/index.php\/termek\/piros-bela-piros-bela-mulatos-mix-45-asszonytanc-2-mix\/","title":{"rendered":"<div class=\"wcmp-player-container product-5924\"><audio controlslist=\"nodownload\" data-product=\"5924\"  volume=\"1\"  preload=\"none\" data-lazyloading=\"none\" class=\"wcmp-player track mejs-classic\" data-duration=\"0:31\" data-estimated_duration=\"4\"><source src=\"https:\/\/www.sunkaraoke.hu\/wp-content\/uploads\/2022\/08\/Piros-Bela-Mulatos-mix-45.-demoo.mp3\" type=\"audio\/mp3\" \/><\/audio><\/div>Piros B\u00e9la &#8211; Piros B\u00e9la mulat\u00f3s mix 45. Asszonyt\u00e1nc 02. Mix (Original)"},"content":{"rendered":"<p><strong>19:57<\/strong> | <strong><img loading=\"lazy\" decoding=\"async\" class=\"alignnone size-full wp-image-467\" src=\"https:\/\/www.sunkaraoke.hu\/wp-content\/uploads\/2022\/07\/choir_2-copy.webp\" alt=\"\" width=\"30\" height=\"30\" \/> <\/strong><\/p>\n","protected":false},"excerpt":{"rendered":"<h6><strong>Bits\u0171r\u0171s\u00e9g: 320<\/strong>kb\/s<strong><br \/>\n<\/strong><strong>Hossz: <\/strong>19:57<strong><br \/>\n<\/strong><strong style=\"font-size: 16px;\">Vok\u00e1lt tartalmaz: <\/strong>Nem <img loading=\"lazy\" decoding=\"async\" class=\"alignnone size-full wp-image-467\" src=\"http:\/\/www.sunkaraoke.hu\/wp-content\/uploads\/2022\/07\/choir_2-copy.png\" alt=\"\" width=\"30\" height=\"30\" \/><strong style=\"font-size: 16px;\"><br \/>\n<\/strong><\/h6>\n<p>Sunkaraoke mp3 st\u00fadi\u00f3 \/ www.sunkaraoke.hu \/ Inf: Tel: 06 20 4275001<\/p>\n<p>&#8212;Intr\u00f3&#8212;<br \/>\nEttetek is ittatok is m\u00e1r eleget,<br \/>\nhazamenni j\u00f3 emberek m\u00e9gsem lehet.<br \/>\nV\u0151f\u00e9ly uram tess\u00e9k k\u00e9rem fel\u00e1llni,<br \/>\na menyasszonyra kezdjen el licit\u00e1lni.<br \/>\nElad\u00f3 a menyasszony m\u00e9g \u00f6tsz\u00e1z\u00e9rt,<br \/>\na k\u00f6vetkez\u0151 elviheti dupl\u00e1\u00e9rt,<br \/>\nde aki a legv\u00e9g\u00e9re marad,<br \/>\nnem \u00fassza meg soha t\u00edz rongy alatt.<br \/>\nElad\u00f3 a menyasszony m\u00e9g \u00f6tsz\u00e1z\u00e9rt,<br \/>\na k\u00f6vetkez\u0151 elviheti dupl\u00e1\u00e9rt,<br \/>\nde aki a legv\u00e9g\u00e9re marad,<br \/>\nnem \u00fassza meg soha t\u00edz rongy alatt.<br \/>\n&#8212;Sz\u00f3l\u00f3&#8212;<br \/>\nEttetek is ittatok is m\u00e1r eleget,<br \/>\nhazamenni j\u00f3 emberek m\u00e9gsem lehet.<br \/>\nV\u0151f\u00e9ly uram tess\u00e9k k\u00e9rem fel\u00e1llni,<br \/>\na menyasszonyra kezdjen el licit\u00e1lni.<br \/>\nElad\u00f3 a menyasszony m\u00e9g \u00f6tsz\u00e1z\u00e9rt,<br \/>\na k\u00f6vetkez\u0151 elviheti dupl\u00e1\u00e9rt,<br \/>\nde aki a legv\u00e9g\u00e9re marad,<br \/>\nnem \u00fassza meg soha t\u00edz rongy alatt.<br \/>\nElad\u00f3 a menyasszony m\u00e9g \u00f6tsz\u00e1z\u00e9rt,<br \/>\na k\u00f6vetkez\u0151 elviheti dupl\u00e1\u00e9rt,<br \/>\nde aki a legv\u00e9g\u00e9re marad,<br \/>\nnem \u00fassza meg soha t\u00edz rongy alatt.<br \/>\n&#8212;Sz\u00f3l\u00f3&#8212;<br \/>\nKi\u00f6nt\u00f6tt a Tisza a partj\u00e1ra,<br \/>\nkis pej lovam t\u00e9rdig j\u00e1r a s\u00e1rba&#8217;,<br \/>\nS\u00e1ros kant\u00e1rsz\u00e1ra a kezembe&#8217;,<br \/>\nr\u00e9gi bab\u00e1m jutok e m\u00e9g az eszedbe.<br \/>\nS\u00e1ros kant\u00e1rsz\u00e1ra a kezembe&#8217;,<br \/>\nr\u00e9gi bab\u00e1m jutok e m\u00e9g az eszedbe.<\/p>\n<p>Elmentem \u00e9n a v\u00e1s\u00e1rba csik\u00f3t venni,<br \/>\nde abb\u00f3l a nagyv\u00e1s\u00e1rb\u00f3l nem lett semmi.<br \/>\nEste azt\u00e1n bet\u00e9vedtem a kocsm\u00e1ba,<br \/>\nszikr\u00e1zott a kocsm\u00e1rosn\u00e9 szeme, sz\u00e1ja.<br \/>\nEste azt\u00e1n bet\u00e9vedtem a kocsm\u00e1ba,<br \/>\nszikr\u00e1zott a kocsm\u00e1rosn\u00e9 szeme, sz\u00e1ja.<\/p>\n<p>M\u00e1snap azt\u00e1n r\u00e9szeg fejjel hazamentem,<br \/>\nazt k\u00e9rdi az asszony, hol van a csik\u00f3,<br \/>\nnincsen csik\u00f3 az \u00e1r\u00e1t meg mind elittam,<br \/>\nde a vil\u00e1g sz\u00e9p n\u00f3t\u00e1it hazahoztam.<br \/>\nNincsen csik\u00f3 az \u00e1r\u00e1t meg mind elittam,<br \/>\nde a vil\u00e1g sz\u00e9p n\u00f3t\u00e1it hazahoztam.<br \/>\n&#8212;Sz\u00f3l\u00f3&#8212;<\/p>\n<p>Meggyfa, b\u00fckkfa, mandulafa most vir\u00e1gzik,<br \/>\nl\u00e1tom a bab\u00e1mat m\u00e1ssal j\u00e1tszik.<br \/>\nJ\u00e1tssz\u00e1l \u00e9des r\u00f3zs\u00e1m \u00e9n nem b\u00e1nom,<br \/>\namit adtam cs\u00f3kjaimat azt sajn\u00e1lom.<br \/>\nJ\u00e1tssz\u00e1l \u00e9des r\u00f3zs\u00e1m \u00e9n nem b\u00e1nom,<br \/>\namit adtam cs\u00f3kjaimat azt sajn\u00e1lom.<\/p>\n<p>Ha meghalok ki fog engem meg siratni,<br \/>\nki fog az \u00e9n kopors\u00f3mra r\u00e1borulni.<br \/>\nR\u00e1borulna a j\u00f3 any\u00e1m de m\u00e1r nincsen,<br \/>\nborulj r\u00e1 h\u00e1t kis angyalom ha m\u00e1s nincsen.<br \/>\nR\u00e1borulna a j\u00f3 any\u00e1m de m\u00e1r nincsen,<br \/>\nborulj r\u00e1 h\u00e1t kis angyalom ha m\u00e1s nincsen.<\/p>\n<p>J\u00f3 bar\u00e1t most kis\u00e9t\u00e1l a temet\u0151be,<br \/>\np\u00e1link\u00e1j\u00e1t viszi a kez\u00e9be,<br \/>\nkeresi a j\u00f3 bar\u00e1tja keresztf\u00e1j\u00e1t,<br \/>\nhogy elmondja, mondja, mondja az im\u00e1j\u00e1t.<br \/>\nKeresi a j\u00f3 bar\u00e1tja keresztf\u00e1j\u00e1t,<br \/>\nhogy elmondja, mondja, mondja az im\u00e1j\u00e1t.<\/p>\n<p>Egy barna kisl\u00e1ny kis\u00e9t\u00e1l a temet\u0151be,<br \/>\ngy\u00f6nggyel f\u0171z\u00f6tt koszor\u00fa van a kez\u00e9be.<br \/>\nKeresi a szeret\u0151je keresztf\u00e1j\u00e1t,<br \/>\nhogy r\u00e1tegye a gy\u00f6nggyel f\u0171z\u00f6tt koszor\u00faj\u00e1t.<br \/>\nKeresi a szeret\u0151je keresztf\u00e1j\u00e1t,<br \/>\nhogy r\u00e1tegye a gy\u00f6nggyel f\u0171z\u00f6tt koszor\u00faj\u00e1t.<\/p>\n<p>&#8212;Sz\u00f3l\u00f3&#8212;<br \/>\nTizenh\u00e1rom fodor van a szokny\u00e1mon,<br \/>\nazt gondoltam, f\u00e9rjhez megyek a ny\u00e1ron.<br \/>\nDe m\u00e1r l\u00e1tom, semmi se lesz bel\u0151le,<br \/>\ntizenkett\u0151t lev\u00e1gatok bel\u0151le.<br \/>\nDe m\u00e1r l\u00e1tom, semmi se lesz bel\u0151le,<br \/>\ntizenkett\u0151t lev\u00e1gatok bel\u0151le.<\/p>\n<p>Tizenh\u00e1rom ver\u00e9b ugr\u00e1l a j\u00e9gen.<br \/>\nazt gondoltam, hogy elveszlek a t\u00e9len.<br \/>\nDe m\u00e1r l\u00e1tom, semmi se lesz bel\u0151le,<br \/>\ntizenkett\u0151t elhessentek bel\u0151le.<br \/>\nDe m\u00e1r l\u00e1tom, semmi se lesz bel\u0151le,<br \/>\ntizenkett\u0151t elhessentek bel\u0151le.<\/p>\n<p>Barna kisl\u00e1ny, j\u00f3l meggondold magadat,<br \/>\nhov\u00e1 teszed le a le\u00e1nysorodat!<br \/>\nGy\u00f6ngyvir\u00e1gos olt\u00e1r el\u00e9 leteszed,<br \/>\nonnan soha t\u00f6bb\u00e9 f\u00f6l nem veheted.<br \/>\nGy\u00f6ngyvir\u00e1gos olt\u00e1r el\u00e9 leteszed,<br \/>\nonnan soha t\u00f6bb\u00e9 f\u00f6l nem veheted.<br \/>\n&#8212;Sz\u00f3l\u00f3&#8212;<br \/>\nA g\u0151z\u00f6snek hat kereke s\u00e1rg\u00e1ra van festve.<br \/>\nAzon visznek engem Budapestre.<br \/>\nOtt v\u00e1rnak r\u00e1m k\u00f6k\u00e9nyszem\u0171 barna l\u00e1nyok.<br \/>\n\u00e9n meg csak \u00fagy bety\u00e1rosan kacsingatok r\u00e1jok.<br \/>\nOtt v\u00e1rnak r\u00e1m k\u00f6k\u00e9nyszem\u0171 barna l\u00e1nyok.<br \/>\n\u00e9n meg csak \u00fagy bety\u00e1rosan kacsingatok r\u00e1jok.<\/p>\n<p>Ha megj\u00f6v\u00f6k Budapestr\u0151l, m\u00e1r engemet v\u00e1rnak.<br \/>\nk\u00e9peslapot \u00edrok a bab\u00e1mnak.<br \/>\nMegk\u00e9rdem \u00e9n szeret-e m\u00e9g \u00fagy mint r\u00e9gen.<br \/>\nmert k\u00fcl\u00f6nben Budapesten sz\u00e1z is akad n\u00e9kem.<br \/>\nMegk\u00e9rdem \u00e9n szeret-e m\u00e9g \u00fagy mint r\u00e9gen.<br \/>\nmert k\u00fcl\u00f6nben Budapesten sz\u00e1z is akad n\u00e9kem.<br \/>\n&#8212;Sz\u00f3l\u00f3&#8212;<br \/>\nH\u00e1zunk el\u0151tt, kedves \u00e9desany\u00e1m, van egy magas eperfa,<br \/>\nal\u00e1\u00e1llok, kedves \u00e9desany\u00e1m, hogy ne \u00e1zzam alatta!<br \/>\nCsipk\u00e9s annak a levele, sej, de j\u00f3 szag\u00fa,<br \/>\negy kisl\u00e1ny\u00e9rt, kedves \u00e9desany\u00e1m, sosem leszek szomor\u00fa!<br \/>\nCsipk\u00e9s annak a levele, sej, de j\u00f3 szag\u00fa,<br \/>\negy kisl\u00e1ny\u00e9rt, kedves \u00e9desany\u00e1m, sosem leszek szomor\u00fa!<\/p>\n<p>H\u00e1zunk el\u0151tt, kedves \u00e9desany\u00e1m, ragyognak a csillagok,<br \/>\n\u00e9nhozz\u00e1m is, kedves \u00e9desany\u00e1m, egy p\u00e1r csillag beragyog!<br \/>\nIrigyelik, irigyelik azt a csillagot,<br \/>\namelyik a szob\u00e1m ablak\u00e1ba minden este beragyog!<br \/>\nIrigyelik, irigyelik azt a csillagot,<br \/>\namelyik a szob\u00e1m ablak\u00e1ba minden este beragyog!<br \/>\n&#8212;Sz\u00f3l\u00f3&#8212;<br \/>\nFelsz\u00e1llott a vadgalamb a ny\u00e1rfa tetej\u00e9re,<br \/>\n\u00fagy \u00e9rzem, hogy a sz\u00edvemnek \u00faj szeret\u0151 k\u00e9ne!<br \/>\n\u00daj szeret\u0151, ki nem csalfa, sosem kacsint m\u00e1sra,<br \/>\naki reggel, d\u00e9lben, este a cs\u00f3komat v\u00e1rja.<br \/>\n\u00daj szeret\u0151, ki nem csalfa, sosem kacsint m\u00e1sra,<br \/>\naki reggel, d\u00e9lben, este a cs\u00f3komat v\u00e1rja.<\/p>\n<p>Azt mondta a vadgalamb, hogy ily szeret\u0151 ritka,<br \/>\nmerre lakik, hol tal\u00e1lom, n\u00e9kem meg is mondta.<br \/>\nK\u00e9k nefelejcs mutat utat addig a kis h\u00e1zig,<br \/>\nde csak igaz sz\u00edvszerelem juthat el od\u00e1ig.<br \/>\nK\u00e9k nefelejcs mutat utat addig a kis h\u00e1zig,<br \/>\nde csak igaz sz\u00edvszerelem juthat el od\u00e1ig.<br \/>\n&#8212;Sz\u00f3l\u00f3&#8212;<br \/>\nKi\u00fcltek a v\u00e9nasszonyok a padra, a padra.<br \/>\n\u00dagy is tudom, hogy r\u00f3lam folyik a pletyka, a pletyka.<br \/>\nNem k\u00e9rem \u00e9n a j\u00f3 Istent csak arra, csak arra.<br \/>\nRagassza le valamennyit a padra, a padra.<br \/>\nNem k\u00e9rem \u00e9n a j\u00f3 Istent csak arra, csak arra.<br \/>\nRagassza le valamennyit a padra, a padra.<\/p>\n<p>A faluban nincs t\u00f6bb kisl\u00e1ny csak kett\u0151, csak kett\u0151.<br \/>\nAz egyiket elszerette a jegyz\u0151, a jegyz\u0151.<br \/>\nA m\u00e1sik meg a kapuban neveti, neveti,<br \/>\nmert \u0151t meg a seg\u00e9d jegyz\u0151 szereti, szereti.<br \/>\nA m\u00e1sik meg a kapuban neveti, neveti,<br \/>\nmert \u0151t meg a seg\u00e9d jegyz\u0151 szereti, szereti.<br \/>\n&#8212;Sz\u00f3l\u00f3&#8212;<br \/>\nHideg sz\u00e9l f\u00faj, \u00e9desany\u00e1m,adja ki a kend\u0151m!<br \/>\nM\u00e9g az \u00e9jjel felkeresem,a r\u00e9gi szeret\u0151m!<br \/>\nKi\u00e1llok a kapuj\u00e1ba&#8217;,kibesz\u00e9lgetem magamat,v\u00e9le utolj\u00e1ra.<br \/>\nKi\u00e1llok a kapuj\u00e1ba&#8217;,kibesz\u00e9lgetem magamat,v\u00e9le utolj\u00e1ra.<\/p>\n<p>Ell\u0151tt\u00e9k a jobb karomat,de folyik a piros v\u00e9rem.<br \/>\nNincsen nekem, \u00e9desany\u00e1m,ki bek\u00f6sse n\u00e9kem!<br \/>\nGyere, kisangyalom, k\u00f6sd be,sebeimet, gy\u00f3gy\u00edtsd meg,a b\u00e1natos sz\u00edvemet!<br \/>\nGyere, kisangyalom, k\u00f6sd be,sebeimet, gy\u00f3gy\u00edtsd meg,a b\u00e1natos sz\u00edvemet!<\/p>\n<p>\u00c9des tejet, cukros tejet,adtam a cic\u00e1nak.<br \/>\nNyugodalmas j\u00f3 \u00e9jszak\u00e1t,mondtam a bab\u00e1mnak.<br \/>\n\u0150 is mondott nekem sej-haj,nyugodalmas j\u00f3 \u00e9jszak\u00e1t,felejts\u00fck el egym\u00e1st!<br \/>\n\u0150 is mondott nekem sej-haj,nyugodalmas j\u00f3 \u00e9jszak\u00e1t,felejts\u00fck el egym\u00e1st!<br \/>\n&#8212;Sz\u00f3l\u00f3&#8212;<br \/>\n\u00c9hes vagyok d\u00f6b\u00f6r\u00f6g a gyomrom, de szeretn\u00e9k enni.<br \/>\nDe szeretn\u00e9k a szak\u00e1cs n\u00e9ni mellett, f\u0151z\u0151 kukta lenni.<br \/>\nSzak\u00e1cs n\u00e9ni azt mondta, nem lehetek \u00e9n kukta.<br \/>\nIde figyelj Kat\u00f3, nemigen b\u00edzhat\u00f3 kecsk\u00e9re k\u00e1poszta.<br \/>\nSzak\u00e1cs n\u00e9ni azt mondta, nem lehetek \u00e9n kukta.<br \/>\nIde figyelj Kat\u00f3, nemigen b\u00edzhat\u00f3 kecsk\u00e9re k\u00e1poszta.<\/p>\n<p>&#8212;-Sz\u00f3l\u00f3&#8212;<\/p>\n<p>Hej, de kutya j\u00f3 kedvem van az \u00e1ld\u00f3j\u00e1t n\u00e9ki,<br \/>\nm\u00e9g az \u00e9jjel, \u00fagy ber\u00fagok, hogy \u00f6r\u00f6m lesz azt n\u00e9zni.<br \/>\nSzombaton este azt mondta a bab\u00e1m,<br \/>\nhogy ne j\u00e1rjak, bolonduljak ut\u00e1na.<br \/>\nK\u00f3cot teker a haj\u00e1ba,m\u00e1snak lesz a bab\u00e1ja.<br \/>\nSzombaton este azt mondta a bab\u00e1m,<br \/>\nhogy ne j\u00e1rjak, bolonduljak ut\u00e1na.<br \/>\nK\u00f3cot teker a haj\u00e1ba,m\u00e1snak lesz a bab\u00e1ja.<\/p>\n<p>Hej, de kutya j\u00f3 kedvem van az \u00e1ld\u00f3j\u00e1t n\u00e9ki,<br \/>\nm\u00e9g az \u00e9jjel, \u00fagy ber\u00fagok, hogy \u00f6r\u00f6m lesz azt n\u00e9zni.<br \/>\nDe \u00e9n azt\u00e1n azt feleltem n\u00e9ki,<br \/>\nhallod r\u00f3zs\u00e1m kellesz te a fen\u00e9nek,<br \/>\nNem vagyok \u00e9n bugyi, amit minden este cser\u00e9lnek.<br \/>\nDe \u00e9n azt\u00e1n azt feleltem n\u00e9ki,<br \/>\nhallod r\u00f3zs\u00e1m kellesz te a fen\u00e9nek,<br \/>\nNem vagyok \u00e9n bugyi, amit minden este cser\u00e9lnek.<\/p>\n<p>&#8212;V\u00e9ge&#8212;<\/p>\n","protected":false},"featured_media":12989,"template":"","meta":{"site-sidebar-layout":"default","site-content-layout":"default","ast-site-content-layout":"default","site-content-style":"default","site-sidebar-style":"default","ast-global-header-display":"","ast-banner-title-visibility":"","ast-main-header-display":"","ast-hfb-above-header-display":"","ast-hfb-below-header-display":"","ast-hfb-mobile-header-display":"","site-post-title":"","ast-breadcrumbs-content":"","ast-featured-img":"","footer-sml-layout":"","theme-transparent-header-meta":"default","adv-header-id-meta":"","stick-header-meta":"","header-above-stick-meta":"","header-main-stick-meta":"","header-below-stick-meta":"","astra-migrate-meta-layouts":"set","ast-page-background-enabled":"default","ast-page-background-meta":{"desktop":{"background-color":"var(--ast-global-color-4)","background-image":"","background-repeat":"repeat","background-position":"center center","background-size":"auto","background-attachment":"scroll","background-type":"","background-media":"","overlay-type":"","overlay-color":"","overlay-opacity":"","overlay-gradient":""},"tablet":{"background-color":"","background-image":"","background-repeat":"repeat","background-position":"center center","background-size":"auto","background-attachment":"scroll","background-type":"","background-media":"","overlay-type":"","overlay-color":"","overlay-opacity":"","overlay-gradient":""},"mobile":{"background-color":"","background-image":"","background-repeat":"repeat","background-position":"center center","background-size":"auto","background-attachment":"scroll","background-type":"","background-media":"","overlay-type":"","overlay-color":"","overlay-opacity":"","overlay-gradient":""}},"ast-content-background-meta":{"desktop":{"background-color":"var(--ast-global-color-5)","background-image":"","background-repeat":"repeat","background-position":"center center","background-size":"auto","background-attachment":"scroll","background-type":"","background-media":"","overlay-type":"","overlay-color":"","overlay-opacity":"","overlay-gradient":""},"tablet":{"background-color":"var(--ast-global-color-5)","background-image":"","background-repeat":"repeat","background-position":"center center","background-size":"auto","background-attachment":"scroll","background-type":"","background-media":"","overlay-type":"","overlay-color":"","overlay-opacity":"","overlay-gradient":""},"mobile":{"background-color":"var(--ast-global-color-5)","background-image":"","background-repeat":"repeat","background-position":"center center","background-size":"auto","background-attachment":"scroll","background-type":"","background-media":"","overlay-type":"","overlay-color":"","overlay-opacity":"","overlay-gradient":""}}},"product_cat":[48],"product_tag":[],"class_list":["post-5924","product","type-product","status-publish","has-post-thumbnail","hentry","product_cat-sunkaraoke-dalok","desktop-align-left","tablet-align-left","mobile-align-left"],"_links":{"self":[{"href":"https:\/\/www.sunkaraoke.hu\/index.php\/wp-json\/wp\/v2\/product\/5924","targetHints":{"allow":["GET"]}}],"collection":[{"href":"https:\/\/www.sunkaraoke.hu\/index.php\/wp-json\/wp\/v2\/product"}],"about":[{"href":"https:\/\/www.sunkaraoke.hu\/index.php\/wp-json\/wp\/v2\/types\/product"}],"wp:featuredmedia":[{"embeddable":true,"href":"https:\/\/www.sunkaraoke.hu\/index.php\/wp-json\/wp\/v2\/media\/12989"}],"wp:attachment":[{"href":"https:\/\/www.sunkaraoke.hu\/index.php\/wp-json\/wp\/v2\/media?parent=5924"}],"wp:term":[{"taxonomy":"product_cat","embeddable":true,"href":"https:\/\/www.sunkaraoke.hu\/index.php\/wp-json\/wp\/v2\/product_cat?post=5924"},{"taxonomy":"product_tag","embeddable":true,"href":"https:\/\/www.sunkaraoke.hu\/index.php\/wp-json\/wp\/v2\/product_tag?post=5924"}],"curies":[{"name":"wp","href":"https:\/\/api.w.org\/{rel}","templated":true}]}}