{"id":5914,"date":"2022-08-08T20:50:07","date_gmt":"2022-08-08T20:50:07","guid":{"rendered":"https:\/\/www.sunkaraoke.hu\/index.php\/termek\/galamb-jozsef-szurke-eniko-millio-rozsaszal-2021\/"},"modified":"2025-04-14T04:33:24","modified_gmt":"2025-04-14T04:33:24","slug":"galamb-jozsef-szurke-eniko-millio-rozsaszal-2021","status":"publish","type":"product","link":"https:\/\/www.sunkaraoke.hu\/index.php\/termek\/galamb-jozsef-szurke-eniko-millio-rozsaszal-2021\/","title":{"rendered":"<div class=\"wcmp-player-container product-5914\"><audio controlslist=\"nodownload\" data-product=\"5914\"  volume=\"1\"  preload=\"none\" data-lazyloading=\"none\" class=\"wcmp-player track mejs-classic\" data-duration=\"0:38\" data-estimated_duration=\"4\"><source src=\"https:\/\/www.sunkaraoke.hu\/wp-content\/uploads\/2022\/08\/Millio-rozsaszal-2021.-Vok-G.-kdemoo.mp3\" type=\"audio\/mp3\" \/><\/audio><\/div>Galamb J\u00f3zsef &#038; Sz\u00fcrke Enik\u00f5 &#8211; Milli\u00f3 r\u00f3zsasz\u00e1l (Original)"},"content":{"rendered":"<p><strong>05:01<\/strong> | <strong><img loading=\"lazy\" decoding=\"async\" class=\"alignnone size-full wp-image-466\" src=\"https:\/\/www.sunkaraoke.hu\/wp-content\/uploads\/2022\/07\/choir_1-copy.webp\" alt=\"\" width=\"30\" height=\"30\" \/> <\/strong><\/p>\n","protected":false},"excerpt":{"rendered":"<h6><strong>Bits\u0171r\u0171s\u00e9g: 320<\/strong>kb\/s<strong><br \/>\n<\/strong><strong>Hossz: <\/strong>05:01<strong><br \/>\n<\/strong><strong style=\"font-size: 16px;\">Vok\u00e1lt tartalmaz: <\/strong>Igen <img loading=\"lazy\" decoding=\"async\" class=\"alignnone size-full wp-image-466\" src=\"http:\/\/www.sunkaraoke.hu\/wp-content\/uploads\/2022\/07\/choir_1-copy.png\" alt=\"\" width=\"30\" height=\"30\" \/><strong style=\"font-size: 16px;\"><br \/>\n<\/strong><\/h6>\n<p>Sunkaraoke mp3 st\u00fadi\u00f3 \/ www.sunkaraoke.hu \/ Inf: Tel: 06 20 4275001<\/p>\n<p>&#8212;Intr\u00f3&#8212;<br \/>\nA fest\u0151 megk\u00edv\u00e1nt egy n\u0151t<br \/>\nEgy \u00fcnnepelt \u00e9nekes n\u0151t<br \/>\nKi mind\u00edg a sz\u00edvr\u0151l dalolt<br \/>\nA r\u00f3zsa a kedvence volt<br \/>\nA fest\u0151 mindent eladott<br \/>\nA h\u00e1zat, hol eddig lakott<br \/>\nR\u00f3zs\u00e1kat vett vagyon\u00e1n<br \/>\nS megkapta mindet a l\u00e1ny<br \/>\nMilli\u00f3, milli\u00f3, milli\u00f3 r\u00f3zsasz\u00e1l<br \/>\nV\u00e9r v\u00f6r\u00f6s takar\u00f3 tavaszi \u00fat por\u00e1n<br \/>\nMilli\u00f3, milli\u00f3, milli\u00f3 r\u00f3zsasz\u00e1l<br \/>\nGy\u00f6ny\u00f6r\u0171bb \u00fczenet senkit\u0151l nincs tal\u00e1n<br \/>\nMilli\u00f3, milli\u00f3, milli\u00f3 r\u00f3zsasz\u00e1l<br \/>\nV\u00e9r v\u00f6r\u00f6s takar\u00f3 tavaszi \u00fat por\u00e1n<br \/>\nMilli\u00f3, milli\u00f3, milli\u00f3 r\u00f3zsasz\u00e1l<br \/>\nGy\u00f6ny\u00f6r\u0171bb \u00fczenet senkit\u0151l nincs tal\u00e1n<br \/>\nA sz\u00e9p \u00e1lom \u00edgy teljes\u00fclt<br \/>\nHogy t\u00fal gyorsan messze rep\u00fclt<br \/>\nM\u00e1snap a l\u00e1ny b\u00facs\u00fazott<br \/>\nMert a sz\u00ednpad az \u00e9lete volt<br \/>\nA fest\u0151 most \u00e9rezte meg<br \/>\nHogy senkit \u00edgy nem szeretett<br \/>\nN\u00e9lk\u00fcle cs\u00faf a vil\u00e1g<br \/>\nElhervad minden vir\u00e1g<br \/>\nMilli\u00f3, milli\u00f3, milli\u00f3 r\u00f3zsasz\u00e1l<br \/>\nV\u00e9r v\u00f6r\u00f6s takar\u00f3 tavaszi \u00fat por\u00e1n<br \/>\nMilli\u00f3, milli\u00f3, milli\u00f3 r\u00f3zsasz\u00e1l<br \/>\nGy\u00f6ny\u00f6r\u0171bb \u00fczenet sohasem volt tal\u00e1n<br \/>\nMilli\u00f3, milli\u00f3, milli\u00f3 r\u00f3zsasz\u00e1l<br \/>\nV\u00e9r v\u00f6r\u00f6s takar\u00f3 tavaszi \u00fat por\u00e1n<br \/>\nMilli\u00f3, milli\u00f3, milli\u00f3 r\u00f3zsasz\u00e1l<br \/>\nGy\u00f6ny\u00f6r\u0171bb \u00fczenet sohasem volt tal\u00e1n<br \/>\n&gt;SOLO&lt;<br \/>\nElm\u00falt a sz\u00e9p szerelem<br \/>\n\u00daj tavasz j\u00f6tt szel\u00edden<br \/>\nNem tudja senki sem m\u00e1r<br \/>\nHol van a l\u00e1ny, merre j\u00e1r<br \/>\nA fest\u0151 \u00faj h\u00e1zban lakik<br \/>\nMinden nap v\u00e1r valakit<br \/>\n\u00c1lmodva r\u00e9gi var\u00e1zst<br \/>\nR\u00f3zs\u00e1kat fest, semmi m\u00e1st<br \/>\nMilli\u00f3, milli\u00f3, milli\u00f3 r\u00f3zsasz\u00e1l<br \/>\nV\u00e9r v\u00f6r\u00f6s takar\u00f3 tavaszi \u00fat por\u00e1n<br \/>\nMilli\u00f3, milli\u00f3, milli\u00f3 r\u00f3zsasz\u00e1l<br \/>\nGy\u00f6ny\u00f6r\u0171bb \u00fczenet sohasem lesz tal\u00e1n<br \/>\nMilli\u00f3, milli\u00f3, milli\u00f3 r\u00f3zsasz\u00e1l<br \/>\nV\u00e9r v\u00f6r\u00f6s takar\u00f3 tavaszi \u00fat por\u00e1n<br \/>\nMilli\u00f3, milli\u00f3, milli\u00f3 r\u00f3zsasz\u00e1l<br \/>\nGy\u00f6ny\u00f6r\u0171bb \u00fczenet sohasem lesz tal\u00e1n<br \/>\n&#8212;V\u00e9ge&#8212;<\/p>\n","protected":false},"featured_media":6363,"template":"","meta":{"site-sidebar-layout":"default","site-content-layout":"default","ast-site-content-layout":"default","site-content-style":"default","site-sidebar-style":"default","ast-global-header-display":"","ast-banner-title-visibility":"","ast-main-header-display":"","ast-hfb-above-header-display":"","ast-hfb-below-header-display":"","ast-hfb-mobile-header-display":"","site-post-title":"","ast-breadcrumbs-content":"","ast-featured-img":"","footer-sml-layout":"","theme-transparent-header-meta":"default","adv-header-id-meta":"","stick-header-meta":"","header-above-stick-meta":"","header-main-stick-meta":"","header-below-stick-meta":"","astra-migrate-meta-layouts":"set","ast-page-background-enabled":"default","ast-page-background-meta":{"desktop":{"background-color":"var(--ast-global-color-4)","background-image":"","background-repeat":"repeat","background-position":"center center","background-size":"auto","background-attachment":"scroll","background-type":"","background-media":"","overlay-type":"","overlay-color":"","overlay-opacity":"","overlay-gradient":""},"tablet":{"background-color":"","background-image":"","background-repeat":"repeat","background-position":"center center","background-size":"auto","background-attachment":"scroll","background-type":"","background-media":"","overlay-type":"","overlay-color":"","overlay-opacity":"","overlay-gradient":""},"mobile":{"background-color":"","background-image":"","background-repeat":"repeat","background-position":"center center","background-size":"auto","background-attachment":"scroll","background-type":"","background-media":"","overlay-type":"","overlay-color":"","overlay-opacity":"","overlay-gradient":""}},"ast-content-background-meta":{"desktop":{"background-color":"var(--ast-global-color-5)","background-image":"","background-repeat":"repeat","background-position":"center center","background-size":"auto","background-attachment":"scroll","background-type":"","background-media":"","overlay-type":"","overlay-color":"","overlay-opacity":"","overlay-gradient":""},"tablet":{"background-color":"var(--ast-global-color-5)","background-image":"","background-repeat":"repeat","background-position":"center center","background-size":"auto","background-attachment":"scroll","background-type":"","background-media":"","overlay-type":"","overlay-color":"","overlay-opacity":"","overlay-gradient":""},"mobile":{"background-color":"var(--ast-global-color-5)","background-image":"","background-repeat":"repeat","background-position":"center center","background-size":"auto","background-attachment":"scroll","background-type":"","background-media":"","overlay-type":"","overlay-color":"","overlay-opacity":"","overlay-gradient":""}}},"product_cat":[69],"product_tag":[],"class_list":["post-5914","product","type-product","status-publish","has-post-thumbnail","hentry","product_cat-galamb-joci","desktop-align-left","tablet-align-left","mobile-align-left"],"_links":{"self":[{"href":"https:\/\/www.sunkaraoke.hu\/index.php\/wp-json\/wp\/v2\/product\/5914","targetHints":{"allow":["GET"]}}],"collection":[{"href":"https:\/\/www.sunkaraoke.hu\/index.php\/wp-json\/wp\/v2\/product"}],"about":[{"href":"https:\/\/www.sunkaraoke.hu\/index.php\/wp-json\/wp\/v2\/types\/product"}],"wp:featuredmedia":[{"embeddable":true,"href":"https:\/\/www.sunkaraoke.hu\/index.php\/wp-json\/wp\/v2\/media\/6363"}],"wp:attachment":[{"href":"https:\/\/www.sunkaraoke.hu\/index.php\/wp-json\/wp\/v2\/media?parent=5914"}],"wp:term":[{"taxonomy":"product_cat","embeddable":true,"href":"https:\/\/www.sunkaraoke.hu\/index.php\/wp-json\/wp\/v2\/product_cat?post=5914"},{"taxonomy":"product_tag","embeddable":true,"href":"https:\/\/www.sunkaraoke.hu\/index.php\/wp-json\/wp\/v2\/product_tag?post=5914"}],"curies":[{"name":"wp","href":"https:\/\/api.w.org\/{rel}","templated":true}]}}