{"id":5913,"date":"2022-08-08T20:50:06","date_gmt":"2022-08-08T20:50:06","guid":{"rendered":"https:\/\/www.sunkaraoke.hu\/index.php\/termek\/galamb-jozsef-szurke-eniko-bucsu\/"},"modified":"2025-04-13T12:16:11","modified_gmt":"2025-04-13T12:16:11","slug":"galamb-jozsef-szurke-eniko-bucsu","status":"publish","type":"product","link":"https:\/\/www.sunkaraoke.hu\/index.php\/termek\/galamb-jozsef-szurke-eniko-bucsu\/","title":{"rendered":"<div class=\"wcmp-player-container product-5913\"><audio controlslist=\"nodownload\" data-product=\"5913\"  volume=\"1\"  preload=\"none\" data-lazyloading=\"none\" class=\"wcmp-player track mejs-classic\" data-duration=\"0:38\" data-estimated_duration=\"4\"><source src=\"https:\/\/www.sunkaraoke.hu\/wp-content\/uploads\/2022\/08\/Bucsu-G.-demoo.mp3\" type=\"audio\/mp3\" \/><\/audio><\/div>Galamb J\u00f3zsef &#038; Sz\u00fcrke Enik\u00f5 &#8211; B\u00facs\u00fa (Original)"},"content":{"rendered":"<p><strong>03:42<\/strong> | <strong><img loading=\"lazy\" decoding=\"async\" class=\"alignnone size-full wp-image-467\" src=\"https:\/\/www.sunkaraoke.hu\/wp-content\/uploads\/2022\/07\/choir_2-copy.webp\" alt=\"\" width=\"30\" height=\"30\" \/> <\/strong><\/p>\n","protected":false},"excerpt":{"rendered":"<h6><strong>Bits\u0171r\u0171s\u00e9g: 320<\/strong>kb\/s<strong><br \/>\n<\/strong><strong>Hossz: <\/strong>03:42<strong><br \/>\n<\/strong><strong style=\"font-size: 16px;\">Vok\u00e1lt tartalmaz: <\/strong>Nem <img loading=\"lazy\" decoding=\"async\" class=\"alignnone size-full wp-image-467\" src=\"http:\/\/www.sunkaraoke.hu\/wp-content\/uploads\/2022\/07\/choir_2-copy.png\" alt=\"\" width=\"30\" height=\"30\" \/><strong style=\"font-size: 16px;\"><br \/>\n<\/strong><\/h6>\n<p>Sunkaraoke mp3 st\u00fadi\u00f3 \/ www.sunkaraoke.hu \/ Inf: Tel: 06 20 4275001<\/p>\n<p>&#8212;Intr\u00f3.&#8212;<\/p>\n<p>Egy kis vir\u00e1g, lehullva mit jelenthet<br \/>\nLet\u00e9pt\u00e9k, de nem kellett senkinek<br \/>\nA kis vir\u00e1g, vajon mit rem\u00e9lhet<br \/>\nV\u00edzbe t\u00e9ve, m\u00e9g \u00edgy is sz\u00e9p lehet<\/p>\n<p>Hmmm, fontos volt\u00e1l nekem<br \/>\nHmmm, fontos volt\u00e1l nekem<\/p>\n<p>Nem akarok mindent, mindent \u00fajra kezdeni<br \/>\nNem akarok hozz\u00e1d visszaj\u00f6nni m\u00e1r<br \/>\nEml\u00e9ked s\u00edmogat, mint szikl\u00e1t a tenger<br \/>\nTudom, hogy nem hazudhatt\u00e1l<br \/>\nA legszebb \u00e9jszak\u00e1n<\/p>\n<p>&gt;WAMP&lt;<\/p>\n<p>Vigy\u00e1ztam r\u00e1d, ameddig csak hagytad<br \/>\nJ\u00f3 volt\u00e1l, de m\u00e1s is j\u00f3 lehet<br \/>\nElhittem, ha itt vagy, csak az eny\u00e9m vagy<br \/>\nTal\u00e1n k\u00e1r, hogy elvesz\u00edtelek<\/p>\n<p>Hmmm, fontos volt\u00e1l nekem<br \/>\nHmmm, fontos volt\u00e1l nekem<\/p>\n<p>Nem akarok mindent, mindent \u00fajra kezdeni<br \/>\nNem akarok hozz\u00e1d visszaj\u00f6nni m\u00e1r<br \/>\nEml\u00e9ked s\u00edmogat, mint szikl\u00e1t a tenger<br \/>\nTudom, hogy nem hazudhatt\u00e1l<\/p>\n<p>Nem akarok mindent, mindent \u00fajra kezdeni<br \/>\nNem akarok hozz\u00e1d visszaj\u00f6nni m\u00e1r<br \/>\nEml\u00e9ked s\u00edmogat, mint szikl\u00e1t a tenger<br \/>\nTudom, hogy nem hazudhatt\u00e1l<br \/>\nA legszebb \u00e9jszak\u00e1n<\/p>\n","protected":false},"featured_media":6363,"template":"","meta":{"site-sidebar-layout":"default","site-content-layout":"default","ast-site-content-layout":"default","site-content-style":"default","site-sidebar-style":"default","ast-global-header-display":"","ast-banner-title-visibility":"","ast-main-header-display":"","ast-hfb-above-header-display":"","ast-hfb-below-header-display":"","ast-hfb-mobile-header-display":"","site-post-title":"","ast-breadcrumbs-content":"","ast-featured-img":"","footer-sml-layout":"","theme-transparent-header-meta":"default","adv-header-id-meta":"","stick-header-meta":"","header-above-stick-meta":"","header-main-stick-meta":"","header-below-stick-meta":"","astra-migrate-meta-layouts":"set","ast-page-background-enabled":"default","ast-page-background-meta":{"desktop":{"background-color":"var(--ast-global-color-4)","background-image":"","background-repeat":"repeat","background-position":"center center","background-size":"auto","background-attachment":"scroll","background-type":"","background-media":"","overlay-type":"","overlay-color":"","overlay-opacity":"","overlay-gradient":""},"tablet":{"background-color":"","background-image":"","background-repeat":"repeat","background-position":"center center","background-size":"auto","background-attachment":"scroll","background-type":"","background-media":"","overlay-type":"","overlay-color":"","overlay-opacity":"","overlay-gradient":""},"mobile":{"background-color":"","background-image":"","background-repeat":"repeat","background-position":"center center","background-size":"auto","background-attachment":"scroll","background-type":"","background-media":"","overlay-type":"","overlay-color":"","overlay-opacity":"","overlay-gradient":""}},"ast-content-background-meta":{"desktop":{"background-color":"var(--ast-global-color-5)","background-image":"","background-repeat":"repeat","background-position":"center center","background-size":"auto","background-attachment":"scroll","background-type":"","background-media":"","overlay-type":"","overlay-color":"","overlay-opacity":"","overlay-gradient":""},"tablet":{"background-color":"var(--ast-global-color-5)","background-image":"","background-repeat":"repeat","background-position":"center center","background-size":"auto","background-attachment":"scroll","background-type":"","background-media":"","overlay-type":"","overlay-color":"","overlay-opacity":"","overlay-gradient":""},"mobile":{"background-color":"var(--ast-global-color-5)","background-image":"","background-repeat":"repeat","background-position":"center center","background-size":"auto","background-attachment":"scroll","background-type":"","background-media":"","overlay-type":"","overlay-color":"","overlay-opacity":"","overlay-gradient":""}}},"product_cat":[69],"product_tag":[],"class_list":["post-5913","product","type-product","status-publish","has-post-thumbnail","hentry","product_cat-galamb-joci","desktop-align-left","tablet-align-left","mobile-align-left"],"_links":{"self":[{"href":"https:\/\/www.sunkaraoke.hu\/index.php\/wp-json\/wp\/v2\/product\/5913","targetHints":{"allow":["GET"]}}],"collection":[{"href":"https:\/\/www.sunkaraoke.hu\/index.php\/wp-json\/wp\/v2\/product"}],"about":[{"href":"https:\/\/www.sunkaraoke.hu\/index.php\/wp-json\/wp\/v2\/types\/product"}],"wp:featuredmedia":[{"embeddable":true,"href":"https:\/\/www.sunkaraoke.hu\/index.php\/wp-json\/wp\/v2\/media\/6363"}],"wp:attachment":[{"href":"https:\/\/www.sunkaraoke.hu\/index.php\/wp-json\/wp\/v2\/media?parent=5913"}],"wp:term":[{"taxonomy":"product_cat","embeddable":true,"href":"https:\/\/www.sunkaraoke.hu\/index.php\/wp-json\/wp\/v2\/product_cat?post=5913"},{"taxonomy":"product_tag","embeddable":true,"href":"https:\/\/www.sunkaraoke.hu\/index.php\/wp-json\/wp\/v2\/product_tag?post=5913"}],"curies":[{"name":"wp","href":"https:\/\/api.w.org\/{rel}","templated":true}]}}