{"id":5911,"date":"2022-08-08T20:50:06","date_gmt":"2022-08-08T20:50:06","guid":{"rendered":"https:\/\/www.sunkaraoke.hu\/index.php\/termek\/galamb-jozsef-szurke-eniko-fogadd-el-a-szivem\/"},"modified":"2025-04-13T12:11:38","modified_gmt":"2025-04-13T12:11:38","slug":"galamb-jozsef-szurke-eniko-fogadd-el-a-szivem","status":"publish","type":"product","link":"https:\/\/www.sunkaraoke.hu\/index.php\/termek\/galamb-jozsef-szurke-eniko-fogadd-el-a-szivem\/","title":{"rendered":"<div class=\"wcmp-player-container product-5911\"><audio controlslist=\"nodownload\" data-product=\"5911\"  volume=\"1\"  preload=\"none\" data-lazyloading=\"none\" class=\"wcmp-player track mejs-classic\" data-duration=\"0:34\" data-estimated_duration=\"4\"><source src=\"https:\/\/www.sunkaraoke.hu\/wp-content\/uploads\/2022\/08\/Fogadd-el-a-szivem-Vok-G.-edemoo.mp3\" type=\"audio\/mp3\" \/><\/audio><\/div>Galamb J\u00f3zsef &#038; Sz\u00fcrke Enik\u00f5 &#8211; Fogadd el a sz\u00edvem (Original)"},"content":{"rendered":"<p><strong>04:44<\/strong> | <strong><img loading=\"lazy\" decoding=\"async\" class=\"alignnone size-full wp-image-466\" src=\"https:\/\/www.sunkaraoke.hu\/wp-content\/uploads\/2022\/07\/choir_1-copy.webp\" alt=\"\" width=\"30\" height=\"30\" \/> <\/strong><\/p>\n","protected":false},"excerpt":{"rendered":"<h6><strong>Bits\u0171r\u0171s\u00e9g: 320<\/strong>kb\/s<strong><br \/>\n<\/strong><strong>Hossz: <\/strong>04:44<strong><br \/>\n<\/strong><strong style=\"font-size: 16px;\">Vok\u00e1lt tartalmaz: <\/strong>Igen <img loading=\"lazy\" decoding=\"async\" class=\"alignnone size-full wp-image-466\" src=\"http:\/\/www.sunkaraoke.hu\/wp-content\/uploads\/2022\/07\/choir_1-copy.png\" alt=\"\" width=\"30\" height=\"30\" \/><strong style=\"font-size: 16px;\"><br \/>\n<\/strong><\/h6>\n<p>Sunkaraoke mp3 st\u00fadi\u00f3 \/ www.sunkaraoke.hu \/ Inf: Tel: 06 20 4275001<\/p>\n<p>Egy sz\u00e9p napon, l\u00e1ttalak meg t\u00e9ged<br \/>\nA sz\u00edvemet, elraboltad v\u00e9gleg<br \/>\nCsak egy pillanat, mi eld\u00f6nti majd sorsunk<br \/>\n\u00c9s elhozza, a mi boldogs\u00e1gunk<\/p>\n<p>\u00dagy v\u00e1rom \u00e9n, azt a boldog percet<br \/>\nHogy egyszer majd, t\u00e9ged \u00e1t\u00f6lellek<br \/>\nA sz\u00e9p szemed, r\u00f6gt\u00f6n elvar\u00e1zsol<br \/>\nEgy perc alatt, a megt\u00f6rt sz\u00edvem l\u00e1ngol<\/p>\n<p>V\u00e1rom, hogy l\u00e1ssalak \u00fajra<br \/>\nMinden nap gondolok r\u00e1d<br \/>\n\u00d6lel\u0151 karodba b\u00fajva<br \/>\nFeledni, mindent mi f\u00e1j<br \/>\nFogadd el k\u00e9rlek a sz\u00edvem<br \/>\nEzt k\u00e9rem \u00e9n, semmi m\u00e1st<br \/>\nNem v\u00e1rok t\u00f6bbet a sorst\u00f3l<br \/>\nCsak egy \u0151szinte h\u0171 vallom\u00e1st<\/p>\n<p>&gt;WAMP&lt; Egy sz\u00e9p napon, l\u00e1ttalak meg t\u00e9ged A sz\u00edvemet, elraboltad v\u00e9gleg Csak egy pillanat, mi eld\u00f6nt\u00f6tte sorsunk \u00c9s elhozta, a mi boldogs\u00e1gunk \u00dagy v\u00e1rtam \u00e9n, azt a boldog percet Hogy t\u00e9ged majd, \u00fajra \u00e1t\u00f6lellek A sz\u00e9p szemed, most is elvar\u00e1zsol Egy perc alatt, a megt\u00f6rt sz\u00edvem l\u00e1ngol V\u00e1rom, hogy l\u00e1ssalak \u00fajra Minden nap gondolok r\u00e1d \u00d6lel\u0151 karodba b\u00fajva Feledni, mindent mi f\u00e1j Fogadd el k\u00e9rlek a sz\u00edvem Ezt k\u00e9rem \u00e9n, semmi m\u00e1st Nem v\u00e1rok t\u00f6bbet a sorst\u00f3l Csak egy \u0151szinte h\u0171 vallom\u00e1st &gt;SOLO&lt; V\u00e1rom, hogy l\u00e1ssalak \u00fajra Minden nap gondolok r\u00e1d \u00d6lel\u0151 karodba b\u00fajva Feledni, mindent mi f\u00e1j Fogadd el k\u00e9rlek a sz\u00edvem Ezt k\u00e9rem \u00e9n, semmi m\u00e1st Nem v\u00e1rok t\u00f6bbet a sorst\u00f3l Csak egy \u0151szinte h\u0171 vallom\u00e1st &gt;WAMP&lt;<\/p>\n","protected":false},"featured_media":6363,"template":"","meta":{"site-sidebar-layout":"default","site-content-layout":"default","ast-site-content-layout":"default","site-content-style":"default","site-sidebar-style":"default","ast-global-header-display":"","ast-banner-title-visibility":"","ast-main-header-display":"","ast-hfb-above-header-display":"","ast-hfb-below-header-display":"","ast-hfb-mobile-header-display":"","site-post-title":"","ast-breadcrumbs-content":"","ast-featured-img":"","footer-sml-layout":"","theme-transparent-header-meta":"default","adv-header-id-meta":"","stick-header-meta":"","header-above-stick-meta":"","header-main-stick-meta":"","header-below-stick-meta":"","astra-migrate-meta-layouts":"set","ast-page-background-enabled":"default","ast-page-background-meta":{"desktop":{"background-color":"var(--ast-global-color-4)","background-image":"","background-repeat":"repeat","background-position":"center center","background-size":"auto","background-attachment":"scroll","background-type":"","background-media":"","overlay-type":"","overlay-color":"","overlay-opacity":"","overlay-gradient":""},"tablet":{"background-color":"","background-image":"","background-repeat":"repeat","background-position":"center center","background-size":"auto","background-attachment":"scroll","background-type":"","background-media":"","overlay-type":"","overlay-color":"","overlay-opacity":"","overlay-gradient":""},"mobile":{"background-color":"","background-image":"","background-repeat":"repeat","background-position":"center center","background-size":"auto","background-attachment":"scroll","background-type":"","background-media":"","overlay-type":"","overlay-color":"","overlay-opacity":"","overlay-gradient":""}},"ast-content-background-meta":{"desktop":{"background-color":"var(--ast-global-color-5)","background-image":"","background-repeat":"repeat","background-position":"center center","background-size":"auto","background-attachment":"scroll","background-type":"","background-media":"","overlay-type":"","overlay-color":"","overlay-opacity":"","overlay-gradient":""},"tablet":{"background-color":"var(--ast-global-color-5)","background-image":"","background-repeat":"repeat","background-position":"center center","background-size":"auto","background-attachment":"scroll","background-type":"","background-media":"","overlay-type":"","overlay-color":"","overlay-opacity":"","overlay-gradient":""},"mobile":{"background-color":"var(--ast-global-color-5)","background-image":"","background-repeat":"repeat","background-position":"center center","background-size":"auto","background-attachment":"scroll","background-type":"","background-media":"","overlay-type":"","overlay-color":"","overlay-opacity":"","overlay-gradient":""}}},"product_cat":[69],"product_tag":[],"class_list":["post-5911","product","type-product","status-publish","has-post-thumbnail","hentry","product_cat-galamb-joci","desktop-align-left","tablet-align-left","mobile-align-left"],"_links":{"self":[{"href":"https:\/\/www.sunkaraoke.hu\/index.php\/wp-json\/wp\/v2\/product\/5911","targetHints":{"allow":["GET"]}}],"collection":[{"href":"https:\/\/www.sunkaraoke.hu\/index.php\/wp-json\/wp\/v2\/product"}],"about":[{"href":"https:\/\/www.sunkaraoke.hu\/index.php\/wp-json\/wp\/v2\/types\/product"}],"wp:featuredmedia":[{"embeddable":true,"href":"https:\/\/www.sunkaraoke.hu\/index.php\/wp-json\/wp\/v2\/media\/6363"}],"wp:attachment":[{"href":"https:\/\/www.sunkaraoke.hu\/index.php\/wp-json\/wp\/v2\/media?parent=5911"}],"wp:term":[{"taxonomy":"product_cat","embeddable":true,"href":"https:\/\/www.sunkaraoke.hu\/index.php\/wp-json\/wp\/v2\/product_cat?post=5911"},{"taxonomy":"product_tag","embeddable":true,"href":"https:\/\/www.sunkaraoke.hu\/index.php\/wp-json\/wp\/v2\/product_tag?post=5911"}],"curies":[{"name":"wp","href":"https:\/\/api.w.org\/{rel}","templated":true}]}}