{"id":5907,"date":"2022-08-08T20:50:06","date_gmt":"2022-08-08T20:50:06","guid":{"rendered":"https:\/\/www.sunkaraoke.hu\/index.php\/termek\/galamb-jozsef-szurke-eniko-esik-esik\/"},"modified":"2025-04-13T12:13:30","modified_gmt":"2025-04-13T12:13:30","slug":"galamb-jozsef-szurke-eniko-esik-esik","status":"publish","type":"product","link":"https:\/\/www.sunkaraoke.hu\/index.php\/termek\/galamb-jozsef-szurke-eniko-esik-esik\/","title":{"rendered":"<div class=\"wcmp-player-container product-5907\"><audio controlslist=\"nodownload\" data-product=\"5907\"  volume=\"1\"  preload=\"none\" data-lazyloading=\"none\" class=\"wcmp-player track mejs-classic\" data-duration=\"0:33\" data-estimated_duration=\"4\"><source src=\"https:\/\/www.sunkaraoke.hu\/wp-content\/uploads\/2022\/08\/Esik-Esik-G.-kdemoo.mp3\" type=\"audio\/mp3\" \/><\/audio><\/div>Galamb J\u00f3zsef &#038; Sz\u00fcrke Enik\u00f5 &#8211; Esik esik (Original)"},"content":{"rendered":"<p><strong>04:49<\/strong> | <strong><img loading=\"lazy\" decoding=\"async\" class=\"alignnone size-full wp-image-467\" src=\"https:\/\/www.sunkaraoke.hu\/wp-content\/uploads\/2022\/07\/choir_2-copy.webp\" alt=\"\" width=\"30\" height=\"30\" \/> <\/strong><\/p>\n","protected":false},"excerpt":{"rendered":"<h6><strong>Bits\u0171r\u0171s\u00e9g: 320<\/strong>kb\/s<strong><br \/>\n<\/strong><strong>Hossz: <\/strong>04:49<strong><br \/>\n<\/strong><strong style=\"font-size: 16px;\">Vok\u00e1lt tartalmaz: <\/strong>Nem <img loading=\"lazy\" decoding=\"async\" class=\"alignnone size-full wp-image-467\" src=\"http:\/\/www.sunkaraoke.hu\/wp-content\/uploads\/2022\/07\/choir_2-copy.png\" alt=\"\" width=\"30\" height=\"30\" \/><strong style=\"font-size: 16px;\"><br \/>\n<\/strong><\/h6>\n<p>Sunkaraoke mp3 st\u00fadi\u00f3 \/ www.sunkaraoke.hu \/ Inf: Tel: 06 20 4275001<\/p>\n<p>&#8212;Intr\u00f3&#8212;<\/p>\n<p>Esik, esik, meg sem \u00e1ll ma<br \/>\nF\u00f6ldig \u00e9r a felh\u0151k l\u00e1ba<br \/>\nNyakig s\u00e1ros kicsi bokrok<br \/>\n\u00d6sszeb\u00fajnak \u00e9jszak\u00e1ra<\/p>\n<p>Ha az ember most meg\u00e1llna<br \/>\nHa egy napig mindig \u00e1llna<br \/>\nF\u00fcle hely\u00e9n lapu n\u0151ne<br \/>\nZ\u00f6ld moh\u00e1b\u00f3l a szak\u00e1lla<\/p>\n<p>Szalad a r\u00e9ten Borb\u00e1la<br \/>\nS\u00e1rba cuppant cs\u00f3kot, l\u00e1ba<br \/>\nA szokny\u00e1j\u00e1t k\u00e9t kez\u00e9vel<br \/>\nT\u00e9rdig, t\u00e9rde f\u00f6l\u00e9 r\u00e1ntja<\/p>\n<p>B\u00e1rcsak a v\u00edz t\u00e9rdig \u00e1llna<br \/>\n\u00dagy szaladna sz\u00e9p Borb\u00e1la<br \/>\nEmeln\u00e9 is a szokny\u00e1j\u00e1t<br \/>\nA has\u00e1ra, derek\u00e1ra<\/p>\n<p>Szalad a r\u00e9ten Borb\u00e1la<br \/>\nL\u00e1, l\u00e1 l\u00e1, l\u00e1 l\u00e1 l\u00e1<br \/>\nSzalad a r\u00e9ten Borb\u00e1la<br \/>\nL\u00e1 l\u00e1, l\u00e1 l\u00e1, l\u00e1 l\u00e1 l\u00e1<\/p>\n<p>B\u00e1rcsak a v\u00edz t\u00e9rdig \u00e1llna<br \/>\n\u00dagy szaladna sz\u00e9p Borb\u00e1la<br \/>\nEmeln\u00e9 is a szokny\u00e1j\u00e1t&#8230;<br \/>\nA derek\u00e1ra<\/p>\n<p>&gt;WAMP&lt; Esik, esik, meg sem \u00e1ll ma F\u00f6ldig \u00e9r a felh\u0151k l\u00e1ba Nyakig s\u00e1ros kicsi bokrok \u00d6sszeb\u00fajnak \u00e9jszak\u00e1ra Szalad a r\u00e9ten Borb\u00e1la S\u00e1rba cuppant cs\u00f3kot, l\u00e1ba A szokny\u00e1j\u00e1t k\u00e9t kez\u00e9vel T\u00e9rdig, t\u00e9rde f\u00f6l\u00e9 r\u00e1ntja B\u00e1rcsak a v\u00edz t\u00e9rdig \u00e1llna \u00dagy szaladna sz\u00e9p Borb\u00e1la Emeln\u00e9 is a szokny\u00e1j\u00e1t A has\u00e1ra, derek\u00e1ra Szalad a r\u00e9ten Borb\u00e1la L\u00e1, l\u00e1 l\u00e1, l\u00e1 l\u00e1 l\u00e1 Szalad a r\u00e9ten Borb\u00e1la L\u00e1 l\u00e1, l\u00e1 l\u00e1, l\u00e1 l\u00e1 l\u00e1 B\u00e1rcsak a v\u00edz t\u00e9rdig \u00e1llna \u00dagy szaladna sz\u00e9p Borb\u00e1la Emeln\u00e9 is a szokny\u00e1j\u00e1t&#8230; A derek\u00e1ra &gt;DRUMS&lt; &gt;WAMP&lt;<\/p>\n<p>Szalad a r\u00e9ten Borb\u00e1la<br \/>\nS\u00e1rba cuppant cs\u00f3kot, l\u00e1ba<br \/>\nA szokny\u00e1j\u00e1t k\u00e9t kez\u00e9vel<br \/>\nT\u00e9rdig, t\u00e9rde f\u00f6l\u00e9 r\u00e1ntja<\/p>\n<p>B\u00e1rcsak a v\u00edz t\u00e9rdig \u00e1llna<br \/>\n\u00dagy szaladna sz\u00e9p Borb\u00e1la<br \/>\nEmeln\u00e9 is a szokny\u00e1j\u00e1t<br \/>\nA has\u00e1ra, derek\u00e1ra<\/p>\n<p>Szalad a r\u00e9ten Borb\u00e1la<br \/>\nL\u00e1, l\u00e1 l\u00e1, l\u00e1 l\u00e1 l\u00e1<br \/>\nSzalad a r\u00e9ten Borb\u00e1la<br \/>\nL\u00e1 l\u00e1, l\u00e1 l\u00e1, l\u00e1 l\u00e1 l\u00e1<\/p>\n<p>B\u00e1rcsak a v\u00edz t\u00e9rdig \u00e1llna<br \/>\n\u00dagy szaladna sz\u00e9p Borb\u00e1la<br \/>\nEmeln\u00e9 is a szokny\u00e1j\u00e1t&#8230;<br \/>\nA derek\u00e1ra<\/p>\n","protected":false},"featured_media":6363,"template":"","meta":{"site-sidebar-layout":"default","site-content-layout":"default","ast-site-content-layout":"default","site-content-style":"default","site-sidebar-style":"default","ast-global-header-display":"","ast-banner-title-visibility":"","ast-main-header-display":"","ast-hfb-above-header-display":"","ast-hfb-below-header-display":"","ast-hfb-mobile-header-display":"","site-post-title":"","ast-breadcrumbs-content":"","ast-featured-img":"","footer-sml-layout":"","theme-transparent-header-meta":"default","adv-header-id-meta":"","stick-header-meta":"","header-above-stick-meta":"","header-main-stick-meta":"","header-below-stick-meta":"","astra-migrate-meta-layouts":"set","ast-page-background-enabled":"default","ast-page-background-meta":{"desktop":{"background-color":"var(--ast-global-color-4)","background-image":"","background-repeat":"repeat","background-position":"center center","background-size":"auto","background-attachment":"scroll","background-type":"","background-media":"","overlay-type":"","overlay-color":"","overlay-opacity":"","overlay-gradient":""},"tablet":{"background-color":"","background-image":"","background-repeat":"repeat","background-position":"center center","background-size":"auto","background-attachment":"scroll","background-type":"","background-media":"","overlay-type":"","overlay-color":"","overlay-opacity":"","overlay-gradient":""},"mobile":{"background-color":"","background-image":"","background-repeat":"repeat","background-position":"center center","background-size":"auto","background-attachment":"scroll","background-type":"","background-media":"","overlay-type":"","overlay-color":"","overlay-opacity":"","overlay-gradient":""}},"ast-content-background-meta":{"desktop":{"background-color":"var(--ast-global-color-5)","background-image":"","background-repeat":"repeat","background-position":"center center","background-size":"auto","background-attachment":"scroll","background-type":"","background-media":"","overlay-type":"","overlay-color":"","overlay-opacity":"","overlay-gradient":""},"tablet":{"background-color":"var(--ast-global-color-5)","background-image":"","background-repeat":"repeat","background-position":"center center","background-size":"auto","background-attachment":"scroll","background-type":"","background-media":"","overlay-type":"","overlay-color":"","overlay-opacity":"","overlay-gradient":""},"mobile":{"background-color":"var(--ast-global-color-5)","background-image":"","background-repeat":"repeat","background-position":"center center","background-size":"auto","background-attachment":"scroll","background-type":"","background-media":"","overlay-type":"","overlay-color":"","overlay-opacity":"","overlay-gradient":""}}},"product_cat":[69],"product_tag":[],"class_list":["post-5907","product","type-product","status-publish","has-post-thumbnail","hentry","product_cat-galamb-joci","desktop-align-left","tablet-align-left","mobile-align-left"],"_links":{"self":[{"href":"https:\/\/www.sunkaraoke.hu\/index.php\/wp-json\/wp\/v2\/product\/5907","targetHints":{"allow":["GET"]}}],"collection":[{"href":"https:\/\/www.sunkaraoke.hu\/index.php\/wp-json\/wp\/v2\/product"}],"about":[{"href":"https:\/\/www.sunkaraoke.hu\/index.php\/wp-json\/wp\/v2\/types\/product"}],"wp:featuredmedia":[{"embeddable":true,"href":"https:\/\/www.sunkaraoke.hu\/index.php\/wp-json\/wp\/v2\/media\/6363"}],"wp:attachment":[{"href":"https:\/\/www.sunkaraoke.hu\/index.php\/wp-json\/wp\/v2\/media?parent=5907"}],"wp:term":[{"taxonomy":"product_cat","embeddable":true,"href":"https:\/\/www.sunkaraoke.hu\/index.php\/wp-json\/wp\/v2\/product_cat?post=5907"},{"taxonomy":"product_tag","embeddable":true,"href":"https:\/\/www.sunkaraoke.hu\/index.php\/wp-json\/wp\/v2\/product_tag?post=5907"}],"curies":[{"name":"wp","href":"https:\/\/api.w.org\/{rel}","templated":true}]}}