{"id":5902,"date":"2022-08-08T20:50:05","date_gmt":"2022-08-08T20:50:05","guid":{"rendered":"https:\/\/www.sunkaraoke.hu\/index.php\/termek\/galamb-jozsef-szurke-eniko-olelj-olelj-2021\/"},"modified":"2025-04-13T12:21:15","modified_gmt":"2025-04-13T12:21:15","slug":"galamb-jozsef-szurke-eniko-olelj-olelj-2021","status":"publish","type":"product","link":"https:\/\/www.sunkaraoke.hu\/index.php\/termek\/galamb-jozsef-szurke-eniko-olelj-olelj-2021\/","title":{"rendered":"<div class=\"wcmp-player-container product-5902\"><audio controlslist=\"nodownload\" data-product=\"5902\"  volume=\"1\"  preload=\"none\" data-lazyloading=\"none\" class=\"wcmp-player track mejs-classic\" data-duration=\"0:35\" data-estimated_duration=\"4\"><source src=\"https:\/\/www.sunkaraoke.hu\/wp-content\/uploads\/2022\/08\/Olelj-olelj-2021.-G.-kdemooo.mp3\" type=\"audio\/mp3\" \/><\/audio><\/div>Galamb J\u00f3zsef &#038; Sz\u00fcrke Enik\u00f5 &#8211; \u00d6lelj \u00f6lelj (Original)"},"content":{"rendered":"<p><strong>05:16<\/strong> | <strong><img loading=\"lazy\" decoding=\"async\" class=\"alignnone size-full wp-image-467\" src=\"https:\/\/www.sunkaraoke.hu\/wp-content\/uploads\/2022\/07\/choir_2-copy.webp\" alt=\"\" width=\"30\" height=\"30\" \/> <\/strong><\/p>\n","protected":false},"excerpt":{"rendered":"<h6><strong>Bits\u0171r\u0171s\u00e9g: 320<\/strong>kb\/s<strong><br \/>\n<\/strong><strong>Hossz: <\/strong>05:16<strong><br \/>\n<\/strong><strong style=\"font-size: 16px;\">Vok\u00e1lt tartalmaz: <\/strong>Nem <img loading=\"lazy\" decoding=\"async\" class=\"alignnone size-full wp-image-467\" src=\"http:\/\/www.sunkaraoke.hu\/wp-content\/uploads\/2022\/07\/choir_2-copy.png\" alt=\"\" width=\"30\" height=\"30\" \/><strong style=\"font-size: 16px;\"><br \/>\n<\/strong><\/h6>\n<p>Sunkaraoke mp3 st\u00fadi\u00f3 \/ www.sunkaraoke.hu \/ Inf: Tel: 06 20 4275001<\/p>\n<p>Tegnap m\u00e9g nem ismertelek<br \/>\nNem volt \u00f6r\u00f6m, s nem volt rem\u00e9ny<br \/>\nK\u00edv\u00e1ntalak, \u00f6leltelek<br \/>\n\u00c1lmaimban kigy\u00falt a f\u00e9ny<\/p>\n<p>V\u00e1ratlanul megl\u00e1ttalak<br \/>\nSzerelemre lobbant sz\u00edvem<br \/>\nNincs irgalom, nincs kegyelem<br \/>\nEny\u00e9m leszel, hiszem<\/p>\n<p>\u00d6lelj, \u00f6lelj, cs\u00f3kold a sz\u00e1m<br \/>\nNem kell a csend, sem a mag\u00e1ny<br \/>\n\u00d6lelj, \u00f6lelj, szor\u00edts nagyon<br \/>\nAz \u00e9jszak\u00e1t neked adom<\/p>\n<p>\u00d6lelj, \u00f6lelj, cs\u00f3kold a sz\u00e1m<br \/>\nNem kell a csend, sem a mag\u00e1ny<br \/>\n\u00d6lelj, \u00f6lelj, szor\u00edts nagyon<br \/>\nAz \u00e9jszak\u00e1t neked adom<\/p>\n<p>&gt;WAMP&lt;<\/p>\n<p>Megyek hozz\u00e1d, nem v\u00e1rsz, tudom<br \/>\nSz\u00edvem, v\u00e9rem l\u00fcktet vadul<br \/>\nHajnali sz\u00e9l t\u00e9pi arcom<br \/>\nDe \u00e9n megyek h\u00edvatlanul<\/p>\n<p>\u00d6lelj, \u00f6lelj, cs\u00f3kold a sz\u00e1m<br \/>\nNem kell a csend, sem a mag\u00e1ny<br \/>\n\u00d6lelj, \u00f6lelj, szor\u00edts nagyon<br \/>\nAz \u00e9jszak\u00e1t neked adom<\/p>\n<p>\u00d6lelj, \u00f6lelj, cs\u00f3kold a sz\u00e1m<br \/>\nNem kell a csend, sem a mag\u00e1ny<br \/>\n\u00d6lelj, \u00f6lelj, szor\u00edts nagyon<br \/>\nAz \u00e9jszak\u00e1t neked adom<\/p>\n<p>\u00d6lelj, \u00f6lelj, cs\u00f3kold a sz\u00e1m<br \/>\nNem kell a csend, sem a mag\u00e1ny<br \/>\n\u00d6lelj, \u00f6lelj, szor\u00edts nagyon<br \/>\nAz \u00e9jszak\u00e1t neked adom<\/p>\n<p>\u00d6lelj, \u00f6lelj, cs\u00f3kold a sz\u00e1m<br \/>\nNem kell a csend, sem a mag\u00e1ny<br \/>\n\u00d6lelj, \u00f6lelj, szor\u00edts nagyon<br \/>\nAz \u00e9jszak\u00e1t neked adom<\/p>\n","protected":false},"featured_media":6363,"template":"","meta":{"site-sidebar-layout":"default","site-content-layout":"default","ast-site-content-layout":"default","site-content-style":"default","site-sidebar-style":"default","ast-global-header-display":"","ast-banner-title-visibility":"","ast-main-header-display":"","ast-hfb-above-header-display":"","ast-hfb-below-header-display":"","ast-hfb-mobile-header-display":"","site-post-title":"","ast-breadcrumbs-content":"","ast-featured-img":"","footer-sml-layout":"","theme-transparent-header-meta":"default","adv-header-id-meta":"","stick-header-meta":"","header-above-stick-meta":"","header-main-stick-meta":"","header-below-stick-meta":"","astra-migrate-meta-layouts":"set","ast-page-background-enabled":"default","ast-page-background-meta":{"desktop":{"background-color":"var(--ast-global-color-4)","background-image":"","background-repeat":"repeat","background-position":"center center","background-size":"auto","background-attachment":"scroll","background-type":"","background-media":"","overlay-type":"","overlay-color":"","overlay-opacity":"","overlay-gradient":""},"tablet":{"background-color":"","background-image":"","background-repeat":"repeat","background-position":"center center","background-size":"auto","background-attachment":"scroll","background-type":"","background-media":"","overlay-type":"","overlay-color":"","overlay-opacity":"","overlay-gradient":""},"mobile":{"background-color":"","background-image":"","background-repeat":"repeat","background-position":"center center","background-size":"auto","background-attachment":"scroll","background-type":"","background-media":"","overlay-type":"","overlay-color":"","overlay-opacity":"","overlay-gradient":""}},"ast-content-background-meta":{"desktop":{"background-color":"var(--ast-global-color-5)","background-image":"","background-repeat":"repeat","background-position":"center center","background-size":"auto","background-attachment":"scroll","background-type":"","background-media":"","overlay-type":"","overlay-color":"","overlay-opacity":"","overlay-gradient":""},"tablet":{"background-color":"var(--ast-global-color-5)","background-image":"","background-repeat":"repeat","background-position":"center center","background-size":"auto","background-attachment":"scroll","background-type":"","background-media":"","overlay-type":"","overlay-color":"","overlay-opacity":"","overlay-gradient":""},"mobile":{"background-color":"var(--ast-global-color-5)","background-image":"","background-repeat":"repeat","background-position":"center center","background-size":"auto","background-attachment":"scroll","background-type":"","background-media":"","overlay-type":"","overlay-color":"","overlay-opacity":"","overlay-gradient":""}}},"product_cat":[69],"product_tag":[],"class_list":["post-5902","product","type-product","status-publish","has-post-thumbnail","hentry","product_cat-galamb-joci","desktop-align-left","tablet-align-left","mobile-align-left"],"_links":{"self":[{"href":"https:\/\/www.sunkaraoke.hu\/index.php\/wp-json\/wp\/v2\/product\/5902","targetHints":{"allow":["GET"]}}],"collection":[{"href":"https:\/\/www.sunkaraoke.hu\/index.php\/wp-json\/wp\/v2\/product"}],"about":[{"href":"https:\/\/www.sunkaraoke.hu\/index.php\/wp-json\/wp\/v2\/types\/product"}],"wp:featuredmedia":[{"embeddable":true,"href":"https:\/\/www.sunkaraoke.hu\/index.php\/wp-json\/wp\/v2\/media\/6363"}],"wp:attachment":[{"href":"https:\/\/www.sunkaraoke.hu\/index.php\/wp-json\/wp\/v2\/media?parent=5902"}],"wp:term":[{"taxonomy":"product_cat","embeddable":true,"href":"https:\/\/www.sunkaraoke.hu\/index.php\/wp-json\/wp\/v2\/product_cat?post=5902"},{"taxonomy":"product_tag","embeddable":true,"href":"https:\/\/www.sunkaraoke.hu\/index.php\/wp-json\/wp\/v2\/product_tag?post=5902"}],"curies":[{"name":"wp","href":"https:\/\/api.w.org\/{rel}","templated":true}]}}