{"id":5900,"date":"2022-08-08T20:50:05","date_gmt":"2022-08-08T20:50:05","guid":{"rendered":"https:\/\/www.sunkaraoke.hu\/index.php\/termek\/jerzsele-zoltan-elloptad-te-lany-a-szivemet\/"},"modified":"2025-04-13T12:19:10","modified_gmt":"2025-04-13T12:19:10","slug":"jerzsele-zoltan-elloptad-te-lany-a-szivemet","status":"publish","type":"product","link":"https:\/\/www.sunkaraoke.hu\/index.php\/termek\/jerzsele-zoltan-elloptad-te-lany-a-szivemet\/","title":{"rendered":"<div class=\"wcmp-player-container product-5900\"><audio controlslist=\"nodownload\" data-product=\"5900\"  volume=\"1\"  preload=\"none\" data-lazyloading=\"none\" class=\"wcmp-player track mejs-classic\" data-duration=\"0:33\" data-estimated_duration=\"4\"><source src=\"https:\/\/www.sunkaraoke.hu\/wp-content\/uploads\/2022\/08\/Elloptad-te-lany-Jero.-demoo.mp3\" type=\"audio\/mp3\" \/><\/audio><\/div>Jerzsele Zolt\u00e1n &#8211; Elloptad te l\u00e1ny a sz\u00edvemet (Original)"},"content":{"rendered":"<p><strong>03:42<\/strong> | <strong><img loading=\"lazy\" decoding=\"async\" class=\"alignnone size-full wp-image-467\" src=\"https:\/\/www.sunkaraoke.hu\/wp-content\/uploads\/2022\/07\/choir_2-copy.webp\" alt=\"\" width=\"30\" height=\"30\" \/> <\/strong><\/p>\n","protected":false},"excerpt":{"rendered":"<h6><strong>Bits\u0171r\u0171s\u00e9g: 320<\/strong>kb\/s<strong><br \/>\n<\/strong><strong>Hossz: <\/strong>03:42<strong><br \/>\n<\/strong><strong style=\"font-size: 16px;\">Vok\u00e1lt tartalmaz: <\/strong>Nem <img loading=\"lazy\" decoding=\"async\" class=\"alignnone size-full wp-image-467\" src=\"http:\/\/www.sunkaraoke.hu\/wp-content\/uploads\/2022\/07\/choir_2-copy.png\" alt=\"\" width=\"30\" height=\"30\" \/><strong style=\"font-size: 16px;\"><br \/>\n<\/strong><\/h6>\n<p>Sunkaraoke mp3 st\u00fadi\u00f3 \/ www.sunkaraoke.hu \/ Inf: Tel: 06 20 4275001<\/p>\n<p>&#8212;Intr\u00f3&#8212;<\/p>\n<p>V\u00e9get \u00e9rt egy hossz\u00fa ny\u00e1r,<br \/>\nsok boldog perc mit itt hagyt\u00e1l.<br \/>\nAz illatod m\u00e9g most is \u00e9rzem \u00e9n.<br \/>\nV\u00e9get \u00e9rt de mi\u00e9rt f\u00e1j \u00fagy,<br \/>\nsok sz\u00e9p eml\u00e9k m\u00e1r mind elm\u00falt.<br \/>\nCsak tudn\u00e1m mihez kezdjek n\u00e9lk\u00fcled.<br \/>\nElloptad te l\u00e1ny a sz\u00edvemet,<br \/>\na sz\u00e9l elf\u00fajt egy barna levelet.<br \/>\nJ\u00f6n az \u0151sz \u00e9n m\u00e9gsem feledlek m\u00e1r.<br \/>\nS\u00edrtam \u00e9n te\u00e9rted eleget,<br \/>\na sz\u00e9l elf\u00fajt egy barna levelet.<br \/>\nHa j\u00f6n az \u0151sz \u00edg\u00e9rem gondolok r\u00e1d.<br \/>\nAnnyi sz\u00e9pet s j\u00f3t adt\u00e1l,<br \/>\n\u00edgy telt el egy hossz\u00fa ny\u00e1r.<br \/>\nA f\u00e1kr\u00f3l lassan lehull sz\u00e1z lev\u00e9l.<br \/>\nEgy pillant\u00e1s egy \u00e9des cs\u00f3k,<br \/>\n\u00e9s minden hirtelen elm\u00falt.<br \/>\nCsak tudn\u00e1m mihez kezdjek n\u00e9lk\u00fcled.<br \/>\nElloptad te l\u00e1ny a sz\u00edvemet,<br \/>\na sz\u00e9l elf\u00fajt egy barna levelet.<br \/>\nJ\u00f6n az \u0151sz \u00e9n m\u00e9gsem feledlek m\u00e1r.<br \/>\nS\u00edrtam \u00e9n te\u00e9rted eleget,<br \/>\na sz\u00e9l elf\u00fajt egy barna levelet.<br \/>\nHa j\u00f6n az \u0151sz \u00edg\u00e9rem gondolok r\u00e1d.<br \/>\nElloptad te l\u00e1ny a sz\u00edvemet,<br \/>\na sz\u00e9l elf\u00fajt egy barna levelet.<br \/>\nJ\u00f6n az \u0151sz \u00e9n m\u00e9gsem feledlek m\u00e1r.<br \/>\nS\u00edrtam \u00e9n te\u00e9rted eleget,<br \/>\na sz\u00e9l elf\u00fajt egy barna levelet.<br \/>\nHa j\u00f6n az \u0151sz \u00edg\u00e9rem gondolok r\u00e1d.<\/p>\n<p>Elloptad te l\u00e1ny a sz\u00edvemet,<br \/>\na sz\u00e9l elf\u00fajt egy barna levelet.<br \/>\nJ\u00f6n az \u0151sz \u00e9n m\u00e9gsem feledlek m\u00e1r.<br \/>\nS\u00edrtam \u00e9n te\u00e9rted eleget,<br \/>\na sz\u00e9l elf\u00fajt egy barna levelet.<br \/>\nHa j\u00f6n az \u0151sz \u00edg\u00e9rem gondolok r\u00e1d.<br \/>\nElloptad te l\u00e1ny a sz\u00edvemet,<br \/>\na sz\u00e9l elf\u00fajt egy barna levelet.<br \/>\nJ\u00f6n az \u0151sz \u00e9n m\u00e9gsem feledlek m\u00e1r.<br \/>\nS\u00edrtam \u00e9n te\u00e9rted eleget,<br \/>\na sz\u00e9l elf\u00fajt egy barna levelet.<br \/>\nHa j\u00f6n az \u0151sz \u00edg\u00e9rem gondolok r\u00e1d!<br \/>\n&lt;Jer\u00f3 Music&gt;<\/p>\n","protected":false},"featured_media":9772,"template":"","meta":{"site-sidebar-layout":"default","site-content-layout":"default","ast-site-content-layout":"default","site-content-style":"default","site-sidebar-style":"default","ast-global-header-display":"","ast-banner-title-visibility":"","ast-main-header-display":"","ast-hfb-above-header-display":"","ast-hfb-below-header-display":"","ast-hfb-mobile-header-display":"","site-post-title":"","ast-breadcrumbs-content":"","ast-featured-img":"","footer-sml-layout":"","theme-transparent-header-meta":"default","adv-header-id-meta":"","stick-header-meta":"","header-above-stick-meta":"","header-main-stick-meta":"","header-below-stick-meta":"","astra-migrate-meta-layouts":"set","ast-page-background-enabled":"default","ast-page-background-meta":{"desktop":{"background-color":"var(--ast-global-color-4)","background-image":"","background-repeat":"repeat","background-position":"center center","background-size":"auto","background-attachment":"scroll","background-type":"","background-media":"","overlay-type":"","overlay-color":"","overlay-opacity":"","overlay-gradient":""},"tablet":{"background-color":"","background-image":"","background-repeat":"repeat","background-position":"center center","background-size":"auto","background-attachment":"scroll","background-type":"","background-media":"","overlay-type":"","overlay-color":"","overlay-opacity":"","overlay-gradient":""},"mobile":{"background-color":"","background-image":"","background-repeat":"repeat","background-position":"center center","background-size":"auto","background-attachment":"scroll","background-type":"","background-media":"","overlay-type":"","overlay-color":"","overlay-opacity":"","overlay-gradient":""}},"ast-content-background-meta":{"desktop":{"background-color":"var(--ast-global-color-5)","background-image":"","background-repeat":"repeat","background-position":"center center","background-size":"auto","background-attachment":"scroll","background-type":"","background-media":"","overlay-type":"","overlay-color":"","overlay-opacity":"","overlay-gradient":""},"tablet":{"background-color":"var(--ast-global-color-5)","background-image":"","background-repeat":"repeat","background-position":"center center","background-size":"auto","background-attachment":"scroll","background-type":"","background-media":"","overlay-type":"","overlay-color":"","overlay-opacity":"","overlay-gradient":""},"mobile":{"background-color":"var(--ast-global-color-5)","background-image":"","background-repeat":"repeat","background-position":"center center","background-size":"auto","background-attachment":"scroll","background-type":"","background-media":"","overlay-type":"","overlay-color":"","overlay-opacity":"","overlay-gradient":""}}},"product_cat":[75],"product_tag":[],"class_list":["post-5900","product","type-product","status-publish","has-post-thumbnail","hentry","product_cat-jerzsele-zoltan","desktop-align-left","tablet-align-left","mobile-align-left"],"_links":{"self":[{"href":"https:\/\/www.sunkaraoke.hu\/index.php\/wp-json\/wp\/v2\/product\/5900","targetHints":{"allow":["GET"]}}],"collection":[{"href":"https:\/\/www.sunkaraoke.hu\/index.php\/wp-json\/wp\/v2\/product"}],"about":[{"href":"https:\/\/www.sunkaraoke.hu\/index.php\/wp-json\/wp\/v2\/types\/product"}],"wp:featuredmedia":[{"embeddable":true,"href":"https:\/\/www.sunkaraoke.hu\/index.php\/wp-json\/wp\/v2\/media\/9772"}],"wp:attachment":[{"href":"https:\/\/www.sunkaraoke.hu\/index.php\/wp-json\/wp\/v2\/media?parent=5900"}],"wp:term":[{"taxonomy":"product_cat","embeddable":true,"href":"https:\/\/www.sunkaraoke.hu\/index.php\/wp-json\/wp\/v2\/product_cat?post=5900"},{"taxonomy":"product_tag","embeddable":true,"href":"https:\/\/www.sunkaraoke.hu\/index.php\/wp-json\/wp\/v2\/product_tag?post=5900"}],"curies":[{"name":"wp","href":"https:\/\/api.w.org\/{rel}","templated":true}]}}