{"id":5875,"date":"2022-08-08T20:50:00","date_gmt":"2022-08-08T20:50:00","guid":{"rendered":"https:\/\/www.sunkaraoke.hu\/index.php\/termek\/jerzsele-zoltan-jero-mulatos-mix-01\/"},"modified":"2025-04-13T12:22:17","modified_gmt":"2025-04-13T12:22:17","slug":"jerzsele-zoltan-jero-mulatos-mix-01","status":"publish","type":"product","link":"https:\/\/www.sunkaraoke.hu\/index.php\/termek\/jerzsele-zoltan-jero-mulatos-mix-01\/","title":{"rendered":"<div class=\"wcmp-player-container product-5875\"><audio controlslist=\"nodownload\" data-product=\"5875\"  volume=\"1\"  preload=\"none\" data-lazyloading=\"none\" class=\"wcmp-player track mejs-classic\" data-duration=\"0:30\" data-estimated_duration=\"3\"><source src=\"https:\/\/www.sunkaraoke.hu\/wp-content\/uploads\/2022\/08\/Jero-mix-01_demo2.mp3\" type=\"audio\/mp3\" \/><\/audio><\/div>Jerzsele Zolt\u00e1n &#8211; Jer\u00f3 mulat\u00f3s mix 01.(Original)"},"content":{"rendered":"<h6><strong>05:22 \/<\/strong><\/h6>\n","protected":false},"excerpt":{"rendered":"<h6><strong>Bits\u0171r\u0171s\u00e9g: <\/strong>196-320 kb\/s<strong><br \/>\n<\/strong><strong>Hossz: <\/strong>05:22<strong><br \/>\n<\/strong><strong style=\"font-size: 16px;\">Vok\u00e1lt tartalmaz: <\/strong>Nem <img loading=\"lazy\" decoding=\"async\" class=\"alignnone size-full wp-image-467\" src=\"http:\/\/www.sunkaraoke.hu\/wp-content\/uploads\/2022\/07\/choir_2-copy.png\" alt=\"\" width=\"30\" height=\"30\" \/><strong style=\"font-size: 16px;\"><br \/>\n<\/strong><\/h6>\n<p>Sunkaraoke mp3 st\u00fadi\u00f3 \/ www.sunkaraoke.hu \/ Inf: Tel: 06 20 4275001<\/p>\n<p>&#8212;Intr\u00f3&#8212;<br \/>\nA laktanya udvar\u00e1n, a sz\u00e1zad m\u00e1r k\u00e9szen \u00e1ll,<br \/>\nny\u00edlik a piros r\u00f3zsa. A kapuba s\u00edrdog\u00e1l,<br \/>\na sok csinos barna l\u00e1ny, b\u00facs\u00fazik utolj\u00e1ra.<br \/>\nNem tudom, hogy l\u00e1tlak e m\u00e9g vir\u00e1gom,<br \/>\nde az\u00e9rt a legjobbakat k\u00edv\u00e1nom.<br \/>\nKalapomon cserfa\u00e1g, sz\u00edvemben egy sz\u00e1l vir\u00e1g,<br \/>\nez lesz az \u00fatit\u00e1rsam.<br \/>\nNem tudom, hogy l\u00e1tlak e m\u00e9g vir\u00e1gom,<br \/>\nde az\u00e9rt a legjobbakat k\u00edv\u00e1nom.<br \/>\nKalapomon cserfa\u00e1g, sz\u00edvemben egy sz\u00e1l vir\u00e1g,<br \/>\nez lesz az \u00fatit\u00e1rsam.<\/p>\n<p>Ha megj\u00f6v\u00f6k kisbab\u00e1m, a kapuban v\u00e1r re\u00e1m,<br \/>\n\u00fcnnepi feh\u00e9r ruh\u00e1ban. Megk\u00e9rem a sz\u00e1zadost,<br \/>\naki szabads\u00e1got oszt, egy napot tegyen r\u00e1ja.<br \/>\nMikor a pap szerelm\u00fcnket meg\u00e1ldja,<br \/>\nzubbonyomat civil ruha lev\u00e1ltja.<br \/>\nB\u00fcszke lesz a kisbab\u00e1m, meg a j\u00f3 \u00e9desany\u00e1m,<br \/>\nhogyha a fi\u00e1t l\u00e1tja.<br \/>\nMikor a pap szerelm\u00fcnket meg\u00e1ldja,<br \/>\nzubbonyomat civil ruha lev\u00e1ltja.<br \/>\nB\u00fcszke lesz a kisbab\u00e1m, meg a j\u00f3 \u00e9desany\u00e1m,<br \/>\nhogyha a fi\u00e1t civilbe&#8221; l\u00e1tja.<\/p>\n","protected":false},"featured_media":9772,"template":"","meta":{"site-sidebar-layout":"default","site-content-layout":"default","ast-site-content-layout":"default","site-content-style":"default","site-sidebar-style":"default","ast-global-header-display":"","ast-banner-title-visibility":"","ast-main-header-display":"","ast-hfb-above-header-display":"","ast-hfb-below-header-display":"","ast-hfb-mobile-header-display":"","site-post-title":"","ast-breadcrumbs-content":"","ast-featured-img":"","footer-sml-layout":"","theme-transparent-header-meta":"default","adv-header-id-meta":"","stick-header-meta":"","header-above-stick-meta":"","header-main-stick-meta":"","header-below-stick-meta":"","astra-migrate-meta-layouts":"set","ast-page-background-enabled":"default","ast-page-background-meta":{"desktop":{"background-color":"var(--ast-global-color-4)","background-image":"","background-repeat":"repeat","background-position":"center center","background-size":"auto","background-attachment":"scroll","background-type":"","background-media":"","overlay-type":"","overlay-color":"","overlay-opacity":"","overlay-gradient":""},"tablet":{"background-color":"","background-image":"","background-repeat":"repeat","background-position":"center center","background-size":"auto","background-attachment":"scroll","background-type":"","background-media":"","overlay-type":"","overlay-color":"","overlay-opacity":"","overlay-gradient":""},"mobile":{"background-color":"","background-image":"","background-repeat":"repeat","background-position":"center center","background-size":"auto","background-attachment":"scroll","background-type":"","background-media":"","overlay-type":"","overlay-color":"","overlay-opacity":"","overlay-gradient":""}},"ast-content-background-meta":{"desktop":{"background-color":"var(--ast-global-color-5)","background-image":"","background-repeat":"repeat","background-position":"center center","background-size":"auto","background-attachment":"scroll","background-type":"","background-media":"","overlay-type":"","overlay-color":"","overlay-opacity":"","overlay-gradient":""},"tablet":{"background-color":"var(--ast-global-color-5)","background-image":"","background-repeat":"repeat","background-position":"center center","background-size":"auto","background-attachment":"scroll","background-type":"","background-media":"","overlay-type":"","overlay-color":"","overlay-opacity":"","overlay-gradient":""},"mobile":{"background-color":"var(--ast-global-color-5)","background-image":"","background-repeat":"repeat","background-position":"center center","background-size":"auto","background-attachment":"scroll","background-type":"","background-media":"","overlay-type":"","overlay-color":"","overlay-opacity":"","overlay-gradient":""}}},"product_cat":[75],"product_tag":[],"class_list":["post-5875","product","type-product","status-publish","has-post-thumbnail","hentry","product_cat-jerzsele-zoltan","desktop-align-left","tablet-align-left","mobile-align-left"],"_links":{"self":[{"href":"https:\/\/www.sunkaraoke.hu\/index.php\/wp-json\/wp\/v2\/product\/5875","targetHints":{"allow":["GET"]}}],"collection":[{"href":"https:\/\/www.sunkaraoke.hu\/index.php\/wp-json\/wp\/v2\/product"}],"about":[{"href":"https:\/\/www.sunkaraoke.hu\/index.php\/wp-json\/wp\/v2\/types\/product"}],"wp:featuredmedia":[{"embeddable":true,"href":"https:\/\/www.sunkaraoke.hu\/index.php\/wp-json\/wp\/v2\/media\/9772"}],"wp:attachment":[{"href":"https:\/\/www.sunkaraoke.hu\/index.php\/wp-json\/wp\/v2\/media?parent=5875"}],"wp:term":[{"taxonomy":"product_cat","embeddable":true,"href":"https:\/\/www.sunkaraoke.hu\/index.php\/wp-json\/wp\/v2\/product_cat?post=5875"},{"taxonomy":"product_tag","embeddable":true,"href":"https:\/\/www.sunkaraoke.hu\/index.php\/wp-json\/wp\/v2\/product_tag?post=5875"}],"curies":[{"name":"wp","href":"https:\/\/api.w.org\/{rel}","templated":true}]}}