{"id":5874,"date":"2022-08-08T20:49:59","date_gmt":"2022-08-08T20:49:59","guid":{"rendered":"https:\/\/www.sunkaraoke.hu\/index.php\/termek\/jerzsele-zoltan-dikto-mamo\/"},"modified":"2026-03-05T08:58:55","modified_gmt":"2026-03-05T06:58:55","slug":"jerzsele-zoltan-dikto-mamo","status":"publish","type":"product","link":"https:\/\/www.sunkaraoke.hu\/index.php\/termek\/jerzsele-zoltan-dikto-mamo\/","title":{"rendered":"<div class=\"wcmp-player-container product-5874\"><audio controlslist=\"nodownload\" data-product=\"5874\"  volume=\"1\"  preload=\"none\" data-lazyloading=\"none\" class=\"wcmp-player track mejs-classic\" data-duration=\"0:34\" data-estimated_duration=\"4\"><source src=\"https:\/\/www.sunkaraoke.hu\/wp-content\/uploads\/2022\/08\/Dikto-mamo-Je.-kdemoo.mp3\" type=\"audio\/mp3\" \/><\/audio><\/div>Jerzsele Zolt\u00e1n &#8211; Dikto m\u00e1mo (Original)"},"content":{"rendered":"<p><strong>03:08<\/strong> | <strong><img loading=\"lazy\" decoding=\"async\" class=\"alignnone size-full wp-image-467\" src=\"https:\/\/www.sunkaraoke.hu\/wp-content\/uploads\/2022\/07\/choir_2-copy.webp\" alt=\"\" width=\"30\" height=\"30\" \/> <\/strong><\/p>\n","protected":false},"excerpt":{"rendered":"<h6><strong>Bits\u0171r\u0171s\u00e9g: 320<\/strong>kb\/s<strong><br \/>\n<\/strong><strong>Hossz: <\/strong>03:08<strong><br \/>\n<\/strong><strong style=\"font-size: 16px;\">Vok\u00e1lt tartalmaz: <\/strong>Nem <img loading=\"lazy\" decoding=\"async\" class=\"alignnone size-full wp-image-467\" src=\"http:\/\/www.sunkaraoke.hu\/wp-content\/uploads\/2022\/07\/choir_2-copy.png\" alt=\"\" width=\"30\" height=\"30\" \/><strong style=\"font-size: 16px;\"><br \/>\n<\/strong><\/h6>\n<p>Sunkaraoke mp3 st\u00fadi\u00f3 \/ www.sunkaraoke.hu \/ Inf: Tel: 06 20 4275001<\/p>\n<p>Dikt\u00e1 m\u00e1m\u00f3 ty\u00edbori, ty\u00edbori ty\u00edbori,<br \/>\nk\u00e1bel tuke b\u00e1kt\u00e1li, m\u00e1m\u00f3 b\u00e1kt\u00e1li.<br \/>\nDikt\u00e1 m\u00e1m\u00f3 ty\u00edbori, ty\u00edbori ty\u00edbori,<br \/>\nk\u00e1bel tuke b\u00e1kt\u00e1li, m\u00e1m\u00f3 b\u00e1kt\u00e1li.<br \/>\n\u00c1j d\u00e1de szokker\u00e1, d\u00e1de szokk\u00e9r\u00e1,<br \/>\nb\u00e1l\u00e1l\u00e1t\u00e9 m\u00e1mm\u00e9r\u00e1, m\u00e1m\u00f3 t\u00e9m\u00e9r\u00e1v.<br \/>\n\u00c1j d\u00e1de szokker\u00e1, d\u00e1de szokk\u00e9r\u00e1,<br \/>\nb\u00e1l\u00e1l\u00e1t\u00e9 m\u00e1mm\u00e9r\u00e1, m\u00e1m\u00f3 t\u00e9m\u00e9r\u00e1v.<\/p>\n<p>Dikt\u00e1 m\u00e1m\u00f3 ty\u00edbori, ty\u00edbori ty\u00edbori,<br \/>\nk\u00e1bel tuke b\u00e1kt\u00e1li, m\u00e1m\u00f3 b\u00e1kt\u00e1li.<br \/>\nDikt\u00e1 m\u00e1m\u00f3 ty\u00edbori, ty\u00edbori ty\u00edbori,<br \/>\nk\u00e1bel tuke b\u00e1kt\u00e1li, m\u00e1m\u00f3 b\u00e1kt\u00e1li.<br \/>\n\u00c1j d\u00e1de szokker\u00e1, d\u00e1de szokk\u00e9r\u00e1,<br \/>\nb\u00e1l\u00e1l\u00e1t\u00e9 m\u00e1mm\u00e9r\u00e1, m\u00e1m\u00f3 t\u00e9m\u00e9r\u00e1v.<br \/>\n\u00c1j d\u00e1de szokker\u00e1, d\u00e1de szokk\u00e9r\u00e1,<br \/>\nb\u00e1l\u00e1l\u00e1t\u00e9 m\u00e1mm\u00e9r\u00e1, m\u00e1m\u00f3 t\u00e9m\u00e9r\u00e1v.<\/p>\n<p>Te vagy nekem a legszebb,<br \/>\na legszebb, a legszebb.<br \/>\nFeles\u00e9g\u00fcl elveszlek,<br \/>\nhaljak meg ha nem.<br \/>\nTe vagy nekem a legszebb,<br \/>\na legszebb, a legszebb.<br \/>\nFeles\u00e9g\u00fcl elveszlek,<br \/>\nhaljak meg ha nem.<br \/>\n\u00c1j d\u00e1de szokker\u00e1, d\u00e1de szokk\u00e9r\u00e1,<br \/>\nb\u00e1l\u00e1l\u00e1t\u00e9 m\u00e1mm\u00e9r\u00e1, m\u00e1m\u00f3 t\u00e9m\u00e9r\u00e1v.<br \/>\n\u00c1j d\u00e1de szokker\u00e1, d\u00e1de szokk\u00e9r\u00e1,<br \/>\nb\u00e1l\u00e1l\u00e1t\u00e9 m\u00e1mm\u00e9r\u00e1, m\u00e1m\u00f3 t\u00e9m\u00e9r\u00e1v.<\/p>\n<p>Dikt\u00e1 m\u00e1m\u00f3 ty\u00edbori, ty\u00edbori ty\u00edbori,<br \/>\nk\u00e1bel tuke b\u00e1kt\u00e1li, m\u00e1m\u00f3 b\u00e1kt\u00e1li.<br \/>\nDikt\u00e1 m\u00e1m\u00f3 ty\u00edbori, ty\u00edbori ty\u00edbori,<br \/>\nk\u00e1bel tuke b\u00e1kt\u00e1li, m\u00e1m\u00f3 b\u00e1kt\u00e1li.<br \/>\n\u00c1j d\u00e1de szokker\u00e1, d\u00e1de szokk\u00e9r\u00e1,<br \/>\nb\u00e1l\u00e1l\u00e1t\u00e9 m\u00e1mm\u00e9r\u00e1, m\u00e1m\u00f3 t\u00e9m\u00e9r\u00e1v.<br \/>\n\u00c1j d\u00e1de szokker\u00e1, d\u00e1de szokk\u00e9r\u00e1,<br \/>\nb\u00e1l\u00e1l\u00e1t\u00e9 m\u00e1mm\u00e9r\u00e1, m\u00e1m\u00f3 t\u00e9m\u00e9r\u00e1v.<\/p>\n<p>&#8212;V\u00e9ge&#8212;<\/p>\n","protected":false},"featured_media":9772,"template":"","meta":{"site-sidebar-layout":"default","site-content-layout":"default","ast-site-content-layout":"default","site-content-style":"default","site-sidebar-style":"default","ast-global-header-display":"","ast-banner-title-visibility":"","ast-main-header-display":"","ast-hfb-above-header-display":"","ast-hfb-below-header-display":"","ast-hfb-mobile-header-display":"","site-post-title":"","ast-breadcrumbs-content":"","ast-featured-img":"","footer-sml-layout":"","theme-transparent-header-meta":"default","adv-header-id-meta":"","stick-header-meta":"","header-above-stick-meta":"","header-main-stick-meta":"","header-below-stick-meta":"","astra-migrate-meta-layouts":"set","ast-page-background-enabled":"default","ast-page-background-meta":{"desktop":{"background-color":"var(--ast-global-color-4)","background-image":"","background-repeat":"repeat","background-position":"center center","background-size":"auto","background-attachment":"scroll","background-type":"","background-media":"","overlay-type":"","overlay-color":"","overlay-opacity":"","overlay-gradient":""},"tablet":{"background-color":"","background-image":"","background-repeat":"repeat","background-position":"center center","background-size":"auto","background-attachment":"scroll","background-type":"","background-media":"","overlay-type":"","overlay-color":"","overlay-opacity":"","overlay-gradient":""},"mobile":{"background-color":"","background-image":"","background-repeat":"repeat","background-position":"center center","background-size":"auto","background-attachment":"scroll","background-type":"","background-media":"","overlay-type":"","overlay-color":"","overlay-opacity":"","overlay-gradient":""}},"ast-content-background-meta":{"desktop":{"background-color":"var(--ast-global-color-5)","background-image":"","background-repeat":"repeat","background-position":"center center","background-size":"auto","background-attachment":"scroll","background-type":"","background-media":"","overlay-type":"","overlay-color":"","overlay-opacity":"","overlay-gradient":""},"tablet":{"background-color":"var(--ast-global-color-5)","background-image":"","background-repeat":"repeat","background-position":"center center","background-size":"auto","background-attachment":"scroll","background-type":"","background-media":"","overlay-type":"","overlay-color":"","overlay-opacity":"","overlay-gradient":""},"mobile":{"background-color":"var(--ast-global-color-5)","background-image":"","background-repeat":"repeat","background-position":"center center","background-size":"auto","background-attachment":"scroll","background-type":"","background-media":"","overlay-type":"","overlay-color":"","overlay-opacity":"","overlay-gradient":""}}},"product_cat":[75],"product_tag":[],"class_list":["post-5874","product","type-product","status-publish","has-post-thumbnail","hentry","product_cat-jerzsele-zoltan","desktop-align-left","tablet-align-left","mobile-align-left"],"_links":{"self":[{"href":"https:\/\/www.sunkaraoke.hu\/index.php\/wp-json\/wp\/v2\/product\/5874","targetHints":{"allow":["GET"]}}],"collection":[{"href":"https:\/\/www.sunkaraoke.hu\/index.php\/wp-json\/wp\/v2\/product"}],"about":[{"href":"https:\/\/www.sunkaraoke.hu\/index.php\/wp-json\/wp\/v2\/types\/product"}],"wp:featuredmedia":[{"embeddable":true,"href":"https:\/\/www.sunkaraoke.hu\/index.php\/wp-json\/wp\/v2\/media\/9772"}],"wp:attachment":[{"href":"https:\/\/www.sunkaraoke.hu\/index.php\/wp-json\/wp\/v2\/media?parent=5874"}],"wp:term":[{"taxonomy":"product_cat","embeddable":true,"href":"https:\/\/www.sunkaraoke.hu\/index.php\/wp-json\/wp\/v2\/product_cat?post=5874"},{"taxonomy":"product_tag","embeddable":true,"href":"https:\/\/www.sunkaraoke.hu\/index.php\/wp-json\/wp\/v2\/product_tag?post=5874"}],"curies":[{"name":"wp","href":"https:\/\/api.w.org\/{rel}","templated":true}]}}