{"id":5869,"date":"2022-08-08T20:49:59","date_gmt":"2022-08-08T20:49:59","guid":{"rendered":"https:\/\/www.sunkaraoke.hu\/index.php\/termek\/piros-bela-piros-bela-mulatos-mix-43\/"},"modified":"2025-04-07T11:29:04","modified_gmt":"2025-04-07T11:29:04","slug":"piros-bela-piros-bela-mulatos-mix-43","status":"publish","type":"product","link":"https:\/\/www.sunkaraoke.hu\/index.php\/termek\/piros-bela-piros-bela-mulatos-mix-43\/","title":{"rendered":"<div class=\"wcmp-player-container product-5869\"><audio controlslist=\"nodownload\" data-product=\"5869\"  volume=\"1\"  preload=\"none\" data-lazyloading=\"none\" class=\"wcmp-player track mejs-classic\" data-duration=\"0:33\" data-estimated_duration=\"4\"><source src=\"https:\/\/www.sunkaraoke.hu\/wp-content\/uploads\/2022\/08\/Piros-Bela-mulatos-mix-43.kdemoo.mp3\" type=\"audio\/mp3\" \/><\/audio><\/div>Piros B\u00e9la &#8211; Piros B\u00e9la mulat\u00f3s mix 43. (Original)"},"content":{"rendered":"<p><strong>15:28<\/strong> | <strong><img loading=\"lazy\" decoding=\"async\" class=\"alignnone size-full wp-image-467\" src=\"https:\/\/www.sunkaraoke.hu\/wp-content\/uploads\/2022\/07\/choir_2-copy.webp\" alt=\"\" width=\"30\" height=\"30\" \/> <\/strong><\/p>\n","protected":false},"excerpt":{"rendered":"<h6><strong>Bits\u0171r\u0171s\u00e9g: 320<\/strong>kb\/s<strong><br \/>\n<\/strong><strong>Hossz: <\/strong>15:28<strong><br \/>\n<\/strong><strong style=\"font-size: 16px;\">Vok\u00e1lt tartalmaz: <\/strong>Nem <img loading=\"lazy\" decoding=\"async\" class=\"alignnone size-full wp-image-467\" src=\"http:\/\/www.sunkaraoke.hu\/wp-content\/uploads\/2022\/07\/choir_2-copy.png\" alt=\"\" width=\"30\" height=\"30\" \/><strong style=\"font-size: 16px;\"><br \/>\n<\/strong><\/h6>\n<p>Sunkaraoke mp3 st\u00fadi\u00f3 \/ www.sunkaraoke.hu \/ Inf: Tel: 06 20 4275001<\/p>\n<p>&#8212;Intr\u00f3&#8212;\/\/00:36\/\/<br \/>\nFodrozik a Tisza vize, hogyha a sz\u00e9l f\u00fajja.<br \/>\nHaragszik a galambom, hogy m\u00e9rt, azt nem is mondja.<br \/>\nNem baj haragudjon, majd megb\u00e9k\u00fcl,<br \/>\nm\u00e1r csak \u00edgy szokott ez lenni v\u00e9g\u00fcl,<br \/>\nnincs is igaz nagy szerelem, egy kis harag n\u00e9lk\u00fcl.<br \/>\nNem baj haragudjon, majd megb\u00e9k\u00fcl,<br \/>\nm\u00e1r csak \u00edgy szokott ez lenni v\u00e9g\u00fcl,<br \/>\nnincs is igaz nagy szerelem, egy kis harag n\u00e9lk\u00fcl.<br \/>\n&#8212;Sz\u00f3l\u00f3&#8212;\/\/01:40\/\/<br \/>\nSima m\u00e1r a Tisza vize, f\u00fcrdik a hold benne.<br \/>\n\u00cdgy sz\u00f3ltam a galambomhoz b\u00e9k\u00edtget\u00e9s k\u00f6zbe.<br \/>\nB\u00e1rmit mond is ez a huncut vil\u00e1g,<br \/>\nsz\u00edvem egyed\u00fcl csak t\u00e9ged im\u00e1d,<br \/>\nt\u00e9lbe, ny\u00e1rba, zivatarba csak h\u0171 marad hozz\u00e1d.<br \/>\nB\u00e1rmit mond is ez a huncut vil\u00e1g,<br \/>\nsz\u00edvem egyed\u00fcl csak t\u00e9ged im\u00e1d,<br \/>\nt\u00e9lbe, ny\u00e1rba, zivatarba csak h\u0171 marad hozz\u00e1d.<br \/>\n&#8212;Sz\u00f3l\u00f3&#8212;\/\/02:47\/\/<br \/>\nL\u00e1tod, \u00e9desany\u00e1m, l\u00e1tod \u00e9desany\u00e1m, m\u00e9rt sz\u00fclt\u00e9l a vil\u00e1gra.<br \/>\nInk\u00e1bb dobt\u00e1l volna, b\u00e1rcsak dobt\u00e1l volna a kanyarg\u00f3s Tisz\u00e1ba.<br \/>\nTisza vize elvitt volna a jeges Dun\u00e1ba,<br \/>\nhogy ne lettem volna, b\u00e1r ne lettem volna senki megunt bab\u00e1ja.<br \/>\nTisza vize elvitt volna a jeges Dun\u00e1ba,<br \/>\nhogy ne lettem volna, b\u00e1r ne lettem volna senki megunt bab\u00e1ja.<\/p>\n<p>Lassan forog bab\u00e1m a, lassan forog bab\u00e1m a g\u00e9pkocsi kereke.<br \/>\nAzon visznek engem,azon visznek engem, ki a hat\u00e1r sz\u00e9l\u00e9re.<br \/>\nB\u00e1rcsak \u00f6ssze vissza t\u00f6rne a kocsi kereke,<br \/>\nhogy ne vinne engem, b\u00e1 ne vinne engem le a hat\u00e1t sz\u00e9l\u00e9re.<br \/>\nB\u00e1rcsak \u00f6ssze vissza t\u00f6rne a kocsi kereke,<br \/>\nhogy ne vinne engem, b\u00e1 ne vinne engem le a hat\u00e1t sz\u00e9l\u00e9re.<\/p>\n<p>Nincs m\u00e1r p\u00e1ros csillag, nincs m\u00e1r p\u00e1ros csillag, mind lehullott a f\u00f6ldre.<br \/>\nNincsen h\u0171 szeret\u0151m, nincs m\u00e1r h\u0171 szeret\u0151m, mert elhagyott \u00f6r\u00f6kre.<br \/>\nHa elhagyott, nem b\u00fasulok, elment \u00f6r\u00f6kre.<br \/>\nSej a s\u00edromban is, m\u00e9g a f\u00f6ld alatt is csak \u0151 j\u00e1r az eszembe.<br \/>\nHa elhagyott, nem b\u00fasulok, elment \u00f6r\u00f6kre.<br \/>\nSej a s\u00edromban is, m\u00e9g a f\u00f6ld alatt is csak \u0151 j\u00e1r az eszembe.<\/p>\n<p>&#8212;Sz\u00f3l\u00f3&#8212;\/\/04:58\/\/<br \/>\nVisszahozom kisl\u00e1ny, visszahozom kisl\u00e1ny a te kedves szeret\u0151d.<br \/>\nMajd ha letelik a, majd ha letelik a, az a h\u00e1rom esztend\u0151.<br \/>\nAh\u00e1ny sz\u00e1zszor megfordul a kocsi kereke,<br \/>\nAnnyi sz\u00e1zszor bab\u00e1m, annyi sz\u00e1zszor bab\u00e1m, jussak \u00e9n az eszedbe.<br \/>\nAh\u00e1ny sz\u00e1zszor megfordul a kocsi kereke,<br \/>\nAnnyi sz\u00e1zszor bab\u00e1m, annyi sz\u00e1zszor bab\u00e1m, jussak \u00e9n az eszedbe.<br \/>\n&#8212;Sz\u00f3l\u00f3&#8212;-\/\/05:57\/\/<\/p>\n<p>L\u00e1tt\u00e1l e m\u00e1r t\u00e9len fecsk\u00e9t,<br \/>\nfeh\u00e9rl\u00e1b\u00fa kismenyecsk\u00e9t csuhajja,<br \/>\na feh\u00e9r l\u00e1b\u00e1t a Balatonba mossa,<br \/>\nhideg a v\u00edz csiklandozza, csuhajja.<br \/>\nA feh\u00e9r l\u00e1b\u00e1t a Balatonba mossa,<br \/>\nhideg a v\u00edz csiklandozza, csuhajja.<\/p>\n<p>Amott van egy kicsiny kocsma,<br \/>\nhajts\u00e1l kocsis a m\u00e1sik \u00fatra de csuhajja.<br \/>\nMert k\u00e9rek egy bort meg egy felest,<br \/>\nm\u00e1ma asszony de iszok v\u00e9led de csuhajja.<br \/>\nMert k\u00e9rek egy bort meg egy felest,<br \/>\nm\u00e1ma asszony de iszok v\u00e9led de csuhajja.<br \/>\n&#8212;-Sz\u00f3l\u00f3&#8212;-\/\/07:09\/\/<br \/>\nL\u00e1tt\u00e1l e m\u00e1r t\u00e9len fecsk\u00e9t,<br \/>\nfeh\u00e9rl\u00e1b\u00fa kismenyecsk\u00e9t csuhajja,<br \/>\na feh\u00e9r l\u00e1b\u00e1t a Balatonba mossa,<br \/>\nhideg a v\u00edz csiklandozza, csuhajja.<br \/>\nA feh\u00e9r l\u00e1b\u00e1t a Balatonba mossa,<br \/>\nhideg a v\u00edz csiklandozza, csuhajja.<\/p>\n<p>Amott van egy kicsiny kocsma,<br \/>\nhajts\u00e1l kocsis a m\u00e1sik \u00fatra de csuhajja.<br \/>\nMert k\u00e9rek egy bort meg egy felest,<br \/>\nm\u00e1ma asszony de iszok v\u00e9led de csuhajja.<br \/>\nMert k\u00e9rek egy bort meg egy felest,<br \/>\nm\u00e1ma asszony de iszok v\u00e9led de csuhajja.<\/p>\n<p>&#8212;Sz\u00f3l\u00f3&#8212;\/\/08:29\/\/<br \/>\nEz a vonat most van indul\u00f3ban,<br \/>\nA belseje fel van vir\u00e1gozva.<br \/>\nA belseje s\u00e1rg\u00e1ra, leszerel\u0151 \u00f6reg bak\u00e1k sz\u00e1m\u00e1ra,<br \/>\nmennek haza v\u00e9gleg szabads\u00e1gra.<br \/>\nA belseje s\u00e1rg\u00e1ra, leszerel\u0151 \u00f6reg bak\u00e1k sz\u00e1m\u00e1ra,<br \/>\nmennek haza v\u00e9gleg szabads\u00e1gra.<\/p>\n<p>Be van az \u00e9n zubbonyzsebem varrva,<br \/>\nbarna kisl\u00e1ny kisl\u00e1ny mit keresel rajta?<br \/>\nBenne van a zsoldk\u00f6nyvem, meg a leszerel\u0151 civillevelem,<br \/>\nm\u00e1r ezut\u00e1n barna kisl\u00e1ny a kedvesem.<br \/>\nBenne van a zsoldk\u00f6nyvem, meg a leszerel\u0151 civillevelem,<br \/>\nm\u00e1r ezut\u00e1n barna kisl\u00e1ny a kedvesem.<br \/>\n&#8212;Sz\u00f3l\u00f3&#8212;\/\/10:08\/\/<br \/>\nV\u00e9ge van az \u00f6sszes gyakorlatnak<br \/>\n\u00f6reg baka hazafel\u00e9 baktat.<br \/>\nZsebre v\u00e1gja a zsoldk\u00f6nyv\u00e9t, meg a leszerel\u0151 civillevel\u00e9t,<br \/>\nelveszi a kopasznak a szeret\u0151j\u00e9t.<br \/>\nZsebre v\u00e1gja a zsoldk\u00f6nyv\u00e9t, meg a leszerel\u0151 civillevel\u00e9t,<br \/>\nelveszi a kopasznak a szeret\u0151j\u00e9t.<\/p>\n<p>&#8212;Sz\u00f3l\u00f3&#8212;\/\/11:20\/\/<br \/>\nNincs szebb mad\u00e1r a fecsk\u00e9n\u00e9l, romtir\u00e1jri-ratitom-tir\u00e1jrom.<br \/>\nFeh\u00e9r l\u00e1b\u00fa menyecsk\u00e9n\u00e9l, romtir\u00e1jri-ratitom-tir\u00e1jrom.<br \/>\nFeh\u00e9r l\u00e1b\u00e1t mossa, mossa, romtir\u00e1jrom-tir\u00e1jrom.<br \/>\nHideg a v\u00edz nem \u00e1llhatja, romtir\u00e1jri-ratitom-tir\u00e1jrom.<br \/>\nFeh\u00e9r l\u00e1b\u00e1t mossa, mossa, romtir\u00e1jrom-tir\u00e1jrom.<br \/>\nHideg a v\u00edz nem \u00e1llhatja, romtir\u00e1jri-ratitom-tir\u00e1jrom.<\/p>\n<p>J\u00e1nos b\u00e1csi heged\u0171je, romtir\u00e1jri-ratitom-tir\u00e1jrom.<br \/>\nVeszett volna az erd\u0151be, romtir\u00e1jri-ratitom-tir\u00e1jrom.<br \/>\nHeged\u0171je,ha nem lett volna, romtir\u00e1jrom-tir\u00e1jrom.<br \/>\nSzerelmes se lettem volna, romtir\u00e1jri-ratitom-tir\u00e1jrom.<br \/>\nHeged\u0171je,ha nem lett volna, romtir\u00e1jrom-tir\u00e1jrom.<br \/>\nSzerelmes se lettem volna, romtir\u00e1jri-ratitom-tir\u00e1jrom.<br \/>\n&#8212;Sz\u00f3l\u00f3&#8212;\/\/13:10\/\/<br \/>\nJaj,de magas,jaj,de magas ez a vend\u00e9gfogad\u00f3,<br \/>\nvan-e benne,van-e benne barna kisl\u00e1ny elad\u00f3?<br \/>\nHa nincs benne barna kisl\u00e1ny elad\u00f3,<br \/>\nd\u0171lj\u00f6n \u00f6ssze ez a vend\u00e9gfogad\u00f3!<br \/>\nHa nincs benne barna kisl\u00e1ny elad\u00f3,<br \/>\nd\u0171lj\u00f6n \u00f6ssze ez a vend\u00e9gfogad\u00f3!<\/p>\n<p>\u00c9n m\u00e1r t\u00f6bbet, \u00e9n m\u00e1r t\u00f6bbet rend\u0151r k\u00e1pl\u00e1r nem leszek,<br \/>\nkalapomra kalapomra, kakastollat em teszek.<br \/>\nMert a kakas , kukukuko\u00e9kol hajnalba,<br \/>\nkapca bety\u00e1r hol h\u00e1rt\u00e1l az \u00e9jszaka.<br \/>\nMert a kakas , kukukuko\u00e9kol hajnalba,<br \/>\nkapca bety\u00e1r hol h\u00e1rt\u00e1l az \u00e9jszaka.<br \/>\n&#8212;V\u00e9ge&#8212;-<\/p>\n","protected":false},"featured_media":12989,"template":"","meta":{"site-sidebar-layout":"default","site-content-layout":"default","ast-site-content-layout":"default","site-content-style":"default","site-sidebar-style":"default","ast-global-header-display":"","ast-banner-title-visibility":"","ast-main-header-display":"","ast-hfb-above-header-display":"","ast-hfb-below-header-display":"","ast-hfb-mobile-header-display":"","site-post-title":"","ast-breadcrumbs-content":"","ast-featured-img":"","footer-sml-layout":"","theme-transparent-header-meta":"default","adv-header-id-meta":"","stick-header-meta":"","header-above-stick-meta":"","header-main-stick-meta":"","header-below-stick-meta":"","astra-migrate-meta-layouts":"set","ast-page-background-enabled":"default","ast-page-background-meta":{"desktop":{"background-color":"var(--ast-global-color-4)","background-image":"","background-repeat":"repeat","background-position":"center center","background-size":"auto","background-attachment":"scroll","background-type":"","background-media":"","overlay-type":"","overlay-color":"","overlay-opacity":"","overlay-gradient":""},"tablet":{"background-color":"","background-image":"","background-repeat":"repeat","background-position":"center center","background-size":"auto","background-attachment":"scroll","background-type":"","background-media":"","overlay-type":"","overlay-color":"","overlay-opacity":"","overlay-gradient":""},"mobile":{"background-color":"","background-image":"","background-repeat":"repeat","background-position":"center center","background-size":"auto","background-attachment":"scroll","background-type":"","background-media":"","overlay-type":"","overlay-color":"","overlay-opacity":"","overlay-gradient":""}},"ast-content-background-meta":{"desktop":{"background-color":"var(--ast-global-color-5)","background-image":"","background-repeat":"repeat","background-position":"center center","background-size":"auto","background-attachment":"scroll","background-type":"","background-media":"","overlay-type":"","overlay-color":"","overlay-opacity":"","overlay-gradient":""},"tablet":{"background-color":"var(--ast-global-color-5)","background-image":"","background-repeat":"repeat","background-position":"center center","background-size":"auto","background-attachment":"scroll","background-type":"","background-media":"","overlay-type":"","overlay-color":"","overlay-opacity":"","overlay-gradient":""},"mobile":{"background-color":"var(--ast-global-color-5)","background-image":"","background-repeat":"repeat","background-position":"center center","background-size":"auto","background-attachment":"scroll","background-type":"","background-media":"","overlay-type":"","overlay-color":"","overlay-opacity":"","overlay-gradient":""}}},"product_cat":[48],"product_tag":[],"class_list":["post-5869","product","type-product","status-publish","has-post-thumbnail","hentry","product_cat-sunkaraoke-dalok","desktop-align-left","tablet-align-left","mobile-align-left"],"_links":{"self":[{"href":"https:\/\/www.sunkaraoke.hu\/index.php\/wp-json\/wp\/v2\/product\/5869","targetHints":{"allow":["GET"]}}],"collection":[{"href":"https:\/\/www.sunkaraoke.hu\/index.php\/wp-json\/wp\/v2\/product"}],"about":[{"href":"https:\/\/www.sunkaraoke.hu\/index.php\/wp-json\/wp\/v2\/types\/product"}],"wp:featuredmedia":[{"embeddable":true,"href":"https:\/\/www.sunkaraoke.hu\/index.php\/wp-json\/wp\/v2\/media\/12989"}],"wp:attachment":[{"href":"https:\/\/www.sunkaraoke.hu\/index.php\/wp-json\/wp\/v2\/media?parent=5869"}],"wp:term":[{"taxonomy":"product_cat","embeddable":true,"href":"https:\/\/www.sunkaraoke.hu\/index.php\/wp-json\/wp\/v2\/product_cat?post=5869"},{"taxonomy":"product_tag","embeddable":true,"href":"https:\/\/www.sunkaraoke.hu\/index.php\/wp-json\/wp\/v2\/product_tag?post=5869"}],"curies":[{"name":"wp","href":"https:\/\/api.w.org\/{rel}","templated":true}]}}