{"id":5868,"date":"2022-08-08T20:49:59","date_gmt":"2022-08-08T20:49:59","guid":{"rendered":"https:\/\/www.sunkaraoke.hu\/index.php\/termek\/piros-bela-piros-bela-mulatos-mix-42\/"},"modified":"2025-04-07T11:25:47","modified_gmt":"2025-04-07T11:25:47","slug":"piros-bela-piros-bela-mulatos-mix-42","status":"publish","type":"product","link":"https:\/\/www.sunkaraoke.hu\/index.php\/termek\/piros-bela-piros-bela-mulatos-mix-42\/","title":{"rendered":"<div class=\"wcmp-player-container product-5868\"><audio controlslist=\"nodownload\" data-product=\"5868\"  volume=\"1\"  preload=\"none\" data-lazyloading=\"none\" class=\"wcmp-player track mejs-classic\" data-duration=\"0:33\" data-estimated_duration=\"4\"><source src=\"https:\/\/www.sunkaraoke.hu\/wp-content\/uploads\/2022\/08\/Piros-Bela-mulatos-mix-42.-kdemo.mp3\" type=\"audio\/mp3\" \/><\/audio><\/div>Piros B\u00e9la &#8211; Piros B\u00e9la mulat\u00f3s mix 42.( Original)"},"content":{"rendered":"<p><strong>15:28<\/strong> | <strong><img loading=\"lazy\" decoding=\"async\" class=\"alignnone size-full wp-image-467\" src=\"https:\/\/www.sunkaraoke.hu\/wp-content\/uploads\/2022\/07\/choir_2-copy.webp\" alt=\"\" width=\"30\" height=\"30\" \/> <\/strong><\/p>\n","protected":false},"excerpt":{"rendered":"<h6><strong>Bits\u0171r\u0171s\u00e9g: 320<\/strong>kb\/s<strong><br \/>\n<\/strong><strong>Hossz: <\/strong>15:28<strong><br \/>\n<\/strong><strong style=\"font-size: 16px;\">Vok\u00e1lt tartalmaz: <\/strong>Nem <img loading=\"lazy\" decoding=\"async\" class=\"alignnone size-full wp-image-467\" src=\"http:\/\/www.sunkaraoke.hu\/wp-content\/uploads\/2022\/07\/choir_2-copy.png\" alt=\"\" width=\"30\" height=\"30\" \/><strong style=\"font-size: 16px;\"><br \/>\n<\/strong><\/h6>\n<p>Sunkaraoke mp3 st\u00fadi\u00f3 \/ www.sunkaraoke.hu \/ Inf: Tel: 06 20 4275001<\/p>\n<p>&#8212;Intr\u00f3&#8212;-\/\/00:35\/\/<br \/>\nDe szeretn\u00e9k r\u00e1m\u00e1s csizm\u00e1t viselni.<br \/>\nHa a kov\u00e1cs j\u00f3l meg tudn\u00e1 vasalni.<br \/>\nVasald kov\u00e1cs, ej-haj,t\u00edz h\u00fasz peng\u0151 nem dr\u00e1ga.<br \/>\nMajd megisszuk a csingi-lingi, Lengetegi cs\u00e1rd\u00e1ba.<br \/>\nVasald kov\u00e1cs, ej-haj,t\u00edz h\u00fasz peng\u0151 nem dr\u00e1ga.<br \/>\nMajd megisszuk a csingi-lingi, Lengetegi cs\u00e1rd\u00e1ba.<\/p>\n<p>De szeretn\u00e9k, selyemszokny\u00e1t viselni.<br \/>\nAz alj\u00e1ra k\u00e9k p\u00e1ntlik\u00e1t varratni.<br \/>\nViseld l\u00e1nyom, ihajja, t\u00e9ged illet az hi\u00e1ba.<br \/>\nMert nem j\u00e1rhatsz te, csingi-lingi ak\u00e1rmilyen ruh\u00e1ba.<br \/>\nViseld l\u00e1nyom, ihajja, t\u00e9ged illet az hi\u00e1ba.<br \/>\nMert nem j\u00e1rhatsz te, csingi-lingi ak\u00e1rmilyen ruh\u00e1ba.<br \/>\n&#8212;Sz\u00f3l\u00f3&#8212;\/\/02:12\/\/<br \/>\nVedlik a pulikutya, \u00e9rik a kukorica,jaj de r\u00e9gen hal\u00f3ztam,<br \/>\nnem tudom hol a fejem, elveszett a bekecsem jaj de r\u00e9g takar\u00f3ztam.<br \/>\nOll\u00f3s r\u00e1kot r\u00e9gen fogtam az iszapban,<br \/>\nde kapsz egy cs\u00f3kot, most vakerd, hogy mi baj van.<br \/>\nOll\u00f3s r\u00e1kot r\u00e9gen fogtam az iszapban,<br \/>\nde kapsz egy cs\u00f3kot, most vakerd, hogy mi baj van.<\/p>\n<p>Azt hiszik a faluba&#8217; hogy Lidi buta liba,jaj, pedig hogy csal\u00f3dnak!<br \/>\nR\u00e1szedett alaposan, megsz\u00f6k\u00f6tt hamarosan,\u00e1rva lettem az\u00f3ta.<br \/>\nOll\u00f3s r\u00e1kot r\u00e9gen fogtam az iszapban,<br \/>\nkapsz egy cs\u00f3kot, most vakerd, hogy mi baj van.<br \/>\nOll\u00f3s r\u00e1kot r\u00e9gen fogtam az iszapban,<br \/>\nde kapsz egy cs\u00f3kot, most vakerd, hogy mi baj van.<\/p>\n<p>Fogdosom a legyeket, \u00edrom a leveleket,h\u00e1tha megj\u00f6n a v\u00e1lasz,<br \/>\nvedlik a puli kutya, jaj Lidi gyere haza,jobbat \u00fagyem tal\u00e1lhatsz.<br \/>\nOll\u00f3s r\u00e1kot r\u00e9gen fogtam az iszapban,<br \/>\nkapsz egy cs\u00f3kot, most vakerd, hogy mi baj van.<br \/>\nOll\u00f3s r\u00e1kot r\u00e9gen fogtam az iszapban,<br \/>\nde kapsz egy cs\u00f3kot, most vakerd, hogy mi baj van.<br \/>\n&#8212;Sz\u00f3l\u00f3&#8212;\/\/04:25\/\/<br \/>\nL\u0151re, l\u0151re, cudar l\u0151re, de savany\u00fa l\u0151re,<br \/>\nveszt\u00e9l volna, de veszt\u00e9l volna a homokos f\u00f6ldbe!<br \/>\nH\u00fazz\u00e1tok, cig\u00e1nyok, est\u00e9t\u0151l reggelig,<br \/>\na s\u00f6rt\u0151l, a bort\u00f3l, a sz\u00e9pl\u00e1ny-cs\u00f3kt\u00f3l a b\u00e1natom elm\u00falik.<br \/>\nH\u00fazz\u00e1tok, cig\u00e1nyok, est\u00e9t\u0151l reggelig,<br \/>\na s\u00f6rt\u0151l, a bort\u00f3l, a sz\u00e9pl\u00e1ny-cs\u00f3kt\u00f3l a b\u00e1natom elm\u00falik.<\/p>\n<p>Ha be megyek, ha be megyek a a faluv\u00e9gi cs\u00e1rd\u00e1ba.<br \/>\nr\u00e1n\u00e9zek a, r\u00e1n\u00e9zek a els\u0151 muzsik\u00e1rsa.<br \/>\nH\u00fazz\u00e1tok, cig\u00e1nyok, est\u00e9t\u0151l reggelig,<br \/>\na s\u00f6rt\u0151l, a bort\u00f3l, a sz\u00e9pl\u00e1ny-cs\u00f3kt\u00f3l a b\u00e1natom elm\u00falik.<br \/>\nH\u00fazz\u00e1tok, cig\u00e1nyok, est\u00e9t\u0151l reggelig,<br \/>\na s\u00f6rt\u0151l, a bort\u00f3l, a sz\u00e9pl\u00e1ny-cs\u00f3kt\u00f3l a b\u00e1natom elm\u00falik.<br \/>\n&#8212;Sz\u00f3l\u00f3&#8212;\/\/06:09\/\/<br \/>\n\u00c1lmos vagyok, az \u00e9jjel nem aludtam,<br \/>\nkivil\u00e1gos virradatig mulattam.<br \/>\nJ\u00f3 bor mellett, sz\u0151ke kisl\u00e1ny \u00f6l\u00e9ben,<br \/>\nnem j\u00f6n \u00e1lom a mulat\u00f3 k\u00e9t szememre.<br \/>\nJ\u00f3 bor mellett, sz\u0151ke kisl\u00e1ny \u00f6l\u00e9ben,<br \/>\nnem j\u00f6n \u00e1lom a mulat\u00f3 k\u00e9t szememre.<\/p>\n<p>H\u00fazzad, cig\u00e1ny, szakadjon el a h\u00farod!<br \/>\nm\u00e1r \u00e9nn\u00e9kem \u00fagysem sok\u00e1ig h\u00fazod,<br \/>\nMajd elh\u00fazza Ferencz J\u00f3ska rezesband\u00e1ja,<br \/>\nsiralmas lesz annak a hallgat\u00e1sa.<br \/>\nMajd elh\u00fazza Ferencz J\u00f3ska rezesband\u00e1ja,<br \/>\nsiralmas lesz annak a hallgat\u00e1sa.<br \/>\n&#8212;Sz\u00f3l\u00f3&#8212;\/\/07:43\/\/<br \/>\nKukor\u00e9kol m\u00e1r a kakas, hajnal akar lenni.<br \/>\nHarangoznak a templomban, el kellene menni.<br \/>\n\u00c9gnek a gyerty\u00e1k, az olt\u00e1ron, m\u00e9gsem m\u00falik el a b\u00e1nat,<br \/>\nelvesztettem a leg\u00e9ny \u00e9letemet, majd meg\u00f6l a b\u00e1nat.<br \/>\n\u00c9gnek a gyerty\u00e1k, az olt\u00e1ron, m\u00e9gsem m\u00falik el a b\u00e1nat,<br \/>\nelvesztettem a leg\u00e9ny \u00e9letemet, majd meg\u00f6l a b\u00e1nat.<\/p>\n<p>Kukor\u00e9kol m\u00e1r a kakas, hajnal akar lenni.<br \/>\nA faluv\u00e9gi kiskocsm\u00e1ba, be k\u00e9ne m\u00e1r menni.<br \/>\nBent \u00fclnek m\u00e1r a szesztestv\u00e9rek, h\u00fazz\u00e1k a n\u00f3t\u00e1mat.<br \/>\nelvesztettem a boros \u00fcvegemet, majd meg\u00f6l a b\u00e1nat.<br \/>\nBent \u00fclnek m\u00e1r a szesztestv\u00e9rek, h\u00fazz\u00e1k a n\u00f3t\u00e1mat.<br \/>\nelvesztettem a boros \u00fcvegemet, majd meg\u00f6l a b\u00e1nat.<br \/>\n&#8212;Sz\u00f3l\u00f3&#8212;\/\/09:38\/\/<\/p>\n<p>S\u00e1ros lett a t\u00fck\u00f6rf\u00e9nyes csizm\u00e1m, pucov\u00e1lni k\u00e9ne.<br \/>\nBez\u00e1rat a vit\u00e9z kapit\u00e1ny\u00far, ha nincs lakkos f\u00e9nye.<br \/>\nB\u00e1nja az \u00f6rd\u00f6g, de nem b\u00e1nom,majd csak valahogy ki\u00e1llom,<br \/>\nDe a csizm\u00e1m t\u00fck\u00f6rsima f\u00e9ny\u00e9t,holtomig sajn\u00e1lom.<br \/>\nB\u00e1nja az \u00f6rd\u00f6g, de nem b\u00e1nom,majd csak valahogy ki\u00e1llom,<br \/>\nDe a csizm\u00e1m t\u00fck\u00f6rsima f\u00e9ny\u00e9t,holtomig sajn\u00e1lom.<\/p>\n<p>Debreceni, h\u00e1rmas honv\u00e9d baka, az szeretn\u00e9k lenni.<br \/>\nCsap\u00f3 utc\u00e1n, r\u00f3zs\u00e1m ablak\u00e1ba, gy\u00f6ngyvir\u00e1got tenni.<br \/>\n\u00c9gnek a gyerty\u00e1k, v\u00e1r a bab\u00e1m,\u00e9des sz\u00e1j\u00fa pici p\u00e1rom,<br \/>\nElvesztettem n\u00e1la a sz\u00edvemet,holtomig sajn\u00e1lom.<br \/>\n\u00c9gnek a gyerty\u00e1k, v\u00e1r a bab\u00e1m,\u00e9des sz\u00e1j\u00fa pici p\u00e1rom,<br \/>\nElvesztettem n\u00e1la a sz\u00edvemet,holtomig sajn\u00e1lom.<br \/>\n&#8212;Sz\u00f3l\u00f3&#8212;\/\/11:21\/\/<br \/>\nG\u00f6nd\u00f6r a hajam bety\u00e1rnak sz\u00fclettem.<br \/>\nZ\u00f6ld erd\u0151ben f\u00e1k k\u00f6zt nevelkedtem.<br \/>\nZ\u00f6ld erd\u0151ben csipkebokor a sz\u00e1ll\u00e1som.<br \/>\nM\u00e9gis a faluban a legszebb l\u00e1ny a p\u00e1rom.<br \/>\nZ\u00f6ld erd\u0151ben csipkebokor a sz\u00e1ll\u00e1som.<br \/>\nM\u00e9gis a faluban a legszebb l\u00e1ny a p\u00e1rom.<\/p>\n<p>Sz\u00e9pen \u00faszik a vadkacsa a v\u00edzen.<br \/>\nSz\u00e9pen legel a lovam a r\u00e9ten.<br \/>\nSz\u00e9pen sz\u00f3l cseng\u0151 anyak\u00e1ba.<br \/>\nTied leszek \u00e9n bab\u00e1m nemsok\u00e1ra.<br \/>\nSz\u00e9pen sz\u00f3l cseng\u0151 anyak\u00e1ba.<br \/>\nTied leszek \u00e9n bab\u00e1m nemsok\u00e1ra.<\/p>\n<p>Aranyos kis B\u00f6zsik\u00e9m am\u00edg hozz\u00e1d j\u00e1rtam.<br \/>\nAblakid alatt de sokszor meg \u00e1lltam.<br \/>\nSzagoltam a ny\u00edl\u00f3 rezeda vir\u00e1got.<br \/>\nM\u00e1s meg a szob\u00e1dban cs\u00f3kolta a sz\u00e1dat.<br \/>\nSzagoltam a ny\u00edl\u00f3 rezeda vir\u00e1got.<br \/>\nM\u00e1s meg a szob\u00e1dban cs\u00f3kolta a sz\u00e1dat.<\/p>\n<p>&#8212;Sz\u00f3l\u00f3&#8212;\/\/13:08\/\/<\/p>\n<p>Beterelt\u00e9k a m\u00e9nest a kar\u00e1mba,<br \/>\nnincs egy l\u00e9lek sehol k\u00fcnn a hat\u00e1rba&#8217;.<br \/>\nS\u00f6t\u00e9t felh\u0151k tornyosulnak az \u00e9gre,<br \/>\nhogy m\u00e9k el a galambomhoz est\u00e9re.<br \/>\nS\u00f6t\u00e9t felh\u0151k tornyosulnak az \u00e9gre,<br \/>\nhogy m\u00e9k el a galambomhoz est\u00e9re.<\/p>\n<p>R\u00e1m veszem a g\u00f6nd\u00f6rsz\u0151r\u0171 sub\u00e1mat,<br \/>\nabba v\u00e1gok majd neki a hat\u00e1rnak.<br \/>\n\u00d6reg sub\u00e1m, g\u00f6nd\u00f6r sub\u00e1m hadd \u00e1zzon,<br \/>\ncsak a bab\u00e1m gy\u00f6nge sz\u00edve ne f\u00e1jjon.<br \/>\n\u00d6reg sub\u00e1m, g\u00f6nd\u00f6r sub\u00e1m hadd \u00e1zzon,<br \/>\ncsak a bab\u00e1m gy\u00f6nge sz\u00edve ne f\u00e1jjon.<br \/>\n&#8212;Sz\u00f3l\u00f3&#8212;\/\/14:15\/\/<\/p>\n<p>Beterelt\u00e9k a m\u00e9nest a kar\u00e1mba,<br \/>\nnincs egy l\u00e9lek sehol k\u00fcnn a hat\u00e1rba&#8217;.<br \/>\nS\u00f6t\u00e9t felh\u0151k tornyosulnak az \u00e9gre,<br \/>\nhogy m\u00e9k el a galambomhoz est\u00e9re.<br \/>\nS\u00f6t\u00e9t felh\u0151k tornyosulnak az \u00e9gre,<br \/>\nhogy m\u00e9k el a galambomhoz est\u00e9re.<\/p>\n<p>R\u00e1m veszem a g\u00f6nd\u00f6rsz\u0151r\u0171 sub\u00e1mat,<br \/>\nabba v\u00e1gok majd neki a hat\u00e1rnak.<br \/>\n\u00d6reg sub\u00e1m, g\u00f6nd\u00f6r sub\u00e1m hadd \u00e1zzon,<br \/>\ncsak a bab\u00e1m gy\u00f6nge sz\u00edve ne f\u00e1jjon.<br \/>\n\u00d6reg sub\u00e1m, g\u00f6nd\u00f6r sub\u00e1m hadd \u00e1zzon,<br \/>\ncsak a bab\u00e1m gy\u00f6nge sz\u00edve ne f\u00e1jjon.<br \/>\n&#8212;V\u00e9ge&#8212;<\/p>\n","protected":false},"featured_media":12989,"template":"","meta":{"site-sidebar-layout":"default","site-content-layout":"default","ast-site-content-layout":"default","site-content-style":"default","site-sidebar-style":"default","ast-global-header-display":"","ast-banner-title-visibility":"","ast-main-header-display":"","ast-hfb-above-header-display":"","ast-hfb-below-header-display":"","ast-hfb-mobile-header-display":"","site-post-title":"","ast-breadcrumbs-content":"","ast-featured-img":"","footer-sml-layout":"","theme-transparent-header-meta":"default","adv-header-id-meta":"","stick-header-meta":"","header-above-stick-meta":"","header-main-stick-meta":"","header-below-stick-meta":"","astra-migrate-meta-layouts":"set","ast-page-background-enabled":"default","ast-page-background-meta":{"desktop":{"background-color":"var(--ast-global-color-4)","background-image":"","background-repeat":"repeat","background-position":"center center","background-size":"auto","background-attachment":"scroll","background-type":"","background-media":"","overlay-type":"","overlay-color":"","overlay-opacity":"","overlay-gradient":""},"tablet":{"background-color":"","background-image":"","background-repeat":"repeat","background-position":"center center","background-size":"auto","background-attachment":"scroll","background-type":"","background-media":"","overlay-type":"","overlay-color":"","overlay-opacity":"","overlay-gradient":""},"mobile":{"background-color":"","background-image":"","background-repeat":"repeat","background-position":"center center","background-size":"auto","background-attachment":"scroll","background-type":"","background-media":"","overlay-type":"","overlay-color":"","overlay-opacity":"","overlay-gradient":""}},"ast-content-background-meta":{"desktop":{"background-color":"var(--ast-global-color-5)","background-image":"","background-repeat":"repeat","background-position":"center center","background-size":"auto","background-attachment":"scroll","background-type":"","background-media":"","overlay-type":"","overlay-color":"","overlay-opacity":"","overlay-gradient":""},"tablet":{"background-color":"var(--ast-global-color-5)","background-image":"","background-repeat":"repeat","background-position":"center center","background-size":"auto","background-attachment":"scroll","background-type":"","background-media":"","overlay-type":"","overlay-color":"","overlay-opacity":"","overlay-gradient":""},"mobile":{"background-color":"var(--ast-global-color-5)","background-image":"","background-repeat":"repeat","background-position":"center center","background-size":"auto","background-attachment":"scroll","background-type":"","background-media":"","overlay-type":"","overlay-color":"","overlay-opacity":"","overlay-gradient":""}}},"product_cat":[48],"product_tag":[],"class_list":["post-5868","product","type-product","status-publish","has-post-thumbnail","hentry","product_cat-sunkaraoke-dalok","desktop-align-left","tablet-align-left","mobile-align-left"],"_links":{"self":[{"href":"https:\/\/www.sunkaraoke.hu\/index.php\/wp-json\/wp\/v2\/product\/5868","targetHints":{"allow":["GET"]}}],"collection":[{"href":"https:\/\/www.sunkaraoke.hu\/index.php\/wp-json\/wp\/v2\/product"}],"about":[{"href":"https:\/\/www.sunkaraoke.hu\/index.php\/wp-json\/wp\/v2\/types\/product"}],"wp:featuredmedia":[{"embeddable":true,"href":"https:\/\/www.sunkaraoke.hu\/index.php\/wp-json\/wp\/v2\/media\/12989"}],"wp:attachment":[{"href":"https:\/\/www.sunkaraoke.hu\/index.php\/wp-json\/wp\/v2\/media?parent=5868"}],"wp:term":[{"taxonomy":"product_cat","embeddable":true,"href":"https:\/\/www.sunkaraoke.hu\/index.php\/wp-json\/wp\/v2\/product_cat?post=5868"},{"taxonomy":"product_tag","embeddable":true,"href":"https:\/\/www.sunkaraoke.hu\/index.php\/wp-json\/wp\/v2\/product_tag?post=5868"}],"curies":[{"name":"wp","href":"https:\/\/api.w.org\/{rel}","templated":true}]}}