{"id":5864,"date":"2022-08-08T20:49:58","date_gmt":"2022-08-08T20:49:58","guid":{"rendered":"https:\/\/www.sunkaraoke.hu\/index.php\/termek\/bitto-duo-a-csillagokat-lehoznam\/"},"modified":"2025-03-30T11:32:24","modified_gmt":"2025-03-30T11:32:24","slug":"bitto-duo-a-csillagokat-lehoznam","status":"publish","type":"product","link":"https:\/\/www.sunkaraoke.hu\/index.php\/termek\/bitto-duo-a-csillagokat-lehoznam\/","title":{"rendered":"<div class=\"wcmp-player-container product-5864\"><audio controlslist=\"nodownload\" data-product=\"5864\"  volume=\"1\"  preload=\"none\" data-lazyloading=\"none\" class=\"wcmp-player track mejs-classic\" data-duration=\"0:33\" data-estimated_duration=\"4\"><source src=\"https:\/\/www.sunkaraoke.hu\/wp-content\/uploads\/2022\/08\/A-csillagokat-lehoznam-Bitto-PB.-demo.mp3\" type=\"audio\/mp3\" \/><\/audio><\/div>Bitt\u00f3 du\u00f3 &#8211; A csillagokat lehozn\u00e1m (Original)"},"content":{"rendered":"<p><strong>03:15<\/strong> | <strong><img loading=\"lazy\" decoding=\"async\" class=\"alignnone size-full wp-image-467\" src=\"https:\/\/www.sunkaraoke.hu\/wp-content\/uploads\/2022\/07\/choir_2-copy.webp\" alt=\"\" width=\"30\" height=\"30\" \/> <\/strong><\/p>\n","protected":false},"excerpt":{"rendered":"<h6><strong>Bits\u0171r\u0171s\u00e9g: 320<\/strong>kb\/s<strong><br \/>\n<\/strong><strong>Hossz: <\/strong>03:15<strong><br \/>\n<\/strong><strong style=\"font-size: 16px;\">Vok\u00e1lt tartalmaz: <\/strong>Nem <img loading=\"lazy\" decoding=\"async\" class=\"alignnone size-full wp-image-467\" src=\"http:\/\/www.sunkaraoke.hu\/wp-content\/uploads\/2022\/07\/choir_2-copy.png\" alt=\"\" width=\"30\" height=\"30\" \/><strong style=\"font-size: 16px;\"><br \/>\n<\/strong><\/h6>\n<p>Sunkaraoke mp3 st\u00fadi\u00f3 \/ www.sunkaraoke.hu \/ Inf: Tel: 06 20 4275001<\/p>\n<p>&#8212;Intr\u00f3&#8212;<br \/>\nAz \u00e9jszak\u00e1kat j\u00e1rom, hogy minden \u00e9jjel l\u00e1ssam a sz\u00e9p szemed,<br \/>\nmert elvar\u00e1zsolt engem, rabja lettem azon az \u00e9jjelen.<br \/>\nA sz\u00edved tudom m\u00e1s\u00e9, egy pr\u00f3b\u00e1t tal\u00e1n meg\u00e9r h\u00e1tha elnyerem,<br \/>\neny\u00e9m lesz majd egyszer, tudom megseg\u00edt a j\u00f3 Isten.<\/p>\n<p>\u00c9n a csillagokat lehozom a sz\u00edved\u00e9rt,<br \/>\ncsak minden \u00e9jjel engem \u00f6lelj\u00e9l,<br \/>\na cs\u00f3kjaidat \u00e9rezzem az ajkamon,<br \/>\ngyere baby szeress\u00e9l nagyon.<br \/>\nA csillagokat lehozom a sz\u00edved\u00e9rt,<br \/>\ncsak minden \u00e9jjel engem \u00f6lelj\u00e9l,<br \/>\na cs\u00f3kjaidat \u00e9rezzem az ajkamon,<br \/>\ngyere baby szeress\u00e9l nagyon.<br \/>\n&#8212;Sz\u00f3l\u00f3&#8212;<br \/>\nMostm\u00e1r m\u00e1sabb lesz \u00e9let, elnyertem a sz\u00edved \u00e9s ez j\u00f3 nekem,<br \/>\n\u00f6sszeforrt a sorsunk, t\u00e9ged t\u0151lem m\u00e1r senki nem vesz el.<br \/>\nA tengert\u0151l is m\u00e9lyebb mit ir\u00e1ntad \u00e9n \u00e9rzek, kedvesem,<br \/>\ncsak te is szeress engem, semmi m\u00e1s nem sz\u00e1m\u00edt higgy nekem.<\/p>\n<p>\u00c9n a csillagokat lehozom a sz\u00edved\u00e9rt,<br \/>\ncsak minden \u00e9jjel engem \u00f6lelj\u00e9l,<br \/>\na cs\u00f3kjaidat \u00e9rezzem az ajkamon,<br \/>\ngyere baby szeress\u00e9l nagyon.<br \/>\nA csillagokat lehozom a sz\u00edved\u00e9rt,<br \/>\ncsak minden \u00e9jjel engem \u00f6lelj\u00e9l,<br \/>\na cs\u00f3kjaidat \u00e9rezzem az ajkamon,<br \/>\ngyere baby szeress\u00e9l nagyon.<br \/>\n\u00c9n a csillagokat lehozom a sz\u00edved\u00e9rt,<br \/>\ncsak minden \u00e9jjel engem \u00f6lelj\u00e9l,<br \/>\na cs\u00f3kjaidat \u00e9rezzem az ajkamon,<br \/>\ngyere baby szeress\u00e9l nagyon.<br \/>\nA csillagokat lehozom a sz\u00edved\u00e9rt,<br \/>\ncsak minden \u00e9jjel engem \u00f6lelj\u00e9l,<br \/>\na cs\u00f3kjaidat \u00e9rezzem az ajkamon,<br \/>\ngyere baby szeress\u00e9l nagyon.<br \/>\n&#8212;V\u00e9ge&#8212;<\/p>\n","protected":false},"featured_media":8718,"template":"","meta":{"site-sidebar-layout":"default","site-content-layout":"default","ast-site-content-layout":"default","site-content-style":"default","site-sidebar-style":"default","ast-global-header-display":"","ast-banner-title-visibility":"","ast-main-header-display":"","ast-hfb-above-header-display":"","ast-hfb-below-header-display":"","ast-hfb-mobile-header-display":"","site-post-title":"","ast-breadcrumbs-content":"","ast-featured-img":"","footer-sml-layout":"","theme-transparent-header-meta":"default","adv-header-id-meta":"","stick-header-meta":"","header-above-stick-meta":"","header-main-stick-meta":"","header-below-stick-meta":"","astra-migrate-meta-layouts":"set","ast-page-background-enabled":"default","ast-page-background-meta":{"desktop":{"background-color":"var(--ast-global-color-4)","background-image":"","background-repeat":"repeat","background-position":"center center","background-size":"auto","background-attachment":"scroll","background-type":"","background-media":"","overlay-type":"","overlay-color":"","overlay-opacity":"","overlay-gradient":""},"tablet":{"background-color":"","background-image":"","background-repeat":"repeat","background-position":"center center","background-size":"auto","background-attachment":"scroll","background-type":"","background-media":"","overlay-type":"","overlay-color":"","overlay-opacity":"","overlay-gradient":""},"mobile":{"background-color":"","background-image":"","background-repeat":"repeat","background-position":"center center","background-size":"auto","background-attachment":"scroll","background-type":"","background-media":"","overlay-type":"","overlay-color":"","overlay-opacity":"","overlay-gradient":""}},"ast-content-background-meta":{"desktop":{"background-color":"var(--ast-global-color-5)","background-image":"","background-repeat":"repeat","background-position":"center center","background-size":"auto","background-attachment":"scroll","background-type":"","background-media":"","overlay-type":"","overlay-color":"","overlay-opacity":"","overlay-gradient":""},"tablet":{"background-color":"var(--ast-global-color-5)","background-image":"","background-repeat":"repeat","background-position":"center center","background-size":"auto","background-attachment":"scroll","background-type":"","background-media":"","overlay-type":"","overlay-color":"","overlay-opacity":"","overlay-gradient":""},"mobile":{"background-color":"var(--ast-global-color-5)","background-image":"","background-repeat":"repeat","background-position":"center center","background-size":"auto","background-attachment":"scroll","background-type":"","background-media":"","overlay-type":"","overlay-color":"","overlay-opacity":"","overlay-gradient":""}}},"product_cat":[48],"product_tag":[],"class_list":["post-5864","product","type-product","status-publish","has-post-thumbnail","hentry","product_cat-sunkaraoke-dalok","desktop-align-left","tablet-align-left","mobile-align-left"],"_links":{"self":[{"href":"https:\/\/www.sunkaraoke.hu\/index.php\/wp-json\/wp\/v2\/product\/5864","targetHints":{"allow":["GET"]}}],"collection":[{"href":"https:\/\/www.sunkaraoke.hu\/index.php\/wp-json\/wp\/v2\/product"}],"about":[{"href":"https:\/\/www.sunkaraoke.hu\/index.php\/wp-json\/wp\/v2\/types\/product"}],"wp:featuredmedia":[{"embeddable":true,"href":"https:\/\/www.sunkaraoke.hu\/index.php\/wp-json\/wp\/v2\/media\/8718"}],"wp:attachment":[{"href":"https:\/\/www.sunkaraoke.hu\/index.php\/wp-json\/wp\/v2\/media?parent=5864"}],"wp:term":[{"taxonomy":"product_cat","embeddable":true,"href":"https:\/\/www.sunkaraoke.hu\/index.php\/wp-json\/wp\/v2\/product_cat?post=5864"},{"taxonomy":"product_tag","embeddable":true,"href":"https:\/\/www.sunkaraoke.hu\/index.php\/wp-json\/wp\/v2\/product_tag?post=5864"}],"curies":[{"name":"wp","href":"https:\/\/api.w.org\/{rel}","templated":true}]}}