{"id":5859,"date":"2022-08-08T20:49:58","date_gmt":"2022-08-08T20:49:58","guid":{"rendered":"https:\/\/www.sunkaraoke.hu\/index.php\/termek\/galamb-jozsef-szurke-eniko-i-love-you\/"},"modified":"2025-04-13T11:37:39","modified_gmt":"2025-04-13T11:37:39","slug":"galamb-jozsef-szurke-eniko-i-love-you","status":"publish","type":"product","link":"https:\/\/www.sunkaraoke.hu\/index.php\/termek\/galamb-jozsef-szurke-eniko-i-love-you\/","title":{"rendered":"<div class=\"wcmp-player-container product-5859\"><audio controlslist=\"nodownload\" data-product=\"5859\"  volume=\"1\"  preload=\"none\" data-lazyloading=\"none\" class=\"wcmp-player track mejs-classic\" data-duration=\"0:33\" data-estimated_duration=\"4\"><source src=\"https:\/\/www.sunkaraoke.hu\/wp-content\/uploads\/2022\/08\/I-Love-You-voc-Galamb.-demoo.mp3\" type=\"audio\/mp3\" \/><\/audio><\/div>Galamb J\u00f3zsef &#038; Sz\u00fcrke Enik\u00f5 &#8211; I love you (Original)"},"content":{"rendered":"<p><strong>05:05<\/strong> | <strong><img loading=\"lazy\" decoding=\"async\" class=\"alignnone size-full wp-image-466\" src=\"https:\/\/www.sunkaraoke.hu\/wp-content\/uploads\/2022\/07\/choir_1-copy.webp\" alt=\"\" width=\"30\" height=\"30\" \/> <\/strong><\/p>\n","protected":false},"excerpt":{"rendered":"<h6>Bits\u0171r\u0171s\u00e9g: 320kb\/s<br \/>\nHossz: 05:05<br \/>\nVok\u00e1lt tartalmaz: Igen <img loading=\"lazy\" decoding=\"async\" class=\"alignnone size-full wp-image-466\" src=\"http:\/\/www.sunkaraoke.hu\/wp-content\/uploads\/2022\/07\/choir_1-copy.png\" alt=\"\" width=\"30\" height=\"30\" \/><strong style=\"font-size: 16px;\"><br \/>\n<\/strong><\/h6>\n<p>Sunkaraoke mp3 st\u00fadi\u00f3 \/ www.sunkaraoke.hu \/ Inf: Tel: 06 20 4275001<\/p>\n<p>&#8212;Intr\u00f3&#8212;<\/p>\n<p>Minden ny\u00e1r v\u00e9get \u00e9rt<br \/>\nHull\u00f3csillag f\u00f6ldet \u00e9rt<br \/>\nA messzir\u0151l j\u00f6ttek, messze vannak m\u00e1r<br \/>\nMinden ny\u00e1r v\u00e9get \u00e9rt<br \/>\nS\u00e1trat bont a k\u00f3sza sz\u00e9l<br \/>\nJ\u00f3 lenne, ha r\u00e1m is gondoln\u00e1l<\/p>\n<p>Els\u0151 nap megn\u00e9ztelek<br \/>\nK\u00e9t h\u00e9tig ker\u00fcltelek<br \/>\nR\u00e1m tal\u00e1lt\u00e1l az utols\u00f3 \u00e9jszak\u00e1n<br \/>\nEls\u0151 nap megn\u00e9ztelek<br \/>\nK\u00e9t h\u00e9tig kerestelek<br \/>\n\u00c9s v\u00e9g\u00fcl elvar\u00e1zsolt\u00e1l<\/p>\n<p>I Love You, You Love Me<br \/>\nEnnyi t\u00f6rt\u00e9nt sajnos, semmi m\u00e1s<br \/>\nI Love You, You Love Me<br \/>\nEgyszer\u0171en nem volt folytat\u00e1s<br \/>\nI Love You, You Love Me<br \/>\nHa nem akarod, nem felejtem el<br \/>\n\u00c9n itt leszek, itt megtal\u00e1lsz<br \/>\nHa \u00e9rdekel<\/p>\n<p>&gt;WAMP&lt; Els\u0151 nap megn\u00e9ztelek K\u00e9t h\u00e9tig ker\u00fcltelek R\u00e1m tal\u00e1lt\u00e1l az utols\u00f3 \u00e9jszak\u00e1n Els\u0151 nap megn\u00e9ztelek K\u00e9t h\u00e9tig kerestelek \u00c9s v\u00e9g\u00fcl elvar\u00e1zsolt\u00e1l I Love You, You Love Me Ennyi t\u00f6rt\u00e9nt sajnos, semmi m\u00e1s I Love You, You Love Me Egyszer\u0171en nem volt folytat\u00e1s I Love You, You Love Me Ha nem akarod, nem felejtem el \u00c9n itt leszek, itt megtal\u00e1lsz Ha \u00e9rdekel &gt;SOLO&lt; &gt;WAMP&lt;<\/p>\n<p>I Love You, You Love Me<br \/>\nEnnyi t\u00f6rt\u00e9nt sajnos, semmi m\u00e1s<br \/>\nI Love You, You Love Me<br \/>\nEgyszer\u0171en nem volt folytat\u00e1s<br \/>\nI Love You, You Love Me<br \/>\nHa nem akarod, nem felejtem el<br \/>\n\u00c9n itt leszek, itt megtal\u00e1lsz<br \/>\nHa \u00e9rdekel<\/p>\n<p>I Love You, You Love Me<br \/>\nEnnyi t\u00f6rt\u00e9nt sajnos, semmi m\u00e1s<br \/>\nI Love You, You Love Me<br \/>\nEgyszer\u0171en nem volt folytat\u00e1s<br \/>\nI Love You, You Love Me<br \/>\nHa nem akarod, nem felejtem el<br \/>\n\u00c9n itt leszek, itt megtal\u00e1lsz<br \/>\nHa \u00e9rdekel<\/p>\n","protected":false},"featured_media":6363,"template":"","meta":{"site-sidebar-layout":"default","site-content-layout":"default","ast-site-content-layout":"default","site-content-style":"default","site-sidebar-style":"default","ast-global-header-display":"","ast-banner-title-visibility":"","ast-main-header-display":"","ast-hfb-above-header-display":"","ast-hfb-below-header-display":"","ast-hfb-mobile-header-display":"","site-post-title":"","ast-breadcrumbs-content":"","ast-featured-img":"","footer-sml-layout":"","theme-transparent-header-meta":"default","adv-header-id-meta":"","stick-header-meta":"","header-above-stick-meta":"","header-main-stick-meta":"","header-below-stick-meta":"","astra-migrate-meta-layouts":"set","ast-page-background-enabled":"default","ast-page-background-meta":{"desktop":{"background-color":"var(--ast-global-color-4)","background-image":"","background-repeat":"repeat","background-position":"center center","background-size":"auto","background-attachment":"scroll","background-type":"","background-media":"","overlay-type":"","overlay-color":"","overlay-opacity":"","overlay-gradient":""},"tablet":{"background-color":"","background-image":"","background-repeat":"repeat","background-position":"center center","background-size":"auto","background-attachment":"scroll","background-type":"","background-media":"","overlay-type":"","overlay-color":"","overlay-opacity":"","overlay-gradient":""},"mobile":{"background-color":"","background-image":"","background-repeat":"repeat","background-position":"center center","background-size":"auto","background-attachment":"scroll","background-type":"","background-media":"","overlay-type":"","overlay-color":"","overlay-opacity":"","overlay-gradient":""}},"ast-content-background-meta":{"desktop":{"background-color":"var(--ast-global-color-5)","background-image":"","background-repeat":"repeat","background-position":"center center","background-size":"auto","background-attachment":"scroll","background-type":"","background-media":"","overlay-type":"","overlay-color":"","overlay-opacity":"","overlay-gradient":""},"tablet":{"background-color":"var(--ast-global-color-5)","background-image":"","background-repeat":"repeat","background-position":"center center","background-size":"auto","background-attachment":"scroll","background-type":"","background-media":"","overlay-type":"","overlay-color":"","overlay-opacity":"","overlay-gradient":""},"mobile":{"background-color":"var(--ast-global-color-5)","background-image":"","background-repeat":"repeat","background-position":"center center","background-size":"auto","background-attachment":"scroll","background-type":"","background-media":"","overlay-type":"","overlay-color":"","overlay-opacity":"","overlay-gradient":""}}},"product_cat":[69],"product_tag":[],"class_list":["post-5859","product","type-product","status-publish","has-post-thumbnail","hentry","product_cat-galamb-joci","desktop-align-left","tablet-align-left","mobile-align-left"],"_links":{"self":[{"href":"https:\/\/www.sunkaraoke.hu\/index.php\/wp-json\/wp\/v2\/product\/5859","targetHints":{"allow":["GET"]}}],"collection":[{"href":"https:\/\/www.sunkaraoke.hu\/index.php\/wp-json\/wp\/v2\/product"}],"about":[{"href":"https:\/\/www.sunkaraoke.hu\/index.php\/wp-json\/wp\/v2\/types\/product"}],"wp:featuredmedia":[{"embeddable":true,"href":"https:\/\/www.sunkaraoke.hu\/index.php\/wp-json\/wp\/v2\/media\/6363"}],"wp:attachment":[{"href":"https:\/\/www.sunkaraoke.hu\/index.php\/wp-json\/wp\/v2\/media?parent=5859"}],"wp:term":[{"taxonomy":"product_cat","embeddable":true,"href":"https:\/\/www.sunkaraoke.hu\/index.php\/wp-json\/wp\/v2\/product_cat?post=5859"},{"taxonomy":"product_tag","embeddable":true,"href":"https:\/\/www.sunkaraoke.hu\/index.php\/wp-json\/wp\/v2\/product_tag?post=5859"}],"curies":[{"name":"wp","href":"https:\/\/api.w.org\/{rel}","templated":true}]}}