{"id":5832,"date":"2022-08-08T20:49:55","date_gmt":"2022-08-08T20:49:55","guid":{"rendered":"https:\/\/www.sunkaraoke.hu\/index.php\/termek\/bitto-duo-regi-forro-nyar\/"},"modified":"2026-03-05T08:58:55","modified_gmt":"2026-03-05T06:58:55","slug":"bitto-duo-regi-forro-nyar","status":"publish","type":"product","link":"https:\/\/www.sunkaraoke.hu\/index.php\/termek\/bitto-duo-regi-forro-nyar\/","title":{"rendered":"<div class=\"wcmp-player-container product-5832\"><audio controlslist=\"nodownload\" data-product=\"5832\"  volume=\"1\"  preload=\"none\" data-lazyloading=\"none\" class=\"wcmp-player track mejs-classic\" data-duration=\"0:31\" data-estimated_duration=\"4\"><source src=\"https:\/\/www.sunkaraoke.hu\/wp-content\/uploads\/2022\/08\/Regi-forro-nyar-Bitto-PB.-demo.mp3\" type=\"audio\/mp3\" \/><\/audio><\/div>Bitt\u00f3 Du\u00f3 &#8211; R\u00e9gi forr\u00f3 ny\u00e1r (Original)"},"content":{"rendered":"<p><strong>03:32<\/strong> | <strong><img loading=\"lazy\" decoding=\"async\" class=\"alignnone size-full wp-image-467\" src=\"https:\/\/www.sunkaraoke.hu\/wp-content\/uploads\/2022\/07\/choir_2-copy.webp\" alt=\"\" width=\"30\" height=\"30\" \/> <\/strong><\/p>\n","protected":false},"excerpt":{"rendered":"<h6><strong>Bits\u0171r\u0171s\u00e9g: 320<\/strong>kb\/s<strong><br \/>\n<\/strong><strong>Hossz: <\/strong>03:32<strong><br \/>\n<\/strong><strong style=\"font-size: 16px;\">Vok\u00e1lt tartalmaz: <\/strong>Nem <img loading=\"lazy\" decoding=\"async\" class=\"alignnone size-full wp-image-467\" src=\"http:\/\/www.sunkaraoke.hu\/wp-content\/uploads\/2022\/07\/choir_2-copy.png\" alt=\"\" width=\"30\" height=\"30\" \/><strong style=\"font-size: 16px;\"><br \/>\n<\/strong><\/h6>\n<p>Sunkaraoke mp3 st\u00fadi\u00f3 \/ www.sunkaraoke.hu \/ Inf: Tel: 06 20 4275001<\/p>\n<p>&#8212;Intr\u00f3&#8212;<br \/>\n\u00d3h egy r\u00e9gi forr\u00f3 ny\u00e1r, furcsa k\u00e9p ma m\u00e1r,<br \/>\niskol\u00e1ba j\u00e1rtunk, m\u00e9g tal\u00e1n.<br \/>\n\u00c9letemben m\u00e9g, csak egy r\u00e9gi sz\u00e9p eml\u00e9k,<br \/>\na l\u00e1ny ki els\u0151 volt, \u00edgy sz\u00f3lt hozz\u00e1m.<\/p>\n<p>Kinek csalfa mind, mind a k\u00e9t szeme,<br \/>\nannak a sz\u00edve is, b\u00e1nattal van a tele,<br \/>\n\u00e9s nem tudja, az hogy kinek \u00e1rt,<br \/>\negy szerelmes, vagy csak egy j\u00f3 bar\u00e1t.<br \/>\nKi megunja, \u00f3h az \u00e9let\u00e9t,<br \/>\nki megfogja, \u00f3h a k\u00e9t kez\u00e9t,<br \/>\npedig j\u00f3l tudja, nem kell neki,<br \/>\n\u00f3h csak sz\u00e9d\u00edti, sz\u00e9d\u00edti a fej\u00e9t.<br \/>\n&#8212;Sz\u00f3l\u00f3&#8212;<br \/>\nElk\u00eds\u00e9r a m\u00falt, sok sok \u00e9ven \u00e1t,<br \/>\nelhozott egy b\u00fas sz\u00edv\u0171 le\u00e1nyt,<br \/>\nnem tudtam akkor m\u00e9g,<br \/>\nhogy nekem sem lesz j\u00f3 dolgom,<br \/>\nneki t\u00fal kev\u00e9s voltam.<br \/>\nKinek csalfa mind, mind a k\u00e9t szeme,<br \/>\nannak a sz\u00edve is, b\u00e1nattal van a tele,<br \/>\n\u00e9s nem tudja, az hogy kinek \u00e1rt,<br \/>\negy szerelmes, vagy csak egy j\u00f3 bar\u00e1t.<br \/>\nKi megunja, \u00f3h az \u00e9let\u00e9t,<br \/>\nki megfogja, \u00f3h a k\u00e9t kez\u00e9t,<br \/>\npedig j\u00f3l tudja, nem kell neki,<br \/>\n\u00f3h csak sz\u00e9d\u00edti, sz\u00e9d\u00edti a fej\u00e9t.<br \/>\n&#8212;V\u00e9ge&#8212;<\/p>\n","protected":false},"featured_media":8718,"template":"","meta":{"site-sidebar-layout":"default","site-content-layout":"default","ast-site-content-layout":"default","site-content-style":"default","site-sidebar-style":"default","ast-global-header-display":"","ast-banner-title-visibility":"","ast-main-header-display":"","ast-hfb-above-header-display":"","ast-hfb-below-header-display":"","ast-hfb-mobile-header-display":"","site-post-title":"","ast-breadcrumbs-content":"","ast-featured-img":"","footer-sml-layout":"","theme-transparent-header-meta":"default","adv-header-id-meta":"","stick-header-meta":"","header-above-stick-meta":"","header-main-stick-meta":"","header-below-stick-meta":"","astra-migrate-meta-layouts":"set","ast-page-background-enabled":"default","ast-page-background-meta":{"desktop":{"background-color":"var(--ast-global-color-4)","background-image":"","background-repeat":"repeat","background-position":"center center","background-size":"auto","background-attachment":"scroll","background-type":"","background-media":"","overlay-type":"","overlay-color":"","overlay-opacity":"","overlay-gradient":""},"tablet":{"background-color":"","background-image":"","background-repeat":"repeat","background-position":"center center","background-size":"auto","background-attachment":"scroll","background-type":"","background-media":"","overlay-type":"","overlay-color":"","overlay-opacity":"","overlay-gradient":""},"mobile":{"background-color":"","background-image":"","background-repeat":"repeat","background-position":"center center","background-size":"auto","background-attachment":"scroll","background-type":"","background-media":"","overlay-type":"","overlay-color":"","overlay-opacity":"","overlay-gradient":""}},"ast-content-background-meta":{"desktop":{"background-color":"var(--ast-global-color-5)","background-image":"","background-repeat":"repeat","background-position":"center center","background-size":"auto","background-attachment":"scroll","background-type":"","background-media":"","overlay-type":"","overlay-color":"","overlay-opacity":"","overlay-gradient":""},"tablet":{"background-color":"var(--ast-global-color-5)","background-image":"","background-repeat":"repeat","background-position":"center center","background-size":"auto","background-attachment":"scroll","background-type":"","background-media":"","overlay-type":"","overlay-color":"","overlay-opacity":"","overlay-gradient":""},"mobile":{"background-color":"var(--ast-global-color-5)","background-image":"","background-repeat":"repeat","background-position":"center center","background-size":"auto","background-attachment":"scroll","background-type":"","background-media":"","overlay-type":"","overlay-color":"","overlay-opacity":"","overlay-gradient":""}}},"product_cat":[48],"product_tag":[],"class_list":["post-5832","product","type-product","status-publish","has-post-thumbnail","hentry","product_cat-sunkaraoke-dalok","desktop-align-left","tablet-align-left","mobile-align-left"],"_links":{"self":[{"href":"https:\/\/www.sunkaraoke.hu\/index.php\/wp-json\/wp\/v2\/product\/5832","targetHints":{"allow":["GET"]}}],"collection":[{"href":"https:\/\/www.sunkaraoke.hu\/index.php\/wp-json\/wp\/v2\/product"}],"about":[{"href":"https:\/\/www.sunkaraoke.hu\/index.php\/wp-json\/wp\/v2\/types\/product"}],"wp:featuredmedia":[{"embeddable":true,"href":"https:\/\/www.sunkaraoke.hu\/index.php\/wp-json\/wp\/v2\/media\/8718"}],"wp:attachment":[{"href":"https:\/\/www.sunkaraoke.hu\/index.php\/wp-json\/wp\/v2\/media?parent=5832"}],"wp:term":[{"taxonomy":"product_cat","embeddable":true,"href":"https:\/\/www.sunkaraoke.hu\/index.php\/wp-json\/wp\/v2\/product_cat?post=5832"},{"taxonomy":"product_tag","embeddable":true,"href":"https:\/\/www.sunkaraoke.hu\/index.php\/wp-json\/wp\/v2\/product_tag?post=5832"}],"curies":[{"name":"wp","href":"https:\/\/api.w.org\/{rel}","templated":true}]}}