{"id":5830,"date":"2022-08-08T20:49:55","date_gmt":"2022-08-08T20:49:55","guid":{"rendered":"https:\/\/www.sunkaraoke.hu\/index.php\/termek\/piros-bela-piros-bela-mulatos-mix-39\/"},"modified":"2025-04-07T11:17:08","modified_gmt":"2025-04-07T11:17:08","slug":"piros-bela-piros-bela-mulatos-mix-39","status":"publish","type":"product","link":"https:\/\/www.sunkaraoke.hu\/index.php\/termek\/piros-bela-piros-bela-mulatos-mix-39\/","title":{"rendered":"<div class=\"wcmp-player-container product-5830\"><audio controlslist=\"nodownload\" data-product=\"5830\"  volume=\"1\"  preload=\"none\" data-lazyloading=\"none\" class=\"wcmp-player track mejs-classic\" data-duration=\"0:32\" data-estimated_duration=\"4\"><source src=\"https:\/\/www.sunkaraoke.hu\/wp-content\/uploads\/2022\/08\/Piros-Bela-Mulatos-mix-39.-kdemoo.mp3\" type=\"audio\/mp3\" \/><\/audio><\/div>Piros B\u00e9la &#8211; Piros B\u00e9la mulat\u00f3s mix 39.(Original)"},"content":{"rendered":"<p><strong>11:01<\/strong> | <strong><img loading=\"lazy\" decoding=\"async\" class=\"alignnone size-full wp-image-467\" src=\"https:\/\/www.sunkaraoke.hu\/wp-content\/uploads\/2022\/07\/choir_2-copy.webp\" alt=\"\" width=\"30\" height=\"30\" \/> <\/strong><\/p>\n","protected":false},"excerpt":{"rendered":"<h6><strong>Bits\u0171r\u0171s\u00e9g: 320<\/strong>kb\/s<strong><br \/>\n<\/strong><strong>Hossz: <\/strong>11:01<strong><br \/>\n<\/strong><strong style=\"font-size: 16px;\">Vok\u00e1lt tartalmaz: <\/strong>Nem <img loading=\"lazy\" decoding=\"async\" class=\"alignnone size-full wp-image-467\" src=\"http:\/\/www.sunkaraoke.hu\/wp-content\/uploads\/2022\/07\/choir_2-copy.png\" alt=\"\" width=\"30\" height=\"30\" \/><strong style=\"font-size: 16px;\"><br \/>\n<\/strong><\/h6>\n<p>Sunkaraoke mp3 st\u00fadi\u00f3 \/ www.sunkaraoke.hu \/ Inf: Tel: 06 20 4275001<\/p>\n<p>&#8212;Intr\u00f3&#8212;<br \/>\nJ\u00f6jj\u00f6n ki \u00d3bud\u00e1ra,egy j\u00f3 t\u00far\u00f3s csusz\u00e1ra,<br \/>\na kerthelyis\u00e9gben sramli sz\u00f3l,\u00e9s ott lehet csak inni j\u00f3l.<br \/>\nAz abrosz tarka-barka,\u00e9s rajta j\u00f3 kadarka,<br \/>\n\u00e9s m\u00e1r az els\u0151 cs\u00f3k ut\u00e1n,megl\u00e1tja, de j\u00f3 lesz kinn \u00d3bud\u00e1n.<br \/>\nJ\u00f6jj\u00f6n ki \u00d3bud\u00e1ra,egy j\u00f3 t\u00far\u00f3s csusz\u00e1ra,<br \/>\na kerthelyis\u00e9gben sramli sz\u00f3l,\u00e9s ott lehet csak inni j\u00f3l.<br \/>\nAz abrosz tarka-barka,\u00e9s rajta j\u00f3 kadarka,<br \/>\n\u00e9s m\u00e1r az els\u0151 cs\u00f3k ut\u00e1n,megl\u00e1tja, de j\u00f3 lesz kinn \u00d3bud\u00e1n.<br \/>\n&#8212;Sz\u00f3l\u00f3&#8212;<br \/>\nHa m\u00e1r tavasz van, legyen tavasz,\u00e9s \u00e9ljen a szerelem!<br \/>\nAz \u00e9n sz\u00edvemben sosincs panasz,mert \u00e9n mag\u00e1t szeretem.<br \/>\nA Citadell\u00e1n \u00e9s a Szigeten \u00e9n mindig minden\u00fctt,<br \/>\ncsak mag\u00e1t keresem.<br \/>\nHa m\u00e1r tavasz van, legyen tavasz,\u00e9s \u00e9ljen a szerelem!<br \/>\nA Citadell\u00e1n \u00e9s a Szigeten \u00e9n mindig minden\u00fctt<br \/>\ncsak mag\u00e1t keresem.<br \/>\nHa m\u00e1r tavasz van, legyen tavasz,<br \/>\n\u00e9s \u00e9ljen a szerelem!<br \/>\nHa m\u00e1r tavasz van, legyen tavasz,\u00e9s \u00e9ljen a szerelem!<br \/>\nAz \u00e9n sz\u00edvemben sosincs panasz,mert \u00e9n mag\u00e1t szeretem.<br \/>\nA Citadell\u00e1n \u00e9s a Szigeten \u00e9n mindig minden\u00fctt,<br \/>\ncsak mag\u00e1t keresem.<br \/>\nHa m\u00e1r tavasz van, legyen tavasz,\u00e9s \u00e9ljen a szerelem!<br \/>\nA Citadell\u00e1n \u00e9s a Szigeten \u00e9n mindig minden\u00fctt<br \/>\ncsak mag\u00e1t keresem.<br \/>\nHa m\u00e1r tavasz van, legyen tavasz,<br \/>\n\u00e9s \u00e9ljen a szerelem!<br \/>\n&#8212;Sz\u00f3l\u00f3&#8212;<br \/>\nHa m\u00e1r tavasz van, legyen tavasz,\u00e9s \u00e9ljen a szerelem!<br \/>\nAz \u00e9n sz\u00edvemben sosincs panasz,mert \u00e9n mag\u00e1t szeretem.<br \/>\nA Citadell\u00e1n \u00e9s a Szigeten \u00e9n mindig minden\u00fctt,<br \/>\ncsak mag\u00e1t keresem.<br \/>\nHa m\u00e1r tavasz van, legyen tavasz,\u00e9s \u00e9ljen a szerelem!<br \/>\nA Citadell\u00e1n \u00e9s a Szigeten \u00e9n mindig minden\u00fctt<br \/>\ncsak mag\u00e1t keresem.<br \/>\nHa m\u00e1r tavasz van, legyen tavasz,<br \/>\n\u00e9s \u00e9ljen a szerelem!<br \/>\nHa m\u00e1r tavasz van, legyen tavasz,\u00e9s \u00e9ljen a szerelem!<br \/>\nAz \u00e9n sz\u00edvemben sosincs panasz,mert \u00e9n mag\u00e1t szeretem.<br \/>\nA Citadell\u00e1n \u00e9s a Szigeten \u00e9n mindig minden\u00fctt,<br \/>\ncsak mag\u00e1t keresem.<br \/>\nHa m\u00e1r tavasz van, legyen tavasz,\u00e9s \u00e9ljen a szerelem!<br \/>\nA Citadell\u00e1n \u00e9s a Szigeten \u00e9n mindig minden\u00fctt<br \/>\ncsak mag\u00e1t keresem.<br \/>\nHa m\u00e1r tavasz van, legyen tavasz,<br \/>\n\u00e9s \u00e9ljen a szerelem!<br \/>\n&#8212;Sz\u00f3l\u00f3&#8212;<br \/>\nBudapesten hagytam \u00e9n a sz\u00edvem, elrabolta t\u0151lem egy l\u00e1ny.<br \/>\nAz\u00f3ta oly b\u00e1natos a sz\u00edvem, \u00e9s az arcom oly halov\u00e1ny.<br \/>\nHa m\u00e9gegyszer Budapestre megyek, \u00e9n a sz\u00edvem visszaveszem.<br \/>\nMegk\u00e9rem, hogy vigy\u00e1zzon,kevesebbet cic\u00e1zzon, \u00e9des szerelmesem,<br \/>\namikor az est lesz\u00e1ll,sz\u00edv\u00fcnk csak egym\u00e1sra v\u00e1r.<br \/>\nValahol a k\u00e9k Dun\u00e1n\u00e1l,cs\u00f3kra v\u00e1r egy l\u00e1ny.<br \/>\nAmikor az est lesz\u00e1ll, sz\u00edv\u00fcnk csak egym\u00e1sra v\u00e1r,<br \/>\nvalahol a k\u00e9k Dun\u00e1n\u00e1l,cs\u00f3kra v\u00e1r egy l\u00e1ny.<br \/>\nBudapesten hagytam \u00e9n a sz\u00edvem, elrabolta t\u0151lem egy l\u00e1ny.<br \/>\nAz\u00f3ta oly b\u00e1natos a sz\u00edvem, \u00e9s az arcom oly halov\u00e1ny.<br \/>\nHa m\u00e9gegyszer Budapestre megyek, \u00e9n a sz\u00edvem visszaveszem.<br \/>\nMegk\u00e9rem, hogy vigy\u00e1zzon,kevesebbet cic\u00e1zzon, \u00e9des szerelmesem,<br \/>\namikor az est lesz\u00e1ll,sz\u00edv\u00fcnk csak egym\u00e1sra v\u00e1r.<br \/>\nValahol a k\u00e9k Dun\u00e1n\u00e1l,cs\u00f3kra v\u00e1r egy l\u00e1ny.<br \/>\nAmikor az est lesz\u00e1ll, sz\u00edv\u00fcnk csak egym\u00e1sra v\u00e1r,<br \/>\nvalahol a k\u00e9k Dun\u00e1n\u00e1l,cs\u00f3kra v\u00e1r egy l\u00e1ny.<br \/>\n&#8212;Sz\u00f3l\u00f3&#8212;<br \/>\nMeguntam az \u00e9letemet felmegyek Budapestre,<br \/>\nott s\u00e9t\u00e1lok a f\u0151utc\u00e1n, minden szombat este.<br \/>\nKi csinos\u00edtom magamat, a fejemet j\u00f3l f\u00f6l tartom,<br \/>\nmajd valaki bel\u00e9m szeret, oda lenn a Dunaparton.<br \/>\nKi csinos\u00edtom magamat, a fejemet j\u00f3l f\u00f6l tartom,<br \/>\nmajd valaki bel\u00e9m szeret, oda lenn a Dunaparton.<\/p>\n<p>F\u00e9rjhez men\u00e9k \u00e9desany\u00e1m ha valaki k\u00e9rne,<br \/>\nha valaki elk\u00eds\u00e9rne az olt\u00e1r el\u00e9be.<br \/>\nAzt az egyet kit szerettem elviszik katon\u00e1nak,<br \/>\nha haza j\u00f6n szebb szeret\u0151t v\u00e1laszt bab\u00e1j\u00e1nak.<br \/>\nAzt az egyet kit szerettem elviszik katon\u00e1nak,<br \/>\nha haza j\u00f6n szebb szeret\u0151t v\u00e1laszt bab\u00e1j\u00e1nak.<br \/>\n&#8212;Sz\u00f3l\u00f3&#8212;<br \/>\nIndul a sv\u00e1bhegyi fogaskerek\u0171,est\u00e9re bab\u00e1mra v\u00e1r.<br \/>\nIndul a sv\u00e1bhegyi fogaskerek\u0171,est\u00e9re bab\u00e1mra v\u00e1r.<br \/>\nHogyha h\u0171tlens\u00e9gi verseny lenne Bud\u00e1n,<br \/>\nelhozn\u00e1 az els\u0151 d\u00edjat az \u00e9n bab\u00e1m!<br \/>\nIndul a sv\u00e1bhegyi fogaskerek\u0171,est\u00e9re bab\u00e1mra v\u00e1r.<br \/>\nHogyha h\u0171tlens\u00e9gi verseny lenne Bud\u00e1n,<br \/>\nelhozn\u00e1 az els\u0151 d\u00edjat az \u00e9n bab\u00e1m!<br \/>\nIndul a sv\u00e1bhegyi fogaskerek\u0171,est\u00e9re bab\u00e1mra v\u00e1r.<br \/>\nIndul a sv\u00e1bhegyi fogaskerek\u0171,est\u00e9re bab\u00e1mra v\u00e1r.<br \/>\nIndul a sv\u00e1bhegyi fogaskerek\u0171,est\u00e9re bab\u00e1mra v\u00e1r.<br \/>\nHogyha h\u0171tlens\u00e9gi verseny lenne Bud\u00e1n,<br \/>\nelhozn\u00e1 az els\u0151 d\u00edjat az \u00e9n bab\u00e1m!<br \/>\nIndul a sv\u00e1bhegyi fogaskerek\u0171,est\u00e9re bab\u00e1mra v\u00e1r.<br \/>\nHogyha h\u0171tlens\u00e9gi verseny lenne Bud\u00e1n,<br \/>\nelhozn\u00e1 az els\u0151 d\u00edjat az \u00e9n bab\u00e1m!<br \/>\nIndul a sv\u00e1bhegyi fogaskerek\u0171,est\u00e9re bab\u00e1mra v\u00e1r.<br \/>\n&#8212;Sz\u00f3l\u00f3&#8212;<br \/>\nV\u00e9ge, v\u00e9ge, v\u00e9ge m\u00e1r, elm\u00falt m\u00e1r a ny\u00e1r.<br \/>\nA mi szerelm\u00fcnknek is, r\u00e9gen v\u00e9ge m\u00e1r.<br \/>\nIde, ide, ide, ide r\u00f3zs\u00e1m, a te sz\u00edved legyen r\u00e9gi hozz\u00e1m,<br \/>\nde ne, de ne, de ne csalogasson,<br \/>\nhogy a sz\u00edvem nehogy meghasadjon.<br \/>\nIde, ide, ide, ide r\u00f3zs\u00e1m, a te sz\u00edved legyen r\u00e9gi hozz\u00e1m,<br \/>\nde ne, de ne, de ne csalogasson,<br \/>\nhogy a sz\u00edvem nehogy meghasadjon.<\/p>\n<p>V\u00e9ge, v\u00e9ge, v\u00e9ge m\u00e1r, elm\u00falt m\u00e1r a ny\u00e1r.<br \/>\na te f\u00e9nyl\u0151 k\u00e9t szemed m\u00e1sra ragyog m\u00e1r.<br \/>\nIde, ide, ide, ide szentem, ne hitegess csak te szeress engem,<br \/>\n\u00e9des kincsem te leszel a p\u00e1rom,<br \/>\nboldogs\u00e1gom n\u00e1lad megtal\u00e1lom.<br \/>\nIde, ide, ide, ide szentem, ne hitegess csak te szeress engem,<br \/>\n\u00e9des kincsem te leszel a p\u00e1rom,<br \/>\nboldogs\u00e1gom n\u00e1lad megtal\u00e1lom.<br \/>\n&#8212;V\u00e9ge&#8212;<\/p>\n","protected":false},"featured_media":12989,"template":"","meta":{"site-sidebar-layout":"default","site-content-layout":"default","ast-site-content-layout":"default","site-content-style":"default","site-sidebar-style":"default","ast-global-header-display":"","ast-banner-title-visibility":"","ast-main-header-display":"","ast-hfb-above-header-display":"","ast-hfb-below-header-display":"","ast-hfb-mobile-header-display":"","site-post-title":"","ast-breadcrumbs-content":"","ast-featured-img":"","footer-sml-layout":"","theme-transparent-header-meta":"default","adv-header-id-meta":"","stick-header-meta":"","header-above-stick-meta":"","header-main-stick-meta":"","header-below-stick-meta":"","astra-migrate-meta-layouts":"set","ast-page-background-enabled":"default","ast-page-background-meta":{"desktop":{"background-color":"var(--ast-global-color-4)","background-image":"","background-repeat":"repeat","background-position":"center center","background-size":"auto","background-attachment":"scroll","background-type":"","background-media":"","overlay-type":"","overlay-color":"","overlay-opacity":"","overlay-gradient":""},"tablet":{"background-color":"","background-image":"","background-repeat":"repeat","background-position":"center center","background-size":"auto","background-attachment":"scroll","background-type":"","background-media":"","overlay-type":"","overlay-color":"","overlay-opacity":"","overlay-gradient":""},"mobile":{"background-color":"","background-image":"","background-repeat":"repeat","background-position":"center center","background-size":"auto","background-attachment":"scroll","background-type":"","background-media":"","overlay-type":"","overlay-color":"","overlay-opacity":"","overlay-gradient":""}},"ast-content-background-meta":{"desktop":{"background-color":"var(--ast-global-color-5)","background-image":"","background-repeat":"repeat","background-position":"center center","background-size":"auto","background-attachment":"scroll","background-type":"","background-media":"","overlay-type":"","overlay-color":"","overlay-opacity":"","overlay-gradient":""},"tablet":{"background-color":"var(--ast-global-color-5)","background-image":"","background-repeat":"repeat","background-position":"center center","background-size":"auto","background-attachment":"scroll","background-type":"","background-media":"","overlay-type":"","overlay-color":"","overlay-opacity":"","overlay-gradient":""},"mobile":{"background-color":"var(--ast-global-color-5)","background-image":"","background-repeat":"repeat","background-position":"center center","background-size":"auto","background-attachment":"scroll","background-type":"","background-media":"","overlay-type":"","overlay-color":"","overlay-opacity":"","overlay-gradient":""}}},"product_cat":[48],"product_tag":[],"class_list":["post-5830","product","type-product","status-publish","has-post-thumbnail","hentry","product_cat-sunkaraoke-dalok","desktop-align-left","tablet-align-left","mobile-align-left"],"_links":{"self":[{"href":"https:\/\/www.sunkaraoke.hu\/index.php\/wp-json\/wp\/v2\/product\/5830","targetHints":{"allow":["GET"]}}],"collection":[{"href":"https:\/\/www.sunkaraoke.hu\/index.php\/wp-json\/wp\/v2\/product"}],"about":[{"href":"https:\/\/www.sunkaraoke.hu\/index.php\/wp-json\/wp\/v2\/types\/product"}],"wp:featuredmedia":[{"embeddable":true,"href":"https:\/\/www.sunkaraoke.hu\/index.php\/wp-json\/wp\/v2\/media\/12989"}],"wp:attachment":[{"href":"https:\/\/www.sunkaraoke.hu\/index.php\/wp-json\/wp\/v2\/media?parent=5830"}],"wp:term":[{"taxonomy":"product_cat","embeddable":true,"href":"https:\/\/www.sunkaraoke.hu\/index.php\/wp-json\/wp\/v2\/product_cat?post=5830"},{"taxonomy":"product_tag","embeddable":true,"href":"https:\/\/www.sunkaraoke.hu\/index.php\/wp-json\/wp\/v2\/product_tag?post=5830"}],"curies":[{"name":"wp","href":"https:\/\/api.w.org\/{rel}","templated":true}]}}