{"id":5822,"date":"2022-08-08T20:49:54","date_gmt":"2022-08-08T20:49:54","guid":{"rendered":"https:\/\/www.sunkaraoke.hu\/index.php\/termek\/galamb-jozsef-szurke-eniko-visszaterek-kis-falumba\/"},"modified":"2025-04-13T09:59:49","modified_gmt":"2025-04-13T09:59:49","slug":"galamb-jozsef-szurke-eniko-visszaterek-kis-falumba","status":"publish","type":"product","link":"https:\/\/www.sunkaraoke.hu\/index.php\/termek\/galamb-jozsef-szurke-eniko-visszaterek-kis-falumba\/","title":{"rendered":"<div class=\"wcmp-player-container product-5822\"><audio controlslist=\"nodownload\" data-product=\"5822\"  volume=\"1\"  preload=\"none\" data-lazyloading=\"none\" class=\"wcmp-player track mejs-classic\" data-duration=\"0:36\" data-estimated_duration=\"4\"><source src=\"https:\/\/www.sunkaraoke.hu\/wp-content\/uploads\/2022\/08\/Visszaterek-kis-falumba-Vokal-Galamb-demoo.mp3\" type=\"audio\/mp3\" \/><\/audio><\/div>Galamb J\u00f3zsef &#038; Sz\u00fcrke Enik\u00f5 &#8211; Visszat\u00e9rek kis falumba (Original)"},"content":{"rendered":"<p><strong>04:47<\/strong> | <strong><img loading=\"lazy\" decoding=\"async\" class=\"alignnone size-full wp-image-466\" src=\"https:\/\/www.sunkaraoke.hu\/wp-content\/uploads\/2022\/07\/choir_1-copy.webp\" alt=\"\" width=\"30\" height=\"30\" \/> <\/strong><\/p>\n","protected":false},"excerpt":{"rendered":"<h6><strong>Bits\u0171r\u0171s\u00e9g: 320<\/strong>kb\/s<strong><br \/>\n<\/strong><strong>Hossz: <\/strong>04:47<strong><br \/>\n<\/strong><strong style=\"font-size: 16px;\">Vok\u00e1lt tartalmaz: <\/strong>Igen <img loading=\"lazy\" decoding=\"async\" class=\"alignnone size-full wp-image-466\" src=\"http:\/\/www.sunkaraoke.hu\/wp-content\/uploads\/2022\/07\/choir_1-copy.png\" alt=\"\" width=\"30\" height=\"30\" \/><strong style=\"font-size: 16px;\"><br \/>\n<\/strong><\/h6>\n<p>Sunkaraoke mp3 st\u00fadi\u00f3 \/ www.sunkaraoke.hu \/ Inf: Tel: 06 20 4275001<\/p>\n<p>&#8212;Intr\u00f3&#8212;<\/p>\n<p>Minden \u00e9jjel, r\u00e1 gondolok, ahol \u00e9ltem \u00e9n<br \/>\nVan egy kis h\u00e1z, \u0151rz\u00f6m m\u00e9g, a sz\u00edvem rejtek\u00e9n<br \/>\nTal\u00e1n, abban lakik m\u00e9g<br \/>\nAz a pici, sz\u0151ke l\u00e1ny<br \/>\n\u00c1lmaimban, arra j\u00e1rok, minden \u00e9jszak\u00e1n<\/p>\n<p>Az a feh\u00e9r, kis h\u00e1z, tal\u00e1n ott \u00e1ll<br \/>\nT\u00fal a dombokon<br \/>\nPiros r\u00f3zs\u00e1k illatoztak<br \/>\nMinden hajnalon<\/p>\n<p>Visszat\u00e9rek, kis falumba \u00fajra<br \/>\nSz\u00edvdobogva, gondolok a m\u00faltra<br \/>\nSz\u00edvem m\u00e9ly\u00e9n, \u0151rz\u00f6k minden sz\u00e9pet<br \/>\nMit elvenni m\u00e1r, nem tudnak, m\u00edg \u00e9lek<\/p>\n<p>&gt;WAMP&lt; Visszat\u00e9rtem, kis falumba, ahol \u00e9ltem r\u00e9g Felt\u00f6rnek a sz\u00e9p eml\u00e9kek, ha arra j\u00e1rok m\u00e9g Tal\u00e1n, \u00fajra vissza v\u00e1r Az a pici, sz\u0151ke l\u00e1ny \u00c1lmaimban, arra j\u00e1rok, minden \u00e9jszak\u00e1n Az a feh\u00e9r, kis h\u00e1z, most is ott \u00e1ll T\u00fal a dombokon Piros r\u00f3zs\u00e1k illatoznak Minden hajnalon Visszat\u00e9rek, kis falumba \u00fajra Sz\u00edvdobogva, gondolok a m\u00faltra Sz\u00edvem m\u00e9ly\u00e9n, \u0151rz\u00f6k minden sz\u00e9pet Mit elvenni m\u00e1r, nem tudnak, m\u00edg \u00e9lek &gt;WAMP&lt;<\/p>\n<p>A feh\u00e9r, kis h\u00e1z, most is ott \u00e1ll<br \/>\nT\u00fal a dombokon<br \/>\nPiros r\u00f3zs\u00e1k illatoznak<br \/>\nMinden hajnalon<\/p>\n<p>Visszat\u00e9rek, kis falumba \u00fajra<br \/>\nSz\u00edvdobogva, gondolok a m\u00faltra<br \/>\nSz\u00edvem m\u00e9ly\u00e9n, \u0151rz\u00f6k minden sz\u00e9pet<br \/>\nMit elvenni m\u00e1r, nem tudnak, m\u00edg \u00e9lek<\/p>\n<p>Visszat\u00e9rek, kis falumba \u00fajra<br \/>\nSz\u00edvdobogva, gondolok a m\u00faltra<br \/>\nSz\u00edvem m\u00e9ly\u00e9n, \u0151rz\u00f6k minden sz\u00e9pet<br \/>\nMit elvenni m\u00e1r, nem tudnak, m\u00edg \u00e9lek<\/p>\n","protected":false},"featured_media":6363,"template":"","meta":{"site-sidebar-layout":"default","site-content-layout":"default","ast-site-content-layout":"default","site-content-style":"default","site-sidebar-style":"default","ast-global-header-display":"","ast-banner-title-visibility":"","ast-main-header-display":"","ast-hfb-above-header-display":"","ast-hfb-below-header-display":"","ast-hfb-mobile-header-display":"","site-post-title":"","ast-breadcrumbs-content":"","ast-featured-img":"","footer-sml-layout":"","theme-transparent-header-meta":"default","adv-header-id-meta":"","stick-header-meta":"","header-above-stick-meta":"","header-main-stick-meta":"","header-below-stick-meta":"","astra-migrate-meta-layouts":"set","ast-page-background-enabled":"default","ast-page-background-meta":{"desktop":{"background-color":"var(--ast-global-color-4)","background-image":"","background-repeat":"repeat","background-position":"center center","background-size":"auto","background-attachment":"scroll","background-type":"","background-media":"","overlay-type":"","overlay-color":"","overlay-opacity":"","overlay-gradient":""},"tablet":{"background-color":"","background-image":"","background-repeat":"repeat","background-position":"center center","background-size":"auto","background-attachment":"scroll","background-type":"","background-media":"","overlay-type":"","overlay-color":"","overlay-opacity":"","overlay-gradient":""},"mobile":{"background-color":"","background-image":"","background-repeat":"repeat","background-position":"center center","background-size":"auto","background-attachment":"scroll","background-type":"","background-media":"","overlay-type":"","overlay-color":"","overlay-opacity":"","overlay-gradient":""}},"ast-content-background-meta":{"desktop":{"background-color":"var(--ast-global-color-5)","background-image":"","background-repeat":"repeat","background-position":"center center","background-size":"auto","background-attachment":"scroll","background-type":"","background-media":"","overlay-type":"","overlay-color":"","overlay-opacity":"","overlay-gradient":""},"tablet":{"background-color":"var(--ast-global-color-5)","background-image":"","background-repeat":"repeat","background-position":"center center","background-size":"auto","background-attachment":"scroll","background-type":"","background-media":"","overlay-type":"","overlay-color":"","overlay-opacity":"","overlay-gradient":""},"mobile":{"background-color":"var(--ast-global-color-5)","background-image":"","background-repeat":"repeat","background-position":"center center","background-size":"auto","background-attachment":"scroll","background-type":"","background-media":"","overlay-type":"","overlay-color":"","overlay-opacity":"","overlay-gradient":""}}},"product_cat":[69],"product_tag":[],"class_list":["post-5822","product","type-product","status-publish","has-post-thumbnail","hentry","product_cat-galamb-joci","desktop-align-left","tablet-align-left","mobile-align-left"],"_links":{"self":[{"href":"https:\/\/www.sunkaraoke.hu\/index.php\/wp-json\/wp\/v2\/product\/5822","targetHints":{"allow":["GET"]}}],"collection":[{"href":"https:\/\/www.sunkaraoke.hu\/index.php\/wp-json\/wp\/v2\/product"}],"about":[{"href":"https:\/\/www.sunkaraoke.hu\/index.php\/wp-json\/wp\/v2\/types\/product"}],"wp:featuredmedia":[{"embeddable":true,"href":"https:\/\/www.sunkaraoke.hu\/index.php\/wp-json\/wp\/v2\/media\/6363"}],"wp:attachment":[{"href":"https:\/\/www.sunkaraoke.hu\/index.php\/wp-json\/wp\/v2\/media?parent=5822"}],"wp:term":[{"taxonomy":"product_cat","embeddable":true,"href":"https:\/\/www.sunkaraoke.hu\/index.php\/wp-json\/wp\/v2\/product_cat?post=5822"},{"taxonomy":"product_tag","embeddable":true,"href":"https:\/\/www.sunkaraoke.hu\/index.php\/wp-json\/wp\/v2\/product_tag?post=5822"}],"curies":[{"name":"wp","href":"https:\/\/api.w.org\/{rel}","templated":true}]}}