{"id":5819,"date":"2022-08-08T20:49:53","date_gmt":"2022-08-08T20:49:53","guid":{"rendered":"https:\/\/www.sunkaraoke.hu\/index.php\/termek\/galamb-jozsef-szurke-eniko-ugy-szeretnek-csillag-lenni-dance-verzio\/"},"modified":"2025-04-13T10:04:43","modified_gmt":"2025-04-13T10:04:43","slug":"galamb-jozsef-szurke-eniko-ugy-szeretnek-csillag-lenni-dance-verzio","status":"publish","type":"product","link":"https:\/\/www.sunkaraoke.hu\/index.php\/termek\/galamb-jozsef-szurke-eniko-ugy-szeretnek-csillag-lenni-dance-verzio\/","title":{"rendered":"<div class=\"wcmp-player-container product-5819\"><audio controlslist=\"nodownload\" data-product=\"5819\"  volume=\"1\"  preload=\"none\" data-lazyloading=\"none\" class=\"wcmp-player track mejs-classic\" data-duration=\"0:32\" data-estimated_duration=\"4\"><source src=\"https:\/\/www.sunkaraoke.hu\/wp-content\/uploads\/2022\/08\/Ugy-szeretnek-csillag-lenni-Dance-Galamb.-demoo-1.mp3\" type=\"audio\/mp3\" \/><\/audio><\/div>Galamb J\u00f3zsef &#038; Sz\u00fcrke Enik\u00f5 &#8211; \u00dagy szeretn\u00e9k csillag lenni \/Dance\/ (Original)"},"content":{"rendered":"<p><strong>03:06<\/strong> | <strong><img loading=\"lazy\" decoding=\"async\" class=\"alignnone size-full wp-image-466\" src=\"https:\/\/www.sunkaraoke.hu\/wp-content\/uploads\/2022\/07\/choir_1-copy.webp\" alt=\"\" width=\"30\" height=\"30\" \/> <\/strong><\/p>\n","protected":false},"excerpt":{"rendered":"<h6><strong>Bits\u0171r\u0171s\u00e9g: 320<\/strong>kb\/s<strong><br \/>\n<\/strong><strong>Hossz: <\/strong>03:06<strong><br \/>\n<\/strong><strong style=\"font-size: 16px;\">Vok\u00e1lt tartalmaz: <\/strong>Igen <img loading=\"lazy\" decoding=\"async\" class=\"alignnone size-full wp-image-466\" src=\"http:\/\/www.sunkaraoke.hu\/wp-content\/uploads\/2022\/07\/choir_1-copy.png\" alt=\"\" width=\"30\" height=\"30\" \/><strong style=\"font-size: 16px;\"><br \/>\n<\/strong><\/h6>\n<p>Sunkaraoke mp3 st\u00fadi\u00f3 \/ www.sunkaraoke.hu \/ Inf: Tel: 06 20 4275001<\/p>\n<p>&#8212;Intr\u00f3&#8212;\/\/00:30\/\/<\/p>\n<p>\u00dagy szeretn\u00e9k csillag lenni az \u00e9gen<br \/>\nBeragyogn\u00e9k minden \u00e9jszak\u00e1t<br \/>\nHallgatn\u00e1m az \u0151szi szell\u0151 l\u00e1gy \u00f6l\u00e9n<br \/>\nMit \u00e9nekel egy \u00e1rva kis mad\u00e1r<\/p>\n<p>\u00dagy szeretn\u00e9k csillag lenni az \u00e9gen<br \/>\nCsak r\u00e1d ragyogn\u00e9k minden \u00e9jszak\u00e1n<br \/>\nAz \u0151szi sz\u00e9llel \u00fczenn\u00e9m, hogy szeretlek<br \/>\nAz \u00e9n sz\u00edvem, mindig vissza v\u00e1r<\/p>\n<p>&gt;SOLO&lt;<\/p>\n<p>\u00dagy szeretn\u00e9k csillag lenni az \u00e9gen<br \/>\nFelragyogn\u00e9k minden \u00e9jszak\u00e1n<br \/>\nAz \u0151szi szell\u0151 azt suttogn\u00e1, \u00e9n leszek<br \/>\nCsak \u00e9n leszek, ki mindig gondol r\u00e1d<\/p>\n<p>\u00dagy szeretn\u00e9k csillag lenni az \u00e9gen<br \/>\n\u00c1tragyogn\u00e9k minden \u00e9jszak\u00e1t<br \/>\n\u00dagy szeress most, ahogy eddig senki m\u00e9g<br \/>\nMert n\u00e9lk\u00fcled, \u00e9n nem ragyogok tov\u00e1bb<\/p>\n<p>\u00dagy szeress most, ahogy eddig senki m\u00e9g<br \/>\nMert n\u00e9lk\u00fcled, \u00e9n nem ragyogok tov\u00e1bb<\/p>\n","protected":false},"featured_media":6363,"template":"","meta":{"site-sidebar-layout":"default","site-content-layout":"default","ast-site-content-layout":"default","site-content-style":"default","site-sidebar-style":"default","ast-global-header-display":"","ast-banner-title-visibility":"","ast-main-header-display":"","ast-hfb-above-header-display":"","ast-hfb-below-header-display":"","ast-hfb-mobile-header-display":"","site-post-title":"","ast-breadcrumbs-content":"","ast-featured-img":"","footer-sml-layout":"","theme-transparent-header-meta":"default","adv-header-id-meta":"","stick-header-meta":"","header-above-stick-meta":"","header-main-stick-meta":"","header-below-stick-meta":"","astra-migrate-meta-layouts":"set","ast-page-background-enabled":"default","ast-page-background-meta":{"desktop":{"background-color":"var(--ast-global-color-4)","background-image":"","background-repeat":"repeat","background-position":"center center","background-size":"auto","background-attachment":"scroll","background-type":"","background-media":"","overlay-type":"","overlay-color":"","overlay-opacity":"","overlay-gradient":""},"tablet":{"background-color":"","background-image":"","background-repeat":"repeat","background-position":"center center","background-size":"auto","background-attachment":"scroll","background-type":"","background-media":"","overlay-type":"","overlay-color":"","overlay-opacity":"","overlay-gradient":""},"mobile":{"background-color":"","background-image":"","background-repeat":"repeat","background-position":"center center","background-size":"auto","background-attachment":"scroll","background-type":"","background-media":"","overlay-type":"","overlay-color":"","overlay-opacity":"","overlay-gradient":""}},"ast-content-background-meta":{"desktop":{"background-color":"var(--ast-global-color-5)","background-image":"","background-repeat":"repeat","background-position":"center center","background-size":"auto","background-attachment":"scroll","background-type":"","background-media":"","overlay-type":"","overlay-color":"","overlay-opacity":"","overlay-gradient":""},"tablet":{"background-color":"var(--ast-global-color-5)","background-image":"","background-repeat":"repeat","background-position":"center center","background-size":"auto","background-attachment":"scroll","background-type":"","background-media":"","overlay-type":"","overlay-color":"","overlay-opacity":"","overlay-gradient":""},"mobile":{"background-color":"var(--ast-global-color-5)","background-image":"","background-repeat":"repeat","background-position":"center center","background-size":"auto","background-attachment":"scroll","background-type":"","background-media":"","overlay-type":"","overlay-color":"","overlay-opacity":"","overlay-gradient":""}}},"product_cat":[69],"product_tag":[],"class_list":["post-5819","product","type-product","status-publish","has-post-thumbnail","hentry","product_cat-galamb-joci","desktop-align-left","tablet-align-left","mobile-align-left"],"_links":{"self":[{"href":"https:\/\/www.sunkaraoke.hu\/index.php\/wp-json\/wp\/v2\/product\/5819","targetHints":{"allow":["GET"]}}],"collection":[{"href":"https:\/\/www.sunkaraoke.hu\/index.php\/wp-json\/wp\/v2\/product"}],"about":[{"href":"https:\/\/www.sunkaraoke.hu\/index.php\/wp-json\/wp\/v2\/types\/product"}],"wp:featuredmedia":[{"embeddable":true,"href":"https:\/\/www.sunkaraoke.hu\/index.php\/wp-json\/wp\/v2\/media\/6363"}],"wp:attachment":[{"href":"https:\/\/www.sunkaraoke.hu\/index.php\/wp-json\/wp\/v2\/media?parent=5819"}],"wp:term":[{"taxonomy":"product_cat","embeddable":true,"href":"https:\/\/www.sunkaraoke.hu\/index.php\/wp-json\/wp\/v2\/product_cat?post=5819"},{"taxonomy":"product_tag","embeddable":true,"href":"https:\/\/www.sunkaraoke.hu\/index.php\/wp-json\/wp\/v2\/product_tag?post=5819"}],"curies":[{"name":"wp","href":"https:\/\/api.w.org\/{rel}","templated":true}]}}