{"id":5817,"date":"2022-08-08T20:49:53","date_gmt":"2022-08-08T20:49:53","guid":{"rendered":"https:\/\/www.sunkaraoke.hu\/index.php\/termek\/rony-a-legszebb-ajandek-transzp-v\/"},"modified":"2025-12-01T14:47:02","modified_gmt":"2025-12-01T12:47:02","slug":"rony-a-legszebb-ajandek-transzp-v","status":"publish","type":"product","link":"https:\/\/www.sunkaraoke.hu\/index.php\/termek\/rony-a-legszebb-ajandek-transzp-v\/","title":{"rendered":"<div class=\"wcmp-player-container product-5817\"><audio controlslist=\"nodownload\" data-product=\"5817\"  volume=\"1\"  preload=\"none\" data-lazyloading=\"none\" class=\"wcmp-player track mejs-classic\" data-duration=\"0:36\" data-estimated_duration=\"4\"><source src=\"https:\/\/www.sunkaraoke.hu\/wp-content\/uploads\/2022\/08\/A-legszebb-ajandek-transz-Rony-E.-demoo.mp3\" type=\"audio\/mp3\" \/><\/audio><\/div>Rony &#8211; A legszebb aj\u00e1nd\u00e9k (Zoly Edition)"},"content":{"rendered":"<p><strong>03:22<\/strong> | <strong><img loading=\"lazy\" decoding=\"async\" class=\"alignnone size-full wp-image-467\" src=\"https:\/\/www.sunkaraoke.hu\/wp-content\/uploads\/2022\/07\/choir_2-copy.webp\" alt=\"\" width=\"30\" height=\"30\" \/> <strong> | <img loading=\"lazy\" decoding=\"async\" class=\"alignnone size-full wp-image-613\" src=\"https:\/\/www.sunkaraoke.hu\/wp-content\/uploads\/2022\/07\/transzponalas.webp\" alt=\"\" width=\"30\" height=\"30\" \/> <\/strong><strong>-2<\/strong><\/strong><\/p>\n","protected":false},"excerpt":{"rendered":"<h6><strong>Bits\u0171r\u0171s\u00e9g: 320<\/strong>kb\/s<strong><br \/>\n<\/strong><strong>Hossz: <\/strong>03:22<strong><br \/>\n<\/strong><strong style=\"font-size: 16px;\">Vok\u00e1lt tartalmaz: <\/strong>Nem <img loading=\"lazy\" decoding=\"async\" class=\"alignnone size-full wp-image-467\" src=\"http:\/\/www.sunkaraoke.hu\/wp-content\/uploads\/2022\/07\/choir_2-copy.png\" alt=\"\" width=\"30\" height=\"30\" \/><strong style=\"font-size: 16px;\"><br \/>\n<\/strong><strong>Transzpon\u00e1l\u00e1s: <\/strong><img loading=\"lazy\" decoding=\"async\" class=\"alignnone size-full wp-image-613\" src=\"http:\/\/www.sunkaraoke.hu\/wp-content\/uploads\/2022\/07\/transzponalas.png\" alt=\"\" width=\"30\" height=\"30\" \/> -2<\/h6>\n<p>Sunkaraoke mp3 st\u00fadi\u00f3 \/ www.sunkaraoke.hu \/ Inf: Tel: 06 20 4275001<\/p>\n<p>&#8212;Intr\u00f3&#8212;<\/p>\n<p>Kint havas lett a t\u00e1j ,r\u00e9g elm\u00falt a ny\u00e1r,<br \/>\nde \u00e9rezd hogy r\u00e1d tal\u00e1l az \u00fcnnep.<br \/>\nOly hideg lesz a sz\u00edv, ha nincs m\u00e1r aki h\u00edv,<br \/>\nde egy k\u00f6nny csepp sem \u00e9rhet csak \u00fagy f\u00f6ldet.<br \/>\nMa csendesebb az \u00e9j, gyere b\u00fajj k\u00f6zel ne f\u00e9lj,<br \/>\nmert hi\u00e1nyzol nagyon a szeretet \u00fcnnep\u00e9n.<br \/>\nMa minden m\u00e1s legyen csak fogd a k\u00e9t kezem,\u00e9s \u00edgy mes\u00e9lj.<\/p>\n<p>A legszebb aj\u00e1nd\u00e9k amit adhatok neked,<br \/>\nhogy \u00e1lmod szebb lesz majd melletted \u00e9bredek,<br \/>\nma a sz\u00edv\u00fcnkben \u00fagy csillog a f\u00e9ny,<br \/>\negy\u00fctt lesz\u00fcnk kar\u00e1csony \u00e9jjel\u00e9n.<br \/>\nA legszebb aj\u00e1nd\u00e9k amit adhatok neked,<br \/>\negy \u00fajabb vallom\u00e1s el nem vesz\u00edtheted,<br \/>\nma a sz\u00edv\u00fcnkben \u00fagy csillog a f\u00e9ny,<br \/>\negy\u00fctt lesz\u00fcnk kar\u00e1csony \u00e9jjel\u00e9n.<\/p>\n<p>N\u00e9zd h\u00e1ny gyertya \u00e9g, soha nem volt ilyen sz\u00e9p,<br \/>\ncsak hallgasd sz\u00e1ncseng\u0151 hangja sz\u00f3l.<br \/>\nB\u00e9ke vesz k\u00f6r\u00fcl a boldogs\u00e1g rep\u00fcl,<br \/>\nhozz\u00e1d sz\u00e1rnyal , az \u00e9rz\u00e9s \u00e1thatol.<\/p>\n<p>Ma csendesebb az \u00e9j, gyere b\u00fajj k\u00f6zel ne f\u00e9lj,<br \/>\nmert hi\u00e1nyzol nagyon a szeretet \u00fcnnep\u00e9n.<br \/>\nMa minden m\u00e1s legyen csak fogd a k\u00e9t kezem,\u00e9s \u00edgy mes\u00e9lj.<\/p>\n<p>A legszebb aj\u00e1nd\u00e9k amit adhatok neked,<br \/>\nhogy \u00e1lmod szebb lesz majd melletted \u00e9bredek,<br \/>\nma a sz\u00edv\u00fcnkben \u00fagy csillog a f\u00e9ny,<br \/>\negy\u00fctt lesz\u00fcnk kar\u00e1csony \u00e9jjel\u00e9n.<br \/>\nA legszebb aj\u00e1nd\u00e9k amit adhatok neked,<br \/>\negy \u00fajabb vallom\u00e1s el nem vesz\u00edtheted,<br \/>\nma a sz\u00edv\u00fcnkben \u00fagy csillog a f\u00e9ny,<br \/>\negy\u00fctt lesz\u00fcnk kar\u00e1csony \u00e9jjel\u00e9n.<\/p>\n<p>&#8212;V\u00e9ge&#8212;<\/p>\n","protected":false},"featured_media":12487,"template":"","meta":{"site-sidebar-layout":"default","site-content-layout":"default","ast-site-content-layout":"default","site-content-style":"default","site-sidebar-style":"default","ast-global-header-display":"","ast-banner-title-visibility":"","ast-main-header-display":"","ast-hfb-above-header-display":"","ast-hfb-below-header-display":"","ast-hfb-mobile-header-display":"","site-post-title":"","ast-breadcrumbs-content":"","ast-featured-img":"","footer-sml-layout":"","theme-transparent-header-meta":"default","adv-header-id-meta":"","stick-header-meta":"","header-above-stick-meta":"","header-main-stick-meta":"","header-below-stick-meta":"","astra-migrate-meta-layouts":"set","ast-page-background-enabled":"default","ast-page-background-meta":{"desktop":{"background-color":"var(--ast-global-color-4)","background-image":"","background-repeat":"repeat","background-position":"center center","background-size":"auto","background-attachment":"scroll","background-type":"","background-media":"","overlay-type":"","overlay-color":"","overlay-opacity":"","overlay-gradient":""},"tablet":{"background-color":"","background-image":"","background-repeat":"repeat","background-position":"center center","background-size":"auto","background-attachment":"scroll","background-type":"","background-media":"","overlay-type":"","overlay-color":"","overlay-opacity":"","overlay-gradient":""},"mobile":{"background-color":"","background-image":"","background-repeat":"repeat","background-position":"center center","background-size":"auto","background-attachment":"scroll","background-type":"","background-media":"","overlay-type":"","overlay-color":"","overlay-opacity":"","overlay-gradient":""}},"ast-content-background-meta":{"desktop":{"background-color":"var(--ast-global-color-5)","background-image":"","background-repeat":"repeat","background-position":"center center","background-size":"auto","background-attachment":"scroll","background-type":"","background-media":"","overlay-type":"","overlay-color":"","overlay-opacity":"","overlay-gradient":""},"tablet":{"background-color":"var(--ast-global-color-5)","background-image":"","background-repeat":"repeat","background-position":"center center","background-size":"auto","background-attachment":"scroll","background-type":"","background-media":"","overlay-type":"","overlay-color":"","overlay-opacity":"","overlay-gradient":""},"mobile":{"background-color":"var(--ast-global-color-5)","background-image":"","background-repeat":"repeat","background-position":"center center","background-size":"auto","background-attachment":"scroll","background-type":"","background-media":"","overlay-type":"","overlay-color":"","overlay-opacity":"","overlay-gradient":""}}},"product_cat":[58],"product_tag":[],"class_list":["post-5817","product","type-product","status-publish","has-post-thumbnail","hentry","product_cat-erdelyi-zoltan","desktop-align-left","tablet-align-left","mobile-align-left"],"_links":{"self":[{"href":"https:\/\/www.sunkaraoke.hu\/index.php\/wp-json\/wp\/v2\/product\/5817","targetHints":{"allow":["GET"]}}],"collection":[{"href":"https:\/\/www.sunkaraoke.hu\/index.php\/wp-json\/wp\/v2\/product"}],"about":[{"href":"https:\/\/www.sunkaraoke.hu\/index.php\/wp-json\/wp\/v2\/types\/product"}],"wp:featuredmedia":[{"embeddable":true,"href":"https:\/\/www.sunkaraoke.hu\/index.php\/wp-json\/wp\/v2\/media\/12487"}],"wp:attachment":[{"href":"https:\/\/www.sunkaraoke.hu\/index.php\/wp-json\/wp\/v2\/media?parent=5817"}],"wp:term":[{"taxonomy":"product_cat","embeddable":true,"href":"https:\/\/www.sunkaraoke.hu\/index.php\/wp-json\/wp\/v2\/product_cat?post=5817"},{"taxonomy":"product_tag","embeddable":true,"href":"https:\/\/www.sunkaraoke.hu\/index.php\/wp-json\/wp\/v2\/product_tag?post=5817"}],"curies":[{"name":"wp","href":"https:\/\/api.w.org\/{rel}","templated":true}]}}