{"id":5813,"date":"2022-08-08T20:49:53","date_gmt":"2022-08-08T20:49:53","guid":{"rendered":"https:\/\/www.sunkaraoke.hu\/index.php\/termek\/bitto-duo-kicsiny-falum\/"},"modified":"2025-12-01T14:47:02","modified_gmt":"2025-12-01T12:47:02","slug":"bitto-duo-kicsiny-falum","status":"publish","type":"product","link":"https:\/\/www.sunkaraoke.hu\/index.php\/termek\/bitto-duo-kicsiny-falum\/","title":{"rendered":"<div class=\"wcmp-player-container product-5813\"><audio controlslist=\"nodownload\" data-product=\"5813\"  volume=\"1\"  preload=\"none\" data-lazyloading=\"none\" class=\"wcmp-player track mejs-classic\" data-duration=\"0:34\" data-estimated_duration=\"4\"><source src=\"https:\/\/www.sunkaraoke.hu\/wp-content\/uploads\/2022\/08\/Kicsiny-falum-bitto-PB.demo_.mp3\" type=\"audio\/mp3\" \/><\/audio><\/div>Bitt\u00f3 Du\u00f3 &#8211; Kicsiny falum (Original)"},"content":{"rendered":"<p><strong>04:15<\/strong> | <strong><img loading=\"lazy\" decoding=\"async\" class=\"alignnone size-full wp-image-467\" src=\"https:\/\/www.sunkaraoke.hu\/wp-content\/uploads\/2022\/07\/choir_2-copy.webp\" alt=\"\" width=\"30\" height=\"30\" \/> <\/strong><\/p>\n","protected":false},"excerpt":{"rendered":"<h6><strong>Bits\u0171r\u0171s\u00e9g: 320<\/strong>kb\/s<strong><br \/>\n<\/strong><strong>Hossz: <\/strong>04:15<strong><br \/>\n<\/strong><strong style=\"font-size: 16px;\">Vok\u00e1lt tartalmaz: <\/strong>Nem <img loading=\"lazy\" decoding=\"async\" class=\"alignnone size-full wp-image-467\" src=\"http:\/\/www.sunkaraoke.hu\/wp-content\/uploads\/2022\/07\/choir_2-copy.png\" alt=\"\" width=\"30\" height=\"30\" \/><strong style=\"font-size: 16px;\"><br \/>\n<\/strong><\/h6>\n<p>Sunkaraoke mp3 st\u00fadi\u00f3 \/ www.sunkaraoke.hu \/ Inf: Tel: 06 20 4275001<\/p>\n<p>&#8212;Intr\u00f3&#8212;<br \/>\nKicsiny falum ott sz\u00fclettem \u00e9n,<br \/>\nnincs ott gyertya, nincs ott l\u00e1mpaf\u00e9ny.<br \/>\nH\u00e1zunk el\u0151tt v\u00e9n eperfa \u00e1ll,<br \/>\nengem any\u00e1m mindig hazav\u00e1r.<\/p>\n<p>Meg\u00edrom majd j\u00f3 any\u00e1m neked,<br \/>\nne v\u00e1rj haza, t\u00f6bb\u00e9 nem megyek.<br \/>\nAmikor a kis falumban, nyugov\u00f3ra t\u00e9rnek,<br \/>\nany\u00e1m, mondj el \u00e9rtem egy im\u00e1t!<\/p>\n<p>Rendes ember \u00e9n m\u00e1r nem leszek,<br \/>\nminden \u00e9jjel z\u00fclleni megyek.<br \/>\nV\u00e1rnak r\u00e1m a z\u00fcll\u00f6tt cimbor\u00e1k,<br \/>\na festett n\u0151k, a pezsg\u0151s vacsor\u00e1k!<br \/>\nHogy mi lesz a v\u00e9ge nem tudom,<br \/>\nmeghalok egy z\u00fcll\u00f6tt hajnalon.<br \/>\nAmikor a kis falumban, nyugov\u00f3ra t\u00e9rnek,<br \/>\nany\u00e1m, mondj el \u00e9rtem egy im\u00e1t!<br \/>\n&#8212;Sz\u00f3l\u00f3&#8212;<br \/>\nKicsiny falum ott sz\u00fclettem \u00e9n,<br \/>\nnincs ott gyertya, nincs ott l\u00e1mpaf\u00e9ny.<br \/>\nH\u00e1zunk el\u0151tt v\u00e9n eperfa \u00e1ll,<br \/>\nengem any\u00e1m mindig hazav\u00e1r.<\/p>\n<p>Meg\u00edrom majd j\u00f3 any\u00e1m neked,<br \/>\nne v\u00e1rj haza, t\u00f6bb\u00e9 nem megyek.<br \/>\nAmikor a kis falumban nyugov\u00f3ra t\u00e9rnek,<br \/>\nany\u00e1m, mondj el \u00e9rtem egy im\u00e1t!<\/p>\n<p>Rendes ember \u00e9n m\u00e1r nem leszek,<br \/>\nminden \u00e9jjel z\u00fclleni megyek.<br \/>\nV\u00e1rnak r\u00e1m a z\u00fcll\u00f6tt cimbor\u00e1k,<br \/>\na festett n\u0151k, a pezsg\u0151s vacsor\u00e1k!<\/p>\n<p>Hogy mi lesz a v\u00e9ge nem tudom,<br \/>\nmeghalok egy z\u00fcll\u00f6tt hajnalon.<br \/>\nAmikor a kis falumban nyugov\u00f3ra t\u00e9rnek,<br \/>\nany\u00e1m, mondj el \u00e9rtem egy im\u00e1t!<br \/>\n&#8212;V\u00e9ge&#8212;<\/p>\n","protected":false},"featured_media":8718,"template":"","meta":{"site-sidebar-layout":"default","site-content-layout":"default","ast-site-content-layout":"default","site-content-style":"default","site-sidebar-style":"default","ast-global-header-display":"","ast-banner-title-visibility":"","ast-main-header-display":"","ast-hfb-above-header-display":"","ast-hfb-below-header-display":"","ast-hfb-mobile-header-display":"","site-post-title":"","ast-breadcrumbs-content":"","ast-featured-img":"","footer-sml-layout":"","theme-transparent-header-meta":"default","adv-header-id-meta":"","stick-header-meta":"","header-above-stick-meta":"","header-main-stick-meta":"","header-below-stick-meta":"","astra-migrate-meta-layouts":"set","ast-page-background-enabled":"default","ast-page-background-meta":{"desktop":{"background-color":"var(--ast-global-color-4)","background-image":"","background-repeat":"repeat","background-position":"center center","background-size":"auto","background-attachment":"scroll","background-type":"","background-media":"","overlay-type":"","overlay-color":"","overlay-opacity":"","overlay-gradient":""},"tablet":{"background-color":"","background-image":"","background-repeat":"repeat","background-position":"center center","background-size":"auto","background-attachment":"scroll","background-type":"","background-media":"","overlay-type":"","overlay-color":"","overlay-opacity":"","overlay-gradient":""},"mobile":{"background-color":"","background-image":"","background-repeat":"repeat","background-position":"center center","background-size":"auto","background-attachment":"scroll","background-type":"","background-media":"","overlay-type":"","overlay-color":"","overlay-opacity":"","overlay-gradient":""}},"ast-content-background-meta":{"desktop":{"background-color":"var(--ast-global-color-5)","background-image":"","background-repeat":"repeat","background-position":"center center","background-size":"auto","background-attachment":"scroll","background-type":"","background-media":"","overlay-type":"","overlay-color":"","overlay-opacity":"","overlay-gradient":""},"tablet":{"background-color":"var(--ast-global-color-5)","background-image":"","background-repeat":"repeat","background-position":"center center","background-size":"auto","background-attachment":"scroll","background-type":"","background-media":"","overlay-type":"","overlay-color":"","overlay-opacity":"","overlay-gradient":""},"mobile":{"background-color":"var(--ast-global-color-5)","background-image":"","background-repeat":"repeat","background-position":"center center","background-size":"auto","background-attachment":"scroll","background-type":"","background-media":"","overlay-type":"","overlay-color":"","overlay-opacity":"","overlay-gradient":""}}},"product_cat":[48],"product_tag":[],"class_list":["post-5813","product","type-product","status-publish","has-post-thumbnail","hentry","product_cat-sunkaraoke-dalok","desktop-align-left","tablet-align-left","mobile-align-left"],"_links":{"self":[{"href":"https:\/\/www.sunkaraoke.hu\/index.php\/wp-json\/wp\/v2\/product\/5813","targetHints":{"allow":["GET"]}}],"collection":[{"href":"https:\/\/www.sunkaraoke.hu\/index.php\/wp-json\/wp\/v2\/product"}],"about":[{"href":"https:\/\/www.sunkaraoke.hu\/index.php\/wp-json\/wp\/v2\/types\/product"}],"wp:featuredmedia":[{"embeddable":true,"href":"https:\/\/www.sunkaraoke.hu\/index.php\/wp-json\/wp\/v2\/media\/8718"}],"wp:attachment":[{"href":"https:\/\/www.sunkaraoke.hu\/index.php\/wp-json\/wp\/v2\/media?parent=5813"}],"wp:term":[{"taxonomy":"product_cat","embeddable":true,"href":"https:\/\/www.sunkaraoke.hu\/index.php\/wp-json\/wp\/v2\/product_cat?post=5813"},{"taxonomy":"product_tag","embeddable":true,"href":"https:\/\/www.sunkaraoke.hu\/index.php\/wp-json\/wp\/v2\/product_tag?post=5813"}],"curies":[{"name":"wp","href":"https:\/\/api.w.org\/{rel}","templated":true}]}}