{"id":5812,"date":"2022-08-08T20:49:53","date_gmt":"2022-08-08T20:49:53","guid":{"rendered":"https:\/\/www.sunkaraoke.hu\/index.php\/termek\/farao-tomboljon-a-vilag\/"},"modified":"2025-12-01T14:47:02","modified_gmt":"2025-12-01T12:47:02","slug":"farao-tomboljon-a-vilag","status":"publish","type":"product","link":"https:\/\/www.sunkaraoke.hu\/index.php\/termek\/farao-tomboljon-a-vilag\/","title":{"rendered":"<div class=\"wcmp-player-container product-5812\"><audio controlslist=\"nodownload\" data-product=\"5812\"  volume=\"1\"  preload=\"none\" data-lazyloading=\"none\" class=\"wcmp-player track mejs-classic\" data-duration=\"0:32\" data-estimated_duration=\"4\"><source src=\"https:\/\/www.sunkaraoke.hu\/wp-content\/uploads\/2022\/08\/Tomboljon-a-vilag-Farao-demoo.mp3\" type=\"audio\/mp3\" \/><\/audio><\/div>F\u00e1ra\u00f3 &#8211; Tomboljon a vil\u00e1g (Original Palika Edition)"},"content":{"rendered":"<p><strong>03:15<\/strong> | <strong><img loading=\"lazy\" decoding=\"async\" class=\"alignnone size-full wp-image-467\" src=\"https:\/\/www.sunkaraoke.hu\/wp-content\/uploads\/2022\/07\/choir_2-copy.webp\" alt=\"\" width=\"30\" height=\"30\" \/> <\/strong><\/p>\n","protected":false},"excerpt":{"rendered":"<h6><strong>Bits\u0171r\u0171s\u00e9g: 320<\/strong>kb\/s<strong><br \/>\n<\/strong><strong>Hossz: <\/strong>03:15<strong><br \/>\n<\/strong><strong style=\"font-size: 16px;\">Vok\u00e1lt tartalmaz: <\/strong>Nem <img loading=\"lazy\" decoding=\"async\" class=\"alignnone size-full wp-image-467\" src=\"http:\/\/www.sunkaraoke.hu\/wp-content\/uploads\/2022\/07\/choir_2-copy.png\" alt=\"\" width=\"30\" height=\"30\" \/><strong style=\"font-size: 16px;\"><br \/>\n<\/strong><\/h6>\n<p>Sunkaraoke mp3 st\u00fadi\u00f3 \/ www.sunkaraoke.hu \/ Inf: Tel: 06 20 4275001<\/p>\n<p>&#8212;Intr\u00f3&#8212;<br \/>\nHa unom a napokat, unom a heteket,<br \/>\nnem \u00e9rdekel m\u00e1r, g\u00fcriztem eleget,<br \/>\nelindulok az \u00e9jszak\u00e1ba,<br \/>\nmert telelettem a nappal zaj\u00e1val.<br \/>\nA kopott cip\u0151met tiszt\u00e1ra v\u00e1ltom,<br \/>\n\u00e9s felveszem a legjobb kab\u00e1tom,<br \/>\naz \u00e9jszak\u00e1ban eny\u00e9m az \u00e9rem,<br \/>\nnem tehetek r\u00f3la hajt a v\u00e9rem.<\/p>\n<p>Tomboljon a vil\u00e1g, tomboljon h\u00e1t tov\u00e1bb,<br \/>\n\u00e9breszd fel az \u00e1lmaid, hisz vannak m\u00e9g csod\u00e1k!<br \/>\nTomboljon a vil\u00e1g, a vil\u00e1gtalan vil\u00e1g,<br \/>\n\u00e9breszd fel az \u00e1lmaid, hisz vannak m\u00e9g csod\u00e1k!<br \/>\n&#8212;Sz\u00f3l\u00f3&#8212;<br \/>\nBar\u00f3 az ingem, irigyli a csajom,<br \/>\nde nem tudja senki, hogy az utc\u00e1n lakom,<br \/>\n\u00edgy h\u00e1t a vil\u00e1g nem olyan mes\u00e9s,<br \/>\nn\u00e9ha j\u00f3, de n\u00e9ha kev\u00e9s.<br \/>\nAz \u00e9n \u00e9letem nem valami \u00e1lom,<br \/>\nkimondom azt, ami sz\u00edvemen a sz\u00e1mon,<br \/>\nl\u00e1zad a vil\u00e1g, velem az \u00e9len,<br \/>\nnem tehetek r\u00f3la hajt a v\u00e9rem.<\/p>\n<p>Tomboljon a vil\u00e1g, tomboljon h\u00e1t tov\u00e1bb,<br \/>\n\u00e9breszd fel az \u00e1lmaid, hisz vannak m\u00e9g csod\u00e1k!<br \/>\nTomboljon a vil\u00e1g, a vil\u00e1gtalan vil\u00e1g,<br \/>\n\u00e9breszd fel az \u00e1lmaid, hisz annak m\u00e9g csod\u00e1k!<br \/>\n&#8212;Sz\u00f3l\u00f3&#8212;<br \/>\nTomboljon a vil\u00e1g, tomboljon h\u00e1t tov\u00e1bb,<br \/>\n\u00e9breszd fel az \u00e1lmaid, hisz vannak m\u00e9g csod\u00e1k!<br \/>\nTomboljon a vil\u00e1g, a vil\u00e1gtalan vil\u00e1g,<br \/>\n\u00e9breszd fel az \u00e1lmaid, hisz vannak m\u00e9g csod\u00e1k!<br \/>\nTomboljon a vil\u00e1g!!!<br \/>\n&#8212;V\u00e9ge&#8212;<\/p>\n","protected":false},"featured_media":9691,"template":"","meta":{"site-sidebar-layout":"default","site-content-layout":"default","ast-site-content-layout":"default","site-content-style":"default","site-sidebar-style":"default","ast-global-header-display":"","ast-banner-title-visibility":"","ast-main-header-display":"","ast-hfb-above-header-display":"","ast-hfb-below-header-display":"","ast-hfb-mobile-header-display":"","site-post-title":"","ast-breadcrumbs-content":"","ast-featured-img":"","footer-sml-layout":"","theme-transparent-header-meta":"default","adv-header-id-meta":"","stick-header-meta":"","header-above-stick-meta":"","header-main-stick-meta":"","header-below-stick-meta":"","astra-migrate-meta-layouts":"set","ast-page-background-enabled":"default","ast-page-background-meta":{"desktop":{"background-color":"var(--ast-global-color-4)","background-image":"","background-repeat":"repeat","background-position":"center center","background-size":"auto","background-attachment":"scroll","background-type":"","background-media":"","overlay-type":"","overlay-color":"","overlay-opacity":"","overlay-gradient":""},"tablet":{"background-color":"","background-image":"","background-repeat":"repeat","background-position":"center center","background-size":"auto","background-attachment":"scroll","background-type":"","background-media":"","overlay-type":"","overlay-color":"","overlay-opacity":"","overlay-gradient":""},"mobile":{"background-color":"","background-image":"","background-repeat":"repeat","background-position":"center center","background-size":"auto","background-attachment":"scroll","background-type":"","background-media":"","overlay-type":"","overlay-color":"","overlay-opacity":"","overlay-gradient":""}},"ast-content-background-meta":{"desktop":{"background-color":"var(--ast-global-color-5)","background-image":"","background-repeat":"repeat","background-position":"center center","background-size":"auto","background-attachment":"scroll","background-type":"","background-media":"","overlay-type":"","overlay-color":"","overlay-opacity":"","overlay-gradient":""},"tablet":{"background-color":"var(--ast-global-color-5)","background-image":"","background-repeat":"repeat","background-position":"center center","background-size":"auto","background-attachment":"scroll","background-type":"","background-media":"","overlay-type":"","overlay-color":"","overlay-opacity":"","overlay-gradient":""},"mobile":{"background-color":"var(--ast-global-color-5)","background-image":"","background-repeat":"repeat","background-position":"center center","background-size":"auto","background-attachment":"scroll","background-type":"","background-media":"","overlay-type":"","overlay-color":"","overlay-opacity":"","overlay-gradient":""}}},"product_cat":[48],"product_tag":[],"class_list":["post-5812","product","type-product","status-publish","has-post-thumbnail","hentry","product_cat-sunkaraoke-dalok","desktop-align-left","tablet-align-left","mobile-align-left"],"_links":{"self":[{"href":"https:\/\/www.sunkaraoke.hu\/index.php\/wp-json\/wp\/v2\/product\/5812","targetHints":{"allow":["GET"]}}],"collection":[{"href":"https:\/\/www.sunkaraoke.hu\/index.php\/wp-json\/wp\/v2\/product"}],"about":[{"href":"https:\/\/www.sunkaraoke.hu\/index.php\/wp-json\/wp\/v2\/types\/product"}],"wp:featuredmedia":[{"embeddable":true,"href":"https:\/\/www.sunkaraoke.hu\/index.php\/wp-json\/wp\/v2\/media\/9691"}],"wp:attachment":[{"href":"https:\/\/www.sunkaraoke.hu\/index.php\/wp-json\/wp\/v2\/media?parent=5812"}],"wp:term":[{"taxonomy":"product_cat","embeddable":true,"href":"https:\/\/www.sunkaraoke.hu\/index.php\/wp-json\/wp\/v2\/product_cat?post=5812"},{"taxonomy":"product_tag","embeddable":true,"href":"https:\/\/www.sunkaraoke.hu\/index.php\/wp-json\/wp\/v2\/product_tag?post=5812"}],"curies":[{"name":"wp","href":"https:\/\/api.w.org\/{rel}","templated":true}]}}