{"id":5811,"date":"2022-08-08T20:49:53","date_gmt":"2022-08-08T20:49:53","guid":{"rendered":"https:\/\/www.sunkaraoke.hu\/index.php\/termek\/bitto-duo-a-temeto-kapujaban\/"},"modified":"2025-12-01T14:47:02","modified_gmt":"2025-12-01T12:47:02","slug":"bitto-duo-a-temeto-kapujaban","status":"publish","type":"product","link":"https:\/\/www.sunkaraoke.hu\/index.php\/termek\/bitto-duo-a-temeto-kapujaban\/","title":{"rendered":"<div class=\"wcmp-player-container product-5811\"><audio controlslist=\"nodownload\" data-product=\"5811\"  volume=\"1\"  preload=\"none\" data-lazyloading=\"none\" class=\"wcmp-player track mejs-classic\" data-duration=\"0:31\" data-estimated_duration=\"4\"><source src=\"https:\/\/www.sunkaraoke.hu\/wp-content\/uploads\/2022\/08\/A-temeto-kapujaban-Bitto-PB.-demo.mp3\" type=\"audio\/mp3\" \/><\/audio><\/div>Bitt\u00f3 Du\u00f3 &#8211; A temet\u0151 kapuj\u00e1ban (Original)"},"content":{"rendered":"<p><strong>03:45<\/strong> | <strong><img loading=\"lazy\" decoding=\"async\" class=\"alignnone size-full wp-image-467\" src=\"https:\/\/www.sunkaraoke.hu\/wp-content\/uploads\/2022\/07\/choir_2-copy.webp\" alt=\"\" width=\"30\" height=\"30\" \/> <\/strong><\/p>\n","protected":false},"excerpt":{"rendered":"<h6><strong>Bits\u0171r\u0171s\u00e9g: 320<\/strong>kb\/s<strong><br \/>\n<\/strong><strong>Hossz: <\/strong>03:45<strong><br \/>\n<\/strong><strong style=\"font-size: 16px;\">Vok\u00e1lt tartalmaz: <\/strong>Nem <img loading=\"lazy\" decoding=\"async\" class=\"alignnone size-full wp-image-467\" src=\"http:\/\/www.sunkaraoke.hu\/wp-content\/uploads\/2022\/07\/choir_2-copy.png\" alt=\"\" width=\"30\" height=\"30\" \/><strong style=\"font-size: 16px;\"><br \/>\n<\/strong><\/h6>\n<p>Sunkaraoke mp3 st\u00fadi\u00f3 \/ www.sunkaraoke.hu \/ Inf: Tel: 06 20 4275001<\/p>\n<p>&#8212;Intr\u00f3&#8212;<br \/>\nA temet\u0151 kapuj\u00e1ban,ott s\u00edrdog\u00e1l k\u00e9t kis \u00e1rva,<br \/>\na fi\u00fanak anyja nincsen, a kisl\u00e1nynak apja nincsen.<br \/>\nBoldogs\u00e1gra v\u00e1gytam egyszer, csak a b\u00e1nat jutott nekem,<br \/>\ncsak a b\u00e1nat jutott nekem,nem tudom hogy mi lesz velem.<\/p>\n<p>Feln\u00e9zek a csillagos \u00e9gre,a j\u00f3 Istent sz\u00e9pen k\u00e9rem,<br \/>\nadja vissza az \u00e9n \u00e9letem!<br \/>\nTudja meg az eg\u00e9sz vil\u00e1g, hogy az \u00e9letem nem vid\u00e1m,<br \/>\nvid\u00e1m lenne \u00fagy \u00e9rzem, ha itt lenn\u00e9l velem!<br \/>\n&#8212;Sz\u00f3l\u00f3&#8212;<br \/>\nA temet\u0151 kapuj\u00e1ban,ott s\u00edrdog\u00e1l k\u00e9t kis \u00e1rva,<br \/>\na fi\u00fanak anyja nincsen, a kisl\u00e1nynak apja nincsen.<br \/>\nBoldogs\u00e1gra v\u00e1gytam egyszer, csak a b\u00e1nat jutott nekem,<br \/>\ncsak a b\u00e1nat jutott nekem,nem tudom hogy mi lesz velem.<\/p>\n<p>Feln\u00e9zek a csillagos \u00e9gre,a j\u00f3 Istent sz\u00e9pen k\u00e9rem,<br \/>\nadja vissza az \u00e9n \u00e9letem!<br \/>\nTudja meg az eg\u00e9sz vil\u00e1g, hogy az \u00e9letem nem vid\u00e1m,<br \/>\nvid\u00e1m lenne \u00fagy \u00e9rzem, ha itt lenn\u00e9l velem!<br \/>\n&#8212;Sz\u00f3l\u00f3&#8212;<br \/>\nA temet\u0151 kapuj\u00e1ban,ott s\u00edrdog\u00e1l k\u00e9t kis \u00e1rva,<br \/>\na fi\u00fanak anyja nincsen, a kisl\u00e1nynak apja nincsen.<br \/>\nBoldogs\u00e1gra v\u00e1gytam egyszer, csak a b\u00e1nat jutott nekem,<br \/>\ncsak a b\u00e1nat jutott nekem,nem tudom hogy mi lesz velem.<\/p>\n<p>Feln\u00e9zek a csillagos \u00e9gre,a j\u00f3 Istent sz\u00e9pen k\u00e9rem,<br \/>\nadja vissza az \u00e9n \u00e9letem!<br \/>\nTudja meg az eg\u00e9sz vil\u00e1g, hogy az \u00e9letem nem vid\u00e1m,<br \/>\nvid\u00e1m lenne \u00fagy \u00e9rzem, ha itt lenn\u00e9l velem!<br \/>\n&#8212;V\u00e9ge&#8212;<\/p>\n","protected":false},"featured_media":8718,"template":"","meta":{"site-sidebar-layout":"default","site-content-layout":"default","ast-site-content-layout":"default","site-content-style":"default","site-sidebar-style":"default","ast-global-header-display":"","ast-banner-title-visibility":"","ast-main-header-display":"","ast-hfb-above-header-display":"","ast-hfb-below-header-display":"","ast-hfb-mobile-header-display":"","site-post-title":"","ast-breadcrumbs-content":"","ast-featured-img":"","footer-sml-layout":"","theme-transparent-header-meta":"default","adv-header-id-meta":"","stick-header-meta":"","header-above-stick-meta":"","header-main-stick-meta":"","header-below-stick-meta":"","astra-migrate-meta-layouts":"set","ast-page-background-enabled":"default","ast-page-background-meta":{"desktop":{"background-color":"var(--ast-global-color-4)","background-image":"","background-repeat":"repeat","background-position":"center center","background-size":"auto","background-attachment":"scroll","background-type":"","background-media":"","overlay-type":"","overlay-color":"","overlay-opacity":"","overlay-gradient":""},"tablet":{"background-color":"","background-image":"","background-repeat":"repeat","background-position":"center center","background-size":"auto","background-attachment":"scroll","background-type":"","background-media":"","overlay-type":"","overlay-color":"","overlay-opacity":"","overlay-gradient":""},"mobile":{"background-color":"","background-image":"","background-repeat":"repeat","background-position":"center center","background-size":"auto","background-attachment":"scroll","background-type":"","background-media":"","overlay-type":"","overlay-color":"","overlay-opacity":"","overlay-gradient":""}},"ast-content-background-meta":{"desktop":{"background-color":"var(--ast-global-color-5)","background-image":"","background-repeat":"repeat","background-position":"center center","background-size":"auto","background-attachment":"scroll","background-type":"","background-media":"","overlay-type":"","overlay-color":"","overlay-opacity":"","overlay-gradient":""},"tablet":{"background-color":"var(--ast-global-color-5)","background-image":"","background-repeat":"repeat","background-position":"center center","background-size":"auto","background-attachment":"scroll","background-type":"","background-media":"","overlay-type":"","overlay-color":"","overlay-opacity":"","overlay-gradient":""},"mobile":{"background-color":"var(--ast-global-color-5)","background-image":"","background-repeat":"repeat","background-position":"center center","background-size":"auto","background-attachment":"scroll","background-type":"","background-media":"","overlay-type":"","overlay-color":"","overlay-opacity":"","overlay-gradient":""}}},"product_cat":[48],"product_tag":[],"class_list":["post-5811","product","type-product","status-publish","has-post-thumbnail","hentry","product_cat-sunkaraoke-dalok","desktop-align-left","tablet-align-left","mobile-align-left"],"_links":{"self":[{"href":"https:\/\/www.sunkaraoke.hu\/index.php\/wp-json\/wp\/v2\/product\/5811","targetHints":{"allow":["GET"]}}],"collection":[{"href":"https:\/\/www.sunkaraoke.hu\/index.php\/wp-json\/wp\/v2\/product"}],"about":[{"href":"https:\/\/www.sunkaraoke.hu\/index.php\/wp-json\/wp\/v2\/types\/product"}],"wp:featuredmedia":[{"embeddable":true,"href":"https:\/\/www.sunkaraoke.hu\/index.php\/wp-json\/wp\/v2\/media\/8718"}],"wp:attachment":[{"href":"https:\/\/www.sunkaraoke.hu\/index.php\/wp-json\/wp\/v2\/media?parent=5811"}],"wp:term":[{"taxonomy":"product_cat","embeddable":true,"href":"https:\/\/www.sunkaraoke.hu\/index.php\/wp-json\/wp\/v2\/product_cat?post=5811"},{"taxonomy":"product_tag","embeddable":true,"href":"https:\/\/www.sunkaraoke.hu\/index.php\/wp-json\/wp\/v2\/product_tag?post=5811"}],"curies":[{"name":"wp","href":"https:\/\/api.w.org\/{rel}","templated":true}]}}