{"id":5808,"date":"2022-08-08T20:49:52","date_gmt":"2022-08-08T20:49:52","guid":{"rendered":"https:\/\/www.sunkaraoke.hu\/index.php\/termek\/piros-bela-piros-bela-mulatos-mix-37\/"},"modified":"2025-04-07T11:10:54","modified_gmt":"2025-04-07T11:10:54","slug":"piros-bela-piros-bela-mulatos-mix-37","status":"publish","type":"product","link":"https:\/\/www.sunkaraoke.hu\/index.php\/termek\/piros-bela-piros-bela-mulatos-mix-37\/","title":{"rendered":"<div class=\"wcmp-player-container product-5808\"><audio controlslist=\"nodownload\" data-product=\"5808\"  volume=\"1\"  preload=\"none\" data-lazyloading=\"none\" class=\"wcmp-player track mejs-classic\" data-duration=\"0:31\" data-estimated_duration=\"4\"><source src=\"https:\/\/www.sunkaraoke.hu\/wp-content\/uploads\/2022\/08\/Piros-Bela-Mulatos-mix-37.-kdemooo.mp3\" type=\"audio\/mp3\" \/><\/audio><\/div>Piros B\u00e9la &#8211; Piros B\u00e9la mulat\u00f3s mix 37. (Original)"},"content":{"rendered":"<p><strong>10:18<\/strong> | <strong><img loading=\"lazy\" decoding=\"async\" class=\"alignnone size-full wp-image-467\" src=\"https:\/\/www.sunkaraoke.hu\/wp-content\/uploads\/2022\/07\/choir_2-copy.webp\" alt=\"\" width=\"30\" height=\"30\" \/> <\/strong><\/p>\n","protected":false},"excerpt":{"rendered":"<h6><strong>Bits\u0171r\u0171s\u00e9g: 320<\/strong>kb\/s<strong><br \/>\n<\/strong><strong>Hossz: <\/strong>10:18<strong><br \/>\n<\/strong><strong style=\"font-size: 16px;\">Vok\u00e1lt tartalmaz: <\/strong>Nem <img loading=\"lazy\" decoding=\"async\" class=\"alignnone size-full wp-image-467\" src=\"http:\/\/www.sunkaraoke.hu\/wp-content\/uploads\/2022\/07\/choir_2-copy.png\" alt=\"\" width=\"30\" height=\"30\" \/><strong style=\"font-size: 16px;\"><br \/>\n<\/strong><\/h6>\n<p>Sunkaraoke mp3 st\u00fadi\u00f3 \/ www.sunkaraoke.hu \/ Inf: Tel: 06 20 4275001<\/p>\n<p>&#8212;Intr\u00f3&#8212;<br \/>\nFeh\u00e9ret vir\u00e1gzik, feh\u00e9ret vir\u00e1gzik az ak\u00e1cfa,<br \/>\nnem kell n\u00e9kem senkinek a megunt bab\u00e1ja.<br \/>\nNem kell n\u00e9kem senkinek a megunt bab\u00e1ja,<br \/>\nak\u00e1rmilyen sz\u00e9p is, ha szerelmet \u00edg\u00e9r is, hi\u00e1ba.<br \/>\nNem kell n\u00e9kem senkinek a megunt bab\u00e1ja,<br \/>\nak\u00e1rmilyen sz\u00e9p is, ha szerelmet \u00edg\u00e9r is, hi\u00e1ba.<\/p>\n<p>Este sz\u00e1ll a fecske, este sz\u00e1ll a fecske f\u00e9szk\u00e9re,<br \/>\n\u00e9n is este be\u00fcl\u00f6k a bab\u00e1m \u00f6l\u00e9be.<br \/>\n\u00c9n is este be\u00fcl\u00f6k a bab\u00e1m \u00f6l\u00e9be,<br \/>\nmegk\u00e9rdezem t\u0151le, szeret-e vagy elhagy \u00f6r\u00f6kre.<br \/>\n\u00c9n is este be\u00fcl\u00f6k a bab\u00e1m \u00f6l\u00e9be,<br \/>\nmegk\u00e9rdezem t\u0151le, szeret-e vagy elhagy \u00f6r\u00f6kre.<br \/>\n&#8212;Sz\u00f3l\u00f3&#8212;<br \/>\nFeh\u00e9ret vir\u00e1gzik, feh\u00e9ret vir\u00e1gzik az ak\u00e1cfa,<br \/>\nnem kell n\u00e9kem senkinek a megunt bab\u00e1ja.<br \/>\nNem kell n\u00e9kem senkinek a megunt bab\u00e1ja,<br \/>\nak\u00e1rmilyen sz\u00e9p is, ha szerelmet \u00edg\u00e9r is, hi\u00e1ba.<br \/>\nNem kell n\u00e9kem senkinek a megunt bab\u00e1ja,<br \/>\nak\u00e1rmilyen sz\u00e9p is, ha szerelmet \u00edg\u00e9r is, hi\u00e1ba.<\/p>\n<p>Este sz\u00e1ll a fecske, este sz\u00e1ll a fecske f\u00e9szk\u00e9re,<br \/>\n\u00e9n is este be\u00fcl\u00f6k a bab\u00e1m \u00f6l\u00e9be.<br \/>\n\u00c9n is este be\u00fcl\u00f6k a bab\u00e1m \u00f6l\u00e9be,<br \/>\nmegk\u00e9rdezem t\u0151le, szeret-e vagy elhagy \u00f6r\u00f6kre.<br \/>\n\u00c9n is este be\u00fcl\u00f6k a bab\u00e1m \u00f6l\u00e9be,<br \/>\nmegk\u00e9rdezem t\u0151le, szeret-e vagy elhagy \u00f6r\u00f6kre.<br \/>\n&#8212;Sz\u00f3l\u00f3&#8212;<br \/>\nK\u00e1poszta, k\u00e1poszta,t\u00e9li ny\u00e1ri k\u00e1poszta,<br \/>\n\u00e9desany\u00e1m h\u00e1za n\u00e1lam n\u00e9lk\u00fcl, de \u00e1rva.<br \/>\nAz van a k\u00e1poszta ,kacskaring\u00f3s level\u00e9re r\u00e1\u00edrva,<br \/>\n\u00e9rted lettem r\u00f3zs\u00e1m ,h\u00e1rom \u00e9vig katona.<br \/>\nAz van a k\u00e1poszta ,kacskaring\u00f3s level\u00e9re r\u00e1\u00edrva,<br \/>\n\u00e9rted lettem r\u00f3zs\u00e1m ,h\u00e1rom \u00e9vig katona.<br \/>\nLed\u0171l\u00f6tt, led\u0171l\u00f6tt a sz\u00e9naboglya teteje,<br \/>\ng\u00f3lyamad\u00e1r sej, haj ,f\u00e9szket rakott bel\u0151le.<br \/>\nA g\u00f3lyamad\u00e1r sej, haj sz\u00e9pen kelepel a h\u00e1ztet\u0151n,<br \/>\nelhagyott, elhagyott engemet a szeret\u0151m.<br \/>\nA g\u00f3lyamad\u00e1r sej, haj sz\u00e9pen kelepel a h\u00e1ztet\u0151n,<br \/>\nelhagyott, elhagyott engemet a szeret\u0151m.<br \/>\n&#8212;Sz\u00f3l\u00f3&#8212;<br \/>\n\u00dagy m\u00e9g sose volt, hogy valahogy ne lett volna,<br \/>\n\u00e9n nem b\u00fasulok, hogy nem szeretsz tegnap \u00f3ta.<br \/>\nNincs m\u00e1r divatban csal\u00f3d\u00e1st\u00f3l gy\u00e1szba j\u00e1rni,<br \/>\negy ha el is hagy, mindig lehet m\u00e1st tal\u00e1lni.<br \/>\nNincs m\u00e1r divatban csal\u00f3d\u00e1st\u00f3l gy\u00e1szba j\u00e1rni,<br \/>\negy ha el is hagy, mindig lehet m\u00e1st tal\u00e1lni.<\/p>\n<p>\u00c9n is tal\u00e1ltam, cukor annak minden cs\u00f3kja,<br \/>\nr\u00e9gi galambom, nem \u00f6lelhetsz k\u00e9t karodba<br \/>\nSz\u00edved ha f\u00e1jna, v\u00edgasztaljon ez a n\u00f3ta,<br \/>\n\u00fagy m\u00e9g sose volt, hogy valahogy ne lett volna.<br \/>\nSz\u00edved ha f\u00e1jna, v\u00edgasztaljon ez a n\u00f3ta,<br \/>\n\u00fagy m\u00e9g sose volt, hogy valahogy ne lett volna.<br \/>\n&#8212;Sz\u00f3l\u00f3&#8212;<br \/>\nDebrecenbe, k\u00e9t \u00faton kell bemenni,<br \/>\nde szeretn\u00e9k a r\u00f3zs\u00e1mmal besz\u00e9lni.<br \/>\nT\u00e9len-ny\u00e1ron rozmaringos az ablaka,<br \/>\njaj, de sokat \u00e1ztam-f\u00e1ztam alatta.<br \/>\nT\u00e9len-ny\u00e1ron rozmaringos az ablaka,<br \/>\njaj, de sokat \u00e1ztam-f\u00e1ztam alatta.<\/p>\n<p>\u00c9desany\u00e1m, eresszen el a b\u00e1lba,<br \/>\nk\u00f6t\u00e9ny n\u00e9lk\u00fcl a r\u00f3zsasz\u00edn ruh\u00e1mba.<br \/>\nGy\u00e1sz m\u00e1r n\u00e9kem a r\u00f3zsasz\u00edn ruh\u00e1m is,<br \/>\n\u00e1rva vagyok, elhagyott a bab\u00e1m is.<br \/>\nGy\u00e1sz m\u00e1r n\u00e9kem a r\u00f3zsasz\u00edn ruh\u00e1m is,<br \/>\n\u00e1rva vagyok, elhagyott a bab\u00e1m is.<br \/>\n&#8212;Sz\u00f3l\u00f3&#8212;<br \/>\nK\u00e9k a k\u00f6k\u00e9ny, ha meg\u00e9rik fekete,<br \/>\nnem leszek \u00e9n debreceni menyecske.<br \/>\nK\u00e1r volna m\u00e9g engemet f\u00e9rjhez adni,<br \/>\nr\u00f3zsa helyett bimb\u00f3t leszak\u00edtani.<br \/>\nK\u00e1r volna m\u00e9g engemet f\u00e9rjhez adni,<br \/>\nr\u00f3zsa helyett bimb\u00f3t leszak\u00edtani.<br \/>\n&#8212;Sz\u00f3l\u00f3&#8212;<br \/>\nAranycip\u0151, aranyruha, roma b\u00e1lba k\u00e9sz\u00fcl ma a cig\u00e1ny h\u00faga.<br \/>\nAranygy\u0171r\u0171, aranyszalag, \u00e9s a fej\u00e9n arany csipk\u00e9s arany kalap.<br \/>\nCsukl\u00f3j\u00e1n egy arany kark\u00f6t\u0151,<br \/>\ngy\u0171r\u0171j\u00e9ben ott ragyog a k\u0151,<br \/>\nCs\u00f6pp kis f\u00fcl\u00e9n arany karika,<br \/>\njaj de csinos ez a Marika.<br \/>\nCsukl\u00f3j\u00e1n egy arany kark\u00f6t\u0151,<br \/>\ngy\u0171r\u0171j\u00e9ben ott ragyog a k\u0151,<br \/>\nCs\u00f6pp kis f\u00fcl\u00e9n arany karika,<br \/>\njaj de csinos ez a Marika.<\/p>\n<p>Nincs arany cip\u0151m sem arany \u00f3r\u00e1m ,<br \/>\na cs\u00f3r\u00f3s\u00e1gt\u00f3l kil\u00e1tszik a terem-bur\u00e1m<br \/>\nNincs arany gy\u0171r\u0171m sem arany \u00f3r\u00e1m,<br \/>\na b\u00e1li ruha valahogyan sosem j\u00f3 r\u00e1m.<\/p>\n<p>Cig\u00e1ny b\u00e1lba \u00fagy se megyek \u00e9n,<br \/>\nkin\u00e9zn\u00e9nek m\u00e9g az elej\u00e9n.<br \/>\nJ\u00f3 nekem itt lenn a faluban,<br \/>\na kocsm\u00e1ban cig\u00e1nyzene van.<br \/>\nCig\u00e1ny b\u00e1lba \u00fagy se megyek \u00e9n,<br \/>\nkin\u00e9zn\u00e9nek m\u00e9g az elej\u00e9n.<br \/>\nJ\u00f3 nekem itt lenn a faluban,<br \/>\na kocsm\u00e1ban cig\u00e1nyzene van.<br \/>\n&#8212;V\u00e9ge&#8212;<\/p>\n","protected":false},"featured_media":12989,"template":"","meta":{"site-sidebar-layout":"default","site-content-layout":"default","ast-site-content-layout":"default","site-content-style":"default","site-sidebar-style":"default","ast-global-header-display":"","ast-banner-title-visibility":"","ast-main-header-display":"","ast-hfb-above-header-display":"","ast-hfb-below-header-display":"","ast-hfb-mobile-header-display":"","site-post-title":"","ast-breadcrumbs-content":"","ast-featured-img":"","footer-sml-layout":"","theme-transparent-header-meta":"default","adv-header-id-meta":"","stick-header-meta":"","header-above-stick-meta":"","header-main-stick-meta":"","header-below-stick-meta":"","astra-migrate-meta-layouts":"set","ast-page-background-enabled":"default","ast-page-background-meta":{"desktop":{"background-color":"var(--ast-global-color-4)","background-image":"","background-repeat":"repeat","background-position":"center center","background-size":"auto","background-attachment":"scroll","background-type":"","background-media":"","overlay-type":"","overlay-color":"","overlay-opacity":"","overlay-gradient":""},"tablet":{"background-color":"","background-image":"","background-repeat":"repeat","background-position":"center center","background-size":"auto","background-attachment":"scroll","background-type":"","background-media":"","overlay-type":"","overlay-color":"","overlay-opacity":"","overlay-gradient":""},"mobile":{"background-color":"","background-image":"","background-repeat":"repeat","background-position":"center center","background-size":"auto","background-attachment":"scroll","background-type":"","background-media":"","overlay-type":"","overlay-color":"","overlay-opacity":"","overlay-gradient":""}},"ast-content-background-meta":{"desktop":{"background-color":"var(--ast-global-color-5)","background-image":"","background-repeat":"repeat","background-position":"center center","background-size":"auto","background-attachment":"scroll","background-type":"","background-media":"","overlay-type":"","overlay-color":"","overlay-opacity":"","overlay-gradient":""},"tablet":{"background-color":"var(--ast-global-color-5)","background-image":"","background-repeat":"repeat","background-position":"center center","background-size":"auto","background-attachment":"scroll","background-type":"","background-media":"","overlay-type":"","overlay-color":"","overlay-opacity":"","overlay-gradient":""},"mobile":{"background-color":"var(--ast-global-color-5)","background-image":"","background-repeat":"repeat","background-position":"center center","background-size":"auto","background-attachment":"scroll","background-type":"","background-media":"","overlay-type":"","overlay-color":"","overlay-opacity":"","overlay-gradient":""}}},"product_cat":[48],"product_tag":[],"class_list":["post-5808","product","type-product","status-publish","has-post-thumbnail","hentry","product_cat-sunkaraoke-dalok","desktop-align-left","tablet-align-left","mobile-align-left"],"_links":{"self":[{"href":"https:\/\/www.sunkaraoke.hu\/index.php\/wp-json\/wp\/v2\/product\/5808","targetHints":{"allow":["GET"]}}],"collection":[{"href":"https:\/\/www.sunkaraoke.hu\/index.php\/wp-json\/wp\/v2\/product"}],"about":[{"href":"https:\/\/www.sunkaraoke.hu\/index.php\/wp-json\/wp\/v2\/types\/product"}],"wp:featuredmedia":[{"embeddable":true,"href":"https:\/\/www.sunkaraoke.hu\/index.php\/wp-json\/wp\/v2\/media\/12989"}],"wp:attachment":[{"href":"https:\/\/www.sunkaraoke.hu\/index.php\/wp-json\/wp\/v2\/media?parent=5808"}],"wp:term":[{"taxonomy":"product_cat","embeddable":true,"href":"https:\/\/www.sunkaraoke.hu\/index.php\/wp-json\/wp\/v2\/product_cat?post=5808"},{"taxonomy":"product_tag","embeddable":true,"href":"https:\/\/www.sunkaraoke.hu\/index.php\/wp-json\/wp\/v2\/product_tag?post=5808"}],"curies":[{"name":"wp","href":"https:\/\/api.w.org\/{rel}","templated":true}]}}