{"id":5807,"date":"2022-08-08T20:49:52","date_gmt":"2022-08-08T20:49:52","guid":{"rendered":"https:\/\/www.sunkaraoke.hu\/index.php\/termek\/bodi-guszti-margo-majusi-majusi-2020\/"},"modified":"2025-10-29T10:36:56","modified_gmt":"2025-10-29T08:36:56","slug":"bodi-guszti-margo-majusi-majusi-2020","status":"publish","type":"product","link":"https:\/\/www.sunkaraoke.hu\/index.php\/termek\/bodi-guszti-margo-majusi-majusi-2020\/","title":{"rendered":"<div class=\"wcmp-player-container product-5807\"><audio controlslist=\"nodownload\" data-product=\"5807\"  volume=\"1\"  preload=\"none\" data-lazyloading=\"none\" class=\"wcmp-player track mejs-classic\" data-duration=\"0:32\" data-estimated_duration=\"4\"><source src=\"https:\/\/www.sunkaraoke.hu\/wp-content\/uploads\/2022\/08\/Majusi-Bodi-G-SB_demo.mp3\" type=\"audio\/mp3\" \/><\/audio><\/div>B\u00f3di Guszti &#038; Marg\u00f3 &#8211; M\u00e1jusi m\u00e1jusi (Original SB Edition)"},"content":{"rendered":"<p><strong>03:32<\/strong> | <strong><img loading=\"lazy\" decoding=\"async\" class=\"alignnone size-full wp-image-467\" src=\"https:\/\/www.sunkaraoke.hu\/wp-content\/uploads\/2022\/07\/choir_2-copy.webp\" alt=\"\" width=\"30\" height=\"30\" \/> <\/strong><\/p>\n","protected":false},"excerpt":{"rendered":"<h6>Bits\u0171r\u0171s\u00e9g: 320 kb\/s<br \/>\nHossz: 03:32<br \/>\nVok\u00e1lt tartalmaz: Nem <img loading=\"lazy\" decoding=\"async\" class=\"alignnone size-full wp-image-467\" src=\"http:\/\/www.sunkaraoke.hu\/wp-content\/uploads\/2022\/07\/choir_2-copy.png\" alt=\"\" width=\"30\" height=\"30\" \/><strong style=\"font-size: 16px;\"><br \/>\n<\/strong><\/h6>\n<p>Sunkaraoke mp3 st\u00fadi\u00f3 \/ www.sunkaraoke.hu \/ Inf: Tel: 06 20 4275001<\/p>\n<p>&#8212;Intr\u00f3&#8212;<br \/>\nM\u00e1jusi m\u00e1jusi sej, de nagyon suk\u00e1r sej\u2026.<br \/>\nJajj de nagyon suk\u00e1r dej,de suk\u00e1r sej,<br \/>\nDevl\u00e1 devl\u00e1 aj le le le le\u2026.Jaj devla devl\u00e1\u2026.<br \/>\nMeg\u0151r\u00fcl\u00f6k \u00e9rted sej, annyira szeretlek.<br \/>\nJaj a gy\u00f6ny\u00f6r\u0171 szemednek, \u00f6r\u00f6kre rabja,<br \/>\n\u00f6r\u00f6k rabja lej, oj le le,le,le, jajj rabja lettem!<br \/>\n&#8212;Sz\u00f3l\u00f3&#8212;<br \/>\nA tus\u00e1mgori g\u00e1dzsi lej, abe daben tuke!<br \/>\nJaj, de nagyon suk\u00e1r sz\u00e1\u2026.de suk\u00e1r sz\u00e1.<br \/>\nSi a devl\u00e1, oj le le, le , le,Jaj devla devl\u00e1.<br \/>\nSz\u00e9p vagy nekem romnyi,a legszebb vagy nekem.<br \/>\nJaj, ha nem vagy mellettem\u2026Mit \u00e9r devl\u00e1,<br \/>\nmit \u00e9r az \u00e9let\u2026.oj aj le le le\u2026<br \/>\nJaj, az \u00e9letem?<br \/>\nAlom \u00e1lom \u00e1lom\u2026.jaj \u00e1lom \u00e1lom \u00e1lom&#8230;<br \/>\n&#8212;V\u00e9ge&#8212;<\/p>\n","protected":false},"featured_media":8719,"template":"","meta":{"site-sidebar-layout":"default","site-content-layout":"default","ast-site-content-layout":"default","site-content-style":"default","site-sidebar-style":"default","ast-global-header-display":"","ast-banner-title-visibility":"","ast-main-header-display":"","ast-hfb-above-header-display":"","ast-hfb-below-header-display":"","ast-hfb-mobile-header-display":"","site-post-title":"","ast-breadcrumbs-content":"","ast-featured-img":"","footer-sml-layout":"","theme-transparent-header-meta":"default","adv-header-id-meta":"","stick-header-meta":"","header-above-stick-meta":"","header-main-stick-meta":"","header-below-stick-meta":"","astra-migrate-meta-layouts":"set","ast-page-background-enabled":"default","ast-page-background-meta":{"desktop":{"background-color":"var(--ast-global-color-4)","background-image":"","background-repeat":"repeat","background-position":"center center","background-size":"auto","background-attachment":"scroll","background-type":"","background-media":"","overlay-type":"","overlay-color":"","overlay-opacity":"","overlay-gradient":""},"tablet":{"background-color":"","background-image":"","background-repeat":"repeat","background-position":"center center","background-size":"auto","background-attachment":"scroll","background-type":"","background-media":"","overlay-type":"","overlay-color":"","overlay-opacity":"","overlay-gradient":""},"mobile":{"background-color":"","background-image":"","background-repeat":"repeat","background-position":"center center","background-size":"auto","background-attachment":"scroll","background-type":"","background-media":"","overlay-type":"","overlay-color":"","overlay-opacity":"","overlay-gradient":""}},"ast-content-background-meta":{"desktop":{"background-color":"var(--ast-global-color-5)","background-image":"","background-repeat":"repeat","background-position":"center center","background-size":"auto","background-attachment":"scroll","background-type":"","background-media":"","overlay-type":"","overlay-color":"","overlay-opacity":"","overlay-gradient":""},"tablet":{"background-color":"var(--ast-global-color-5)","background-image":"","background-repeat":"repeat","background-position":"center center","background-size":"auto","background-attachment":"scroll","background-type":"","background-media":"","overlay-type":"","overlay-color":"","overlay-opacity":"","overlay-gradient":""},"mobile":{"background-color":"var(--ast-global-color-5)","background-image":"","background-repeat":"repeat","background-position":"center center","background-size":"auto","background-attachment":"scroll","background-type":"","background-media":"","overlay-type":"","overlay-color":"","overlay-opacity":"","overlay-gradient":""}}},"product_cat":[48],"product_tag":[],"class_list":["post-5807","product","type-product","status-publish","has-post-thumbnail","hentry","product_cat-sunkaraoke-dalok","desktop-align-left","tablet-align-left","mobile-align-left"],"_links":{"self":[{"href":"https:\/\/www.sunkaraoke.hu\/index.php\/wp-json\/wp\/v2\/product\/5807","targetHints":{"allow":["GET"]}}],"collection":[{"href":"https:\/\/www.sunkaraoke.hu\/index.php\/wp-json\/wp\/v2\/product"}],"about":[{"href":"https:\/\/www.sunkaraoke.hu\/index.php\/wp-json\/wp\/v2\/types\/product"}],"wp:featuredmedia":[{"embeddable":true,"href":"https:\/\/www.sunkaraoke.hu\/index.php\/wp-json\/wp\/v2\/media\/8719"}],"wp:attachment":[{"href":"https:\/\/www.sunkaraoke.hu\/index.php\/wp-json\/wp\/v2\/media?parent=5807"}],"wp:term":[{"taxonomy":"product_cat","embeddable":true,"href":"https:\/\/www.sunkaraoke.hu\/index.php\/wp-json\/wp\/v2\/product_cat?post=5807"},{"taxonomy":"product_tag","embeddable":true,"href":"https:\/\/www.sunkaraoke.hu\/index.php\/wp-json\/wp\/v2\/product_tag?post=5807"}],"curies":[{"name":"wp","href":"https:\/\/api.w.org\/{rel}","templated":true}]}}