{"id":5804,"date":"2022-08-08T20:49:52","date_gmt":"2022-08-08T20:49:52","guid":{"rendered":"https:\/\/www.sunkaraoke.hu\/index.php\/termek\/jolly-gyere-erezd-magad-jol\/"},"modified":"2025-04-13T09:36:37","modified_gmt":"2025-04-13T09:36:37","slug":"jolly-gyere-erezd-magad-jol","status":"publish","type":"product","link":"https:\/\/www.sunkaraoke.hu\/index.php\/termek\/jolly-gyere-erezd-magad-jol\/","title":{"rendered":"<div class=\"wcmp-player-container product-5804\"><audio controlslist=\"nodownload\" data-product=\"5804\"  volume=\"1\"  preload=\"none\" data-lazyloading=\"none\" class=\"wcmp-player track mejs-classic\" data-duration=\"0:33\" data-estimated_duration=\"4\"><source src=\"https:\/\/www.sunkaraoke.hu\/wp-content\/uploads\/2022\/08\/Gyere-erezd-magad-jol-Jolly-SB_demo.mp3\" type=\"audio\/mp3\" \/><\/audio><\/div>Jolly &#8211; Gyere \u00e9rezd magad j\u00f3l (Original)"},"content":{"rendered":"<p><strong>03:33<\/strong> | <strong><img loading=\"lazy\" decoding=\"async\" class=\"alignnone size-full wp-image-467\" src=\"https:\/\/www.sunkaraoke.hu\/wp-content\/uploads\/2022\/07\/choir_2-copy.webp\" alt=\"\" width=\"30\" height=\"30\" \/> <\/strong><\/p>\n","protected":false},"excerpt":{"rendered":"<h5><strong>Bits\u0171r\u0171s\u00e9g: 320 kb\/s<\/strong><br \/>\n<strong>Hossz: 03:33<\/strong><br \/>\n<strong>Vok\u00e1lt tartalmaz: Nem <img loading=\"lazy\" decoding=\"async\" class=\"alignnone size-full wp-image-467\" src=\"http:\/\/www.sunkaraoke.hu\/wp-content\/uploads\/2022\/07\/choir_2-copy.png\" alt=\"\" width=\"30\" height=\"30\" \/><\/strong><\/h5>\n<p>Sunkaraoke mp3 st\u00fadi\u00f3 \/ www.sunkaraoke.hu \/ Inf: Tel: 06 20 4275001<\/p>\n<p>&#8212;Intr\u00f3&#8212;<br \/>\nMa \u00e9jszaka j\u00f3 a kedvem, szerencs\u00e9m lett v\u00e9gre a tippmixen,<br \/>\nelmegyek egy j\u00f3t mulatni,a kedvenc helyemre.<br \/>\nMa \u00e9jszaka j\u00f3 a kedvem, t\u00e1ncolnom kell azt \u00e9rzem,<br \/>\nelmegyek egy j\u00f3t mulatni,a kedvenc helyemre.<\/p>\n<p>Gyere \u00e9rezd magad j\u00f3l,<br \/>\nez a zene most neked sz\u00f3l,<br \/>\nt\u00e1ncolj hajnalig \u00e9s mulass j\u00f3l.<br \/>\nGyere \u00e9rezd magad j\u00f3l,<br \/>\nez a zene most neked sz\u00f3l,<br \/>\nma este a Jolly, csak nektek dalol.<br \/>\n&#8212;Sz\u00f3l\u00f3&#8212;\/\/01:29\/\/<br \/>\nT\u00e1ncoljuk \u00e1t az \u00e9jszak\u00e1t, mulassunk egy nagyot,<br \/>\natt\u00f3l lesz most j\u00f3 a kedv\u00fcnk, ha nektek dalolok.<br \/>\nT\u00e1ncoljuk \u00e1t az \u00e9jszak\u00e1t, mulassunk egy nagyot,<br \/>\natt\u00f3l lesz majd j\u00f3 a kedv\u00fcnk, ha nektek dalolok.<\/p>\n<p>Gyere \u00e9rezd magad j\u00f3l,<br \/>\nez a zene most neked sz\u00f3l,<br \/>\nt\u00e1ncolj hajnalig \u00e9s mulass j\u00f3l.<br \/>\nGyere \u00e9rezd magad j\u00f3l,<br \/>\nez a zene most neked sz\u00f3l,<br \/>\nma este a Jolly, csak nektek dalol.<\/p>\n<p>L\u00e9j, l\u00e9j, j\u00e9j&#8230;.<br \/>\nGyere \u00e9rezd magad j\u00f3l,<br \/>\nez a zene most neked sz\u00f3l,<br \/>\nt\u00e1ncolj hajnalig \u00e9s mulass j\u00f3l.<br \/>\nGyere \u00e9rezd magad j\u00f3l,<br \/>\nez a zene most neked sz\u00f3l,<br \/>\nma este a Jolly, csak nektek dalol.<br \/>\nGyere \u00e9rezd magad j\u00f3l,<br \/>\nez a zene most neked sz\u00f3l,<br \/>\nt\u00e1ncolj hajnalig \u00e9s mulass j\u00f3l.<br \/>\nGyere \u00e9rezd magad j\u00f3l,<br \/>\nez a zene most neked sz\u00f3l,<br \/>\nma este a Jolly, csak nektek&#8230;<br \/>\nMa este a Jolly, csak nektek&#8230;.<br \/>\nMa este a Jolly, csak nektek dalol&#8230;.<br \/>\n&#8212;V\u00e9ge&#8212;<\/p>\n","protected":false},"featured_media":6147,"template":"","meta":{"site-sidebar-layout":"default","site-content-layout":"default","ast-site-content-layout":"default","site-content-style":"default","site-sidebar-style":"default","ast-global-header-display":"","ast-banner-title-visibility":"","ast-main-header-display":"","ast-hfb-above-header-display":"","ast-hfb-below-header-display":"","ast-hfb-mobile-header-display":"","site-post-title":"","ast-breadcrumbs-content":"","ast-featured-img":"","footer-sml-layout":"","theme-transparent-header-meta":"default","adv-header-id-meta":"","stick-header-meta":"","header-above-stick-meta":"","header-main-stick-meta":"","header-below-stick-meta":"","astra-migrate-meta-layouts":"set","ast-page-background-enabled":"default","ast-page-background-meta":{"desktop":{"background-color":"var(--ast-global-color-4)","background-image":"","background-repeat":"repeat","background-position":"center center","background-size":"auto","background-attachment":"scroll","background-type":"","background-media":"","overlay-type":"","overlay-color":"","overlay-opacity":"","overlay-gradient":""},"tablet":{"background-color":"","background-image":"","background-repeat":"repeat","background-position":"center center","background-size":"auto","background-attachment":"scroll","background-type":"","background-media":"","overlay-type":"","overlay-color":"","overlay-opacity":"","overlay-gradient":""},"mobile":{"background-color":"","background-image":"","background-repeat":"repeat","background-position":"center center","background-size":"auto","background-attachment":"scroll","background-type":"","background-media":"","overlay-type":"","overlay-color":"","overlay-opacity":"","overlay-gradient":""}},"ast-content-background-meta":{"desktop":{"background-color":"var(--ast-global-color-5)","background-image":"","background-repeat":"repeat","background-position":"center center","background-size":"auto","background-attachment":"scroll","background-type":"","background-media":"","overlay-type":"","overlay-color":"","overlay-opacity":"","overlay-gradient":""},"tablet":{"background-color":"var(--ast-global-color-5)","background-image":"","background-repeat":"repeat","background-position":"center center","background-size":"auto","background-attachment":"scroll","background-type":"","background-media":"","overlay-type":"","overlay-color":"","overlay-opacity":"","overlay-gradient":""},"mobile":{"background-color":"var(--ast-global-color-5)","background-image":"","background-repeat":"repeat","background-position":"center center","background-size":"auto","background-attachment":"scroll","background-type":"","background-media":"","overlay-type":"","overlay-color":"","overlay-opacity":"","overlay-gradient":""}}},"product_cat":[48],"product_tag":[],"class_list":["post-5804","product","type-product","status-publish","has-post-thumbnail","hentry","product_cat-sunkaraoke-dalok","desktop-align-left","tablet-align-left","mobile-align-left"],"_links":{"self":[{"href":"https:\/\/www.sunkaraoke.hu\/index.php\/wp-json\/wp\/v2\/product\/5804","targetHints":{"allow":["GET"]}}],"collection":[{"href":"https:\/\/www.sunkaraoke.hu\/index.php\/wp-json\/wp\/v2\/product"}],"about":[{"href":"https:\/\/www.sunkaraoke.hu\/index.php\/wp-json\/wp\/v2\/types\/product"}],"wp:featuredmedia":[{"embeddable":true,"href":"https:\/\/www.sunkaraoke.hu\/index.php\/wp-json\/wp\/v2\/media\/6147"}],"wp:attachment":[{"href":"https:\/\/www.sunkaraoke.hu\/index.php\/wp-json\/wp\/v2\/media?parent=5804"}],"wp:term":[{"taxonomy":"product_cat","embeddable":true,"href":"https:\/\/www.sunkaraoke.hu\/index.php\/wp-json\/wp\/v2\/product_cat?post=5804"},{"taxonomy":"product_tag","embeddable":true,"href":"https:\/\/www.sunkaraoke.hu\/index.php\/wp-json\/wp\/v2\/product_tag?post=5804"}],"curies":[{"name":"wp","href":"https:\/\/api.w.org\/{rel}","templated":true}]}}