{"id":5797,"date":"2022-08-08T20:49:51","date_gmt":"2022-08-08T20:49:51","guid":{"rendered":"https:\/\/www.sunkaraoke.hu\/index.php\/termek\/jolly-arrivederci-amore\/"},"modified":"2026-03-05T08:58:56","modified_gmt":"2026-03-05T06:58:56","slug":"jolly-arrivederci-amore","status":"publish","type":"product","link":"https:\/\/www.sunkaraoke.hu\/index.php\/termek\/jolly-arrivederci-amore\/","title":{"rendered":"<div class=\"wcmp-player-container product-5797\"><audio controlslist=\"nodownload\" data-product=\"5797\"  volume=\"1\"  preload=\"none\" data-lazyloading=\"none\" class=\"wcmp-player track mejs-classic\" data-duration=\"0:34\" data-estimated_duration=\"4\"><source src=\"https:\/\/www.sunkaraoke.hu\/wp-content\/uploads\/2022\/08\/Arrivederci-Amore-Jolly-E._demo.mp3\" type=\"audio\/mp3\" \/><\/audio><\/div>Jolly &#8211; Arrivederci Amore (Original Zoly Edition)"},"content":{"rendered":"<p><strong>02:47<\/strong> | <strong><img loading=\"lazy\" decoding=\"async\" class=\"alignnone size-full wp-image-467\" src=\"https:\/\/www.sunkaraoke.hu\/wp-content\/uploads\/2022\/07\/choir_2-copy.webp\" alt=\"\" width=\"30\" height=\"30\" \/> <\/strong><\/p>\n","protected":false},"excerpt":{"rendered":"<h5><strong>Bits\u0171r\u0171s\u00e9g: 320 kb\/s<\/strong><br \/>\n<strong>Hossz: 02:47<\/strong><br \/>\n<strong>Vok\u00e1lt tartalmaz: Nem <img loading=\"lazy\" decoding=\"async\" class=\"alignnone size-full wp-image-467\" src=\"http:\/\/www.sunkaraoke.hu\/wp-content\/uploads\/2022\/07\/choir_2-copy.png\" alt=\"\" width=\"30\" height=\"30\" \/><\/strong><strong style=\"font-size: 16px;\"><br \/>\n<\/strong><\/h5>\n<p>Sunkaraoke mp3 st\u00fadi\u00f3 \/ www.sunkaraoke.hu \/ Inf: Tel: 06 20 4275001<\/p>\n<p>&#8212;Intr\u00f3&#8212;\/\/00:14\/\/<br \/>\nEg\u00e9sz nap szobrozt\u00e1l a parton,<br \/>\nv\u00e1rtad, hogy elindul a nagy haj\u00f3.<br \/>\nEml\u00e9ked meg\u0151rz\u00f6m,<br \/>\nde k\u00e1r, hogy elrep\u00fclt a vak\u00e1ci\u00f3.<br \/>\nArrivederci, arrivederci, csak ennyit sz\u00f3lt\u00e1l.<br \/>\nArrivederci amore ,no-no-no-no-no,<br \/>\nArrivederci amore oh-oh-oh..<br \/>\nSpagettit ett\u00fcnk lent a strandon,<br \/>\nk\u00f6zben v\u00e1rt egy alfa r\u00f3me\u00f3.<br \/>\nGiulia az \u00faton,t\u00f6bb volt, mint izgat\u00f3.<br \/>\nVelence, R\u00f3ma,Firenze, Pisa,<br \/>\nN\u00e1poly, Verona..<br \/>\nArrivederci amore ,no-no-no-no-no,<br \/>\nArrivederci amore oh-oh-oh..<br \/>\nAmore, amore, igazi ny\u00e1ri szerelem,<br \/>\nAmore, amore, jobb, mint egy esti egyetem!<br \/>\nZs\u00fafolt tengerparti kemping,<br \/>\nzsongott minden bungal\u00f3.<br \/>\nHoldf\u00e9ny partira k\u00e9sz\u00fclt,minden r\u00e9zb\u0151r\u0171 vadlak\u00f3!<br \/>\nArrivederci, arrivederci, -csak ennyit sz\u00f3lt\u00e1l.<br \/>\nArrivederci amore ,no-no-no-no-no,<br \/>\nArrivederci amore oh-oh-oh..<br \/>\nArrivederci amore ,no-no-no-no-no,<br \/>\nArrivederci amore oh-oh-oh..<br \/>\nArrivederci amore ,no-no-no-no-no,<br \/>\nArrivedrci\u2026.amore&#8230;amore &#8230;amore!<br \/>\nArrivederci amore !<br \/>\n&#8212;V\u00e9ge&#8212;<\/p>\n","protected":false},"featured_media":6147,"template":"","meta":{"site-sidebar-layout":"default","site-content-layout":"default","ast-site-content-layout":"default","site-content-style":"default","site-sidebar-style":"default","ast-global-header-display":"","ast-banner-title-visibility":"","ast-main-header-display":"","ast-hfb-above-header-display":"","ast-hfb-below-header-display":"","ast-hfb-mobile-header-display":"","site-post-title":"","ast-breadcrumbs-content":"","ast-featured-img":"","footer-sml-layout":"","theme-transparent-header-meta":"default","adv-header-id-meta":"","stick-header-meta":"","header-above-stick-meta":"","header-main-stick-meta":"","header-below-stick-meta":"","astra-migrate-meta-layouts":"set","ast-page-background-enabled":"default","ast-page-background-meta":{"desktop":{"background-color":"var(--ast-global-color-4)","background-image":"","background-repeat":"repeat","background-position":"center center","background-size":"auto","background-attachment":"scroll","background-type":"","background-media":"","overlay-type":"","overlay-color":"","overlay-opacity":"","overlay-gradient":""},"tablet":{"background-color":"","background-image":"","background-repeat":"repeat","background-position":"center center","background-size":"auto","background-attachment":"scroll","background-type":"","background-media":"","overlay-type":"","overlay-color":"","overlay-opacity":"","overlay-gradient":""},"mobile":{"background-color":"","background-image":"","background-repeat":"repeat","background-position":"center center","background-size":"auto","background-attachment":"scroll","background-type":"","background-media":"","overlay-type":"","overlay-color":"","overlay-opacity":"","overlay-gradient":""}},"ast-content-background-meta":{"desktop":{"background-color":"var(--ast-global-color-5)","background-image":"","background-repeat":"repeat","background-position":"center center","background-size":"auto","background-attachment":"scroll","background-type":"","background-media":"","overlay-type":"","overlay-color":"","overlay-opacity":"","overlay-gradient":""},"tablet":{"background-color":"var(--ast-global-color-5)","background-image":"","background-repeat":"repeat","background-position":"center center","background-size":"auto","background-attachment":"scroll","background-type":"","background-media":"","overlay-type":"","overlay-color":"","overlay-opacity":"","overlay-gradient":""},"mobile":{"background-color":"var(--ast-global-color-5)","background-image":"","background-repeat":"repeat","background-position":"center center","background-size":"auto","background-attachment":"scroll","background-type":"","background-media":"","overlay-type":"","overlay-color":"","overlay-opacity":"","overlay-gradient":""}}},"product_cat":[58],"product_tag":[],"class_list":["post-5797","product","type-product","status-publish","has-post-thumbnail","hentry","product_cat-erdelyi-zoltan","desktop-align-left","tablet-align-left","mobile-align-left"],"_links":{"self":[{"href":"https:\/\/www.sunkaraoke.hu\/index.php\/wp-json\/wp\/v2\/product\/5797","targetHints":{"allow":["GET"]}}],"collection":[{"href":"https:\/\/www.sunkaraoke.hu\/index.php\/wp-json\/wp\/v2\/product"}],"about":[{"href":"https:\/\/www.sunkaraoke.hu\/index.php\/wp-json\/wp\/v2\/types\/product"}],"wp:featuredmedia":[{"embeddable":true,"href":"https:\/\/www.sunkaraoke.hu\/index.php\/wp-json\/wp\/v2\/media\/6147"}],"wp:attachment":[{"href":"https:\/\/www.sunkaraoke.hu\/index.php\/wp-json\/wp\/v2\/media?parent=5797"}],"wp:term":[{"taxonomy":"product_cat","embeddable":true,"href":"https:\/\/www.sunkaraoke.hu\/index.php\/wp-json\/wp\/v2\/product_cat?post=5797"},{"taxonomy":"product_tag","embeddable":true,"href":"https:\/\/www.sunkaraoke.hu\/index.php\/wp-json\/wp\/v2\/product_tag?post=5797"}],"curies":[{"name":"wp","href":"https:\/\/api.w.org\/{rel}","templated":true}]}}