{"id":5796,"date":"2022-08-08T20:49:51","date_gmt":"2022-08-08T20:49:51","guid":{"rendered":"https:\/\/www.sunkaraoke.hu\/index.php\/termek\/piros-bela-piros-bela-mulatos-mix-35\/"},"modified":"2025-04-07T11:05:10","modified_gmt":"2025-04-07T11:05:10","slug":"piros-bela-piros-bela-mulatos-mix-35","status":"publish","type":"product","link":"https:\/\/www.sunkaraoke.hu\/index.php\/termek\/piros-bela-piros-bela-mulatos-mix-35\/","title":{"rendered":"<div class=\"wcmp-player-container product-5796\"><audio controlslist=\"nodownload\" data-product=\"5796\"  volume=\"1\"  preload=\"none\" data-lazyloading=\"none\" class=\"wcmp-player track mejs-classic\" data-duration=\"0:32\" data-estimated_duration=\"4\"><source src=\"https:\/\/www.sunkaraoke.hu\/wp-content\/uploads\/2022\/08\/Piros-Bela-Mulatos-mix-35.-kdemo.mp3\" type=\"audio\/mp3\" \/><\/audio><\/div>Piros B\u00e9la &#8211; Piros B\u00e9la Mulat\u00f3s mix 35.(Original)"},"content":{"rendered":"<p><strong>08:26<\/strong> | <strong><img loading=\"lazy\" decoding=\"async\" class=\"alignnone size-full wp-image-467\" src=\"https:\/\/www.sunkaraoke.hu\/wp-content\/uploads\/2022\/07\/choir_2-copy.webp\" alt=\"\" width=\"30\" height=\"30\" \/> <\/strong><\/p>\n","protected":false},"excerpt":{"rendered":"<h6><strong>Bits\u0171r\u0171s\u00e9g: 320<\/strong>kb\/s<strong><br \/>\n<\/strong><strong>Hossz: <\/strong>08:26<strong><br \/>\n<\/strong><strong style=\"font-size: 16px;\">Vok\u00e1lt tartalmaz: <\/strong>Nem <img loading=\"lazy\" decoding=\"async\" class=\"alignnone size-full wp-image-467\" src=\"http:\/\/www.sunkaraoke.hu\/wp-content\/uploads\/2022\/07\/choir_2-copy.png\" alt=\"\" width=\"30\" height=\"30\" \/><strong style=\"font-size: 16px;\"><br \/>\n<\/strong><\/h6>\n<p>Sunkaraoke mp3 st\u00fadi\u00f3 \/ www.sunkaraoke.hu \/ Inf: Tel: 06 20 4275001<\/p>\n<p>&#8212;Intr\u00f3&#8212;\/\/00:39\/\/<br \/>\nHideg sz\u00e9l f\u00faj, \u00e9desany\u00e1m,adja ki a kend\u0151m!<br \/>\nM\u00e9g az \u00e9jjel felkeresem,a r\u00e9gi szeret\u0151m!<br \/>\nKi\u00e1llok a kapuj\u00e1ba&#8217;,kibesz\u00e9lgetem magamat,<br \/>\nv\u00e9le utolj\u00e1ra.<br \/>\nKi\u00e1llok a kapuj\u00e1ba&#8217;,kibesz\u00e9lgetem magamat,<br \/>\nv\u00e9le utolj\u00e1ra.<\/p>\n<p>Ell\u0151tt\u00e9k a jobb karomat,de folyik a piros v\u00e9rem.<br \/>\nNincsen nekem, \u00e9desany\u00e1m,ki bek\u00f6sse n\u00e9kem!<br \/>\nGyere, kisangyalom, k\u00f6sd be,sebeimet, gy\u00f3gy\u00edtsd meg,<br \/>\na b\u00e1natos sz\u00edvemet!<br \/>\nGyere, kisangyalom, k\u00f6sd be,sebeimet, gy\u00f3gy\u00edtsd meg,<br \/>\na b\u00e1natos sz\u00edvemet!<br \/>\n&#8212;Sz\u00f3l\u00f3&#8212;\/\/02:24\/\/<br \/>\nHideg sz\u00e9l f\u00faj, \u00e9desany\u00e1m,adja ki a kend\u0151m!<br \/>\nM\u00e9g az \u00e9jjel felkeresem,a r\u00e9gi szeret\u0151m!<br \/>\nKi\u00e1llok a kapuj\u00e1ba&#8217;,kibesz\u00e9lgetem magamat,<br \/>\nv\u00e9le utolj\u00e1ra.<br \/>\nKi\u00e1llok a kapuj\u00e1ba&#8217;,kibesz\u00e9lgetem magamat,<br \/>\nv\u00e9le utolj\u00e1ra.<\/p>\n<p>Ell\u0151tt\u00e9k a jobb karomat,de folyik a piros v\u00e9rem.<br \/>\nNincsen nekem, \u00e9desany\u00e1m,ki bek\u00f6sse n\u00e9kem!<br \/>\nGyere, kisangyalom, k\u00f6sd be,sebeimet, gy\u00f3gy\u00edtsd meg,<br \/>\na b\u00e1natos sz\u00edvemet!<br \/>\nGyere, kisangyalom, k\u00f6sd be,sebeimet, gy\u00f3gy\u00edtsd meg,<br \/>\na b\u00e1natos sz\u00edvemet!<br \/>\n&#8212;Sz\u00f3l\u00f3&#8212;\/\/03:36\/\/<br \/>\nBalaton k\u00f6zepe n\u00e1ddal van ker\u00edtve,<br \/>\nker\u00edt\u00e9s t\u00f6vibe&#8217; sz\u00e1z r\u00f3zsa \u00fcltetve.<br \/>\nSz\u00e1z r\u00f3zsa levele \u0151sszel mind lehull a f\u00f6ldre,<br \/>\nszeret\u0151m, a r\u00e9gi most jutott eszembe.<br \/>\nSz\u00e1z r\u00f3zsa levele \u0151sszel mind lehull a f\u00f6ldre,<br \/>\nszeret\u0151m, a r\u00e9gi most jutott eszembe.<\/p>\n<p>Ringat\u00f3 Balaton hozd \u0150t nekem vissza!<br \/>\nAkkor t\u00e1n kivirul minden t\u00fcnd\u00e9rr\u00f3zsa.<br \/>\nElmenn\u00e9k \u00e9n \u00e9rte a k\u00e9k t\u00f3 kell\u0151s k\u00f6zep\u00e9be,<br \/>\nahol a Balaton n\u00e1ddal van ker\u00edtve.<br \/>\nElmenn\u00e9k \u00e9n \u00e9rte a k\u00e9k t\u00f3 kell\u0151s k\u00f6zep\u00e9be,<br \/>\nahol a Balaton n\u00e1ddal van ker\u00edtve.<\/p>\n<p>&#8212;Sz\u00f3l\u00f3&#8212;\/\/05:35\/\/<br \/>\nOrsz\u00e1g\u00faton hossz\u00fa a jegenyesor,hossz\u00fa a jegenyesor haz\u00e1ig.<br \/>\nCsizm\u00e1m talpa sz\u00e1zszor is lekopik, hej,sz\u00e1zszor is lekopik, hej, od\u00e1ig.<br \/>\nNincsen p\u00e9nzem a vonatra,<br \/>\nszeret\u0151m sincs, aki haza hozatna.<br \/>\nF\u00e1radt l\u00e1bam est\u00e9re hazatal\u00e1l,<br \/>\nnem messze van ide Kolozsv\u00e1r.<br \/>\nNincsen p\u00e9nzem a vonatra,<br \/>\nszeret\u0151m sincs, aki haza hozatna.<br \/>\nF\u00e1radt l\u00e1bam est\u00e9re hazatal\u00e1l,<br \/>\nnem messze van ide Kolozsv\u00e1r.<\/p>\n<p>Kiskert\u00fcnkben a bazsar\u00f3zsa,<br \/>\nkiskert\u00fcnkben a bazsar\u00f3zsa vir\u00e1gzik.<br \/>\nA bokr\u00e9t\u00e1m egy le\u00e1ny kalapj\u00e1r\u00f3l,<br \/>\negy le\u00e1ny kalapj\u00e1r\u00f3l hi\u00e1nyzik.<br \/>\nK\u00e1r volt mennem bel\u00e1tom,<br \/>\notthon a nyugtom \u00fagy sem tal\u00e1lom.<br \/>\nF\u00e1radt l\u00e1bam est\u00e9re hazatal\u00e1l,<br \/>\nnincsen ide messze Kolozsv\u00e1r.<\/p>\n<p>K\u00e1r volt mennem bel\u00e1tom,<br \/>\notthon a nyugtom \u00fagy sem tal\u00e1lom.<br \/>\nF\u00e1radt l\u00e1bam est\u00e9re hazatal\u00e1l,<br \/>\nnincsen ide messze Kolozsv\u00e1r.<br \/>\n&#8212;Sz\u00f3l\u00f3&#8212;\/\/06:58\/\/<br \/>\nSz\u00e9p asszonynak kuriz\u00e1lok, kuriz\u00e1lok, kuriz\u00e1lok,<br \/>\naz ur\u00e1nak fittyet h\u00e1nyok, fittyet h\u00e1nyok, fittyet h\u00e1nyok.<br \/>\nJaj, jaj, jaj, jaj a sz\u00edvem, meg ne tudja senki sem,<br \/>\nhogy \u00e9n mag\u00e1t olyan nagyon szeretem.<br \/>\nCsak a cig\u00e1ny egyed\u00fcl, aki n\u00e9kem heged\u0171l,<br \/>\ncsak azt tudja egyed\u00fcl.<br \/>\nJaj, jaj, jaj, jaj a sz\u00edvem, meg ne tudja senki sem,<br \/>\nhogy \u00e9n mag\u00e1t olyan nagyon szeretem.<br \/>\nCsak a cig\u00e1ny egyed\u00fcl, aki n\u00e9kem heged\u0171l,<br \/>\ncsak azt tudja egyed\u00fcl.<\/p>\n<p>H\u00e1zuk el\u0151tt van egy \u00e1rok, van egy \u00e1rok, van egy \u00e1rok.<br \/>\nminden este arra j\u00e1rok, arra j\u00e1rok, arra j\u00e1rok.<br \/>\nJaj, jaj, jaj, jaj a sz\u00edvem, meg ne tudja senki sem,<br \/>\nhogy \u00e9n azt a barna kisl\u00e1nyt szeretem.<br \/>\nCsak a jegyz\u0151, meg a pap, aki minket \u00f6sszead,<br \/>\ncsak azt tudja egyes egyed\u00fcl.<br \/>\nJaj, jaj, jaj, jaj a sz\u00edvem, meg ne tudja senki sem,<br \/>\nhogy \u00e9n azt a barna kisl\u00e1nyt szeretem.<br \/>\nCsak a jegyz\u0151, meg a pap, aki minket \u00f6sszead,<br \/>\ncsak azt tudja egyes egyed\u00fcl.<br \/>\nJaj, jaj, jaj, jaj a sz\u00edvem, meg ne tudja senki sem,<br \/>\nhogy \u00e9n azt a barna kisl\u00e1nyt szeretem.<br \/>\nCsak a jegyz\u0151, meg a pap, aki minket \u00f6sszead,<br \/>\ncsak azt tudja egyes egyed\u00fcl.<br \/>\n&#8212;V\u00e9ge&#8212;-<\/p>\n","protected":false},"featured_media":12989,"template":"","meta":{"site-sidebar-layout":"default","site-content-layout":"default","ast-site-content-layout":"default","site-content-style":"default","site-sidebar-style":"default","ast-global-header-display":"","ast-banner-title-visibility":"","ast-main-header-display":"","ast-hfb-above-header-display":"","ast-hfb-below-header-display":"","ast-hfb-mobile-header-display":"","site-post-title":"","ast-breadcrumbs-content":"","ast-featured-img":"","footer-sml-layout":"","theme-transparent-header-meta":"default","adv-header-id-meta":"","stick-header-meta":"","header-above-stick-meta":"","header-main-stick-meta":"","header-below-stick-meta":"","astra-migrate-meta-layouts":"set","ast-page-background-enabled":"default","ast-page-background-meta":{"desktop":{"background-color":"var(--ast-global-color-4)","background-image":"","background-repeat":"repeat","background-position":"center center","background-size":"auto","background-attachment":"scroll","background-type":"","background-media":"","overlay-type":"","overlay-color":"","overlay-opacity":"","overlay-gradient":""},"tablet":{"background-color":"","background-image":"","background-repeat":"repeat","background-position":"center center","background-size":"auto","background-attachment":"scroll","background-type":"","background-media":"","overlay-type":"","overlay-color":"","overlay-opacity":"","overlay-gradient":""},"mobile":{"background-color":"","background-image":"","background-repeat":"repeat","background-position":"center center","background-size":"auto","background-attachment":"scroll","background-type":"","background-media":"","overlay-type":"","overlay-color":"","overlay-opacity":"","overlay-gradient":""}},"ast-content-background-meta":{"desktop":{"background-color":"var(--ast-global-color-5)","background-image":"","background-repeat":"repeat","background-position":"center center","background-size":"auto","background-attachment":"scroll","background-type":"","background-media":"","overlay-type":"","overlay-color":"","overlay-opacity":"","overlay-gradient":""},"tablet":{"background-color":"var(--ast-global-color-5)","background-image":"","background-repeat":"repeat","background-position":"center center","background-size":"auto","background-attachment":"scroll","background-type":"","background-media":"","overlay-type":"","overlay-color":"","overlay-opacity":"","overlay-gradient":""},"mobile":{"background-color":"var(--ast-global-color-5)","background-image":"","background-repeat":"repeat","background-position":"center center","background-size":"auto","background-attachment":"scroll","background-type":"","background-media":"","overlay-type":"","overlay-color":"","overlay-opacity":"","overlay-gradient":""}}},"product_cat":[48],"product_tag":[],"class_list":["post-5796","product","type-product","status-publish","has-post-thumbnail","hentry","product_cat-sunkaraoke-dalok","desktop-align-left","tablet-align-left","mobile-align-left"],"_links":{"self":[{"href":"https:\/\/www.sunkaraoke.hu\/index.php\/wp-json\/wp\/v2\/product\/5796","targetHints":{"allow":["GET"]}}],"collection":[{"href":"https:\/\/www.sunkaraoke.hu\/index.php\/wp-json\/wp\/v2\/product"}],"about":[{"href":"https:\/\/www.sunkaraoke.hu\/index.php\/wp-json\/wp\/v2\/types\/product"}],"wp:featuredmedia":[{"embeddable":true,"href":"https:\/\/www.sunkaraoke.hu\/index.php\/wp-json\/wp\/v2\/media\/12989"}],"wp:attachment":[{"href":"https:\/\/www.sunkaraoke.hu\/index.php\/wp-json\/wp\/v2\/media?parent=5796"}],"wp:term":[{"taxonomy":"product_cat","embeddable":true,"href":"https:\/\/www.sunkaraoke.hu\/index.php\/wp-json\/wp\/v2\/product_cat?post=5796"},{"taxonomy":"product_tag","embeddable":true,"href":"https:\/\/www.sunkaraoke.hu\/index.php\/wp-json\/wp\/v2\/product_tag?post=5796"}],"curies":[{"name":"wp","href":"https:\/\/api.w.org\/{rel}","templated":true}]}}