{"id":5794,"date":"2022-08-08T20:49:51","date_gmt":"2022-08-08T20:49:51","guid":{"rendered":"https:\/\/www.sunkaraoke.hu\/index.php\/termek\/piros-bela-piros-bela-mulatos-mix-34\/"},"modified":"2025-04-07T10:22:34","modified_gmt":"2025-04-07T10:22:34","slug":"piros-bela-piros-bela-mulatos-mix-34","status":"publish","type":"product","link":"https:\/\/www.sunkaraoke.hu\/index.php\/termek\/piros-bela-piros-bela-mulatos-mix-34\/","title":{"rendered":"<div class=\"wcmp-player-container product-5794\"><audio controlslist=\"nodownload\" data-product=\"5794\"  volume=\"1\"  preload=\"none\" data-lazyloading=\"none\" class=\"wcmp-player track mejs-classic\" data-duration=\"0:32\" data-estimated_duration=\"4\"><source src=\"https:\/\/www.sunkaraoke.hu\/wp-content\/uploads\/2022\/08\/Piros-Bela-Mulatos-mix-34.-kademoo.mp3\" type=\"audio\/mp3\" \/><\/audio><\/div>Piros B\u00e9la &#8211; Piros B\u00e9la Mulat\u00f3s mix 34. (Original)"},"content":{"rendered":"<p><strong>08:08<\/strong> | <strong><img loading=\"lazy\" decoding=\"async\" class=\"alignnone size-full wp-image-467\" src=\"https:\/\/www.sunkaraoke.hu\/wp-content\/uploads\/2022\/07\/choir_2-copy.webp\" alt=\"\" width=\"30\" height=\"30\" \/> <\/strong><\/p>\n","protected":false},"excerpt":{"rendered":"<h6><strong>Bits\u0171r\u0171s\u00e9g: 320<\/strong>kb\/s<strong><br \/>\n<\/strong><strong>Hossz: <\/strong>08:08<strong><br \/>\n<\/strong><strong style=\"font-size: 16px;\">Vok\u00e1lt tartalmaz: <\/strong>Nem <img loading=\"lazy\" decoding=\"async\" class=\"alignnone size-full wp-image-467\" src=\"http:\/\/www.sunkaraoke.hu\/wp-content\/uploads\/2022\/07\/choir_2-copy.png\" alt=\"\" width=\"30\" height=\"30\" \/><strong style=\"font-size: 16px;\"><br \/>\n<\/strong><\/h6>\n<p>Sunkaraoke mp3 st\u00fadi\u00f3 \/ www.sunkaraoke.hu \/ Inf: Tel: 06 20 4275001<\/p>\n<p>&#8212;Intr\u00f3&#8212;\/\/00:23\/\/<br \/>\nEgyszer van egy \u00e9vben, ilyen esem\u00e9ny,<br \/>\naz asztalon torta, s teas\u00fctem\u00e9ny.<br \/>\nFolyik a sok pezsg\u0151, t\u00e1ntorog a n\u00e9p,<br \/>\nma \u00e9jszaka m\u00e9g az any\u00f3som is sz\u00e9p.<br \/>\nFolyik a sok pezsg\u0151, t\u00e1ntorog a n\u00e9p,<br \/>\nma \u00e9jszaka m\u00e9g az any\u00f3som is sz\u00e9p.<\/p>\n<p>Egyszer van egy \u00e9vben nagy lakodalom,<br \/>\negyszer van egy \u00e9vben , ilyen vigalom.<br \/>\nViszik a menyasszonyt, vacsora ut\u00e1n,<br \/>\nholnapt\u00f3l m\u00e1r asszony lesz majd ezut\u00e1n.<br \/>\nViszik a menyasszonyt vacsora ut\u00e1n,<br \/>\nholnapt\u00f3l m\u00e1r asszony lesz majd ezut\u00e1n.<br \/>\n&#8212;Sz\u00f3l\u00f3&#8212;\/\/01:24\/\/<br \/>\nEgyszer van egy \u00e9vben, ilyen esem\u00e9ny,<br \/>\naz asztalon torta, s teas\u00fctem\u00e9ny.<br \/>\nFolyik a sok pezsg\u0151, t\u00e1ntorog a n\u00e9p,<br \/>\nma \u00e9jszaka m\u00e9g az any\u00f3som is sz\u00e9p.<br \/>\nFolyik a sok pezsg\u0151, t\u00e1ntorog a n\u00e9p,<br \/>\nma \u00e9jszaka m\u00e9g az any\u00f3som is sz\u00e9p.<\/p>\n<p>Egyszer van egy \u00e9vben,igaz szerelem,<br \/>\na h\u00e1zass\u00e1g mindig,nagy veszedelem.<br \/>\nElm\u00falik a pompa, elm\u00falik a f\u00e9ny,<br \/>\ncsak a torta marad, s a teas\u00fctem\u00e9ny.<br \/>\nElm\u00falik a pompa, elm\u00falik a f\u00e9ny,<br \/>\ncsak a torta marad, s a teas\u00fctem\u00e9ny.<br \/>\n&#8212;Sz\u00f3l\u00f3&#8212;\/\/02:37\/\/<br \/>\nZ\u00f6ld erd\u0151ben de magas,<br \/>\nz\u00f6ld erd\u0151ben de magas a juharfa,<br \/>\nkicsiny mad\u00e1r a f\u00e9szk\u00e9t,<br \/>\nkicsiny mad\u00e1r a f\u00e9szk\u00e9t odarakja.<br \/>\nZ\u00f6ld erd\u0151ben a dalos mad\u00e1rnak is,van p\u00e1rja,<br \/>\ncsak \u00e9n magam egyed\u00fcl,<br \/>\ncsak \u00e9n magam egyed\u00fcl vagyok \u00e1rva!<br \/>\nZ\u00f6ld erd\u0151ben a dalos mad\u00e1rnak is van p\u00e1rja,<br \/>\ncsak \u00e9n magam egyed\u00fcl,<br \/>\ncsak \u00e9n magam egyed\u00fcl vagyok \u00e1rva!<\/p>\n<p>Este szoktam a lovam,<br \/>\neste szoktam a lovamat pucolni,<br \/>\nreggelig tart sejehaj, reggelig tart a szersz\u00e1mot r\u00e1rakni.<br \/>\nCsillag ragyog a kis pej lovam fej\u00e9n, nem kant\u00e1r,<br \/>\ngy\u00e1va leg\u00e9ny sejehaj,<br \/>\ngy\u00e1va leg\u00e9ny, ki a l\u00e1nyokhoz nem j\u00e1r.<br \/>\nCsillag ragyog a kis pej lovam fej\u00e9n, nem kant\u00e1r,<br \/>\ngy\u00e1va leg\u00e9ny sejehaj,<br \/>\ngy\u00e1va leg\u00e9ny, ki a l\u00e1nyokhoz nem j\u00e1r.<\/p>\n<p>Piros alma kigurult,<br \/>\npiros alma kigurult a kos\u00e1rb\u00f3l,<br \/>\nnincsen aki felvegye,<br \/>\nnincsen aki megt\u00f6r\u00f6lje a s\u00e1rt\u00f3l.<br \/>\n\u00c9n felvettem, megt\u00f6r\u00f6ltem a s\u00e1rt\u00f3l,<br \/>\nk\u00e9rek cs\u00f3kot, kapok is,<br \/>\nak\u00e1r hatvanhatot is a bab\u00e1mt\u00f3l.<br \/>\n\u00c9n felvettem, megt\u00f6r\u00f6ltem a s\u00e1rt\u00f3l,<br \/>\nk\u00e9rek cs\u00f3kot, kapok is,<br \/>\nak\u00e1r hatvanhatot is a bab\u00e1mt\u00f3l.<\/p>\n<p>Jaj annak a kisl\u00e1nynak,<br \/>\njaj annak a piros barna kisl\u00e1nynak,<br \/>\nkinek m\u00e1ma esk\u00fcszik,<br \/>\nkinek m\u00e1ma esk\u00fcszik a bab\u00e1ja.<br \/>\nL\u00e1m az eny\u00e9m,most esk\u00fcszik m\u00e9gsem f\u00e1j,<br \/>\nhadd tudja meg a vil\u00e1g,<br \/>\nhogy a sz\u00edvem egy kis l\u00e1ny\u00e9rt sosem f\u00e1j!<br \/>\nL\u00e1m az eny\u00e9m,most esk\u00fcszik m\u00e9gsem f\u00e1j,<br \/>\nhadd tudja meg a vil\u00e1g,<br \/>\nhogy a sz\u00edvem egy kis l\u00e1ny\u00e9rt sosem f\u00e1j!<br \/>\n&#8212;Sz\u00f3l\u00f3&#8212;\/\/04:42\/\/<br \/>\nEgy kicsi h\u00e1z van a domb tetej\u00e9n.<br \/>\nGyere oda \u00e9des kisangyalom!<br \/>\nOtt lesz\u00fcnk boldogok majd te meg \u00e9n,<br \/>\nOtt s\u00fagd a f\u00fclembe, szeretsz nagyon.<\/p>\n<p>Sz\u00f3ljon az \u00e9nek \u00e9s zengjen a dal!<br \/>\nJ\u00f6jj\u00f6n a cs\u00f3k, ha az est betakar!<br \/>\nV\u00e1r az a kis lak a domb tetej\u00e9n,<br \/>\nGyere oda \u00e9des, ott l\u00e9gy eny\u00e9m!<\/p>\n<p>Orgona illat\u00fa most a vil\u00e1g,<br \/>\nK\u00f6nnyeket ejteni oly csacsis\u00e1g.<br \/>\nV\u00e1r az a kis lak a domb tetej\u00e9n,<br \/>\nGyere oda \u00e9des, ott l\u00e9gy eny\u00e9m!<\/p>\n<p>Itt van a m\u00e1jus \u00e9s itt van a ny\u00e1r,<br \/>\nR\u00e1nk mosolyog, n\u00e9zd csak, a tarka r\u00e9t!<br \/>\nMinden\u00fctt orgona illata sz\u00e1ll,<br \/>\n\u00dagy dobog a sz\u00edvem, s az ajkam \u00e9g!<\/p>\n<p>Orgona illat\u00fa most a vil\u00e1g,<br \/>\nK\u00f6nnyeket ejteni oly csacsis\u00e1g.<br \/>\nV\u00e1r az a kis lak a domb tetej\u00e9n,<br \/>\nGyere oda \u00e9des, ott l\u00e9gy eny\u00e9m!<\/p>\n<p>Orgona illat\u00fa most a vil\u00e1g,<br \/>\nK\u00f6nnyeket ejteni oly csacsis\u00e1g.<br \/>\nV\u00e1r az a kis lak a domb tetej\u00e9n,<br \/>\nGyere oda \u00e9des, ott l\u00e9gy eny\u00e9m!<\/p>\n<p>&#8212;Sz\u00f3l\u00f3&#8212;\/\/06:34\/\/<\/p>\n<p>Kisl\u00e1ny, vigy\u00e1zz!El ne hib\u00e1zd!<br \/>\nKisl\u00e1ny, a sz\u00edvedre vigy\u00e1zz!<br \/>\nKisl\u00e1ny, vigy\u00e1zz! El ne hib\u00e1zd!<br \/>\nKisl\u00e1ny, a sz\u00edvedre vigy\u00e1zz!<\/p>\n<p>Vigy\u00e1ztam m\u00e1r \u00e9n eleget, m\u00e9gis bekaptam a legyet!<br \/>\nKisl\u00e1ny, vigy\u00e1zz! El ne hib\u00e1zd!<br \/>\nKisl\u00e1ny, a sz\u00edvedre vigy\u00e1zz!<\/p>\n<p>Vigy\u00e1ztam m\u00e1r \u00e9n eleget, m\u00e9gis bekaptam a legyet!<br \/>\nKisl\u00e1ny, vigy\u00e1zz! El ne hib\u00e1zd!<br \/>\nKisl\u00e1ny, a sz\u00edvedre vigy\u00e1zz!<\/p>\n<p>Kisl\u00e1ny, vigy\u00e1zz!El ne hib\u00e1zd!<br \/>\nKisl\u00e1ny, a bugyidra vigy\u00e1zz!<br \/>\nKisl\u00e1ny, vigy\u00e1zz! El ne hib\u00e1zd!<br \/>\nKisl\u00e1ny, a bugyidra vigy\u00e1zz!<\/p>\n<p>Vigy\u00e1zni m\u00e1r nagyon bajos, a kis Lajos hat h\u00f3napos!<br \/>\nKisl\u00e1ny, vigy\u00e1zz! El ne hib\u00e1zd!<br \/>\nKisl\u00e1ny, a bugyidra vigy\u00e1zz!<\/p>\n<p>Vigy\u00e1zni m\u00e1r nagyon bajos, a kis Lajos hat h\u00f3napos!<br \/>\nKisl\u00e1ny, vigy\u00e1zz! El ne hib\u00e1zd!<br \/>\nKisl\u00e1ny, a bugyidra vigy\u00e1zz!<br \/>\n&#8212;V\u00e9ge&#8212;<\/p>\n","protected":false},"featured_media":12989,"template":"","meta":{"site-sidebar-layout":"default","site-content-layout":"default","ast-site-content-layout":"default","site-content-style":"default","site-sidebar-style":"default","ast-global-header-display":"","ast-banner-title-visibility":"","ast-main-header-display":"","ast-hfb-above-header-display":"","ast-hfb-below-header-display":"","ast-hfb-mobile-header-display":"","site-post-title":"","ast-breadcrumbs-content":"","ast-featured-img":"","footer-sml-layout":"","theme-transparent-header-meta":"default","adv-header-id-meta":"","stick-header-meta":"","header-above-stick-meta":"","header-main-stick-meta":"","header-below-stick-meta":"","astra-migrate-meta-layouts":"set","ast-page-background-enabled":"default","ast-page-background-meta":{"desktop":{"background-color":"var(--ast-global-color-4)","background-image":"","background-repeat":"repeat","background-position":"center center","background-size":"auto","background-attachment":"scroll","background-type":"","background-media":"","overlay-type":"","overlay-color":"","overlay-opacity":"","overlay-gradient":""},"tablet":{"background-color":"","background-image":"","background-repeat":"repeat","background-position":"center center","background-size":"auto","background-attachment":"scroll","background-type":"","background-media":"","overlay-type":"","overlay-color":"","overlay-opacity":"","overlay-gradient":""},"mobile":{"background-color":"","background-image":"","background-repeat":"repeat","background-position":"center center","background-size":"auto","background-attachment":"scroll","background-type":"","background-media":"","overlay-type":"","overlay-color":"","overlay-opacity":"","overlay-gradient":""}},"ast-content-background-meta":{"desktop":{"background-color":"var(--ast-global-color-5)","background-image":"","background-repeat":"repeat","background-position":"center center","background-size":"auto","background-attachment":"scroll","background-type":"","background-media":"","overlay-type":"","overlay-color":"","overlay-opacity":"","overlay-gradient":""},"tablet":{"background-color":"var(--ast-global-color-5)","background-image":"","background-repeat":"repeat","background-position":"center center","background-size":"auto","background-attachment":"scroll","background-type":"","background-media":"","overlay-type":"","overlay-color":"","overlay-opacity":"","overlay-gradient":""},"mobile":{"background-color":"var(--ast-global-color-5)","background-image":"","background-repeat":"repeat","background-position":"center center","background-size":"auto","background-attachment":"scroll","background-type":"","background-media":"","overlay-type":"","overlay-color":"","overlay-opacity":"","overlay-gradient":""}}},"product_cat":[48],"product_tag":[],"class_list":["post-5794","product","type-product","status-publish","has-post-thumbnail","hentry","product_cat-sunkaraoke-dalok","desktop-align-left","tablet-align-left","mobile-align-left"],"_links":{"self":[{"href":"https:\/\/www.sunkaraoke.hu\/index.php\/wp-json\/wp\/v2\/product\/5794","targetHints":{"allow":["GET"]}}],"collection":[{"href":"https:\/\/www.sunkaraoke.hu\/index.php\/wp-json\/wp\/v2\/product"}],"about":[{"href":"https:\/\/www.sunkaraoke.hu\/index.php\/wp-json\/wp\/v2\/types\/product"}],"wp:featuredmedia":[{"embeddable":true,"href":"https:\/\/www.sunkaraoke.hu\/index.php\/wp-json\/wp\/v2\/media\/12989"}],"wp:attachment":[{"href":"https:\/\/www.sunkaraoke.hu\/index.php\/wp-json\/wp\/v2\/media?parent=5794"}],"wp:term":[{"taxonomy":"product_cat","embeddable":true,"href":"https:\/\/www.sunkaraoke.hu\/index.php\/wp-json\/wp\/v2\/product_cat?post=5794"},{"taxonomy":"product_tag","embeddable":true,"href":"https:\/\/www.sunkaraoke.hu\/index.php\/wp-json\/wp\/v2\/product_tag?post=5794"}],"curies":[{"name":"wp","href":"https:\/\/api.w.org\/{rel}","templated":true}]}}