{"id":5792,"date":"2022-08-08T20:49:51","date_gmt":"2022-08-08T20:49:51","guid":{"rendered":"https:\/\/www.sunkaraoke.hu\/index.php\/termek\/galamb-jozsef-szurke-eniko-valtoznak-az-idok-transzp-v\/"},"modified":"2025-04-13T09:43:07","modified_gmt":"2025-04-13T09:43:07","slug":"galamb-jozsef-szurke-eniko-valtoznak-az-idok-transzp-v","status":"publish","type":"product","link":"https:\/\/www.sunkaraoke.hu\/index.php\/termek\/galamb-jozsef-szurke-eniko-valtoznak-az-idok-transzp-v\/","title":{"rendered":"<div class=\"wcmp-player-container product-5792\"><audio controlslist=\"nodownload\" data-product=\"5792\"  volume=\"1\"  preload=\"none\" data-lazyloading=\"none\" class=\"wcmp-player track mejs-classic\" data-duration=\"0:36\" data-estimated_duration=\"4\"><source src=\"https:\/\/www.sunkaraoke.hu\/wp-content\/uploads\/2022\/08\/Valtoznak-az-idok-transz-Galamb.-demoo.mp3\" type=\"audio\/mp3\" \/><\/audio><\/div>Galamb J\u00f3zsef &#038; Sz\u00fcrke Enik\u00f5 &#8211; V\u00e1ltoznak az id\u00f5k (Original)"},"content":{"rendered":"<p><strong>03:56<\/strong> | <strong><img loading=\"lazy\" decoding=\"async\" class=\"alignnone size-full wp-image-467\" src=\"https:\/\/www.sunkaraoke.hu\/wp-content\/uploads\/2022\/07\/choir_2-copy.webp\" alt=\"\" width=\"30\" height=\"30\" \/> <strong> |<\/strong><\/strong><\/p>\n","protected":false},"excerpt":{"rendered":"<h6><strong>Bits\u0171r\u0171s\u00e9g: 320<\/strong>kb\/s<strong><br \/>\n<\/strong><strong>Hossz: <\/strong>03:56<strong><br \/>\n<\/strong><strong style=\"font-size: 16px;\">Vok\u00e1lt tartalmaz: <\/strong>Nem <img loading=\"lazy\" decoding=\"async\" class=\"alignnone size-full wp-image-467\" src=\"http:\/\/www.sunkaraoke.hu\/wp-content\/uploads\/2022\/07\/choir_2-copy.png\" alt=\"\" width=\"30\" height=\"30\" \/><strong style=\"font-size: 16px;\"><br \/>\n<\/strong><\/h6>\n<p>Sunkaraoke mp3 st\u00fadi\u00f3 \/ www.sunkaraoke.hu \/ Inf: Tel: 06 20 4275001<\/p>\n<p>&#8212;Intr\u00f3&#8212;<br \/>\nHa k\u00e9rdem \u00e9n, hogy merre j\u00e1rsz<br \/>\nVajon hol vagy \u00e9s most mit csin\u00e1lsz<br \/>\nA telefont v\u00e1rom, \u00e9s a nevedet l\u00e1tom<br \/>\nA rossz utat j\u00e1rom<\/p>\n<p>Mennyi b\u0171n\u00f6s \u00e9jszaka<br \/>\nSzavaid suttog\u00f3 hangja<br \/>\nB\u00e1r mindig hallan\u00e1m, \u00e9s \u00e9n csak j\u00e1tszan\u00e1m<br \/>\nHogy az igazat vallan\u00e1m<\/p>\n<p>\u00c1lmaimban elj\u00f6tt\u00e9l, \u00e9s forr\u00f3n \u00f6lelt\u00e9l<br \/>\nDe k\u00e9rdem \u00e9n, hogy mi a val\u00f3s\u00e1g<br \/>\n\u00c9s tudnod kell, ez mennyire f\u00e1j<\/p>\n<p>V\u00e1ltoznak az id\u0151k, vele v\u00e1ltozok \u00e9n is<br \/>\nM\u00e1ssal volt\u00e1l tegnap, de \u00e9n akarlak m\u00e9gis<br \/>\nHa megb\u00e1ntad, mit akkor tett\u00e9l, ne f\u00e9lj a m\u00e1t\u00f3l<br \/>\nNincs baj, csak ha \u00e9rzed, hogy a sz\u00edved most v\u00e1dol<\/p>\n<p>V\u00e1ltoznak az id\u0151k, vele v\u00e1ltozok \u00e9n is<br \/>\nM\u00e1ssal volt\u00e1l tegnap, de \u00e9n akarlak m\u00e9gis<br \/>\nHa megb\u00e1ntad, mit akkor tett\u00e9l, ne f\u00e9lj a m\u00e1t\u00f3l<br \/>\nNincs baj, csak ha \u00e9rzed, hogy a sz\u00edved most v\u00e1dol<\/p>\n<p>Ugye eml\u00e9kszel, hogy sz\u00e9p is volt<br \/>\nMikor annyi minden r\u00f3lunk sz\u00f3lt<br \/>\nDe m\u00e9g sem kerest\u00e9l, \u00e9s el is feledt\u00e9l<br \/>\nDe mondd, mit\u0151l f\u00e9lt\u00e9l<\/p>\n<p>Csak egy pillant\u00e1s, mely visszat\u00e9r<br \/>\nIlyenkor tudom, hogy m\u00e9g van rem\u00e9ny<br \/>\nM\u00edg \u00e9lek, b\u00edznom kell, mert ez egy \u00e9gi jel<br \/>\nM\u00e9g nem m\u00falt minden el<\/p>\n<p>\u00c1lmaimban elj\u00f6tt\u00e9l, \u00e9s forr\u00f3n \u00f6lelt\u00e9l<br \/>\nDe k\u00e9rdem \u00e9n, hogy mi a val\u00f3s\u00e1g<br \/>\n\u00c9s tudnod kell, ez mennyire f\u00e1j<\/p>\n<p>V\u00e1ltoznak az id\u0151k, vele v\u00e1ltozok \u00e9n is<br \/>\nM\u00e1ssal volt\u00e1l tegnap, de \u00e9n akarlak m\u00e9gis<br \/>\nHa megb\u00e1ntad, mit akkor tett\u00e9l, ne f\u00e9lj a m\u00e1t\u00f3l<br \/>\nNincs baj, csak ha \u00e9rzed, hogy a sz\u00edved most v\u00e1dol<\/p>\n<p>V\u00e1ltoznak az id\u0151k, vele v\u00e1ltozok \u00e9n is<br \/>\nM\u00e1ssal volt\u00e1l tegnap, de \u00e9n akarlak m\u00e9gis<br \/>\nHa megb\u00e1ntad, mit akkor tett\u00e9l, ne f\u00e9lj a m\u00e1t\u00f3l<br \/>\nNincs baj, csak ha \u00e9rzed, hogy a sz\u00edved most v\u00e1dol<\/p>\n<p>&#8212;Sz\u00f3l\u00f3&#8212;<\/p>\n<p>V\u00e1ltoznak az id\u0151k, vele v\u00e1ltozok \u00e9n is<br \/>\nM\u00e1ssal volt\u00e1l tegnap, de \u00e9n akarlak m\u00e9gis<br \/>\nHa megb\u00e1ntad, mit akkor tett\u00e9l, ne f\u00e9lj a m\u00e1t\u00f3l<br \/>\nNincs baj, csak ha \u00e9rzed, hogy a sz\u00edved most v\u00e1dol<\/p>\n<p>V\u00e1ltoznak az id\u0151k, vele v\u00e1ltozok \u00e9n is<br \/>\nM\u00e1ssal volt\u00e1l tegnap, de \u00e9n akarlak m\u00e9gis<br \/>\nHa megb\u00e1ntad, mit akkor tett\u00e9l, ne f\u00e9lj a m\u00e1t\u00f3l<br \/>\nNincs baj, csak ha \u00e9rzed, hogy a sz\u00edved most v\u00e1dol<\/p>\n","protected":false},"featured_media":6363,"template":"","meta":{"site-sidebar-layout":"default","site-content-layout":"default","ast-site-content-layout":"default","site-content-style":"default","site-sidebar-style":"default","ast-global-header-display":"","ast-banner-title-visibility":"","ast-main-header-display":"","ast-hfb-above-header-display":"","ast-hfb-below-header-display":"","ast-hfb-mobile-header-display":"","site-post-title":"","ast-breadcrumbs-content":"","ast-featured-img":"","footer-sml-layout":"","theme-transparent-header-meta":"default","adv-header-id-meta":"","stick-header-meta":"","header-above-stick-meta":"","header-main-stick-meta":"","header-below-stick-meta":"","astra-migrate-meta-layouts":"set","ast-page-background-enabled":"default","ast-page-background-meta":{"desktop":{"background-color":"var(--ast-global-color-4)","background-image":"","background-repeat":"repeat","background-position":"center center","background-size":"auto","background-attachment":"scroll","background-type":"","background-media":"","overlay-type":"","overlay-color":"","overlay-opacity":"","overlay-gradient":""},"tablet":{"background-color":"","background-image":"","background-repeat":"repeat","background-position":"center center","background-size":"auto","background-attachment":"scroll","background-type":"","background-media":"","overlay-type":"","overlay-color":"","overlay-opacity":"","overlay-gradient":""},"mobile":{"background-color":"","background-image":"","background-repeat":"repeat","background-position":"center center","background-size":"auto","background-attachment":"scroll","background-type":"","background-media":"","overlay-type":"","overlay-color":"","overlay-opacity":"","overlay-gradient":""}},"ast-content-background-meta":{"desktop":{"background-color":"var(--ast-global-color-5)","background-image":"","background-repeat":"repeat","background-position":"center center","background-size":"auto","background-attachment":"scroll","background-type":"","background-media":"","overlay-type":"","overlay-color":"","overlay-opacity":"","overlay-gradient":""},"tablet":{"background-color":"var(--ast-global-color-5)","background-image":"","background-repeat":"repeat","background-position":"center center","background-size":"auto","background-attachment":"scroll","background-type":"","background-media":"","overlay-type":"","overlay-color":"","overlay-opacity":"","overlay-gradient":""},"mobile":{"background-color":"var(--ast-global-color-5)","background-image":"","background-repeat":"repeat","background-position":"center center","background-size":"auto","background-attachment":"scroll","background-type":"","background-media":"","overlay-type":"","overlay-color":"","overlay-opacity":"","overlay-gradient":""}}},"product_cat":[69],"product_tag":[],"class_list":["post-5792","product","type-product","status-publish","has-post-thumbnail","hentry","product_cat-galamb-joci","desktop-align-left","tablet-align-left","mobile-align-left"],"_links":{"self":[{"href":"https:\/\/www.sunkaraoke.hu\/index.php\/wp-json\/wp\/v2\/product\/5792","targetHints":{"allow":["GET"]}}],"collection":[{"href":"https:\/\/www.sunkaraoke.hu\/index.php\/wp-json\/wp\/v2\/product"}],"about":[{"href":"https:\/\/www.sunkaraoke.hu\/index.php\/wp-json\/wp\/v2\/types\/product"}],"wp:featuredmedia":[{"embeddable":true,"href":"https:\/\/www.sunkaraoke.hu\/index.php\/wp-json\/wp\/v2\/media\/6363"}],"wp:attachment":[{"href":"https:\/\/www.sunkaraoke.hu\/index.php\/wp-json\/wp\/v2\/media?parent=5792"}],"wp:term":[{"taxonomy":"product_cat","embeddable":true,"href":"https:\/\/www.sunkaraoke.hu\/index.php\/wp-json\/wp\/v2\/product_cat?post=5792"},{"taxonomy":"product_tag","embeddable":true,"href":"https:\/\/www.sunkaraoke.hu\/index.php\/wp-json\/wp\/v2\/product_tag?post=5792"}],"curies":[{"name":"wp","href":"https:\/\/api.w.org\/{rel}","templated":true}]}}