{"id":5790,"date":"2022-08-08T20:49:50","date_gmt":"2022-08-08T20:49:50","guid":{"rendered":"https:\/\/www.sunkaraoke.hu\/index.php\/termek\/galamb-jozsef-szurke-eniko-sexy-lady\/"},"modified":"2025-10-29T10:36:56","modified_gmt":"2025-10-29T08:36:56","slug":"galamb-jozsef-szurke-eniko-sexy-lady","status":"publish","type":"product","link":"https:\/\/www.sunkaraoke.hu\/index.php\/termek\/galamb-jozsef-szurke-eniko-sexy-lady\/","title":{"rendered":"<div class=\"wcmp-player-container product-5790\"><audio controlslist=\"nodownload\" data-product=\"5790\"  volume=\"1\"  preload=\"none\" data-lazyloading=\"none\" class=\"wcmp-player track mejs-classic\" data-duration=\"0:33\" data-estimated_duration=\"4\"><source src=\"https:\/\/www.sunkaraoke.hu\/wp-content\/uploads\/2022\/08\/Sexy-Lady-Galamb-kdemoo.mp3\" type=\"audio\/mp3\" \/><\/audio><\/div>Galamb J\u00f3zsef &#038; Sz\u00fcrke Enik\u00f5 &#8211; Szexi Lady (Original)"},"content":{"rendered":"<p><strong>03:09<\/strong> | <strong><img loading=\"lazy\" decoding=\"async\" class=\"alignnone size-full wp-image-466\" src=\"https:\/\/www.sunkaraoke.hu\/wp-content\/uploads\/2022\/07\/choir_1-copy.webp\" alt=\"\" width=\"30\" height=\"30\" \/> <\/strong><\/p>\n","protected":false},"excerpt":{"rendered":"<h6><strong>Bits\u0171r\u0171s\u00e9g: 320<\/strong>kb\/s<strong><br \/>\n<\/strong><strong>Hossz: <\/strong>03:09<strong><br \/>\n<\/strong><strong style=\"font-size: 16px;\">Vok\u00e1lt tartalmaz: <\/strong>Igen <img loading=\"lazy\" decoding=\"async\" class=\"alignnone size-full wp-image-466\" src=\"http:\/\/www.sunkaraoke.hu\/wp-content\/uploads\/2022\/07\/choir_1-copy.png\" alt=\"\" width=\"30\" height=\"30\" \/><strong style=\"font-size: 16px;\"><br \/>\n<\/strong><\/h6>\n<p>Sunkaraoke mp3 st\u00fadi\u00f3 \/ www.sunkaraoke.hu \/ Inf: Tel: 06 20 4275001<\/p>\n<p>Sexy Lady, oh Lady, oh Lady<br \/>\nMinden l\u00e1ny, hogyha arra v\u00e1r<br \/>\nSexy Lady, oh Lady, oh Lady<br \/>\nHa szerelemre v\u00e1r<\/p>\n<p>&#8212;Intr\u00f3&#8212;\/\/00:32\/\/<\/p>\n<p>H\u00e1l\u00f3szob\u00e1k, t\u00fckr\u00f6k \u00e9s \u00e1lmok<br \/>\nMake Up, \u00e9s r\u00fazs, mit\u0151l megsz\u00e9p\u00fcl annyi l\u00e1ny<br \/>\nSzexis bab\u00e1k, \u00e9n is k\u00f6ztetek j\u00e1rok<br \/>\nMegsz\u00e9p\u00fcl minden az \u00edg\u00e9ret hajnal\u00e1n<\/p>\n<p>Sexy Lady, oh Lady, oh Lady<br \/>\nMinden l\u00e1ny, hogyha arra v\u00e1r<br \/>\nSexy Lady, oh Lady, oh Lady<br \/>\nHa szerelemre v\u00e1r<\/p>\n<p>Sexy Lady, oh Lady, oh Lady<br \/>\nMinden l\u00e1ny, hogyha arra v\u00e1r<br \/>\nSexy Lady, oh Lady, oh Lady<br \/>\nHa szerelemre v\u00e1r<\/p>\n<p>&#8212;Sz\u00f3l\u00f3&#8212;-\/\/01:43\/\/<\/p>\n<p>Sexy Lady, oh Lady<br \/>\nSexy Lady, oh Lady<br \/>\nSexy Lady, oh Lady<br \/>\nSexy Lady, oh Lady<\/p>\n<p>Ajt\u00f3k m\u00f6g\u00f6tt, ott senki sem l\u00e1that<br \/>\n\u00c1lmodunk mindennap, ott s\u00edrunk is tal\u00e1n<br \/>\nSzexis bab\u00e1k, \u00e9n is k\u00f6ztetek j\u00e1rok<br \/>\nMegsz\u00e9p\u00fcl minden az \u00edg\u00e9ret hajnal\u00e1n<\/p>\n<p>Sexy Lady, oh Lady, oh Lady<br \/>\nMinden l\u00e1ny, hogyha arra v\u00e1r<br \/>\nSexy Lady, oh Lady, oh Lady<br \/>\nHa szerelemre v\u00e1r<\/p>\n<p>Sexy Lady, oh Lady, oh Lady<br \/>\nMinden l\u00e1ny, hogyha arra v\u00e1r<br \/>\nSexy Lady, oh Lady, oh Lady<br \/>\nHa szerelemre v\u00e1r<\/p>\n<p>&#8212;Sz\u00f3l\u00f3&#8212;\/\/03:09\/\/<\/p>\n<p>Sexy Lady, oh Lady<br \/>\nSexy Lady, oh Lady<br \/>\nSexy Lady, oh Lady<br \/>\nSexy Lady, oh Lady<br \/>\n&#8212;V\u00e9ge&#8212;<\/p>\n","protected":false},"featured_media":6363,"template":"","meta":{"site-sidebar-layout":"default","site-content-layout":"default","ast-site-content-layout":"default","site-content-style":"default","site-sidebar-style":"default","ast-global-header-display":"","ast-banner-title-visibility":"","ast-main-header-display":"","ast-hfb-above-header-display":"","ast-hfb-below-header-display":"","ast-hfb-mobile-header-display":"","site-post-title":"","ast-breadcrumbs-content":"","ast-featured-img":"","footer-sml-layout":"","theme-transparent-header-meta":"default","adv-header-id-meta":"","stick-header-meta":"","header-above-stick-meta":"","header-main-stick-meta":"","header-below-stick-meta":"","astra-migrate-meta-layouts":"set","ast-page-background-enabled":"default","ast-page-background-meta":{"desktop":{"background-color":"var(--ast-global-color-4)","background-image":"","background-repeat":"repeat","background-position":"center center","background-size":"auto","background-attachment":"scroll","background-type":"","background-media":"","overlay-type":"","overlay-color":"","overlay-opacity":"","overlay-gradient":""},"tablet":{"background-color":"","background-image":"","background-repeat":"repeat","background-position":"center center","background-size":"auto","background-attachment":"scroll","background-type":"","background-media":"","overlay-type":"","overlay-color":"","overlay-opacity":"","overlay-gradient":""},"mobile":{"background-color":"","background-image":"","background-repeat":"repeat","background-position":"center center","background-size":"auto","background-attachment":"scroll","background-type":"","background-media":"","overlay-type":"","overlay-color":"","overlay-opacity":"","overlay-gradient":""}},"ast-content-background-meta":{"desktop":{"background-color":"var(--ast-global-color-5)","background-image":"","background-repeat":"repeat","background-position":"center center","background-size":"auto","background-attachment":"scroll","background-type":"","background-media":"","overlay-type":"","overlay-color":"","overlay-opacity":"","overlay-gradient":""},"tablet":{"background-color":"var(--ast-global-color-5)","background-image":"","background-repeat":"repeat","background-position":"center center","background-size":"auto","background-attachment":"scroll","background-type":"","background-media":"","overlay-type":"","overlay-color":"","overlay-opacity":"","overlay-gradient":""},"mobile":{"background-color":"var(--ast-global-color-5)","background-image":"","background-repeat":"repeat","background-position":"center center","background-size":"auto","background-attachment":"scroll","background-type":"","background-media":"","overlay-type":"","overlay-color":"","overlay-opacity":"","overlay-gradient":""}}},"product_cat":[69],"product_tag":[],"class_list":["post-5790","product","type-product","status-publish","has-post-thumbnail","hentry","product_cat-galamb-joci","desktop-align-left","tablet-align-left","mobile-align-left"],"_links":{"self":[{"href":"https:\/\/www.sunkaraoke.hu\/index.php\/wp-json\/wp\/v2\/product\/5790","targetHints":{"allow":["GET"]}}],"collection":[{"href":"https:\/\/www.sunkaraoke.hu\/index.php\/wp-json\/wp\/v2\/product"}],"about":[{"href":"https:\/\/www.sunkaraoke.hu\/index.php\/wp-json\/wp\/v2\/types\/product"}],"wp:featuredmedia":[{"embeddable":true,"href":"https:\/\/www.sunkaraoke.hu\/index.php\/wp-json\/wp\/v2\/media\/6363"}],"wp:attachment":[{"href":"https:\/\/www.sunkaraoke.hu\/index.php\/wp-json\/wp\/v2\/media?parent=5790"}],"wp:term":[{"taxonomy":"product_cat","embeddable":true,"href":"https:\/\/www.sunkaraoke.hu\/index.php\/wp-json\/wp\/v2\/product_cat?post=5790"},{"taxonomy":"product_tag","embeddable":true,"href":"https:\/\/www.sunkaraoke.hu\/index.php\/wp-json\/wp\/v2\/product_tag?post=5790"}],"curies":[{"name":"wp","href":"https:\/\/api.w.org\/{rel}","templated":true}]}}