{"id":5789,"date":"2022-08-08T20:49:50","date_gmt":"2022-08-08T20:49:50","guid":{"rendered":"https:\/\/www.sunkaraoke.hu\/index.php\/termek\/v-zoy-gazdag-ember\/"},"modified":"2026-04-18T07:25:18","modified_gmt":"2026-04-18T05:25:18","slug":"v-zoy-gazdag-ember","status":"publish","type":"product","link":"https:\/\/www.sunkaraoke.hu\/index.php\/termek\/v-zoy-gazdag-ember\/","title":{"rendered":"<div class=\"wcmp-player-container product-5789\"><audio controlslist=\"nodownload\" data-product=\"5789\"  volume=\"1\"  preload=\"none\" data-lazyloading=\"none\" class=\"wcmp-player track mejs-classic\" data-duration=\"0:35\" data-estimated_duration=\"4\"><source src=\"https:\/\/www.sunkaraoke.hu\/wp-content\/uploads\/2022\/08\/Gazdag-ember-Vzoy.SB_.-kdemooo.mp3\" type=\"audio\/mp3\" \/><\/audio><\/div>V-Zoy &#8211; Gazdag ember (Original)"},"content":{"rendered":"<p><strong>03:19<\/strong> | <strong><img loading=\"lazy\" decoding=\"async\" class=\"alignnone size-full wp-image-467\" src=\"https:\/\/www.sunkaraoke.hu\/wp-content\/uploads\/2022\/07\/choir_2-copy.webp\" alt=\"\" width=\"30\" height=\"30\" \/> <\/strong><\/p>\n","protected":false},"excerpt":{"rendered":"<h6><strong>Bits\u0171r\u0171s\u00e9g: 320<\/strong>kb\/s<strong><br \/>\n<\/strong><strong>Hossz: <\/strong>03:19<strong><br \/>\n<\/strong><strong style=\"font-size: 16px;\">Vok\u00e1lt tartalmaz: <\/strong>Nem <img loading=\"lazy\" decoding=\"async\" class=\"alignnone size-full wp-image-467\" src=\"http:\/\/www.sunkaraoke.hu\/wp-content\/uploads\/2022\/07\/choir_2-copy.png\" alt=\"\" width=\"30\" height=\"30\" \/><strong style=\"font-size: 16px;\"><br \/>\n<\/strong><\/h6>\n<p>Sunkaraoke mp3 st\u00fadi\u00f3 \/ www.sunkaraoke.hu \/ Inf: Tel: 06 20 4275001<\/p>\n<p>&#8212;Intr\u00f3&#8212;<br \/>\nSok p\u00e9nzem lesz, egyszer tudom raj leszek,<br \/>\nbearanyoz a sok l\u00f3v\u00e9 engemet.<br \/>\nN\u00e9gyl\u00f3er\u0151s hint\u00f3val meg\u00e9rkezek,<br \/>\nirigykednek n\u00e9znek majd az emberek.<br \/>\nMegmutatom a nagyvil\u00e1gnak,<br \/>\n\u00e9n keresem a l\u00f3v\u00e9t nem \u0151 majd,<br \/>\nfelveszem \u00e9n a legszebb ingemet,<br \/>\na szerencse egyszer \u00fagyis r\u00e1mnevet.<\/p>\n<p>Err\u0151l \u00e1lmodtam, \u00e1lmomban egyszer az voltam,<br \/>\negy gazdag ember,<br \/>\nmegvettem mindent magamnak,elhittem.<br \/>\nNagyon \u00e9lveztem,<br \/>\nsokszor rossz helyre t\u00e9vedtem,<br \/>\nsemmi nem volt v\u00e9letlen,<br \/>\naz \u00e1lomb\u00f3l fel\u00e9bredtem,<br \/>\n&#8212;Sz\u00f3l\u00f3&#8212;<br \/>\nNagy palot\u00e1t, luxus aut\u00f3kat veszek,<br \/>\na k\u00f6rny\u00e9ken \u00e9n leszek a raj gyerek,<br \/>\nLaza vagyok nagyok az ig\u00e9nyek,<br \/>\nnem \u00e9rdekel engem ha el\u00edt\u00e9lnek.<br \/>\nMegmutatom a nagyvil\u00e1gnak,<br \/>\n\u00e9n keresem a l\u00f3v\u00e9t nem \u0151 majd,<br \/>\nfelveszem \u00e9n a legszebb ingemet,<br \/>\na szerencse egyszer \u00fagyis r\u00e1mnevet.<\/p>\n<p>Err\u0151l \u00e1lmodtam, \u00e1lmomban egyszer az voltam,<br \/>\negy gazdag ember,<br \/>\nmegvettem mindent magamnak,elhittem.<br \/>\nNagyon \u00e9lveztem,<br \/>\nsokszor rossz helyre t\u00e9vedtem,<br \/>\nsemmi nem volt v\u00e9letlen,<br \/>\naz \u00e1lomb\u00f3l fel\u00e9bredtem,<br \/>\n&#8212;Sz\u00f3l\u00f3&#8212;<\/p>\n<p>Err\u0151l \u00e1lmodtam, \u00e1lmomban egyszer az voltam,<br \/>\negy gazdag ember,<br \/>\nmegvettem mindent magamnak,elhittem.<br \/>\nNagyon \u00e9lveztem,<br \/>\nsokszor rossz helyre t\u00e9vedtem,<br \/>\nsemmi nem volt v\u00e9letlen,<br \/>\naz \u00e1lomb\u00f3l fel\u00e9bredtem,<\/p>\n<p>Err\u0151l \u00e1lmodtam, \u00e1lmomban egyszer az voltam,<br \/>\negy gazdag ember,<br \/>\nmegvettem mindent magamnak,elhittem.<br \/>\nNagyon \u00e9lveztem,<br \/>\nsokszor rossz helyre t\u00e9vedtem,<br \/>\nsemmi nem volt v\u00e9letlen,<br \/>\naz \u00e1lomb\u00f3l fel\u00e9bredtem,<\/p>\n<p>&#8212;V\u00e9ge&#8212;<\/p>\n","protected":false},"featured_media":9681,"template":"","meta":{"site-sidebar-layout":"default","site-content-layout":"default","ast-site-content-layout":"default","site-content-style":"default","site-sidebar-style":"default","ast-global-header-display":"","ast-banner-title-visibility":"","ast-main-header-display":"","ast-hfb-above-header-display":"","ast-hfb-below-header-display":"","ast-hfb-mobile-header-display":"","site-post-title":"","ast-breadcrumbs-content":"","ast-featured-img":"","footer-sml-layout":"","theme-transparent-header-meta":"default","adv-header-id-meta":"","stick-header-meta":"","header-above-stick-meta":"","header-main-stick-meta":"","header-below-stick-meta":"","astra-migrate-meta-layouts":"set","ast-page-background-enabled":"default","ast-page-background-meta":{"desktop":{"background-color":"var(--ast-global-color-4)","background-image":"","background-repeat":"repeat","background-position":"center center","background-size":"auto","background-attachment":"scroll","background-type":"","background-media":"","overlay-type":"","overlay-color":"","overlay-opacity":"","overlay-gradient":""},"tablet":{"background-color":"","background-image":"","background-repeat":"repeat","background-position":"center center","background-size":"auto","background-attachment":"scroll","background-type":"","background-media":"","overlay-type":"","overlay-color":"","overlay-opacity":"","overlay-gradient":""},"mobile":{"background-color":"","background-image":"","background-repeat":"repeat","background-position":"center center","background-size":"auto","background-attachment":"scroll","background-type":"","background-media":"","overlay-type":"","overlay-color":"","overlay-opacity":"","overlay-gradient":""}},"ast-content-background-meta":{"desktop":{"background-color":"var(--ast-global-color-5)","background-image":"","background-repeat":"repeat","background-position":"center center","background-size":"auto","background-attachment":"scroll","background-type":"","background-media":"","overlay-type":"","overlay-color":"","overlay-opacity":"","overlay-gradient":""},"tablet":{"background-color":"var(--ast-global-color-5)","background-image":"","background-repeat":"repeat","background-position":"center center","background-size":"auto","background-attachment":"scroll","background-type":"","background-media":"","overlay-type":"","overlay-color":"","overlay-opacity":"","overlay-gradient":""},"mobile":{"background-color":"var(--ast-global-color-5)","background-image":"","background-repeat":"repeat","background-position":"center center","background-size":"auto","background-attachment":"scroll","background-type":"","background-media":"","overlay-type":"","overlay-color":"","overlay-opacity":"","overlay-gradient":""}}},"product_cat":[48],"product_tag":[],"class_list":["post-5789","product","type-product","status-publish","has-post-thumbnail","hentry","product_cat-sunkaraoke-dalok","desktop-align-left","tablet-align-left","mobile-align-left"],"_links":{"self":[{"href":"https:\/\/www.sunkaraoke.hu\/index.php\/wp-json\/wp\/v2\/product\/5789","targetHints":{"allow":["GET"]}}],"collection":[{"href":"https:\/\/www.sunkaraoke.hu\/index.php\/wp-json\/wp\/v2\/product"}],"about":[{"href":"https:\/\/www.sunkaraoke.hu\/index.php\/wp-json\/wp\/v2\/types\/product"}],"wp:featuredmedia":[{"embeddable":true,"href":"https:\/\/www.sunkaraoke.hu\/index.php\/wp-json\/wp\/v2\/media\/9681"}],"wp:attachment":[{"href":"https:\/\/www.sunkaraoke.hu\/index.php\/wp-json\/wp\/v2\/media?parent=5789"}],"wp:term":[{"taxonomy":"product_cat","embeddable":true,"href":"https:\/\/www.sunkaraoke.hu\/index.php\/wp-json\/wp\/v2\/product_cat?post=5789"},{"taxonomy":"product_tag","embeddable":true,"href":"https:\/\/www.sunkaraoke.hu\/index.php\/wp-json\/wp\/v2\/product_tag?post=5789"}],"curies":[{"name":"wp","href":"https:\/\/api.w.org\/{rel}","templated":true}]}}