{"id":5785,"date":"2022-08-08T20:49:50","date_gmt":"2022-08-08T20:49:50","guid":{"rendered":"https:\/\/www.sunkaraoke.hu\/index.php\/termek\/piros-bela-piros-bela-mulatos-mix-32\/"},"modified":"2025-04-07T10:16:44","modified_gmt":"2025-04-07T10:16:44","slug":"piros-bela-piros-bela-mulatos-mix-32","status":"publish","type":"product","link":"https:\/\/www.sunkaraoke.hu\/index.php\/termek\/piros-bela-piros-bela-mulatos-mix-32\/","title":{"rendered":"<div class=\"wcmp-player-container product-5785\"><audio controlslist=\"nodownload\" data-product=\"5785\"  volume=\"1\"  preload=\"none\" data-lazyloading=\"none\" class=\"wcmp-player track mejs-classic\" data-duration=\"0:32\" data-estimated_duration=\"4\"><source src=\"https:\/\/www.sunkaraoke.hu\/wp-content\/uploads\/2022\/08\/Piros-Bela-mulatos-mix-32.-demoo.mp3\" type=\"audio\/mp3\" \/><\/audio><\/div>Piros B\u00e9la &#8211; Piros B\u00e9la mulat\u00f3s mix 32. (Original)"},"content":{"rendered":"<p><strong>10:37<\/strong> | <strong><img loading=\"lazy\" decoding=\"async\" class=\"alignnone size-full wp-image-467\" src=\"https:\/\/www.sunkaraoke.hu\/wp-content\/uploads\/2022\/07\/choir_2-copy.webp\" alt=\"\" width=\"30\" height=\"30\" \/> <\/strong><\/p>\n","protected":false},"excerpt":{"rendered":"<h6><strong>Bits\u0171r\u0171s\u00e9g: 320<\/strong>kb\/s<strong><br \/>\n<\/strong><strong>Hossz: <\/strong>10:37<strong><br \/>\n<\/strong><strong style=\"font-size: 16px;\">Vok\u00e1lt tartalmaz: <\/strong>Nem <img loading=\"lazy\" decoding=\"async\" class=\"alignnone size-full wp-image-467\" src=\"http:\/\/www.sunkaraoke.hu\/wp-content\/uploads\/2022\/07\/choir_2-copy.png\" alt=\"\" width=\"30\" height=\"30\" \/><strong style=\"font-size: 16px;\"><br \/>\n<\/strong><\/h6>\n<p>Sunkaraoke mp3 st\u00fadi\u00f3 \/ www.sunkaraoke.hu \/ Inf: Tel: 06 20 4275001<\/p>\n<p>&#8212;Intr\u00f3&#8212;\/\/00:29\/\/<br \/>\nJ\u00f3 est\u00e9t k\u00edv\u00e1nok, megj\u00f6ttek a feh\u00e9rv\u00e1ri husz\u00e1rok!<br \/>\nJ\u00f3 est\u00e9t k\u00edv\u00e1nok, megj\u00f6ttek a feh\u00e9rv\u00e1ri husz\u00e1rok!<br \/>\nJ\u00f6ttek, l\u00e1ttak, gy\u0151ztek, sok kisl\u00e1nyt megf\u0151ztek,<br \/>\nj\u00f3 est\u00e9t k\u00edv\u00e1nok, megj\u00f6ttek a feh\u00e9rv\u00e1ri husz\u00e1rok!<br \/>\nJ\u00f6ttek, l\u00e1ttak, gy\u0151ztek, sok kisl\u00e1nyt megf\u0151ztek,<br \/>\nj\u00f3 est\u00e9t k\u00edv\u00e1nok, megj\u00f6ttek a feh\u00e9rv\u00e1ri husz\u00e1rok!<br \/>\n&#8212;Sz\u00f3l\u00f3&#8212;\/\/01:37\/\/<br \/>\nJ\u00f3 reggelt k\u00edv\u00e1nok, elmentek a feh\u00e9rv\u00e1ri husz\u00e1rok!<br \/>\nJ\u00f3 reggelt k\u00edv\u00e1nok, elmentek a feh\u00e9rv\u00e1ri husz\u00e1rok!<br \/>\nErre, arra j\u00e1rtak, selyem\u00e1gyban h\u00e1ltak,<br \/>\nj\u00f3 reggelt k\u00edv\u00e1nok, elmentek a feh\u00e9rv\u00e1ri husz\u00e1rok!<br \/>\nErre, arra j\u00e1rtak, selyem\u00e1gyban h\u00e1ltak,<br \/>\nj\u00f3 reggelt k\u00edv\u00e1nok, elmentek a feh\u00e9rv\u00e1ri husz\u00e1rok!<br \/>\n&#8212;Sz\u00f3l\u00f3&#8212;\/\/02:25\/\/<br \/>\n\u00d6regember vagyok m\u00e1r \u00e9n, \u0151sz a hajam sz\u00e1la.<br \/>\nFiatal a feles\u00e9gem, b\u00fcszke vagyok r\u00e1ja.<br \/>\n\u00c9n a hajam lev\u00e1gatom, be is ondol\u00e1lom,<br \/>\nazt sajn\u00e1lom, holtig b\u00e1nom, hogy elhagyott a p\u00e1rom.<br \/>\n\u00c9n a hajam lev\u00e1gatom, be is ondol\u00e1lom,<br \/>\nazt sajn\u00e1lom, holtig b\u00e1nom, hogy elhagyott a p\u00e1rom.<br \/>\nRig\u00f3 mad\u00e1r, s\u00e1rga rig\u00f3 mad\u00e1r ne sz\u00e1llj fel a f\u00e1ra.<br \/>\nInk\u00e1bb sz\u00e1llj fel, ink\u00e1bb sz\u00e1llj fel a bab\u00e1m ablak\u00e1ba.<br \/>\nDalold el, hogy \u00e1rva vagyok, mert be vagyok z\u00e1rva,<br \/>\na ny\u00edregyh\u00e1zi h\u00e1romemeletes husz\u00e1rlaktany\u00e1ba.<br \/>\nDalold el, hogy \u00e1rva vagyok, mert be vagyok z\u00e1rva,<br \/>\na ny\u00edregyh\u00e1zi h\u00e1romemeletes husz\u00e1rlaktany\u00e1ba.<br \/>\n&#8212;Sz\u00f3l\u00f3&#8212;\/\/04:18\/\/<br \/>\nZ\u00f6ldre van a, z\u00f6ldre van a r\u00e1csos kapu festve,<br \/>\nodaj\u00e1rok minden szombat este.<br \/>\nDe az este nem gy\u0151ztelek v\u00e1rni, v\u00e1rni,<br \/>\nbe kellett a, be kellett a r\u00e1csos kaput z\u00e1rni.<br \/>\nDe az este nem gy\u0151ztelek v\u00e1rni, v\u00e1rni,<br \/>\nbe kellett a, be kellett a r\u00e1csos kaput z\u00e1rni.<br \/>\nBez\u00e1rhatod, bez\u00e1rhatod r\u00e1csos kiskapudat,<br \/>\nnem j\u00e1rom \u00e9n t\u00f6bb\u00e9 udvarodat,<br \/>\nVethetsz most m\u00e1r szegf\u0171t, majorann\u00e1t, ann\u00e1t,<br \/>\nnem taposom, nem taposom t\u00f6bb\u00e9 a vir\u00e1g\u00e1t.<br \/>\nVethetsz most m\u00e1r szegf\u0171t, majorann\u00e1t, ann\u00e1t,<br \/>\nnem taposom, nem taposom t\u00f6bb\u00e9 a vir\u00e1g\u00e1t.<br \/>\n&#8212;Sz\u00f3l\u00f3&#8212;\/\/05:55\/\/<br \/>\nTegnap \u00e9jjel \u00e1lmomban \u00fajra leg\u00e9ny voltam.<br \/>\nSzabadon, mint a mad\u00e1r, boldogan daloltam.<br \/>\nBety\u00e1ros kis kalapom a fejemre t\u00e9ve,<br \/>\nki\u00e1lltam a kapuba, a h\u00e1zunk el\u00e9be.<br \/>\nBety\u00e1ros kis kalapom a fejemre t\u00e9ve,<br \/>\nki\u00e1lltam a kapuba, a h\u00e1zunk el\u00e9be.<br \/>\nArra j\u00e1rt a szeret\u0151m, a sok k\u00f6z\u00fcl egyik.<br \/>\negy cs\u00f3k ut\u00e1n tov\u00e1bb ment, azt\u00e1n j\u00f6tt a m\u00e1sik.<br \/>\nElj\u00f6tt volna mind a sz\u00e1z, de m\u00e1r \u00e9bren voltam,<br \/>\nhol volt n\u00e9kem az eszem, hogy megh\u00e1zasodtam.<br \/>\nElj\u00f6tt volna mind a sz\u00e1z, de m\u00e1r \u00e9bren voltam,<br \/>\nhol volt n\u00e9kem az eszem, hogy megh\u00e1zasodtam.<br \/>\n&#8212;Sz\u00f3l\u00f3&#8212;\/\/07:56\/\/<br \/>\nKalapomon piros szegf\u0171 bab\u00e1m t\u0151led kaptam.<br \/>\nFizets\u00e9g\u00fcl n\u00e9ked \u00e9rte a sz\u00edvemet adtam.<br \/>\nDe sz\u00edv n\u00e9lk\u00fcl,hej sz\u00edv n\u00e9lk\u00fcl,de nem tudok \u00e9n \u00e9lni,<br \/>\nelj\u00f6ttem h\u00e1t a sz\u00edvemet t\u0151led visszak\u00e9rni.<br \/>\nDe sz\u00edv n\u00e9lk\u00fcl,hej sz\u00edv n\u00e9lk\u00fcl,de nem tudok \u00e9n \u00e9lni,<br \/>\nelj\u00f6ttem h\u00e1t a sz\u00edvemet t\u0151led visszak\u00e9rni.<br \/>\nVisszadobtad a sz\u00edvemet nem \u00f6smertem r\u00e1ja.<br \/>\n\u00d6sszet\u00e9pted,\u00f6sszet\u00f6rted,k\u00ednoztad hal\u00e1lra.<br \/>\nNem tudok \u00e9n,nem tudok \u00e9n ilyen sz\u00edvvel \u00e9lni,<br \/>\nf\u00f6lmegyek az \u00dar Istenhez egy \u00faj sz\u00edvet k\u00e9rni.<br \/>\nNem tudok \u00e9n,nem tudok \u00e9n ilyen sz\u00edvvel \u00e9lni,<br \/>\nf\u00f6lmegyek az \u00dar Istenhez egy \u00faj sz\u00edvet k\u00e9rni.<br \/>\nNem tudok \u00e9n megjav\u00falni, j\u00f3zan ember lenni,<br \/>\nnem tudok \u00e9n pi\u00e1s ember kor\u00e1n lefek\u00fcdni.<br \/>\nNem tudok \u00e9n megjav\u00falni, j\u00f3zan ember lenni,<br \/>\nf\u00f6lmegyek az \u00dar Istenhez egy \u00faj sz\u00edvet k\u00e9rni.<br \/>\nNem tudok \u00e9n megjav\u00falni, j\u00f3zan ember lenni,<br \/>\nf\u00f6lmegyek az \u00dar Istenhez egy \u00faj sz\u00edvet k\u00e9rni.<br \/>\nHat nap \u00f3ta sz\u00f3l a n\u00f3ta, nem pihentem \u00e9n az\u00f3ta,<br \/>\n\u00e1t\u00f6lelve tart a p\u00e1rom, hatnak a fele h\u00e1rom,<br \/>\na pici cs\u00f3kos sz\u00e1dat v\u00e1rom,\u00fagyis te leszel a p\u00e1rom.<br \/>\nF\u00e9lrer\u00fagtam a csizma sark\u00e1t,elh\u00edvattam a zirci varg\u00e1t,<br \/>\n\u00fcsse jobban r\u00e1ja,m\u00edg a banda muzsik\u00e1lja.<br \/>\nF\u00e9lrer\u00fagtam a csizma sark\u00e1t,elh\u00edvattam a zirci varg\u00e1t,<br \/>\n\u00fcsse jobban r\u00e1ja,m\u00edg a banda muzsik\u00e1lja.<br \/>\n&#8212;V\u00e9ge&#8212;<\/p>\n","protected":false},"featured_media":12989,"template":"","meta":{"site-sidebar-layout":"default","site-content-layout":"default","ast-site-content-layout":"default","site-content-style":"default","site-sidebar-style":"default","ast-global-header-display":"","ast-banner-title-visibility":"","ast-main-header-display":"","ast-hfb-above-header-display":"","ast-hfb-below-header-display":"","ast-hfb-mobile-header-display":"","site-post-title":"","ast-breadcrumbs-content":"","ast-featured-img":"","footer-sml-layout":"","theme-transparent-header-meta":"default","adv-header-id-meta":"","stick-header-meta":"","header-above-stick-meta":"","header-main-stick-meta":"","header-below-stick-meta":"","astra-migrate-meta-layouts":"set","ast-page-background-enabled":"default","ast-page-background-meta":{"desktop":{"background-color":"var(--ast-global-color-4)","background-image":"","background-repeat":"repeat","background-position":"center center","background-size":"auto","background-attachment":"scroll","background-type":"","background-media":"","overlay-type":"","overlay-color":"","overlay-opacity":"","overlay-gradient":""},"tablet":{"background-color":"","background-image":"","background-repeat":"repeat","background-position":"center center","background-size":"auto","background-attachment":"scroll","background-type":"","background-media":"","overlay-type":"","overlay-color":"","overlay-opacity":"","overlay-gradient":""},"mobile":{"background-color":"","background-image":"","background-repeat":"repeat","background-position":"center center","background-size":"auto","background-attachment":"scroll","background-type":"","background-media":"","overlay-type":"","overlay-color":"","overlay-opacity":"","overlay-gradient":""}},"ast-content-background-meta":{"desktop":{"background-color":"var(--ast-global-color-5)","background-image":"","background-repeat":"repeat","background-position":"center center","background-size":"auto","background-attachment":"scroll","background-type":"","background-media":"","overlay-type":"","overlay-color":"","overlay-opacity":"","overlay-gradient":""},"tablet":{"background-color":"var(--ast-global-color-5)","background-image":"","background-repeat":"repeat","background-position":"center center","background-size":"auto","background-attachment":"scroll","background-type":"","background-media":"","overlay-type":"","overlay-color":"","overlay-opacity":"","overlay-gradient":""},"mobile":{"background-color":"var(--ast-global-color-5)","background-image":"","background-repeat":"repeat","background-position":"center center","background-size":"auto","background-attachment":"scroll","background-type":"","background-media":"","overlay-type":"","overlay-color":"","overlay-opacity":"","overlay-gradient":""}}},"product_cat":[48],"product_tag":[],"class_list":["post-5785","product","type-product","status-publish","has-post-thumbnail","hentry","product_cat-sunkaraoke-dalok","desktop-align-left","tablet-align-left","mobile-align-left"],"_links":{"self":[{"href":"https:\/\/www.sunkaraoke.hu\/index.php\/wp-json\/wp\/v2\/product\/5785","targetHints":{"allow":["GET"]}}],"collection":[{"href":"https:\/\/www.sunkaraoke.hu\/index.php\/wp-json\/wp\/v2\/product"}],"about":[{"href":"https:\/\/www.sunkaraoke.hu\/index.php\/wp-json\/wp\/v2\/types\/product"}],"wp:featuredmedia":[{"embeddable":true,"href":"https:\/\/www.sunkaraoke.hu\/index.php\/wp-json\/wp\/v2\/media\/12989"}],"wp:attachment":[{"href":"https:\/\/www.sunkaraoke.hu\/index.php\/wp-json\/wp\/v2\/media?parent=5785"}],"wp:term":[{"taxonomy":"product_cat","embeddable":true,"href":"https:\/\/www.sunkaraoke.hu\/index.php\/wp-json\/wp\/v2\/product_cat?post=5785"},{"taxonomy":"product_tag","embeddable":true,"href":"https:\/\/www.sunkaraoke.hu\/index.php\/wp-json\/wp\/v2\/product_tag?post=5785"}],"curies":[{"name":"wp","href":"https:\/\/api.w.org\/{rel}","templated":true}]}}