{"id":5784,"date":"2022-08-08T20:49:50","date_gmt":"2022-08-08T20:49:50","guid":{"rendered":"https:\/\/www.sunkaraoke.hu\/index.php\/termek\/jolly-tuleltem-mar-minden-rosszat\/"},"modified":"2025-12-01T14:47:03","modified_gmt":"2025-12-01T12:47:03","slug":"jolly-tuleltem-mar-minden-rosszat","status":"publish","type":"product","link":"https:\/\/www.sunkaraoke.hu\/index.php\/termek\/jolly-tuleltem-mar-minden-rosszat\/","title":{"rendered":"<div class=\"wcmp-player-container product-5784\"><audio controlslist=\"nodownload\" data-product=\"5784\"  volume=\"1\"  preload=\"none\" data-lazyloading=\"none\" class=\"wcmp-player track mejs-classic\" data-duration=\"0:30\" data-estimated_duration=\"3\"><source src=\"https:\/\/www.sunkaraoke.hu\/wp-content\/uploads\/2022\/08\/Tuleltem-mar-minden-roszat-Jolly_demo.mp3\" type=\"audio\/mp3\" \/><\/audio><\/div>Jolly &#8211; T\u00fal\u00e9ltem m\u00e1r minden rosszat (Original Zoly Edition)"},"content":{"rendered":"<p><strong>03:45<\/strong> | <strong><img loading=\"lazy\" decoding=\"async\" class=\"alignnone size-full wp-image-467\" src=\"https:\/\/www.sunkaraoke.hu\/wp-content\/uploads\/2022\/07\/choir_2-copy.webp\" alt=\"\" width=\"30\" height=\"30\" \/> <\/strong><\/p>\n","protected":false},"excerpt":{"rendered":"<h5>Bits\u0171r\u0171s\u00e9g: 320 kb\/s<br \/>\nHossz: 03:45<br \/>\nVok\u00e1lt tartalmaz: Nem <img loading=\"lazy\" decoding=\"async\" class=\"alignnone size-full wp-image-467\" src=\"http:\/\/www.sunkaraoke.hu\/wp-content\/uploads\/2022\/07\/choir_2-copy.png\" alt=\"\" width=\"30\" height=\"30\" \/><strong style=\"font-size: 16px;\"><br \/>\n<\/strong><\/h5>\n<p>Sunkaraoke mp3 st\u00fadi\u00f3 \/ www.sunkaraoke.hu \/ Inf: Tel: 06 20 4275001<\/p>\n<p>&#8212;Intr\u00f3&#8212;<\/p>\n<p>T\u00fal\u00e9ltem m\u00e1r minden rosszat amit lehet,<br \/>\nhi\u00e1ba is sz\u00fclettem \u00e9n szeg\u00e9nynek,<br \/>\njaj \u00e9n nem adtam fel soha soha sem,<br \/>\nhittem magamban, vittem valamire.<br \/>\nHi\u00e1ba is hagyott el az asszony,<br \/>\nnem s\u00edrok \u00e9n t\u00f6bb\u00e9 m\u00e1r ut\u00e1na,<br \/>\nilyet tal\u00e1lok \u00e9n minden utca sarkon,<br \/>\n\u00e9n nem leszek a kuty\u00e1ja.<\/p>\n<p>Eg\u00e9sz \u00e9jjel nem fogok ma aludni,<br \/>\nelmegyek a bar\u00e1tokkal mulatni,<br \/>\nel m\u00falatom \u00e9n az \u00f6sszes l\u00f3v\u00e9mat,<br \/>\ncs\u00f3kolom a szingli csajokat.<br \/>\nEg\u00e9sz \u00e9jjel nem tudok elaludni,<br \/>\nink\u00e1bb elmegyek egy j\u00f3 kis b\u00e1rba mulatni,<br \/>\niszom a j\u00f3 p\u00e1link\u00e1t, \u00f3, \u00f3,<br \/>\nnekem m\u00e1r ezt nem tiltj\u00e1k, \u00f3,\u00f3.<br \/>\nS\u00e1lom, \u00e1lom&#8230;..<br \/>\n&#8212;Sz\u00f3l\u00f3&#8212;<\/p>\n<p>T\u00fal\u00e9ltem m\u00e1r minden rosszat amit lehet,<br \/>\nhi\u00e1ba is sz\u00fclettem \u00e9n szeg\u00e9nynek,<br \/>\njaj \u00e9n nem adtam fel soha soha sem,<br \/>\nhittem magamban, vittem valamire.<br \/>\nHi\u00e1ba is hagyott el az asszony,<br \/>\nnem s\u00edrok \u00e9n t\u00f6bb\u00e9 m\u00e1r ut\u00e1na,<br \/>\nilyet tal\u00e1lok \u00e9n minden utca sarkon,<br \/>\n\u00e9n nem leszek a kuty\u00e1ja.<\/p>\n<p>Eg\u00e9sz \u00e9jjel nem fogok ma aludni,<br \/>\nelmegyek a bar\u00e1tokkal mulatni,<br \/>\nelmulatom \u00e9n az \u00f6sszes l\u00f3v\u00e9mat,<br \/>\ncs\u00f3kolom a szingli csajokat.<br \/>\nEg\u00e9sz \u00e9jjel nem tudok elaludni,<br \/>\nink\u00e1bb elmegyek egy j\u00f3 kis b\u00e1rba mulatni,<br \/>\niszom a j\u00f3 p\u00e1link\u00e1t, \u00f3,\u00f3,<br \/>\nnekem m\u00e1r ezt nem tiltj\u00e1k,\u00f3,\u00f3.<br \/>\nS\u00e1lom, \u00e1lom&#8230;..<br \/>\n&#8212;Sz\u00f3l\u00f3&#8212;<\/p>\n<p>Eg\u00e9sz \u00e9jjel nem fogok ma aludni,<br \/>\nelmegyek a bar\u00e1tokkal mulatni,<br \/>\nelmulatom \u00e9n az \u00f6sszes l\u00f3v\u00e9mat,<br \/>\ncs\u00f3kolom a szingli csajokat.<br \/>\nEg\u00e9sz \u00e9jjel nem tudok elaludni,<br \/>\nink\u00e1bb elmegyek egy j\u00f3 kis b\u00e1rba mulatni,<br \/>\niszom a j\u00f3 p\u00e1link\u00e1t, \u00f3,\u00f3,<br \/>\nnekem m\u00e1r ezt nem tiltj\u00e1k,\u00f3,\u00f3.<br \/>\nIszom a j\u00f3 p\u00e1link\u00e1t, \u00f3,\u00f3,<br \/>\nnekem m\u00e1r ezt nem tiltj\u00e1k,\u00f3,\u00f3.<br \/>\n&#8212;V\u00e9ge&#8212;<\/p>\n","protected":false},"featured_media":6147,"template":"","meta":{"site-sidebar-layout":"default","site-content-layout":"default","ast-site-content-layout":"default","site-content-style":"default","site-sidebar-style":"default","ast-global-header-display":"","ast-banner-title-visibility":"","ast-main-header-display":"","ast-hfb-above-header-display":"","ast-hfb-below-header-display":"","ast-hfb-mobile-header-display":"","site-post-title":"","ast-breadcrumbs-content":"","ast-featured-img":"","footer-sml-layout":"","theme-transparent-header-meta":"default","adv-header-id-meta":"","stick-header-meta":"","header-above-stick-meta":"","header-main-stick-meta":"","header-below-stick-meta":"","astra-migrate-meta-layouts":"set","ast-page-background-enabled":"default","ast-page-background-meta":{"desktop":{"background-color":"var(--ast-global-color-4)","background-image":"","background-repeat":"repeat","background-position":"center center","background-size":"auto","background-attachment":"scroll","background-type":"","background-media":"","overlay-type":"","overlay-color":"","overlay-opacity":"","overlay-gradient":""},"tablet":{"background-color":"","background-image":"","background-repeat":"repeat","background-position":"center center","background-size":"auto","background-attachment":"scroll","background-type":"","background-media":"","overlay-type":"","overlay-color":"","overlay-opacity":"","overlay-gradient":""},"mobile":{"background-color":"","background-image":"","background-repeat":"repeat","background-position":"center center","background-size":"auto","background-attachment":"scroll","background-type":"","background-media":"","overlay-type":"","overlay-color":"","overlay-opacity":"","overlay-gradient":""}},"ast-content-background-meta":{"desktop":{"background-color":"var(--ast-global-color-5)","background-image":"","background-repeat":"repeat","background-position":"center center","background-size":"auto","background-attachment":"scroll","background-type":"","background-media":"","overlay-type":"","overlay-color":"","overlay-opacity":"","overlay-gradient":""},"tablet":{"background-color":"var(--ast-global-color-5)","background-image":"","background-repeat":"repeat","background-position":"center center","background-size":"auto","background-attachment":"scroll","background-type":"","background-media":"","overlay-type":"","overlay-color":"","overlay-opacity":"","overlay-gradient":""},"mobile":{"background-color":"var(--ast-global-color-5)","background-image":"","background-repeat":"repeat","background-position":"center center","background-size":"auto","background-attachment":"scroll","background-type":"","background-media":"","overlay-type":"","overlay-color":"","overlay-opacity":"","overlay-gradient":""}}},"product_cat":[58],"product_tag":[],"class_list":["post-5784","product","type-product","status-publish","has-post-thumbnail","hentry","product_cat-erdelyi-zoltan","desktop-align-left","tablet-align-left","mobile-align-left"],"_links":{"self":[{"href":"https:\/\/www.sunkaraoke.hu\/index.php\/wp-json\/wp\/v2\/product\/5784","targetHints":{"allow":["GET"]}}],"collection":[{"href":"https:\/\/www.sunkaraoke.hu\/index.php\/wp-json\/wp\/v2\/product"}],"about":[{"href":"https:\/\/www.sunkaraoke.hu\/index.php\/wp-json\/wp\/v2\/types\/product"}],"wp:featuredmedia":[{"embeddable":true,"href":"https:\/\/www.sunkaraoke.hu\/index.php\/wp-json\/wp\/v2\/media\/6147"}],"wp:attachment":[{"href":"https:\/\/www.sunkaraoke.hu\/index.php\/wp-json\/wp\/v2\/media?parent=5784"}],"wp:term":[{"taxonomy":"product_cat","embeddable":true,"href":"https:\/\/www.sunkaraoke.hu\/index.php\/wp-json\/wp\/v2\/product_cat?post=5784"},{"taxonomy":"product_tag","embeddable":true,"href":"https:\/\/www.sunkaraoke.hu\/index.php\/wp-json\/wp\/v2\/product_tag?post=5784"}],"curies":[{"name":"wp","href":"https:\/\/api.w.org\/{rel}","templated":true}]}}