{"id":5781,"date":"2022-08-08T20:49:50","date_gmt":"2022-08-08T20:49:50","guid":{"rendered":"https:\/\/www.sunkaraoke.hu\/index.php\/termek\/galamb-jozsef-szurke-eniko-nyar-van\/"},"modified":"2025-04-13T09:51:31","modified_gmt":"2025-04-13T09:51:31","slug":"galamb-jozsef-szurke-eniko-nyar-van","status":"publish","type":"product","link":"https:\/\/www.sunkaraoke.hu\/index.php\/termek\/galamb-jozsef-szurke-eniko-nyar-van\/","title":{"rendered":"<div class=\"wcmp-player-container product-5781\"><audio controlslist=\"nodownload\" data-product=\"5781\"  volume=\"1\"  preload=\"none\" data-lazyloading=\"none\" class=\"wcmp-player track mejs-classic\" data-duration=\"0:32\" data-estimated_duration=\"4\"><source src=\"https:\/\/www.sunkaraoke.hu\/wp-content\/uploads\/2022\/08\/Nyar-van-Vok-G.-demoo.mp3\" type=\"audio\/mp3\" \/><\/audio><\/div>Galamb J\u00f3zsef &#038; Sz\u00fcrke Enik\u00f5 &#8211; Ny\u00e1r van (Original)"},"content":{"rendered":"<p><strong>04:01<\/strong> | <strong><img loading=\"lazy\" decoding=\"async\" class=\"alignnone size-full wp-image-466\" src=\"https:\/\/www.sunkaraoke.hu\/wp-content\/uploads\/2022\/07\/choir_1-copy.webp\" alt=\"\" width=\"30\" height=\"30\" \/> <\/strong><\/p>\n","protected":false},"excerpt":{"rendered":"<h6><strong>Bits\u0171r\u0171s\u00e9g: 320<\/strong>kb\/s<strong><br \/>\n<\/strong><strong>Hossz: <\/strong>04:01<strong><br \/>\n<\/strong><strong style=\"font-size: 16px;\">Vok\u00e1lt tartalmaz: <\/strong>Igen <img loading=\"lazy\" decoding=\"async\" class=\"alignnone size-full wp-image-466\" src=\"http:\/\/www.sunkaraoke.hu\/wp-content\/uploads\/2022\/07\/choir_1-copy.png\" alt=\"\" width=\"30\" height=\"30\" \/><strong style=\"font-size: 16px;\"><br \/>\n<\/strong><\/h6>\n<p>Sunkaraoke mp3 st\u00fadi\u00f3 \/ www.sunkaraoke.hu \/ Inf: Tel: 06 20 4275001<\/p>\n<p>&#8212;Intr\u00f3&#8212;<br \/>\nNy\u00e1r van, alig f\u00fcrd\u0151ruh\u00e1ban,<br \/>\n\u00e9getem magam a napon.<br \/>\nNy\u00e1r van, terepsz\u00edn\u0171 vil\u00e1gban,<br \/>\nfelt\u0171n\u0151 vagyok, tudom.<\/p>\n<p>\u00c9s ha lesben \u00e1ll egy c\u00e1pa, \u00e1ldozatra v\u00e1rva,<br \/>\nszinte felfal a szem\u00e9vel,mi legyen?<\/p>\n<p>Valahol messze d\u00e9len,<br \/>\n\u00f6r\u00f6k\u00f6s naps\u00fct\u00e9sben,<br \/>\nszir\u00e9n \u00e9nekemmel elk\u00e1b\u00edtom.<br \/>\nValahol eg\u00e9sz d\u00e9len,<br \/>\na szerelem tenger\u00e9ben,<br \/>\n\u00e9n is megf\u00fcr\u00f6dn\u00e9k, el\u00e1rulom.<br \/>\n&#8212;Sz\u00f3l\u00f3&#8212;<br \/>\nNy\u00e1r van, szenvedek a szob\u00e1ban,<br \/>\naz eml\u00e9k f\u00f6lkavar, nagyon.<br \/>\nNy\u00e1r van, \u00e9ppolyan meleg ny\u00e1r van,<br \/>\nelfelejteni nem fogom.<br \/>\nL\u00e1tom, lesben \u00e1ll egy c\u00e1pa,\u00e1ldozatra v\u00e1rva,<br \/>\nszinte felfal a szem\u00e9vel, ha ja jaj!<br \/>\nValahol messze d\u00e9len,<br \/>\n\u00f6r\u00f6k\u00f6s naps\u00fct\u00e9sben,<br \/>\nszir\u00e9n \u00e9nekemmel elk\u00e1b\u00edtom.<br \/>\nValahol eg\u00e9sz d\u00e9len,<br \/>\na szerelem tenger\u00e9ben,<br \/>\n\u00e9n is megf\u00fcr\u00f6dn\u00e9k, el\u00e1rulom.<br \/>\n&#8212;Sz\u00f3l\u00f3&#8212;<br \/>\nL\u00e1tom, lesben \u00e1ll egy c\u00e1pa,\u00e1ldozatra v\u00e1rva,<br \/>\nszinte felfal a szem\u00e9vel, ha ja jaj!<br \/>\nValahol messze d\u00e9len,<br \/>\n\u00f6r\u00f6k\u00f6s naps\u00fct\u00e9sben,<br \/>\nszir\u00e9n \u00e9nekemmel elk\u00e1b\u00edtom.<br \/>\nValahol eg\u00e9sz d\u00e9len,<br \/>\na szerelem tenger\u00e9ben,<br \/>\n\u00e9n is megf\u00fcr\u00f6dn\u00e9k, el\u00e1rulom.<br \/>\nValahol messze d\u00e9len,<br \/>\n\u00f6r\u00f6k\u00f6s naps\u00fct\u00e9sben,<br \/>\nszir\u00e9n \u00e9nekemmel elk\u00e1b\u00edtom.<br \/>\nValahol eg\u00e9sz d\u00e9len,<br \/>\na szerelem tenger\u00e9ben,<br \/>\n\u00e9n is megf\u00fcr\u00f6dn\u00e9k, el\u00e1rulom.<br \/>\n&#8212;V\u00e9ge&#8212;<\/p>\n","protected":false},"featured_media":6363,"template":"","meta":{"site-sidebar-layout":"default","site-content-layout":"default","ast-site-content-layout":"default","site-content-style":"default","site-sidebar-style":"default","ast-global-header-display":"","ast-banner-title-visibility":"","ast-main-header-display":"","ast-hfb-above-header-display":"","ast-hfb-below-header-display":"","ast-hfb-mobile-header-display":"","site-post-title":"","ast-breadcrumbs-content":"","ast-featured-img":"","footer-sml-layout":"","theme-transparent-header-meta":"default","adv-header-id-meta":"","stick-header-meta":"","header-above-stick-meta":"","header-main-stick-meta":"","header-below-stick-meta":"","astra-migrate-meta-layouts":"set","ast-page-background-enabled":"default","ast-page-background-meta":{"desktop":{"background-color":"var(--ast-global-color-4)","background-image":"","background-repeat":"repeat","background-position":"center center","background-size":"auto","background-attachment":"scroll","background-type":"","background-media":"","overlay-type":"","overlay-color":"","overlay-opacity":"","overlay-gradient":""},"tablet":{"background-color":"","background-image":"","background-repeat":"repeat","background-position":"center center","background-size":"auto","background-attachment":"scroll","background-type":"","background-media":"","overlay-type":"","overlay-color":"","overlay-opacity":"","overlay-gradient":""},"mobile":{"background-color":"","background-image":"","background-repeat":"repeat","background-position":"center center","background-size":"auto","background-attachment":"scroll","background-type":"","background-media":"","overlay-type":"","overlay-color":"","overlay-opacity":"","overlay-gradient":""}},"ast-content-background-meta":{"desktop":{"background-color":"var(--ast-global-color-5)","background-image":"","background-repeat":"repeat","background-position":"center center","background-size":"auto","background-attachment":"scroll","background-type":"","background-media":"","overlay-type":"","overlay-color":"","overlay-opacity":"","overlay-gradient":""},"tablet":{"background-color":"var(--ast-global-color-5)","background-image":"","background-repeat":"repeat","background-position":"center center","background-size":"auto","background-attachment":"scroll","background-type":"","background-media":"","overlay-type":"","overlay-color":"","overlay-opacity":"","overlay-gradient":""},"mobile":{"background-color":"var(--ast-global-color-5)","background-image":"","background-repeat":"repeat","background-position":"center center","background-size":"auto","background-attachment":"scroll","background-type":"","background-media":"","overlay-type":"","overlay-color":"","overlay-opacity":"","overlay-gradient":""}}},"product_cat":[69],"product_tag":[],"class_list":["post-5781","product","type-product","status-publish","has-post-thumbnail","hentry","product_cat-galamb-joci","desktop-align-left","tablet-align-left","mobile-align-left"],"_links":{"self":[{"href":"https:\/\/www.sunkaraoke.hu\/index.php\/wp-json\/wp\/v2\/product\/5781","targetHints":{"allow":["GET"]}}],"collection":[{"href":"https:\/\/www.sunkaraoke.hu\/index.php\/wp-json\/wp\/v2\/product"}],"about":[{"href":"https:\/\/www.sunkaraoke.hu\/index.php\/wp-json\/wp\/v2\/types\/product"}],"wp:featuredmedia":[{"embeddable":true,"href":"https:\/\/www.sunkaraoke.hu\/index.php\/wp-json\/wp\/v2\/media\/6363"}],"wp:attachment":[{"href":"https:\/\/www.sunkaraoke.hu\/index.php\/wp-json\/wp\/v2\/media?parent=5781"}],"wp:term":[{"taxonomy":"product_cat","embeddable":true,"href":"https:\/\/www.sunkaraoke.hu\/index.php\/wp-json\/wp\/v2\/product_cat?post=5781"},{"taxonomy":"product_tag","embeddable":true,"href":"https:\/\/www.sunkaraoke.hu\/index.php\/wp-json\/wp\/v2\/product_tag?post=5781"}],"curies":[{"name":"wp","href":"https:\/\/api.w.org\/{rel}","templated":true}]}}