{"id":5779,"date":"2022-08-08T20:49:49","date_gmt":"2022-08-08T20:49:49","guid":{"rendered":"https:\/\/www.sunkaraoke.hu\/index.php\/termek\/galamb-jozsef-szurke-eniko-varosi-vilag\/"},"modified":"2025-04-13T09:32:39","modified_gmt":"2025-04-13T09:32:39","slug":"galamb-jozsef-szurke-eniko-varosi-vilag","status":"publish","type":"product","link":"https:\/\/www.sunkaraoke.hu\/index.php\/termek\/galamb-jozsef-szurke-eniko-varosi-vilag\/","title":{"rendered":"<div class=\"wcmp-player-container product-5779\"><audio controlslist=\"nodownload\" data-product=\"5779\"  volume=\"1\"  preload=\"none\" data-lazyloading=\"none\" class=\"wcmp-player track mejs-classic\" data-duration=\"0:34\" data-estimated_duration=\"4\"><source src=\"https:\/\/www.sunkaraoke.hu\/wp-content\/uploads\/2022\/08\/Varosi-vilag-G.-kdemoo.mp3\" type=\"audio\/mp3\" \/><\/audio><\/div>Galamb J\u00f3zsef &#038; Sz\u00fcrke Enik\u00f5 &#8211; V\u00e1rosi vil\u00e1g (Original)"},"content":{"rendered":"<p><strong>03:53<\/strong> | <strong><img loading=\"lazy\" decoding=\"async\" class=\"alignnone size-full wp-image-467\" src=\"https:\/\/www.sunkaraoke.hu\/wp-content\/uploads\/2022\/07\/choir_2-copy.webp\" alt=\"\" width=\"30\" height=\"30\" \/> <\/strong><\/p>\n","protected":false},"excerpt":{"rendered":"<h6><strong>Bits\u0171r\u0171s\u00e9g: 320<\/strong>kb\/s<strong><br \/>\n<\/strong><strong>Hossz: <\/strong>03:53<strong><br \/>\n<\/strong><strong style=\"font-size: 16px;\">Vok\u00e1lt tartalmaz: <\/strong>Nem <img loading=\"lazy\" decoding=\"async\" class=\"alignnone size-full wp-image-467\" src=\"http:\/\/www.sunkaraoke.hu\/wp-content\/uploads\/2022\/07\/choir_2-copy.png\" alt=\"\" width=\"30\" height=\"30\" \/><strong style=\"font-size: 16px;\"><br \/>\n<\/strong><\/h6>\n<p>Sunkaraoke mp3 st\u00fadi\u00f3 \/ www.sunkaraoke.hu \/ Inf: Tel: 06 20 4275001<\/p>\n<p>&#8212;-Intr\u00f3&#8212;\/\/00:10\/\/<\/p>\n<p>Nem olyan r\u00e9gen, vid\u00e9ken \u00e9ltem<br \/>\nK\u00f6r\u00fclvett sok j\u00f3 bar\u00e1t<br \/>\nSose volt gondunk, boldogok voltunk<br \/>\nS ittuk ap\u00e1m j\u00f3 bor\u00e1t<br \/>\nB\u00e1rmilyen j\u00f3 volt, \u0171z\u00f6tt a h\u00f3bort<br \/>\nHogy v\u00e1rosi ember legyek<br \/>\nDe rosszul tettem, mag\u00e1nyos lettem<br \/>\nS \u00edgy m\u00falnak az \u00e9vek<\/p>\n<p>Ny\u00edlhat itt sz\u00e1zsz\u00edn\u0171 vir\u00e1g<br \/>\nM\u00e1s ez a v\u00e1rosi vil\u00e1g<br \/>\nNem k\u00f6nny\u0171 otthonra tal\u00e1lni<br \/>\nDe j\u00f3 lenne egy igaz bar\u00e1t<br \/>\nNy\u00edlhat itt sz\u00e1zsz\u00edn\u0171 vir\u00e1g<br \/>\nM\u00e1s ez a v\u00e1rosi vil\u00e1g<br \/>\nNem k\u00f6nny\u0171 otthonra tal\u00e1lni<br \/>\nDe j\u00f3 lenne egy igaz bar\u00e1t<\/p>\n<p>M\u00edg otthon voltam, szerelmes voltam<br \/>\nNem tudtam, mi lesz vel\u00fcnk<br \/>\nElmondta h\u00e1nyszor, biztatott sz\u00e1zszor<br \/>\nHogy boldog lesz az \u00e9let\u00fcnk<br \/>\nJ\u00f3 volt \u00e9s sz\u00e9p is, elhagytam m\u00e9gis<br \/>\n\u0150 sem volt fontos nekem<br \/>\nB\u00e1rmilyen sz\u00e9p itt, az els\u0151t, a r\u00e9git<br \/>\n\u00c9n sosem felejtem<\/p>\n<p>Ny\u00edlhat itt sz\u00e1zsz\u00edn\u0171 vir\u00e1g<br \/>\nM\u00e1s ez a v\u00e1rosi vil\u00e1g<br \/>\nNem k\u00f6nny\u0171 otthonra tal\u00e1lni<br \/>\nDe j\u00f3 lenne egy igaz bar\u00e1t<br \/>\nNy\u00edlhat itt sz\u00e1zsz\u00edn\u0171 vir\u00e1g<br \/>\nM\u00e1s ez a v\u00e1rosi vil\u00e1g<br \/>\nNem k\u00f6nny\u0171 otthonra tal\u00e1lni<br \/>\nDe j\u00f3 lenne egy igaz bar\u00e1t<\/p>\n<p>&#8212;Sz\u00f3l\u00f3&#8212;\/\/02:24\/\/<\/p>\n<p>Nem olyan r\u00e9gen vid\u00e9ken \u00e9ltem<br \/>\nAny\u00e1m volt a mindenem<br \/>\nHi\u00e1ba tiltom, \u0151 az\u00e9rt titkon<br \/>\nLev\u00e9lben p\u00e9nzt k\u00fcld nekem<br \/>\nPanasszal \u00edrja, pap\u00edrra s\u00edrja<br \/>\nHogy hozz\u00e1 h\u0171tlen vagyok<br \/>\nMennyire t\u00e9ved, hisz oly j\u00f3 sz\u00edvet<br \/>\nM\u00e1shol nem tal\u00e1lok<\/p>\n<p>Ny\u00edlhat itt sz\u00e1zsz\u00edn\u0171 vir\u00e1g<br \/>\nM\u00e1s ez a v\u00e1rosi vil\u00e1g<br \/>\nNem k\u00f6nny\u0171 otthonra tal\u00e1lni<br \/>\nDe j\u00f3 lenne egy igaz bar\u00e1t<br \/>\nNy\u00edlhat itt sz\u00e1zsz\u00edn\u0171 vir\u00e1g<br \/>\nM\u00e1s ez a v\u00e1rosi vil\u00e1g<br \/>\nNem k\u00f6nny\u0171 otthonra tal\u00e1lni<br \/>\nDe j\u00f3 lenne egy igaz bar\u00e1t<\/p>\n<p>Ny\u00edlhat itt sz\u00e1zsz\u00edn\u0171 vir\u00e1g<br \/>\nRossz ez a v\u00e1rosi vil\u00e1g<br \/>\nK\u00f6nny\u0171 lesz otthonra tal\u00e1lni<br \/>\nMegseg\u00edt majd egy igaz bar\u00e1t<br \/>\nNy\u00edlhat itt sz\u00e1zsz\u00edn\u0171 vir\u00e1g<br \/>\nRossz ez a v\u00e1rosi vil\u00e1g<br \/>\nK\u00f6nny\u0171 lesz otthonra tal\u00e1lni<br \/>\nMegseg\u00edt majd egy igaz bar\u00e1t<\/p>\n<p>K\u00f6nny\u0171 lesz otthonra tal\u00e1lni<br \/>\nMegseg\u00edt majd egy igaz bar\u00e1t<\/p>\n","protected":false},"featured_media":6363,"template":"","meta":{"site-sidebar-layout":"default","site-content-layout":"default","ast-site-content-layout":"default","site-content-style":"default","site-sidebar-style":"default","ast-global-header-display":"","ast-banner-title-visibility":"","ast-main-header-display":"","ast-hfb-above-header-display":"","ast-hfb-below-header-display":"","ast-hfb-mobile-header-display":"","site-post-title":"","ast-breadcrumbs-content":"","ast-featured-img":"","footer-sml-layout":"","theme-transparent-header-meta":"default","adv-header-id-meta":"","stick-header-meta":"","header-above-stick-meta":"","header-main-stick-meta":"","header-below-stick-meta":"","astra-migrate-meta-layouts":"set","ast-page-background-enabled":"default","ast-page-background-meta":{"desktop":{"background-color":"var(--ast-global-color-4)","background-image":"","background-repeat":"repeat","background-position":"center center","background-size":"auto","background-attachment":"scroll","background-type":"","background-media":"","overlay-type":"","overlay-color":"","overlay-opacity":"","overlay-gradient":""},"tablet":{"background-color":"","background-image":"","background-repeat":"repeat","background-position":"center center","background-size":"auto","background-attachment":"scroll","background-type":"","background-media":"","overlay-type":"","overlay-color":"","overlay-opacity":"","overlay-gradient":""},"mobile":{"background-color":"","background-image":"","background-repeat":"repeat","background-position":"center center","background-size":"auto","background-attachment":"scroll","background-type":"","background-media":"","overlay-type":"","overlay-color":"","overlay-opacity":"","overlay-gradient":""}},"ast-content-background-meta":{"desktop":{"background-color":"var(--ast-global-color-5)","background-image":"","background-repeat":"repeat","background-position":"center center","background-size":"auto","background-attachment":"scroll","background-type":"","background-media":"","overlay-type":"","overlay-color":"","overlay-opacity":"","overlay-gradient":""},"tablet":{"background-color":"var(--ast-global-color-5)","background-image":"","background-repeat":"repeat","background-position":"center center","background-size":"auto","background-attachment":"scroll","background-type":"","background-media":"","overlay-type":"","overlay-color":"","overlay-opacity":"","overlay-gradient":""},"mobile":{"background-color":"var(--ast-global-color-5)","background-image":"","background-repeat":"repeat","background-position":"center center","background-size":"auto","background-attachment":"scroll","background-type":"","background-media":"","overlay-type":"","overlay-color":"","overlay-opacity":"","overlay-gradient":""}}},"product_cat":[69],"product_tag":[],"class_list":["post-5779","product","type-product","status-publish","has-post-thumbnail","hentry","product_cat-galamb-joci","desktop-align-left","tablet-align-left","mobile-align-left"],"_links":{"self":[{"href":"https:\/\/www.sunkaraoke.hu\/index.php\/wp-json\/wp\/v2\/product\/5779","targetHints":{"allow":["GET"]}}],"collection":[{"href":"https:\/\/www.sunkaraoke.hu\/index.php\/wp-json\/wp\/v2\/product"}],"about":[{"href":"https:\/\/www.sunkaraoke.hu\/index.php\/wp-json\/wp\/v2\/types\/product"}],"wp:featuredmedia":[{"embeddable":true,"href":"https:\/\/www.sunkaraoke.hu\/index.php\/wp-json\/wp\/v2\/media\/6363"}],"wp:attachment":[{"href":"https:\/\/www.sunkaraoke.hu\/index.php\/wp-json\/wp\/v2\/media?parent=5779"}],"wp:term":[{"taxonomy":"product_cat","embeddable":true,"href":"https:\/\/www.sunkaraoke.hu\/index.php\/wp-json\/wp\/v2\/product_cat?post=5779"},{"taxonomy":"product_tag","embeddable":true,"href":"https:\/\/www.sunkaraoke.hu\/index.php\/wp-json\/wp\/v2\/product_tag?post=5779"}],"curies":[{"name":"wp","href":"https:\/\/api.w.org\/{rel}","templated":true}]}}