{"id":5777,"date":"2022-08-08T20:49:49","date_gmt":"2022-08-08T20:49:49","guid":{"rendered":"https:\/\/www.sunkaraoke.hu\/index.php\/termek\/bodi-guszti-margo-ugy-megcsokolnalak\/"},"modified":"2025-03-24T14:56:28","modified_gmt":"2025-03-24T14:56:28","slug":"bodi-guszti-margo-ugy-megcsokolnalak","status":"publish","type":"product","link":"https:\/\/www.sunkaraoke.hu\/index.php\/termek\/bodi-guszti-margo-ugy-megcsokolnalak\/","title":{"rendered":"<div class=\"wcmp-player-container product-5777\"><audio controlslist=\"nodownload\" data-product=\"5777\"  volume=\"1\"  preload=\"none\" data-lazyloading=\"none\" class=\"wcmp-player track mejs-classic\" data-duration=\"0:34\" data-estimated_duration=\"4\"><source src=\"https:\/\/www.sunkaraoke.hu\/wp-content\/uploads\/2022\/08\/Ugy-megcsokolnalak-Bodi-SB_demo.mp3\" type=\"audio\/mp3\" \/><\/audio><\/div>B\u00f3di Guszti &#038; Marg\u00f3 &#8211; \u00dagy megcs\u00f3koln\u00e1lak"},"content":{"rendered":"<p><strong>03:16<\/strong> | <strong><img loading=\"lazy\" decoding=\"async\" class=\"alignnone size-full wp-image-467\" src=\"https:\/\/www.sunkaraoke.hu\/wp-content\/uploads\/2022\/07\/choir_2-copy.webp\" alt=\"\" width=\"30\" height=\"30\" \/> <\/strong><\/p>\n","protected":false},"excerpt":{"rendered":"<h5>Bits\u0171r\u0171s\u00e9g: 320 kb\/s<br \/>\nHossz: 03:16<br \/>\nVok\u00e1lt tartalmaz: Nem <img loading=\"lazy\" decoding=\"async\" class=\"alignnone size-full wp-image-467\" src=\"http:\/\/www.sunkaraoke.hu\/wp-content\/uploads\/2022\/07\/choir_2-copy.png\" alt=\"\" width=\"30\" height=\"30\" \/><strong style=\"font-size: 16px;\"><br \/>\n<\/strong><\/h5>\n<p>Sunkaraoke mp3 st\u00fadi\u00f3 \/ www.sunkaraoke.hu \/ Inf: Tel: 06 20 4275001<\/p>\n<p>\u00dagy megcs\u00f3koln\u00e1lak, meg\u00f6leln\u00e9lek, szeretgetn\u00e9lek.<br \/>\nGyere kedvesem, fogd meg a k\u00e9t kezem,<br \/>\ngyere s\u00fagd a f\u00fclembe, hogy szeretlek szeretlek.<br \/>\n\u00c9n is szeretlek, elmondom neked,<br \/>\na sz\u00e9l s\u00fagta meg \u00e9nnekem nem hagylak el sosem.<br \/>\n\u00c9n \u00fagy, megcs\u00f3koln\u00e1lak, \u00e1t\u00f6leln\u00e9lek,szeretgetn\u00e9lek.<br \/>\n\u00c9n \u00fagy megcs\u00f3koln\u00e1lak, meg\u00f6leln\u00e9lek, hazavinn\u00e9lek.<br \/>\nKell a cs\u00f3k nekem, meg a szerelem,<br \/>\nte vagy az \u00e9n kedvesem, \u00e9n a herceged.<br \/>\nS\u00fagd a f\u00fclembe, hogy szeretlek szeretlek,<br \/>\nolyan j\u00f3 hogy vagy nekem, szerelmes sz\u00edvemnek.<br \/>\n\u00c9n \u00fagy, megcs\u00f3koln\u00e1lak,\u00e1t\u00f6leln\u00e9lek,szeretgetn\u00e9lek.<br \/>\n\u00c9n \u00fagy megcs\u00f3koln\u00e1lak,meg\u00f6leln\u00e9lek, hazavinn\u00e9lek.<br \/>\n\u00d3 m\u00e9 tut csumid\u00e1v, Ty\u00e9 v\u00e1szta xutr\u00e1v, \u00e1nd\u00e1 tum\u00e9r\u00e1v.<br \/>\nS\u00e9ly, s\u00e9ly m\u00e9 tut k\u00e1m\u00e1v ,m\u00e9 tut csumid\u00e1v, \u00e1nd\u00e1 tu m\u00e9r\u00e1v.<br \/>\nKell a cs\u00f3k nekem, meg a szerelem,<br \/>\nte vagy az \u00e9n kedvesem, \u00e9n a herceged.<br \/>\nS\u00fagd a f\u00fclembe, hogy szeretlek szeretlek,<br \/>\nolyan j\u00f3 hogy vagy nekem, nem hagylak el sosem.<br \/>\n\u00c9n \u00fagy, megcs\u00f3koln\u00e1lak, \u00e1t\u00f6leln\u00e9lek,szeretgetn\u00e9lek.<br \/>\n\u00c9n \u00fagy megcs\u00f3koln\u00e1lak, meg\u00f6leln\u00e9lek, hazavinn\u00e9lek.<br \/>\n\u00c9n \u00fagy, megcs\u00f3koln\u00e1lak, \u00e1t\u00f6leln\u00e9lek,szeretgetn\u00e9lek.<br \/>\n\u00c9n \u00fagy megcs\u00f3koln\u00e1lak, meg\u00f6leln\u00e9lek, hazavinn\u00e9lek.<br \/>\n&#8212;V\u00e9ge&#8212;<\/p>\n","protected":false},"featured_media":8719,"template":"","meta":{"site-sidebar-layout":"default","site-content-layout":"default","ast-site-content-layout":"default","site-content-style":"default","site-sidebar-style":"default","ast-global-header-display":"","ast-banner-title-visibility":"","ast-main-header-display":"","ast-hfb-above-header-display":"","ast-hfb-below-header-display":"","ast-hfb-mobile-header-display":"","site-post-title":"","ast-breadcrumbs-content":"","ast-featured-img":"","footer-sml-layout":"","theme-transparent-header-meta":"default","adv-header-id-meta":"","stick-header-meta":"","header-above-stick-meta":"","header-main-stick-meta":"","header-below-stick-meta":"","astra-migrate-meta-layouts":"set","ast-page-background-enabled":"default","ast-page-background-meta":{"desktop":{"background-color":"var(--ast-global-color-4)","background-image":"","background-repeat":"repeat","background-position":"center center","background-size":"auto","background-attachment":"scroll","background-type":"","background-media":"","overlay-type":"","overlay-color":"","overlay-opacity":"","overlay-gradient":""},"tablet":{"background-color":"","background-image":"","background-repeat":"repeat","background-position":"center center","background-size":"auto","background-attachment":"scroll","background-type":"","background-media":"","overlay-type":"","overlay-color":"","overlay-opacity":"","overlay-gradient":""},"mobile":{"background-color":"","background-image":"","background-repeat":"repeat","background-position":"center center","background-size":"auto","background-attachment":"scroll","background-type":"","background-media":"","overlay-type":"","overlay-color":"","overlay-opacity":"","overlay-gradient":""}},"ast-content-background-meta":{"desktop":{"background-color":"var(--ast-global-color-5)","background-image":"","background-repeat":"repeat","background-position":"center center","background-size":"auto","background-attachment":"scroll","background-type":"","background-media":"","overlay-type":"","overlay-color":"","overlay-opacity":"","overlay-gradient":""},"tablet":{"background-color":"var(--ast-global-color-5)","background-image":"","background-repeat":"repeat","background-position":"center center","background-size":"auto","background-attachment":"scroll","background-type":"","background-media":"","overlay-type":"","overlay-color":"","overlay-opacity":"","overlay-gradient":""},"mobile":{"background-color":"var(--ast-global-color-5)","background-image":"","background-repeat":"repeat","background-position":"center center","background-size":"auto","background-attachment":"scroll","background-type":"","background-media":"","overlay-type":"","overlay-color":"","overlay-opacity":"","overlay-gradient":""}}},"product_cat":[48],"product_tag":[],"class_list":["post-5777","product","type-product","status-publish","has-post-thumbnail","hentry","product_cat-sunkaraoke-dalok","desktop-align-left","tablet-align-left","mobile-align-left"],"_links":{"self":[{"href":"https:\/\/www.sunkaraoke.hu\/index.php\/wp-json\/wp\/v2\/product\/5777","targetHints":{"allow":["GET"]}}],"collection":[{"href":"https:\/\/www.sunkaraoke.hu\/index.php\/wp-json\/wp\/v2\/product"}],"about":[{"href":"https:\/\/www.sunkaraoke.hu\/index.php\/wp-json\/wp\/v2\/types\/product"}],"wp:featuredmedia":[{"embeddable":true,"href":"https:\/\/www.sunkaraoke.hu\/index.php\/wp-json\/wp\/v2\/media\/8719"}],"wp:attachment":[{"href":"https:\/\/www.sunkaraoke.hu\/index.php\/wp-json\/wp\/v2\/media?parent=5777"}],"wp:term":[{"taxonomy":"product_cat","embeddable":true,"href":"https:\/\/www.sunkaraoke.hu\/index.php\/wp-json\/wp\/v2\/product_cat?post=5777"},{"taxonomy":"product_tag","embeddable":true,"href":"https:\/\/www.sunkaraoke.hu\/index.php\/wp-json\/wp\/v2\/product_tag?post=5777"}],"curies":[{"name":"wp","href":"https:\/\/api.w.org\/{rel}","templated":true}]}}