{"id":5768,"date":"2022-08-08T20:49:48","date_gmt":"2022-08-08T20:49:48","guid":{"rendered":"https:\/\/www.sunkaraoke.hu\/index.php\/termek\/bitto-duo-nagyon-szep-lanyom-van\/"},"modified":"2025-03-30T12:08:12","modified_gmt":"2025-03-30T12:08:12","slug":"bitto-duo-nagyon-szep-lanyom-van","status":"publish","type":"product","link":"https:\/\/www.sunkaraoke.hu\/index.php\/termek\/bitto-duo-nagyon-szep-lanyom-van\/","title":{"rendered":"<div class=\"wcmp-player-container product-5768\"><audio controlslist=\"nodownload\" data-product=\"5768\"  volume=\"1\"  preload=\"none\" data-lazyloading=\"none\" class=\"wcmp-player track mejs-classic\" data-duration=\"0:32\" data-estimated_duration=\"4\"><source src=\"https:\/\/www.sunkaraoke.hu\/wp-content\/uploads\/2022\/08\/Nagyon-szep-lanyom-van-Bitto-PB.-demo.mp3\" type=\"audio\/mp3\" \/><\/audio><\/div>Bitt\u00f3 Du\u00f3 &#8211; Nagyon sz\u00e9p l\u00e1nyom van (Original)"},"content":{"rendered":"<p><strong>02:45<\/strong> | <strong><img loading=\"lazy\" decoding=\"async\" class=\"alignnone size-full wp-image-467\" src=\"https:\/\/www.sunkaraoke.hu\/wp-content\/uploads\/2022\/07\/choir_2-copy.webp\" alt=\"\" width=\"30\" height=\"30\" \/> <\/strong><\/p>\n","protected":false},"excerpt":{"rendered":"<h6><strong>Bits\u0171r\u0171s\u00e9g: 320<\/strong>kb\/s<strong><br \/>\n<\/strong><strong>Hossz: <\/strong>02:45<strong><br \/>\n<\/strong><strong style=\"font-size: 16px;\">Vok\u00e1lt tartalmaz: <\/strong>Nem <img loading=\"lazy\" decoding=\"async\" class=\"alignnone size-full wp-image-467\" src=\"http:\/\/www.sunkaraoke.hu\/wp-content\/uploads\/2022\/07\/choir_2-copy.png\" alt=\"\" width=\"30\" height=\"30\" \/><strong style=\"font-size: 16px;\"><br \/>\n<\/strong><\/h6>\n<p>Sunkaraoke mp3 st\u00fadi\u00f3 \/ www.sunkaraoke.hu \/ Inf: Tel: 06 20 4275001<\/p>\n<p>&#8212;Intr\u00f3&#8211;<br \/>\nNagyon sz\u00e9p, l\u00e1nyom van n\u00e9kem,<br \/>\n\u0150 lett az \u00e9letem, \u0150 \u00e9rte dobban a sz\u00edvem.<br \/>\nNagyon sz\u00e9p, l\u00e1nyom van n\u00e9kem,<br \/>\n\u0150 lett az \u00e9letem, \u0150 \u00e9rte dobban a sz\u00edvem.<\/p>\n<p>Olyan gy\u00f6ny\u00f6r\u0171 a sz\u00e1ja, olyan mint az anyuk\u00e1ja,<br \/>\nnagyon szeretem \u0150ket, \u0150k lettek az \u00e9n mindenem.<br \/>\nGyere pici l\u00e1nyom,suk\u00e1r vagy e vil\u00e1gon,<br \/>\na vil\u00e1g legszebb kincse, csak te vagy.<\/p>\n<p>Dorin\u00e1 n\u00e9zz m\u00e1r r\u00e1m, t\u0151led sokkal szebb lett ez a vil\u00e1g!<br \/>\nDorin\u00e1 n\u00e9zz m\u00e1r r\u00e1m, t\u0151led sokkal szebb lett ez a vil\u00e1g!<br \/>\n&#8212;Sz\u00f3l\u00f3&#8212;<br \/>\nNagyon sz\u00e9p, l\u00e1nyom van n\u00e9kem,<br \/>\n\u0150 lett az \u00e9letem, \u0150 \u00e9rte dobban a sz\u00edvem.<br \/>\nNagyon sz\u00e9p, l\u00e1nyom van n\u00e9kem,<br \/>\n\u0150 lett az \u00e9letem, \u0150 \u00e9rte dobban a sz\u00edvem.<\/p>\n<p>Olyan gy\u00f6ny\u00f6r\u0171 a sz\u00e1ja, olyan mint az anyuk\u00e1ja,<br \/>\nnagyon szeretem \u0150ket, \u0150k lettek az \u00e9n mindenem.<br \/>\nGyere pici l\u00e1nyom,suk\u00e1r vagy e vil\u00e1gon,<br \/>\na vil\u00e1g legszebb kincse, csak te vagy.<\/p>\n<p>Dorin\u00e1 n\u00e9zz m\u00e1r r\u00e1m, t\u0151led sokkal szebb lett ez a vil\u00e1g!<br \/>\nDorin\u00e1 n\u00e9zz m\u00e1r r\u00e1m, t\u0151led sokkal szebb lett ez a vil\u00e1g!<br \/>\n&#8212;V\u00e9ge&#8212;<\/p>\n","protected":false},"featured_media":8718,"template":"","meta":{"site-sidebar-layout":"default","site-content-layout":"default","ast-site-content-layout":"default","site-content-style":"default","site-sidebar-style":"default","ast-global-header-display":"","ast-banner-title-visibility":"","ast-main-header-display":"","ast-hfb-above-header-display":"","ast-hfb-below-header-display":"","ast-hfb-mobile-header-display":"","site-post-title":"","ast-breadcrumbs-content":"","ast-featured-img":"","footer-sml-layout":"","theme-transparent-header-meta":"default","adv-header-id-meta":"","stick-header-meta":"","header-above-stick-meta":"","header-main-stick-meta":"","header-below-stick-meta":"","astra-migrate-meta-layouts":"set","ast-page-background-enabled":"default","ast-page-background-meta":{"desktop":{"background-color":"var(--ast-global-color-4)","background-image":"","background-repeat":"repeat","background-position":"center center","background-size":"auto","background-attachment":"scroll","background-type":"","background-media":"","overlay-type":"","overlay-color":"","overlay-opacity":"","overlay-gradient":""},"tablet":{"background-color":"","background-image":"","background-repeat":"repeat","background-position":"center center","background-size":"auto","background-attachment":"scroll","background-type":"","background-media":"","overlay-type":"","overlay-color":"","overlay-opacity":"","overlay-gradient":""},"mobile":{"background-color":"","background-image":"","background-repeat":"repeat","background-position":"center center","background-size":"auto","background-attachment":"scroll","background-type":"","background-media":"","overlay-type":"","overlay-color":"","overlay-opacity":"","overlay-gradient":""}},"ast-content-background-meta":{"desktop":{"background-color":"var(--ast-global-color-5)","background-image":"","background-repeat":"repeat","background-position":"center center","background-size":"auto","background-attachment":"scroll","background-type":"","background-media":"","overlay-type":"","overlay-color":"","overlay-opacity":"","overlay-gradient":""},"tablet":{"background-color":"var(--ast-global-color-5)","background-image":"","background-repeat":"repeat","background-position":"center center","background-size":"auto","background-attachment":"scroll","background-type":"","background-media":"","overlay-type":"","overlay-color":"","overlay-opacity":"","overlay-gradient":""},"mobile":{"background-color":"var(--ast-global-color-5)","background-image":"","background-repeat":"repeat","background-position":"center center","background-size":"auto","background-attachment":"scroll","background-type":"","background-media":"","overlay-type":"","overlay-color":"","overlay-opacity":"","overlay-gradient":""}}},"product_cat":[48],"product_tag":[],"class_list":["post-5768","product","type-product","status-publish","has-post-thumbnail","hentry","product_cat-sunkaraoke-dalok","desktop-align-left","tablet-align-left","mobile-align-left"],"_links":{"self":[{"href":"https:\/\/www.sunkaraoke.hu\/index.php\/wp-json\/wp\/v2\/product\/5768","targetHints":{"allow":["GET"]}}],"collection":[{"href":"https:\/\/www.sunkaraoke.hu\/index.php\/wp-json\/wp\/v2\/product"}],"about":[{"href":"https:\/\/www.sunkaraoke.hu\/index.php\/wp-json\/wp\/v2\/types\/product"}],"wp:featuredmedia":[{"embeddable":true,"href":"https:\/\/www.sunkaraoke.hu\/index.php\/wp-json\/wp\/v2\/media\/8718"}],"wp:attachment":[{"href":"https:\/\/www.sunkaraoke.hu\/index.php\/wp-json\/wp\/v2\/media?parent=5768"}],"wp:term":[{"taxonomy":"product_cat","embeddable":true,"href":"https:\/\/www.sunkaraoke.hu\/index.php\/wp-json\/wp\/v2\/product_cat?post=5768"},{"taxonomy":"product_tag","embeddable":true,"href":"https:\/\/www.sunkaraoke.hu\/index.php\/wp-json\/wp\/v2\/product_tag?post=5768"}],"curies":[{"name":"wp","href":"https:\/\/api.w.org\/{rel}","templated":true}]}}