{"id":5756,"date":"2022-08-08T20:49:47","date_gmt":"2022-08-08T20:49:47","guid":{"rendered":"https:\/\/www.sunkaraoke.hu\/index.php\/termek\/kocsis-janika-suzuki\/"},"modified":"2025-04-06T12:00:54","modified_gmt":"2025-04-06T12:00:54","slug":"kocsis-janika-suzuki","status":"publish","type":"product","link":"https:\/\/www.sunkaraoke.hu\/index.php\/termek\/kocsis-janika-suzuki\/","title":{"rendered":"<div class=\"wcmp-player-container product-5756\"><audio controlslist=\"nodownload\" data-product=\"5756\"  volume=\"1\"  preload=\"none\" data-lazyloading=\"none\" class=\"wcmp-player track mejs-classic\" data-duration=\"0:33\" data-estimated_duration=\"4\"><source src=\"https:\/\/www.sunkaraoke.hu\/wp-content\/uploads\/2022\/08\/Suzuki-Kocsis-Janika-SB.-kdemoo.mp3\" type=\"audio\/mp3\" \/><\/audio><\/div>Kocsis Janika &#8211; Suzuki (Original)"},"content":{"rendered":"<p><strong>03:26<\/strong>\u00a0| <strong><img loading=\"lazy\" decoding=\"async\" class=\"alignnone size-full wp-image-467\" src=\"https:\/\/www.sunkaraoke.hu\/wp-content\/uploads\/2022\/07\/choir_2-copy.webp\" alt=\"\" width=\"30\" height=\"30\" \/><\/strong><\/p>\n","protected":false},"excerpt":{"rendered":"<h6>Bits\u0171r\u0171s\u00e9g: 320kb\/s<br \/>\nHossz: 03:26<br \/>\nVok\u00e1lt tartalmaz: Nem <img loading=\"lazy\" decoding=\"async\" class=\"alignnone size-full wp-image-467\" src=\"http:\/\/www.sunkaraoke.hu\/wp-content\/uploads\/2022\/07\/choir_2-copy.png\" alt=\"\" width=\"30\" height=\"30\" \/><strong style=\"font-size: 16px;\"><br \/>\n<\/strong><\/h6>\n<p>Sunkaraoke mp3 st\u00fadi\u00f3 \/ www.sunkaraoke.hu \/ Inf: Tel: 06 20 4275001<\/p>\n<p>&#8212;Intr\u00f3&#8212;<br \/>\nMi\u00f3ta Suzukival j\u00e1rok, im\u00e1dnak a l\u00e1nyok,<br \/>\ntapadnak is r\u00e1m de csak a zebr\u00e1n\u00e1l,<br \/>\negyet ha el\u00fct\u00f6k lehet megn\u0151s\u00fcl\u00f6k,<br \/>\nv\u00e1laszthatok b\u00f6rt\u00f6n vagy a h\u00e1zass\u00e1g.<br \/>\nMikor leparkolok, b\u00e1mulnak a csajok,<br \/>\n\u00e9n meg csak \u00fagy laz\u00e1n egyet kacsintok.<br \/>\nMert ak\u00e1rhogy akarod, m\u00e9g aggleg\u00e9ny maradok,<br \/>\na feles\u00e9gr\u0151l egyenl\u0151re lemondok.<\/p>\n<p>Mert l\u00e1nyok ha a suzukimba be\u00fclnek,<br \/>\nazon nyomban bevallj\u00e1k a szerelmet,<br \/>\nfelb\u0151g m\u00e1r a motor, a sz\u00edv\u00fck zakatol,<br \/>\nnem tudj\u00e1k hogy kalitk\u00e1ba ker\u00fcltek.<br \/>\nMert l\u00e1nyok ha a suzukimba be\u00fclnek,<br \/>\nazon nyomban bevallj\u00e1k a szerelmet,<br \/>\nfelb\u0151g m\u00e1r a motor, a sz\u00edv\u00fck zakatol,<br \/>\nnem tudj\u00e1k hogy kalitk\u00e1ba ker\u00fcltek.<br \/>\n&#8212;Sz\u00f3l\u00f3&#8212;<\/p>\n<p>A minap aj\u00e1nlottak nekem, t\u00f6bb m\u00e1rk\u00e1t is egyben,<br \/>\nde a suzukimat egyikre sem cser\u00e9ln\u00e9m,<br \/>\negy l\u00e1ny ha megszeret, az ne aut\u00f3\u00e9rt tegye,<br \/>\nnagyon fontos nekem is a szer\u00e9nys\u00e9g.<br \/>\nBeindul m\u00e1r a h\u00e1rom henger, v\u00e1r a Magyar tenger,<br \/>\na sztr\u00e1d\u00e1n m\u00e1r villogva \u00fcdv\u00f6z\u00f6lnek,<br \/>\na sok sz\u00e9p l\u00e1ny leint, bab\u00e1m r\u00e1juk legyint,<br \/>\nfoglalt sz\u00edvem \u00e9rt\u00fck m\u00e1r nem repeshet.<\/p>\n<p>Mert l\u00e1nyok ha a suzukimba be\u00fclnek,<br \/>\nazon nyomban bevallj\u00e1k a szerelmet,<br \/>\nfelb\u0151g m\u00e1r a motor, a sz\u00edv\u00fck zakatol,<br \/>\nnem tudj\u00e1k hogy kalitk\u00e1ba ker\u00fcltek.<br \/>\nMert l\u00e1nyok ha a suzukimba be\u00fclnek,<br \/>\nazon nyomban bevallj\u00e1k a szerelmet,<br \/>\nfelb\u0151g m\u00e1r a motor, a sz\u00edv\u00fck zakatol,<br \/>\nnem tudj\u00e1k hogy kalitk\u00e1ba ker\u00fcltek.<br \/>\n&#8212;Sz\u00f3l\u00f3&#8212;<br \/>\nMert l\u00e1nyok ha a suzukimba be\u00fclnek,<br \/>\nazon nyomban bevallj\u00e1k a szerelmet,<br \/>\nfelb\u0151g m\u00e1r a motor, a sz\u00edv\u00fck zakatol,<br \/>\nnem tudj\u00e1k hogy kalitk\u00e1ba ker\u00fcltek.<br \/>\nMert l\u00e1nyok ha a suzukimba be\u00fclnek,<br \/>\nazon nyomban bevallj\u00e1k a szerelmet,<br \/>\nfelb\u0151g m\u00e1r a motor, a sz\u00edv\u00fck zakatol,<br \/>\nnem tudj\u00e1k hogy kalitk\u00e1ba ker\u00fcltek.<br \/>\nMert l\u00e1nyok ha a suzukimba be\u00fclnek,<br \/>\nazon nyomban bevallj\u00e1k a szerelmet,<br \/>\nfelb\u0151g m\u00e1r a motor, a sz\u00edv\u00fck zakatol,<br \/>\nnem tudj\u00e1k hogy kalitk\u00e1ba ker\u00fcltek.<\/p>\n<p>&#8212;V\u00e9ge&#8212;<\/p>\n","protected":false},"featured_media":8738,"template":"","meta":{"site-sidebar-layout":"default","site-content-layout":"default","ast-site-content-layout":"default","site-content-style":"default","site-sidebar-style":"default","ast-global-header-display":"","ast-banner-title-visibility":"","ast-main-header-display":"","ast-hfb-above-header-display":"","ast-hfb-below-header-display":"","ast-hfb-mobile-header-display":"","site-post-title":"","ast-breadcrumbs-content":"","ast-featured-img":"","footer-sml-layout":"","theme-transparent-header-meta":"default","adv-header-id-meta":"","stick-header-meta":"","header-above-stick-meta":"","header-main-stick-meta":"","header-below-stick-meta":"","astra-migrate-meta-layouts":"set","ast-page-background-enabled":"default","ast-page-background-meta":{"desktop":{"background-color":"var(--ast-global-color-4)","background-image":"","background-repeat":"repeat","background-position":"center center","background-size":"auto","background-attachment":"scroll","background-type":"","background-media":"","overlay-type":"","overlay-color":"","overlay-opacity":"","overlay-gradient":""},"tablet":{"background-color":"","background-image":"","background-repeat":"repeat","background-position":"center center","background-size":"auto","background-attachment":"scroll","background-type":"","background-media":"","overlay-type":"","overlay-color":"","overlay-opacity":"","overlay-gradient":""},"mobile":{"background-color":"","background-image":"","background-repeat":"repeat","background-position":"center center","background-size":"auto","background-attachment":"scroll","background-type":"","background-media":"","overlay-type":"","overlay-color":"","overlay-opacity":"","overlay-gradient":""}},"ast-content-background-meta":{"desktop":{"background-color":"var(--ast-global-color-5)","background-image":"","background-repeat":"repeat","background-position":"center center","background-size":"auto","background-attachment":"scroll","background-type":"","background-media":"","overlay-type":"","overlay-color":"","overlay-opacity":"","overlay-gradient":""},"tablet":{"background-color":"var(--ast-global-color-5)","background-image":"","background-repeat":"repeat","background-position":"center center","background-size":"auto","background-attachment":"scroll","background-type":"","background-media":"","overlay-type":"","overlay-color":"","overlay-opacity":"","overlay-gradient":""},"mobile":{"background-color":"var(--ast-global-color-5)","background-image":"","background-repeat":"repeat","background-position":"center center","background-size":"auto","background-attachment":"scroll","background-type":"","background-media":"","overlay-type":"","overlay-color":"","overlay-opacity":"","overlay-gradient":""}}},"product_cat":[48],"product_tag":[],"class_list":["post-5756","product","type-product","status-publish","has-post-thumbnail","hentry","product_cat-sunkaraoke-dalok","desktop-align-left","tablet-align-left","mobile-align-left"],"_links":{"self":[{"href":"https:\/\/www.sunkaraoke.hu\/index.php\/wp-json\/wp\/v2\/product\/5756","targetHints":{"allow":["GET"]}}],"collection":[{"href":"https:\/\/www.sunkaraoke.hu\/index.php\/wp-json\/wp\/v2\/product"}],"about":[{"href":"https:\/\/www.sunkaraoke.hu\/index.php\/wp-json\/wp\/v2\/types\/product"}],"wp:featuredmedia":[{"embeddable":true,"href":"https:\/\/www.sunkaraoke.hu\/index.php\/wp-json\/wp\/v2\/media\/8738"}],"wp:attachment":[{"href":"https:\/\/www.sunkaraoke.hu\/index.php\/wp-json\/wp\/v2\/media?parent=5756"}],"wp:term":[{"taxonomy":"product_cat","embeddable":true,"href":"https:\/\/www.sunkaraoke.hu\/index.php\/wp-json\/wp\/v2\/product_cat?post=5756"},{"taxonomy":"product_tag","embeddable":true,"href":"https:\/\/www.sunkaraoke.hu\/index.php\/wp-json\/wp\/v2\/product_tag?post=5756"}],"curies":[{"name":"wp","href":"https:\/\/api.w.org\/{rel}","templated":true}]}}