{"id":5752,"date":"2022-08-08T20:49:46","date_gmt":"2022-08-08T20:49:46","guid":{"rendered":"https:\/\/www.sunkaraoke.hu\/index.php\/termek\/galamb-jozsef-szurke-eniko-erzsike\/"},"modified":"2025-04-13T05:40:21","modified_gmt":"2025-04-13T05:40:21","slug":"galamb-jozsef-szurke-eniko-erzsike","status":"publish","type":"product","link":"https:\/\/www.sunkaraoke.hu\/index.php\/termek\/galamb-jozsef-szurke-eniko-erzsike\/","title":{"rendered":"<div class=\"wcmp-player-container product-5752\"><audio controlslist=\"nodownload\" data-product=\"5752\"  volume=\"1\"  preload=\"none\" data-lazyloading=\"none\" class=\"wcmp-player track mejs-classic\" data-duration=\"0:38\" data-estimated_duration=\"4\"><source src=\"https:\/\/www.sunkaraoke.hu\/wp-content\/uploads\/2022\/08\/Erzsike-Vok-G.-kdemoo.mp3\" type=\"audio\/mp3\" \/><\/audio><\/div>Galamb J\u00f3zsef &#038; Sz\u00fcrke Enik\u00f5 &#8211; Erzsike (Original)"},"content":{"rendered":"<p><strong>03:24<\/strong> | <strong><img loading=\"lazy\" decoding=\"async\" class=\"alignnone size-full wp-image-466\" src=\"https:\/\/www.sunkaraoke.hu\/wp-content\/uploads\/2022\/07\/choir_1-copy.webp\" alt=\"\" width=\"30\" height=\"30\" \/> <\/strong><\/p>\n","protected":false},"excerpt":{"rendered":"<h6><strong>Bits\u0171r\u0171s\u00e9g: 320<\/strong>kb\/s<strong><br \/>\n<\/strong><strong>Hossz: <\/strong>03:24<strong><br \/>\n<\/strong><strong style=\"font-size: 16px;\">Vok\u00e1lt tartalmaz: <\/strong>Igen <img loading=\"lazy\" decoding=\"async\" class=\"alignnone size-full wp-image-466\" src=\"http:\/\/www.sunkaraoke.hu\/wp-content\/uploads\/2022\/07\/choir_1-copy.png\" alt=\"\" width=\"30\" height=\"30\" \/><strong style=\"font-size: 16px;\"><br \/>\n<\/strong><\/h6>\n<p>Sunkaraoke mp3 st\u00fadi\u00f3 \/ www.sunkaraoke.hu \/ Inf: Tel: 06 20 4275001<\/p>\n<p>&#8212;-Intr\u00f3&#8212;<\/p>\n<p>Eln\u00e9mult a nagyk\u00f6r\u00fati l\u00e1rma<br \/>\nSiv\u00e1r csend borult a kis szob\u00e1mra<br \/>\nA kandall\u00f3 mell\u00e9 le\u0171ltem \u00e9ppen<br \/>\nEgy kisl\u00e1nynak a f\u00e9nyk\u00e9p\u00e9t eln\u00e9ztem<\/p>\n<p>Kint az utc\u00e1n h\u00f3pehely fic\u00e1nkolt<br \/>\nSz\u00edvem olyan m\u00e1morosan l\u00e1ngolt<br \/>\nEszembe jut, mikor kissr\u00e1c voltam<br \/>\nEgy kisl\u00e1nynak halkan \u00edgy daloltam<\/p>\n<p>Hogy, Erzsike, szeretem mag\u00e1t<br \/>\nA cs\u00f6pp sz\u00e1j\u00e1t, a feh\u00e9r homlok\u00e1t<br \/>\nL\u00e1ba el\u00e9 sz\u00f3rn\u00e9k minden r\u00f3zs\u00e1t<br \/>\nSzeretem a b\u00e1jos mosoly\u00e1t<\/p>\n<p>Azt\u00e1n j\u00f6tt egy k\u00f6d\u00f6s \u0151szi reggel<br \/>\nA kisl\u00e1ny a szob\u00e1mb\u00f3l s\u00edrva ment el<br \/>\nMint vadgalamb a f\u00e9szk\u00e9b\u0151l kisz\u00e1llva<br \/>\nAz olt\u00e1r el\u0151tt m\u00e1snak lett a p\u00e1rja<\/p>\n<p>\u00c9n a templom sz\u00f6glet\u00e9ben \u00e1lltam<br \/>\nVersenyt daloltam az orgon\u00e1val<br \/>\n\u0150 r\u00e1mn\u00e9zett, \u00e9n f\u00e9lig s\u00edrva mondtam<br \/>\nAz olt\u00e1r fel\u00e9 halkan \u00edgy daloltam<\/p>\n<p>Hogy, Erzsike, szeretem mag\u00e1t<br \/>\nA cs\u00f6pp sz\u00e1j\u00e1t, a feh\u00e9r homlok\u00e1t<br \/>\nL\u00e1ba el\u00e9 sz\u00f3rn\u00e9k minden r\u00f3zs\u00e1t<br \/>\nSzeretem a b\u00e1jos mosoly\u00e1t<br \/>\n&#8212;Sz\u00f3l\u00f3&#8212;<\/p>\n<p>P\u00e1r \u00e9v m\u00falva mindent elfeledve<br \/>\nTal\u00e1lkoztunk \u00fajra mind a ketten<br \/>\nT\u00e1ncoltam \u00e9s zen\u00e9ltem egy b\u00e1lban<br \/>\nErzsik\u00e9re \u00fajra r\u00e1tal\u00e1ltam<\/p>\n<p>Arca festet, homloka is r\u00e1ncos<br \/>\nR\u00e1mki\u00e1lt, na tess\u00e9k, \u00fajra l\u00e1tsz most<br \/>\nNevetett a csal\u00f3dott kisl\u00e1nyka<br \/>\nA zenekar meg halkan muzsik\u00e1lta<\/p>\n<p>Hogy, Erzsike, szeretem mag\u00e1t<br \/>\nA cs\u00f6pp sz\u00e1j\u00e1t, a feh\u00e9r homlok\u00e1t<br \/>\nL\u00e1ba el\u00e9 sz\u00f3rn\u00e9k minden r\u00f3zs\u00e1t<br \/>\nSzeretem a b\u00e1jos mosoly\u00e1t<\/p>\n<p>Erzsike, szeretem mag\u00e1t<br \/>\nA cs\u00f6pp sz\u00e1j\u00e1t, a feh\u00e9r homlok\u00e1t<br \/>\nErzsike, sz\u00edvem vir\u00e1ga<br \/>\nErzsike, nem kell m\u00e1r nekem<\/p>\n<p>Erzsike, nem kell m\u00e1r nekem<\/p>\n","protected":false},"featured_media":6363,"template":"","meta":{"site-sidebar-layout":"default","site-content-layout":"default","ast-site-content-layout":"default","site-content-style":"default","site-sidebar-style":"default","ast-global-header-display":"","ast-banner-title-visibility":"","ast-main-header-display":"","ast-hfb-above-header-display":"","ast-hfb-below-header-display":"","ast-hfb-mobile-header-display":"","site-post-title":"","ast-breadcrumbs-content":"","ast-featured-img":"","footer-sml-layout":"","theme-transparent-header-meta":"default","adv-header-id-meta":"","stick-header-meta":"","header-above-stick-meta":"","header-main-stick-meta":"","header-below-stick-meta":"","astra-migrate-meta-layouts":"set","ast-page-background-enabled":"default","ast-page-background-meta":{"desktop":{"background-color":"var(--ast-global-color-4)","background-image":"","background-repeat":"repeat","background-position":"center center","background-size":"auto","background-attachment":"scroll","background-type":"","background-media":"","overlay-type":"","overlay-color":"","overlay-opacity":"","overlay-gradient":""},"tablet":{"background-color":"","background-image":"","background-repeat":"repeat","background-position":"center center","background-size":"auto","background-attachment":"scroll","background-type":"","background-media":"","overlay-type":"","overlay-color":"","overlay-opacity":"","overlay-gradient":""},"mobile":{"background-color":"","background-image":"","background-repeat":"repeat","background-position":"center center","background-size":"auto","background-attachment":"scroll","background-type":"","background-media":"","overlay-type":"","overlay-color":"","overlay-opacity":"","overlay-gradient":""}},"ast-content-background-meta":{"desktop":{"background-color":"var(--ast-global-color-5)","background-image":"","background-repeat":"repeat","background-position":"center center","background-size":"auto","background-attachment":"scroll","background-type":"","background-media":"","overlay-type":"","overlay-color":"","overlay-opacity":"","overlay-gradient":""},"tablet":{"background-color":"var(--ast-global-color-5)","background-image":"","background-repeat":"repeat","background-position":"center center","background-size":"auto","background-attachment":"scroll","background-type":"","background-media":"","overlay-type":"","overlay-color":"","overlay-opacity":"","overlay-gradient":""},"mobile":{"background-color":"var(--ast-global-color-5)","background-image":"","background-repeat":"repeat","background-position":"center center","background-size":"auto","background-attachment":"scroll","background-type":"","background-media":"","overlay-type":"","overlay-color":"","overlay-opacity":"","overlay-gradient":""}}},"product_cat":[69],"product_tag":[],"class_list":["post-5752","product","type-product","status-publish","has-post-thumbnail","hentry","product_cat-galamb-joci","desktop-align-left","tablet-align-left","mobile-align-left"],"_links":{"self":[{"href":"https:\/\/www.sunkaraoke.hu\/index.php\/wp-json\/wp\/v2\/product\/5752","targetHints":{"allow":["GET"]}}],"collection":[{"href":"https:\/\/www.sunkaraoke.hu\/index.php\/wp-json\/wp\/v2\/product"}],"about":[{"href":"https:\/\/www.sunkaraoke.hu\/index.php\/wp-json\/wp\/v2\/types\/product"}],"wp:featuredmedia":[{"embeddable":true,"href":"https:\/\/www.sunkaraoke.hu\/index.php\/wp-json\/wp\/v2\/media\/6363"}],"wp:attachment":[{"href":"https:\/\/www.sunkaraoke.hu\/index.php\/wp-json\/wp\/v2\/media?parent=5752"}],"wp:term":[{"taxonomy":"product_cat","embeddable":true,"href":"https:\/\/www.sunkaraoke.hu\/index.php\/wp-json\/wp\/v2\/product_cat?post=5752"},{"taxonomy":"product_tag","embeddable":true,"href":"https:\/\/www.sunkaraoke.hu\/index.php\/wp-json\/wp\/v2\/product_tag?post=5752"}],"curies":[{"name":"wp","href":"https:\/\/api.w.org\/{rel}","templated":true}]}}