{"id":5747,"date":"2022-08-08T20:49:46","date_gmt":"2022-08-08T20:49:46","guid":{"rendered":"https:\/\/www.sunkaraoke.hu\/index.php\/termek\/bitto-duo-razd-meg-a-testedet-2020\/"},"modified":"2025-03-30T12:16:16","modified_gmt":"2025-03-30T12:16:16","slug":"bitto-duo-razd-meg-a-testedet-2020","status":"publish","type":"product","link":"https:\/\/www.sunkaraoke.hu\/index.php\/termek\/bitto-duo-razd-meg-a-testedet-2020\/","title":{"rendered":"<div class=\"wcmp-player-container product-5747\"><audio controlslist=\"nodownload\" data-product=\"5747\"  volume=\"1\"  preload=\"none\" data-lazyloading=\"none\" class=\"wcmp-player track mejs-classic\" data-duration=\"0:32\" data-estimated_duration=\"4\"><source src=\"https:\/\/www.sunkaraoke.hu\/wp-content\/uploads\/2022\/08\/Razd-meg-a-testedet-Bitto-2020.-PB._demo.mp3\" type=\"audio\/mp3\" \/><\/audio><\/div>Bitt\u00f3 Du\u00f3 &#8211; R\u00e1zd meg a testedet (Original)"},"content":{"rendered":"<p><strong>03:15<\/strong> | <strong><img loading=\"lazy\" decoding=\"async\" class=\"alignnone size-full wp-image-467\" src=\"https:\/\/www.sunkaraoke.hu\/wp-content\/uploads\/2022\/07\/choir_2-copy.webp\" alt=\"\" width=\"30\" height=\"30\" \/> <\/strong><\/p>\n","protected":false},"excerpt":{"rendered":"<h6><strong>Bits\u0171r\u0171s\u00e9g: 320<\/strong>kb\/s<strong><br \/>\n<\/strong><strong>Hossz: <\/strong>03:15<strong><br \/>\n<\/strong><strong style=\"font-size: 16px;\">Vok\u00e1lt tartalmaz: <\/strong>Nem <img loading=\"lazy\" decoding=\"async\" class=\"alignnone size-full wp-image-467\" src=\"http:\/\/www.sunkaraoke.hu\/wp-content\/uploads\/2022\/07\/choir_2-copy.png\" alt=\"\" width=\"30\" height=\"30\" \/><strong style=\"font-size: 16px;\"><br \/>\n<\/strong><\/h6>\n<p>Sunkaraoke mp3 st\u00fadi\u00f3 \/ www.sunkaraoke.hu \/ Inf: Tel: 06 20 4275001<\/p>\n<p>&#8212;Intr\u00f3&#8212;<\/p>\n<p>R\u00e1zd meg a testedet \u00e9rezzed az \u00fctemet,<br \/>\nma este buli van hisz mi csin\u00e1ljuk a j\u00f3 kedvet.<br \/>\nK\u00f6r\u00fcl\u00f6ttem a csajok n\u00e9znek hogy bulizom,<br \/>\n\u00e9n meg mint a rajok Tenessie-vel koccintok.<br \/>\nFigyelj most buli van r\u00e1zzad h\u00e1t m\u00e9g jobban,<br \/>\nebben a buliban most mi csin\u00e1ljuk a j\u00f3 kedvet.<br \/>\nBajod itt nem lehet mert mindenkit ismerek,<br \/>\na k\u00f6rny\u00e9ken mi vagyunk a legvag\u00e1nyabb gyerekek.<\/p>\n<p>Szombat este bulizni megyek,<br \/>\ndiscoban a legrajabb leszek.<br \/>\nTisztelem a spanokat,<br \/>\ncs\u00f3kolom a csajokat.<br \/>\nSzombat este bulizni megyek,<br \/>\ndiscoban a legrajabb leszek.<br \/>\nTisztelem a spanokat,<br \/>\ncs\u00f3kolom a csajokat.<\/p>\n<p>&#8212;Sz\u00f3l\u00f3&#8212;<\/p>\n<p>Gy\u00f6ny\u00f6r\u0171 csaj n\u00e9z engem,les engem a t\u00f6megb\u0151l.<br \/>\nOlyan sz\u00e9p hogy \u00e9n se tudom le venni a szememr\u0151l.<br \/>\nGyere gyere gyere kisl\u00e1ny most mutasd meg ,hogy mit tudsz,<br \/>\nr\u00e1zd meg a testedet \u00e9rezzed az \u00fctemet.<br \/>\nTe vagy itt a legszebb l\u00e1ny aki\u00e9rt a sz\u00edvem f\u00e1j,<br \/>\nha engem cs\u00f3koln\u00e1l az \u00e9letem neked adn\u00e1m.<br \/>\nGyere gyere gyere kisl\u00e1ny,<br \/>\nmost mutasd meg hogy mit tudsz.<br \/>\nR\u00e1zd meg a tested \u00e9rrezed az \u00fctemet<\/p>\n<p>Szombat este bulizni megyek,<br \/>\ndiscoban a legrajabb leszek.<br \/>\nTisztelem a spanokat,<br \/>\ncs\u00f3kolom a csajokat.<br \/>\nSzombat este bulizni megyek,<br \/>\ndiscoban a legrajabb leszek.<br \/>\nTisztelem a spanokat,<br \/>\ncs\u00f3kolom a csajokat.<br \/>\nSzombat este bulizni megyek,<br \/>\ndiscoban a legrajabb leszek.<br \/>\nTisztelem a spanokat,<br \/>\ncs\u00f3kolom a csajokat.<br \/>\nSzombat este bulizni megyek,<br \/>\ndiscoban a legrajabb leszek.<br \/>\nTisztelem a spanokat,<br \/>\ncs\u00f3kolom a csajokat.<br \/>\n&#8212;V\u00e9ge&#8212;<\/p>\n","protected":false},"featured_media":8718,"template":"","meta":{"site-sidebar-layout":"default","site-content-layout":"default","ast-site-content-layout":"default","site-content-style":"default","site-sidebar-style":"default","ast-global-header-display":"","ast-banner-title-visibility":"","ast-main-header-display":"","ast-hfb-above-header-display":"","ast-hfb-below-header-display":"","ast-hfb-mobile-header-display":"","site-post-title":"","ast-breadcrumbs-content":"","ast-featured-img":"","footer-sml-layout":"","theme-transparent-header-meta":"default","adv-header-id-meta":"","stick-header-meta":"","header-above-stick-meta":"","header-main-stick-meta":"","header-below-stick-meta":"","astra-migrate-meta-layouts":"set","ast-page-background-enabled":"default","ast-page-background-meta":{"desktop":{"background-color":"var(--ast-global-color-4)","background-image":"","background-repeat":"repeat","background-position":"center center","background-size":"auto","background-attachment":"scroll","background-type":"","background-media":"","overlay-type":"","overlay-color":"","overlay-opacity":"","overlay-gradient":""},"tablet":{"background-color":"","background-image":"","background-repeat":"repeat","background-position":"center center","background-size":"auto","background-attachment":"scroll","background-type":"","background-media":"","overlay-type":"","overlay-color":"","overlay-opacity":"","overlay-gradient":""},"mobile":{"background-color":"","background-image":"","background-repeat":"repeat","background-position":"center center","background-size":"auto","background-attachment":"scroll","background-type":"","background-media":"","overlay-type":"","overlay-color":"","overlay-opacity":"","overlay-gradient":""}},"ast-content-background-meta":{"desktop":{"background-color":"var(--ast-global-color-5)","background-image":"","background-repeat":"repeat","background-position":"center center","background-size":"auto","background-attachment":"scroll","background-type":"","background-media":"","overlay-type":"","overlay-color":"","overlay-opacity":"","overlay-gradient":""},"tablet":{"background-color":"var(--ast-global-color-5)","background-image":"","background-repeat":"repeat","background-position":"center center","background-size":"auto","background-attachment":"scroll","background-type":"","background-media":"","overlay-type":"","overlay-color":"","overlay-opacity":"","overlay-gradient":""},"mobile":{"background-color":"var(--ast-global-color-5)","background-image":"","background-repeat":"repeat","background-position":"center center","background-size":"auto","background-attachment":"scroll","background-type":"","background-media":"","overlay-type":"","overlay-color":"","overlay-opacity":"","overlay-gradient":""}}},"product_cat":[48],"product_tag":[],"class_list":["post-5747","product","type-product","status-publish","has-post-thumbnail","hentry","product_cat-sunkaraoke-dalok","desktop-align-left","tablet-align-left","mobile-align-left"],"_links":{"self":[{"href":"https:\/\/www.sunkaraoke.hu\/index.php\/wp-json\/wp\/v2\/product\/5747","targetHints":{"allow":["GET"]}}],"collection":[{"href":"https:\/\/www.sunkaraoke.hu\/index.php\/wp-json\/wp\/v2\/product"}],"about":[{"href":"https:\/\/www.sunkaraoke.hu\/index.php\/wp-json\/wp\/v2\/types\/product"}],"wp:featuredmedia":[{"embeddable":true,"href":"https:\/\/www.sunkaraoke.hu\/index.php\/wp-json\/wp\/v2\/media\/8718"}],"wp:attachment":[{"href":"https:\/\/www.sunkaraoke.hu\/index.php\/wp-json\/wp\/v2\/media?parent=5747"}],"wp:term":[{"taxonomy":"product_cat","embeddable":true,"href":"https:\/\/www.sunkaraoke.hu\/index.php\/wp-json\/wp\/v2\/product_cat?post=5747"},{"taxonomy":"product_tag","embeddable":true,"href":"https:\/\/www.sunkaraoke.hu\/index.php\/wp-json\/wp\/v2\/product_tag?post=5747"}],"curies":[{"name":"wp","href":"https:\/\/api.w.org\/{rel}","templated":true}]}}