{"id":5746,"date":"2022-08-08T20:49:46","date_gmt":"2022-08-08T20:49:46","guid":{"rendered":"https:\/\/www.sunkaraoke.hu\/index.php\/termek\/bitto-duo-hullocsillag-2020\/"},"modified":"2025-12-01T14:47:03","modified_gmt":"2025-12-01T12:47:03","slug":"bitto-duo-hullocsillag-2020","status":"publish","type":"product","link":"https:\/\/www.sunkaraoke.hu\/index.php\/termek\/bitto-duo-hullocsillag-2020\/","title":{"rendered":"<div class=\"wcmp-player-container product-5746\"><audio controlslist=\"nodownload\" data-product=\"5746\"  volume=\"1\"  preload=\"none\" data-lazyloading=\"none\" class=\"wcmp-player track mejs-classic\" data-duration=\"0:32\" data-estimated_duration=\"4\"><source src=\"https:\/\/www.sunkaraoke.hu\/wp-content\/uploads\/2022\/08\/Hullocsillag-2020.-Bitto-PB.-_demo.mp3\" type=\"audio\/mp3\" \/><\/audio><\/div>Bitt\u00f3 Du\u00f3 &#8211; Hull\u00f3csillag (Original)"},"content":{"rendered":"<p><strong>03:19<\/strong> | <strong><img loading=\"lazy\" decoding=\"async\" class=\"alignnone size-full wp-image-467\" src=\"https:\/\/www.sunkaraoke.hu\/wp-content\/uploads\/2022\/07\/choir_2-copy.webp\" alt=\"\" width=\"30\" height=\"30\" \/> <\/strong><\/p>\n","protected":false},"excerpt":{"rendered":"<h6><strong>Bits\u0171r\u0171s\u00e9g: 320<\/strong>kb\/s<strong><br \/>\n<\/strong><strong>Hossz: <\/strong>03:19<strong><br \/>\n<\/strong><strong style=\"font-size: 16px;\">Vok\u00e1lt tartalmaz: <\/strong>Nem <img loading=\"lazy\" decoding=\"async\" class=\"alignnone size-full wp-image-467\" src=\"http:\/\/www.sunkaraoke.hu\/wp-content\/uploads\/2022\/07\/choir_2-copy.png\" alt=\"\" width=\"30\" height=\"30\" \/><strong style=\"font-size: 16px;\"><br \/>\n<\/strong><\/h6>\n<p>Sunkaraoke mp3 st\u00fadi\u00f3 \/ www.sunkaraoke.hu \/ Inf: Tel: 06 20 4275001<\/p>\n<p>&#8212;Intr\u00f3&#8212;<br \/>\nHa hull\u00f3 csillag sz\u00e1ll az \u00e9gen,<br \/>\nakkor mondj el egy im\u00e1t \u00e9rtem,<br \/>\n\u00e9n is im\u00e1dkozom majd \u00e9rted,<br \/>\nboldog legyen \u00fajra a sz\u00edved.<br \/>\nNe akarom azt, hogy csal\u00f3dj bennem,<br \/>\nmert tudod ellened rosszat tettem,<br \/>\nr\u00e1j\u00f6ttem te vagy az \u00e9n kis kincsem,<br \/>\nk\u00e9rlek adj m\u00e9g egy es\u00e9lyt nekem.<\/p>\n<p>Nincs \u00e9jszak\u00e1m, sem nappalom.<br \/>\nAz \u00e9letemet \u00e9lni nem tudom,<br \/>\nb\u00e1natos lett az \u00e9n sz\u00edvem,<br \/>\nmi\u00f3ta nem vagy m\u00e1r velem.<br \/>\nNincs \u00e9jszak\u00e1m se nappalom,<br \/>\naz \u00e9letemet \u00e9lni nem tudom,<br \/>\nb\u00e1natos lett az \u00e9n sz\u00edvem mi\u00f3ta,<br \/>\nnem vagy m\u00e1r velem.<br \/>\n&#8212;Sz\u00f3l\u00f3&#8212;<br \/>\nHa hull\u00f3 csillag sz\u00e1ll az \u00e9gen,<br \/>\nakkor mondj el egy im\u00e1t \u00e9rtem,<br \/>\n\u00e9n is im\u00e1dkozom majd \u00e9rted,<br \/>\nboldog legyen \u00fajra a sz\u00edved.<br \/>\nNe akarom azt, hogy csal\u00f3dj bennem,<br \/>\nmert tudod ellened rosszat tettem,<br \/>\nr\u00e1j\u00f6ttem te vagy az \u00e9n kis kincsem,<br \/>\nk\u00e9rlek adj m\u00e9g egy es\u00e9lyt nekem.<\/p>\n<p>Nincs \u00e9jszak\u00e1m, sem nappalom,<br \/>\naz \u00e9letemet \u00e9lni nem tudom,<br \/>\nb\u00e1natos lett az \u00e9n sz\u00edvem,<br \/>\nmi\u00f3ta nem vagy m\u00e1r velem.<br \/>\nNincs \u00e9jszak\u00e1m se nappalom,<br \/>\naz \u00e9letemet \u00e9lni nem tudom,<br \/>\nb\u00e1natos lett az \u00e9n sz\u00edvem mi\u00f3ta,<br \/>\nnem vagy m\u00e1r velem.<br \/>\n&#8212;Sz\u00f3l\u00f3&#8212;<br \/>\nNincs \u00e9jszak\u00e1m, sem nappalom,<br \/>\naz \u00e9letemet \u00e9lni nem tudom,<br \/>\nb\u00e1natos lett az \u00e9n sz\u00edvem,<br \/>\nmi\u00f3ta nem vagy m\u00e1r velem.<br \/>\nNincs \u00e9jszak\u00e1m se nappalom,<br \/>\naz \u00e9letemet \u00e9lni nem tudom,<br \/>\nb\u00e1natos lett az \u00e9n sz\u00edvem mi\u00f3ta,<br \/>\nnem vagy m\u00e1r velem.<br \/>\n&#8212;V\u00e9ge&#8212;<\/p>\n","protected":false},"featured_media":8718,"template":"","meta":{"site-sidebar-layout":"default","site-content-layout":"default","ast-site-content-layout":"default","site-content-style":"default","site-sidebar-style":"default","ast-global-header-display":"","ast-banner-title-visibility":"","ast-main-header-display":"","ast-hfb-above-header-display":"","ast-hfb-below-header-display":"","ast-hfb-mobile-header-display":"","site-post-title":"","ast-breadcrumbs-content":"","ast-featured-img":"","footer-sml-layout":"","theme-transparent-header-meta":"default","adv-header-id-meta":"","stick-header-meta":"","header-above-stick-meta":"","header-main-stick-meta":"","header-below-stick-meta":"","astra-migrate-meta-layouts":"set","ast-page-background-enabled":"default","ast-page-background-meta":{"desktop":{"background-color":"var(--ast-global-color-4)","background-image":"","background-repeat":"repeat","background-position":"center center","background-size":"auto","background-attachment":"scroll","background-type":"","background-media":"","overlay-type":"","overlay-color":"","overlay-opacity":"","overlay-gradient":""},"tablet":{"background-color":"","background-image":"","background-repeat":"repeat","background-position":"center center","background-size":"auto","background-attachment":"scroll","background-type":"","background-media":"","overlay-type":"","overlay-color":"","overlay-opacity":"","overlay-gradient":""},"mobile":{"background-color":"","background-image":"","background-repeat":"repeat","background-position":"center center","background-size":"auto","background-attachment":"scroll","background-type":"","background-media":"","overlay-type":"","overlay-color":"","overlay-opacity":"","overlay-gradient":""}},"ast-content-background-meta":{"desktop":{"background-color":"var(--ast-global-color-5)","background-image":"","background-repeat":"repeat","background-position":"center center","background-size":"auto","background-attachment":"scroll","background-type":"","background-media":"","overlay-type":"","overlay-color":"","overlay-opacity":"","overlay-gradient":""},"tablet":{"background-color":"var(--ast-global-color-5)","background-image":"","background-repeat":"repeat","background-position":"center center","background-size":"auto","background-attachment":"scroll","background-type":"","background-media":"","overlay-type":"","overlay-color":"","overlay-opacity":"","overlay-gradient":""},"mobile":{"background-color":"var(--ast-global-color-5)","background-image":"","background-repeat":"repeat","background-position":"center center","background-size":"auto","background-attachment":"scroll","background-type":"","background-media":"","overlay-type":"","overlay-color":"","overlay-opacity":"","overlay-gradient":""}}},"product_cat":[48],"product_tag":[],"class_list":["post-5746","product","type-product","status-publish","has-post-thumbnail","hentry","product_cat-sunkaraoke-dalok","desktop-align-left","tablet-align-left","mobile-align-left"],"_links":{"self":[{"href":"https:\/\/www.sunkaraoke.hu\/index.php\/wp-json\/wp\/v2\/product\/5746","targetHints":{"allow":["GET"]}}],"collection":[{"href":"https:\/\/www.sunkaraoke.hu\/index.php\/wp-json\/wp\/v2\/product"}],"about":[{"href":"https:\/\/www.sunkaraoke.hu\/index.php\/wp-json\/wp\/v2\/types\/product"}],"wp:featuredmedia":[{"embeddable":true,"href":"https:\/\/www.sunkaraoke.hu\/index.php\/wp-json\/wp\/v2\/media\/8718"}],"wp:attachment":[{"href":"https:\/\/www.sunkaraoke.hu\/index.php\/wp-json\/wp\/v2\/media?parent=5746"}],"wp:term":[{"taxonomy":"product_cat","embeddable":true,"href":"https:\/\/www.sunkaraoke.hu\/index.php\/wp-json\/wp\/v2\/product_cat?post=5746"},{"taxonomy":"product_tag","embeddable":true,"href":"https:\/\/www.sunkaraoke.hu\/index.php\/wp-json\/wp\/v2\/product_tag?post=5746"}],"curies":[{"name":"wp","href":"https:\/\/api.w.org\/{rel}","templated":true}]}}