{"id":5741,"date":"2022-08-08T20:49:45","date_gmt":"2022-08-08T20:49:45","guid":{"rendered":"https:\/\/www.sunkaraoke.hu\/index.php\/termek\/piros-bela-piros-bela-mulatos-mix-28\/"},"modified":"2025-04-07T10:03:55","modified_gmt":"2025-04-07T10:03:55","slug":"piros-bela-piros-bela-mulatos-mix-28","status":"publish","type":"product","link":"https:\/\/www.sunkaraoke.hu\/index.php\/termek\/piros-bela-piros-bela-mulatos-mix-28\/","title":{"rendered":"<div class=\"wcmp-player-container product-5741\"><audio controlslist=\"nodownload\" data-product=\"5741\"  volume=\"1\"  preload=\"none\" data-lazyloading=\"none\" class=\"wcmp-player track mejs-classic\" data-duration=\"0:34\" data-estimated_duration=\"4\"><source src=\"https:\/\/www.sunkaraoke.hu\/wp-content\/uploads\/2022\/08\/Piros-Bela-mulatos-mix-28.-kdemooo.mp3\" type=\"audio\/mp3\" \/><\/audio><\/div>Piros B\u00e9la &#8211; Piros B\u00e9la mulat\u00f3s mix 28. (Original)"},"content":{"rendered":"<p><strong>12:10<\/strong> | <strong><img loading=\"lazy\" decoding=\"async\" class=\"alignnone size-full wp-image-467\" src=\"https:\/\/www.sunkaraoke.hu\/wp-content\/uploads\/2022\/07\/choir_2-copy.webp\" alt=\"\" width=\"30\" height=\"30\" \/> <\/strong><\/p>\n","protected":false},"excerpt":{"rendered":"<h6><strong>Bits\u0171r\u0171s\u00e9g: 320<\/strong>kb\/s<strong><br \/>\n<\/strong><strong>Hossz: <\/strong>12:10<strong><br \/>\n<\/strong><strong style=\"font-size: 16px;\">Vok\u00e1lt tartalmaz: <\/strong>Nem <img loading=\"lazy\" decoding=\"async\" class=\"alignnone size-full wp-image-467\" src=\"http:\/\/www.sunkaraoke.hu\/wp-content\/uploads\/2022\/07\/choir_2-copy.png\" alt=\"\" width=\"30\" height=\"30\" \/><strong style=\"font-size: 16px;\"><br \/>\n<\/strong><\/h6>\n<p>Sunkaraoke mp3 st\u00fadi\u00f3 \/ www.sunkaraoke.hu \/ Inf: Tel: 06 20 4275001<\/p>\n<p>&#8212;Intr\u00f3&#8212;\/\/00:33\/\/<br \/>\nEste sz\u00e1ll a fecske, este sz\u00e1ll a fecske, a f\u00e9szk\u00e9re,<br \/>\n\u00e9n is este, be\u00fcl\u00f6k a bab\u00e1m \u00f6l\u00e9be.<br \/>\n\u00c9n is este be\u00fcl\u00f6k a bab\u00e1m \u00f6l\u00e9be,<br \/>\nmegk\u00e9rdezem t\u0151le szeret-e vagy elhagy \u00f6r\u00f6kre.<br \/>\n\u00c9n is este be \u00fcl\u00f6k a bab\u00e1m \u00f6l\u00e9be,<br \/>\nmegk\u00e9rdezem t\u0151le szeret-e vagy elhagy \u00f6r\u00f6kre.<\/p>\n<p>Feh\u00e9ret vir\u00e1gzik, feh\u00e9ret vir\u00e1gzik az ak\u00e1cfa,<br \/>\nnem kell n\u00e9kem, senki megunt bab\u00e1ja.<br \/>\nNem kell n\u00e9kem, senki megunt bab\u00e1ja.<br \/>\nAk\u00e1rmilyen sz\u00e9p is ha szerelmet \u00edg\u00e9r is,de hi\u00e1ba.<br \/>\nNem kell n\u00e9kem, senki megunt bab\u00e1ja.<br \/>\nAk\u00e1rmilyen sz\u00e9p is, ha szerelmet \u00edg\u00e9r is, de hi\u00e1ba.<\/p>\n<p>&#8212;Sz\u00f3l\u00f3&#8212;\/\/02:04\/\/<br \/>\nNem voltam \u00e9n soha, \u00e9s nem leszek \u00e9n soha csapod\u00e1r,<br \/>\nMegmaradok \u00e9n a kedves bab\u00e1mn\u00e1l,<br \/>\nnincs olyan l\u00e1ny, sz\u00e9les e nagy vil\u00e1gon,<br \/>\nkit \u00fagy szeretn\u00e9nek, mint ahogy \u00e9n t\u00e9ged vir\u00e1gom!<br \/>\nNincs olyan l\u00e1ny, sz\u00e9les e nagy vil\u00e1gon,<br \/>\nkit \u00fagy szeretn\u00e9nek, mint ahogy \u00e9n t\u00e9ged vir\u00e1gom!<br \/>\n&#8212;Sz\u00f3l\u00f3&#8212;\/\/03:07\/\/<br \/>\nR\u00e9ten, r\u00e9ten, sej a panyolai r\u00e9ten<br \/>\nelvesztettem a zsebbe val\u00f3 k\u00e9sem.<br \/>\nK\u00e9sem ut\u00e1n karikagy\u0171r\u0171met,<br \/>\nazt sajn\u00e1lom, nem a r\u00e9gi szeret\u0151met.<br \/>\nK\u00e9sem ut\u00e1n karikagy\u0171r\u0171met,<br \/>\nazt sajn\u00e1lom, nem a r\u00e9gi szeret\u0151met.<\/p>\n<p>Este lesz m\u00e1r, sej este akar lenni,<br \/>\nez a kisl\u00e1ny haza akar menni.<br \/>\nHaza menne, de nincs k\u00eds\u00e9r\u0151je,<br \/>\ngalambom elk\u00eds\u00e9rem leszek \u00e9n a szeret\u0151je.<br \/>\nHaza menne, de nincs k\u00eds\u00e9r\u0151je,<br \/>\ngalambom elk\u00eds\u00e9rem leszek \u00e9n a szeret\u0151je.<br \/>\n&#8212;Sz\u00f3l\u00f3&#8212;\/\/04:39\/\/<br \/>\nSz\u00e1nom-b\u00e1nom, hogy megh\u00e1zasodtam,<br \/>\na leg\u00e9nys\u00e9gem gy\u00e1szba bor\u00edtottam,<br \/>\nMert \u00e9n n\u00e9kem nem szabad szeretni,<br \/>\nnem szabad a l\u00e1nyokkal besz\u00e9lgetni.<br \/>\nMert \u00e9n n\u00e9kem nem szabad szeretni,<br \/>\nnem szabad a l\u00e1nyokkal besz\u00e9lgetni.<br \/>\nSz\u00e1nom-b\u00e1nom, hogy \u00edgy cselekedtem,<br \/>\nhogy tev\u00e9led szerelembe estem.<br \/>\nSzerelembe nem estem, csak sz\u00f3ba,<br \/>\nsajn\u00e1lom de, nem tehetek r\u00f3la.<br \/>\nSzerelembe nem estem, csak sz\u00f3ba,<br \/>\nsajn\u00e1lom de, nem tehetek r\u00f3la.<\/p>\n<p>Dombon van az \u00f6zvegyasszony h\u00e1za,<br \/>\nbenne van a l\u00e1nya vetett \u00e1gya.<br \/>\nRajta van a selyem \u00e1gy-takar\u00f3,<br \/>\nez a kisl\u00e1ny de kedvemre val\u00f3.<br \/>\nRajta van a selyem \u00e1gy-takar\u00f3,<br \/>\nez a kisl\u00e1ny de kedvemre val\u00f3.<\/p>\n<p>&#8212;Sz\u00f3l\u00f3&#8212;\/\/06:34\/\/<br \/>\nF\u00fajja sz\u00e9l a tarpai hegyet,<br \/>\nbenne viszi az \u00e9n szerelmemet,<br \/>\nmegyek any\u00e1m kifogom bel\u0151le,<br \/>\nh\u00e1rom \u00e9vig voltam szeret\u0151je.<br \/>\nMegyek any\u00e1m kifogom bel\u0151le,<br \/>\nh\u00e1rom \u00e9vig voltam szeret\u0151je.<br \/>\nSz\u00e1nom-b\u00e1nom, hogy megh\u00e1zasodtam,<br \/>\na leg\u00e9nys\u00e9gem gy\u00e1szba bor\u00edtottam,<br \/>\nMert \u00e9n n\u00e9kem nem szabad szeretni,<br \/>\nnem szabad a l\u00e1nyokkal besz\u00e9lgetni.<br \/>\nMert \u00e9n n\u00e9kem nem szabad szeretni,<br \/>\nnem szabad a l\u00e1nyokkal besz\u00e9lgetni.<br \/>\n&#8212;Sz\u00f3l\u00f3&#8212;\/\/07:57\/\/<br \/>\nK\u00e9rges a tenyerem, a tenyerem,<br \/>\nazzal keresem a kenyerem.<br \/>\nAzzal keresem a t\u00e9lire val\u00f3t,<br \/>\nbab\u00e1mnak a selyemruh\u00e1ra val\u00f3t.<br \/>\nAzzal keresem a t\u00e9lire val\u00f3t,<br \/>\nbab\u00e1mnak a selyemruh\u00e1ra val\u00f3t.<br \/>\nHoltig gy\u0171l\u00f6l\u00f6m az any\u00e1mat,<br \/>\nm\u00e9rt nem adott az \u00e9n bab\u00e1mnak?<br \/>\nAnnak adott, kit sohase szerettem,<br \/>\nkire m\u00e9g a szemem r\u00e1 se vetettem.<br \/>\nAnnak adott, kit sohase szerettem,<br \/>\nkire m\u00e9g a szemem r\u00e1 se vetettem.<br \/>\n&#8212;Sz\u00f3l\u00f3&#8212;\/\/09:29\/\/<br \/>\nHogyha n\u00e9kem Hogyha n\u00e9kem sz\u00e1z forintom volna,<br \/>\nannak adn\u00e1m, annak adn\u00e1m akinek nem volna.<br \/>\nDe mivel, hogy nincsen, f\u00e1b\u00f3l van a kilincsem,<br \/>\n\u00e9s madzag a h\u00faz\u00f3ja.<br \/>\nDe mivel, hogy nincsen, f\u00e1b\u00f3l van a kilincsem,<br \/>\n\u00e9s madzag a h\u00faz\u00f3ja.<\/p>\n<p>Z\u00f3ja, z\u00f3ja, z\u00f3ja, z\u00f3ja, madzag a h\u00faz\u00f3ja.<br \/>\nZ\u00f3ja, z\u00f3ja, z\u00f3ja, z\u00f3ja, madzag a h\u00faz\u00f3ja.<br \/>\nDe mivel, hogy nincsen, f\u00e1b\u00f3l van a kilincsem,<br \/>\n\u00e9s madzag a h\u00faz\u00f3ja.<br \/>\nDe mivel, hogy nincsen, f\u00e1b\u00f3l van a kilincsem,<br \/>\n\u00e9s madzag a h\u00faz\u00f3ja.<br \/>\n&#8212;Sz\u00f3l\u00f3&#8212;\/\/10:59\/\/<br \/>\nNem vagyok sz\u00e9p, csak a szemem fekete.<br \/>\nNem vagyok \u00e9n az erd\u0151ben remete.<br \/>\nSem remete, sem a f\u00fcge f\u00e1nak az \u00e1ga,<br \/>\n\u00e9n vagyok az, kinek nincsen bab\u00e1ja.<br \/>\nSem remete, sem a f\u00fcge f\u00e1nak az \u00e1ga,<br \/>\n\u00e9n vagyok az, kinek nincsen bab\u00e1ja.<br \/>\nEgy r\u00f3zsaf\u00e1n megsz\u00e1moltam sz\u00e1z r\u00f3zs\u00e1t,<br \/>\nmind a sz\u00e1zat elk\u00fcld\u00f6ttem tehozz\u00e1d.<br \/>\nK\u00f6zep\u00e9be lelehelem a lelkemet,<br \/>\nk\u00fcldd vissza, ha nem szeretsz engemet.<br \/>\nK\u00f6zep\u00e9be lelehelem a lelkemet,<br \/>\nk\u00fcldd vissza, ha nem szeretsz engemet.<br \/>\n&#8212;V\u00e9ge&#8212;<\/p>\n","protected":false},"featured_media":12989,"template":"","meta":{"site-sidebar-layout":"default","site-content-layout":"default","ast-site-content-layout":"default","site-content-style":"default","site-sidebar-style":"default","ast-global-header-display":"","ast-banner-title-visibility":"","ast-main-header-display":"","ast-hfb-above-header-display":"","ast-hfb-below-header-display":"","ast-hfb-mobile-header-display":"","site-post-title":"","ast-breadcrumbs-content":"","ast-featured-img":"","footer-sml-layout":"","theme-transparent-header-meta":"default","adv-header-id-meta":"","stick-header-meta":"","header-above-stick-meta":"","header-main-stick-meta":"","header-below-stick-meta":"","astra-migrate-meta-layouts":"set","ast-page-background-enabled":"default","ast-page-background-meta":{"desktop":{"background-color":"var(--ast-global-color-4)","background-image":"","background-repeat":"repeat","background-position":"center center","background-size":"auto","background-attachment":"scroll","background-type":"","background-media":"","overlay-type":"","overlay-color":"","overlay-opacity":"","overlay-gradient":""},"tablet":{"background-color":"","background-image":"","background-repeat":"repeat","background-position":"center center","background-size":"auto","background-attachment":"scroll","background-type":"","background-media":"","overlay-type":"","overlay-color":"","overlay-opacity":"","overlay-gradient":""},"mobile":{"background-color":"","background-image":"","background-repeat":"repeat","background-position":"center center","background-size":"auto","background-attachment":"scroll","background-type":"","background-media":"","overlay-type":"","overlay-color":"","overlay-opacity":"","overlay-gradient":""}},"ast-content-background-meta":{"desktop":{"background-color":"var(--ast-global-color-5)","background-image":"","background-repeat":"repeat","background-position":"center center","background-size":"auto","background-attachment":"scroll","background-type":"","background-media":"","overlay-type":"","overlay-color":"","overlay-opacity":"","overlay-gradient":""},"tablet":{"background-color":"var(--ast-global-color-5)","background-image":"","background-repeat":"repeat","background-position":"center center","background-size":"auto","background-attachment":"scroll","background-type":"","background-media":"","overlay-type":"","overlay-color":"","overlay-opacity":"","overlay-gradient":""},"mobile":{"background-color":"var(--ast-global-color-5)","background-image":"","background-repeat":"repeat","background-position":"center center","background-size":"auto","background-attachment":"scroll","background-type":"","background-media":"","overlay-type":"","overlay-color":"","overlay-opacity":"","overlay-gradient":""}}},"product_cat":[48],"product_tag":[],"class_list":["post-5741","product","type-product","status-publish","has-post-thumbnail","hentry","product_cat-sunkaraoke-dalok","desktop-align-left","tablet-align-left","mobile-align-left"],"_links":{"self":[{"href":"https:\/\/www.sunkaraoke.hu\/index.php\/wp-json\/wp\/v2\/product\/5741","targetHints":{"allow":["GET"]}}],"collection":[{"href":"https:\/\/www.sunkaraoke.hu\/index.php\/wp-json\/wp\/v2\/product"}],"about":[{"href":"https:\/\/www.sunkaraoke.hu\/index.php\/wp-json\/wp\/v2\/types\/product"}],"wp:featuredmedia":[{"embeddable":true,"href":"https:\/\/www.sunkaraoke.hu\/index.php\/wp-json\/wp\/v2\/media\/12989"}],"wp:attachment":[{"href":"https:\/\/www.sunkaraoke.hu\/index.php\/wp-json\/wp\/v2\/media?parent=5741"}],"wp:term":[{"taxonomy":"product_cat","embeddable":true,"href":"https:\/\/www.sunkaraoke.hu\/index.php\/wp-json\/wp\/v2\/product_cat?post=5741"},{"taxonomy":"product_tag","embeddable":true,"href":"https:\/\/www.sunkaraoke.hu\/index.php\/wp-json\/wp\/v2\/product_tag?post=5741"}],"curies":[{"name":"wp","href":"https:\/\/api.w.org\/{rel}","templated":true}]}}