{"id":5725,"date":"2022-08-08T20:49:44","date_gmt":"2022-08-08T20:49:44","guid":{"rendered":"https:\/\/www.sunkaraoke.hu\/index.php\/termek\/galamb-jozsef-szurke-eniko-galamb-csardas-mix-03\/"},"modified":"2025-04-13T11:56:53","modified_gmt":"2025-04-13T11:56:53","slug":"galamb-jozsef-szurke-eniko-galamb-csardas-mix-03","status":"publish","type":"product","link":"https:\/\/www.sunkaraoke.hu\/index.php\/termek\/galamb-jozsef-szurke-eniko-galamb-csardas-mix-03\/","title":{"rendered":"<div class=\"wcmp-player-container product-5725\"><audio controlslist=\"nodownload\" data-product=\"5725\"  volume=\"1\"  preload=\"none\" data-lazyloading=\"none\" class=\"wcmp-player track mejs-classic\" data-duration=\"0:32\" data-estimated_duration=\"4\"><source src=\"https:\/\/www.sunkaraoke.hu\/wp-content\/uploads\/2022\/08\/Galamb-Csardas-mix-03.-G.-demoo.mp3\" type=\"audio\/mp3\" \/><\/audio><\/div>Galamb J\u00f3zsef &#038; Sz\u00fcrke Enik\u00f5 &#8211; Galamb Cs\u00e1rd\u00e1s mix 03. (Original)"},"content":{"rendered":"<p><strong>13:11<\/strong> | <strong><img loading=\"lazy\" decoding=\"async\" class=\"alignnone size-full wp-image-466\" src=\"https:\/\/www.sunkaraoke.hu\/wp-content\/uploads\/2022\/07\/choir_1-copy.webp\" alt=\"\" width=\"30\" height=\"30\" \/> <\/strong><\/p>\n","protected":false},"excerpt":{"rendered":"<h6><strong>Bits\u0171r\u0171s\u00e9g: 320<\/strong>kb\/s<strong><br \/>\n<\/strong><strong>Hossz: <\/strong>13:11<strong><br \/>\n<\/strong><strong style=\"font-size: 16px;\">Vok\u00e1lt tartalmaz: <\/strong>Igen <img loading=\"lazy\" decoding=\"async\" class=\"alignnone size-full wp-image-466\" src=\"http:\/\/www.sunkaraoke.hu\/wp-content\/uploads\/2022\/07\/choir_1-copy.png\" alt=\"\" width=\"30\" height=\"30\" \/><strong style=\"font-size: 16px;\"><br \/>\n<\/strong><\/h6>\n<p>Sunkaraoke mp3 st\u00fadi\u00f3 \/ www.sunkaraoke.hu \/ Inf: Tel: 06 20 4275001<\/p>\n<p>&#8212;Intr\u00f3&#8212;\/\/00:15\/\/<\/p>\n<p>K\u00e9t \u00fat van el\u00f6ttem, melyiken induljak<br \/>\nKett\u0151 a szeret\u0151m, melyikt\u0151l b\u00facs\u00fazzak<\/p>\n<p>A sz\u0151k\u00e9t\u0151l b\u00facs\u00fazom, a barna haragszik<br \/>\n\u00cdgy h\u00e1t az \u00e9n sz\u00edvem soha meg nem nyugszik<\/p>\n<p>A sz\u0151k\u00e9t\u0151l b\u00facs\u00fazom, piros p\u00fcnk\u00f6sd napj\u00e1n<br \/>\nA barn\u00e1t\u00f3l, a csalf\u00e1t\u00f3l, hal\u00e1lom \u00f3r\u00e1j\u00e1n<\/p>\n<p>&#8212;Sz\u00f3l\u00f3&#8212;\/\/01:19\/\/<\/p>\n<p>K\u00e9t \u00fat van el\u00f6ttem, melyiken induljak<br \/>\nKett\u0151 a szeret\u0151m, melyikt\u0151l b\u00facs\u00fazzak<\/p>\n<p>A sz\u0151k\u00e9t\u0151l b\u00facs\u00fazom, a barna haragszik<br \/>\n\u00cdgy h\u00e1t az \u00e9n sz\u00edvem soha meg nem nyugszik<\/p>\n<p>A sz\u0151k\u00e9t\u0151l b\u00facs\u00fazom, piros p\u00fcnk\u00f6sd napj\u00e1n<br \/>\nA barn\u00e1t\u00f3l, a csalf\u00e1t\u00f3l, hal\u00e1lom \u00f3r\u00e1j\u00e1n<\/p>\n<p>&#8212;Sz\u00f3l\u00f3&#8212;\/\/02:20\/\/<br \/>\nEz a kisl\u00e1ny akkor sz\u00e9p<br \/>\nMikor koszor\u00fa van a fej\u00e9n<br \/>\nMegy az isten h\u00e1z\u00e1ba<br \/>\nR\u00e1gondol a l\u00e1nyok sor\u00e1ra<br \/>\nCsatos imak\u00f6nyv van a kez\u00e9ben<br \/>\nR\u00e9gi szeret\u0151je van az esz\u00e9ben<br \/>\nP\u00e1ros csillag az \u00e9gen<br \/>\nRagyog a fekete szem\u00e9ben<\/p>\n<p>Csatos imak\u00f6nyv van a kez\u00e9ben<br \/>\nR\u00e9gi szeret\u0151je van az esz\u00e9ben<br \/>\nP\u00e1ros csillag az \u00e9gen<br \/>\nRagyog a fekete szem\u00e9ben<\/p>\n<p>&#8212;Sz\u00f3l\u00f3&#8212;\/\/03:37\/\/<\/p>\n<p>Egy, kett\u0151re, h\u00e1romra<br \/>\nBefogom az any\u00f3som a j\u00e1romba<br \/>\nKihajtom az utc\u00e1ra<br \/>\nBefogom a t\u00f6bbi marha sor\u00e1ba<br \/>\nSz\u00e9n\u00e1t teszek el\u00e9je<br \/>\nHad egyen az \u00f6reg marha kedv\u00e9re<br \/>\nNe f\u00e9lj cs\u00e1rd\u00e1s any\u00f3som<br \/>\nK\u00f6teledet itat\u00e1sra eloldom<\/p>\n<p>Sz\u00e9n\u00e1t teszek el\u00e9je<br \/>\nHad egyen az \u00f6reg marha kedv\u00e9re<br \/>\nNe f\u00e9lj cs\u00e1rd\u00e1s any\u00f3som<br \/>\nK\u00f6teledet itat\u00e1sra eloldom<br \/>\nZavaros a Tisza vize, nem lehet hal\u00e1szni<br \/>\nMost m\u00e1r cs\u00e1rd\u00e1s kisangyalom, r\u00e1d fogok vigy\u00e1zni<br \/>\nNem kell \u00e9nr\u00e1m m\u00e1r vigy\u00e1zni, nem f\u00e1j n\u00e9kem semmi<br \/>\nCsak az f\u00e1j, hogy m\u00e9rt tudtalak igaz\u00e1n szeretni<\/p>\n<p>Nem kell \u00e9nr\u00e1m m\u00e1r vigy\u00e1zni, nem f\u00e1j n\u00e9kem semmi<br \/>\nCsak az f\u00e1j, hogy m\u00e9rt tudtalak igaz\u00e1n szeretni<\/p>\n<p>&#8212;Sz\u00f3l\u00f3&#8212;\/\/05:30\/\/<\/p>\n<p>Kimegyek a temet\u0151be, besz\u00e9lek a cs\u0151sszel<br \/>\n\u00c1ssa meg a s\u00edromat m\u00e9g a j\u00f6v\u0151 \u0151sszel<br \/>\nEgy s\u00edr helyett, kett\u0151t \u00e1sson, mert egy kev\u00e9s n\u00e9kem<br \/>\nAz egyiket a szeret\u0151mnek, a m\u00e1sik meg n\u00e9kem<\/p>\n<p>Egy s\u00edr helyett, kett\u0151t \u00e1sson, mert egy kev\u00e9s n\u00e9kem<br \/>\nAz egyiket a szeret\u0151mnek, a m\u00e1sik meg n\u00e9kem<\/p>\n<p>&#8212;Sz\u00f3l\u00f3&#8212;\/\/06:44\/\/<\/p>\n<p>Csak, csak, csak az esik n\u00e9kem keservesen<br \/>\nHogy a bab\u00e1m b\u00fcszk\u00e9n j\u00e1r el\u0151ttem<br \/>\nOlyan b\u00fcszk\u00e9n, mintha sose l\u00e1tott volna<br \/>\nMintha a szeret\u0151je sosem lettem volna<\/p>\n<p>Olyan b\u00fcszk\u00e9n, mintha sose l\u00e1tott volna<br \/>\nMintha a szeret\u0151je sosem lettem volna<\/p>\n<p>N\u00e9zd, n\u00e9zd, n\u00e9zd a szeme ragyog, mint a csillag<br \/>\nAkkor gyere r\u00f3zs\u00e1m, mikor h\u00edvlak<br \/>\nJ\u00f6ssz te m\u00e9g majd s\u00edrva a mi kis utc\u00e1nkba<br \/>\nHej, csakis akkor leszel majd igaz\u00e1n \u00e1rva<\/p>\n<p>J\u00f6ssz te m\u00e9g majd s\u00edrva a mi kis utc\u00e1nkba<br \/>\nHej, csakis akkor leszel majd igaz\u00e1n \u00e1rva<\/p>\n<p>&#8212;Sz\u00f3l\u00f3&#8212;\/\/08:10\/\/<\/p>\n<p>Csak, csak, csakaz\u00e9rtis j\u00e1rom az utc\u00e1j\u00e1t<br \/>\nNem ker\u00fcl\u00f6m el a kapuf\u00e1j\u00e1t<br \/>\nHadd pletyk\u00e1ljon minden v\u00e9nasszony fel\u0151le<br \/>\nCsak, csakis \u00e9n vagyok az igaz szeret\u0151je<\/p>\n<p>Hadd pletyk\u00e1ljon minden v\u00e9nasszony fel\u0151le<br \/>\nCsak, csakis \u00e9n vagyok az igaz szeret\u0151je<\/p>\n<p>&#8212;Sz\u00f3l\u00f3&#8212;\/\/09:04\/\/<br \/>\nTisza partj\u00e1n nem j\u00f3 lefek\u00fcdni<br \/>\nMert a Tisza ki szokott \u00f6nteni<br \/>\nA bab\u00e1mat el tal\u00e1lja vinni<br \/>\nKeservesen meg fogom siratni<\/p>\n<p>A bab\u00e1mat el tal\u00e1lja vinni<br \/>\nKeservesen meg fogom siratni<\/p>\n<p>L\u00e1tod bab\u00e1m ezt a tear\u00f3zs\u00e1t<br \/>\nNappal vir\u00edt, este j\u00e1rok hozz\u00e1d<br \/>\nEste j\u00e1rok, mikor senki se l\u00e1t<br \/>\nM\u00e9gis irigy r\u00e1m az eg\u00e9sz vil\u00e1g<\/p>\n<p>Este j\u00e1rok, mikor senki se l\u00e1t<br \/>\nM\u00e9gis irigy r\u00e1m az eg\u00e9sz vil\u00e1g<\/p>\n<p>&#8212;Sz\u00f3l\u00f3&#8212;\/\/10:19\/\/<\/p>\n<p>Irigyeim, hagyjatok szeretni<br \/>\nHagyj\u00e1tok a szememet r\u00e1 vetni<br \/>\nR\u00e1 van szokva szemem az int\u00e9sre<br \/>\nA gy\u00f6nge karom a leg\u00e9ny \u00f6lel\u00e9sre<\/p>\n<p>R\u00e1 van szokva szemem az int\u00e9sre<br \/>\nA gy\u00f6nge karom a leg\u00e9ny \u00f6lel\u00e9sre<\/p>\n<p>&#8212;Sz\u00f3l\u00f3&#8212;\/\/11:10\/\/<\/p>\n<p>Zsebkend\u0151m n\u00e9gy sarka, sim\u00e1ra van vasalva<br \/>\nMind a n\u00e9gy sark\u00e1ba, a bab\u00e1m neve van varrva<br \/>\nAz egyik sz\u0151ke, a m\u00e1sik barna, a harmadik csudasz\u00e9p<br \/>\nMeg\u00e1llj te, csudasz\u00e9p, majd eszedbe jutok m\u00e9g<\/p>\n<p>Majd eszedbe jutok bab\u00e1m, de m\u00e1r akkor k\u00e9s\u0151 lesz<br \/>\nMajd ha az, \u00e9n sz\u00edvem, nem a ti\u00e9d, a m\u00e1s\u00e9 lesz<\/p>\n<p>&#8212;Sz\u00f3l\u00f3&#8212;\/\/12:25\/\/<\/p>\n<p>B\u00e9k\u00e1s t\u00f3, halas t\u00f3, jajj de s\u00e1ros a partja<br \/>\nArra j\u00e1r a r\u00f3zs\u00e1m, selyemkend\u0151 van rajta<br \/>\n\u00c9n r\u00e1 k\u00f6lt\u00f6ttem a sz\u00e1z peng\u0151met, az\u00e9rt olyan csuda sz\u00e9p<br \/>\nMeg\u00e1llj te, csudasz\u00e9p, majd eszedbe jutok m\u00e9g<\/p>\n<p>Majd eszedbe jutok bab\u00e1m, de m\u00e1r akkor k\u00e9s\u0151 lesz<br \/>\nMajd ha az, \u00e9n sz\u00edvem, nem a ti\u00e9d, a m\u00e1s\u00e9 lesz<br \/>\n&#8212;V\u00e9ge&#8212;<\/p>\n","protected":false},"featured_media":6363,"template":"","meta":{"site-sidebar-layout":"default","site-content-layout":"default","ast-site-content-layout":"default","site-content-style":"default","site-sidebar-style":"default","ast-global-header-display":"","ast-banner-title-visibility":"","ast-main-header-display":"","ast-hfb-above-header-display":"","ast-hfb-below-header-display":"","ast-hfb-mobile-header-display":"","site-post-title":"","ast-breadcrumbs-content":"","ast-featured-img":"","footer-sml-layout":"","theme-transparent-header-meta":"default","adv-header-id-meta":"","stick-header-meta":"","header-above-stick-meta":"","header-main-stick-meta":"","header-below-stick-meta":"","astra-migrate-meta-layouts":"set","ast-page-background-enabled":"default","ast-page-background-meta":{"desktop":{"background-color":"var(--ast-global-color-4)","background-image":"","background-repeat":"repeat","background-position":"center center","background-size":"auto","background-attachment":"scroll","background-type":"","background-media":"","overlay-type":"","overlay-color":"","overlay-opacity":"","overlay-gradient":""},"tablet":{"background-color":"","background-image":"","background-repeat":"repeat","background-position":"center center","background-size":"auto","background-attachment":"scroll","background-type":"","background-media":"","overlay-type":"","overlay-color":"","overlay-opacity":"","overlay-gradient":""},"mobile":{"background-color":"","background-image":"","background-repeat":"repeat","background-position":"center center","background-size":"auto","background-attachment":"scroll","background-type":"","background-media":"","overlay-type":"","overlay-color":"","overlay-opacity":"","overlay-gradient":""}},"ast-content-background-meta":{"desktop":{"background-color":"var(--ast-global-color-5)","background-image":"","background-repeat":"repeat","background-position":"center center","background-size":"auto","background-attachment":"scroll","background-type":"","background-media":"","overlay-type":"","overlay-color":"","overlay-opacity":"","overlay-gradient":""},"tablet":{"background-color":"var(--ast-global-color-5)","background-image":"","background-repeat":"repeat","background-position":"center center","background-size":"auto","background-attachment":"scroll","background-type":"","background-media":"","overlay-type":"","overlay-color":"","overlay-opacity":"","overlay-gradient":""},"mobile":{"background-color":"var(--ast-global-color-5)","background-image":"","background-repeat":"repeat","background-position":"center center","background-size":"auto","background-attachment":"scroll","background-type":"","background-media":"","overlay-type":"","overlay-color":"","overlay-opacity":"","overlay-gradient":""}}},"product_cat":[69],"product_tag":[],"class_list":["post-5725","product","type-product","status-publish","has-post-thumbnail","hentry","product_cat-galamb-joci","desktop-align-left","tablet-align-left","mobile-align-left"],"_links":{"self":[{"href":"https:\/\/www.sunkaraoke.hu\/index.php\/wp-json\/wp\/v2\/product\/5725","targetHints":{"allow":["GET"]}}],"collection":[{"href":"https:\/\/www.sunkaraoke.hu\/index.php\/wp-json\/wp\/v2\/product"}],"about":[{"href":"https:\/\/www.sunkaraoke.hu\/index.php\/wp-json\/wp\/v2\/types\/product"}],"wp:featuredmedia":[{"embeddable":true,"href":"https:\/\/www.sunkaraoke.hu\/index.php\/wp-json\/wp\/v2\/media\/6363"}],"wp:attachment":[{"href":"https:\/\/www.sunkaraoke.hu\/index.php\/wp-json\/wp\/v2\/media?parent=5725"}],"wp:term":[{"taxonomy":"product_cat","embeddable":true,"href":"https:\/\/www.sunkaraoke.hu\/index.php\/wp-json\/wp\/v2\/product_cat?post=5725"},{"taxonomy":"product_tag","embeddable":true,"href":"https:\/\/www.sunkaraoke.hu\/index.php\/wp-json\/wp\/v2\/product_tag?post=5725"}],"curies":[{"name":"wp","href":"https:\/\/api.w.org\/{rel}","templated":true}]}}