{"id":5722,"date":"2022-08-08T20:49:43","date_gmt":"2022-08-08T20:49:43","guid":{"rendered":"https:\/\/www.sunkaraoke.hu\/index.php\/termek\/kocsis-janika-tukor\/"},"modified":"2025-10-29T10:36:57","modified_gmt":"2025-10-29T08:36:57","slug":"kocsis-janika-tukor","status":"publish","type":"product","link":"https:\/\/www.sunkaraoke.hu\/index.php\/termek\/kocsis-janika-tukor\/","title":{"rendered":"<div class=\"wcmp-player-container product-5722\"><audio controlslist=\"nodownload\" data-product=\"5722\"  volume=\"1\"  preload=\"none\" data-lazyloading=\"none\" class=\"wcmp-player track mejs-classic\" data-duration=\"0:32\" data-estimated_duration=\"4\"><source src=\"https:\/\/www.sunkaraoke.hu\/wp-content\/uploads\/2022\/08\/Tukor-Kocsis-SB.-kdemooo.mp3\" type=\"audio\/mp3\" \/><\/audio><\/div>Kocsis Janika &#8211; T\u00fck\u00f6r (Original)"},"content":{"rendered":"<p><strong>03:26 <\/strong>| <strong><img loading=\"lazy\" decoding=\"async\" class=\"alignnone size-full wp-image-467\" src=\"https:\/\/www.sunkaraoke.hu\/wp-content\/uploads\/2022\/07\/choir_2-copy.webp\" alt=\"\" width=\"30\" height=\"30\" \/><\/strong><\/p>\n","protected":false},"excerpt":{"rendered":"<h6>Bits\u0171r\u0171s\u00e9g: 320kb\/s<br \/>\nHossz: 03:26<br \/>\nVok\u00e1lt tartalmaz: Nem <img loading=\"lazy\" decoding=\"async\" class=\"alignnone size-full wp-image-467\" src=\"http:\/\/www.sunkaraoke.hu\/wp-content\/uploads\/2022\/07\/choir_2-copy.png\" alt=\"\" width=\"30\" height=\"30\" \/><strong style=\"font-size: 16px;\"><br \/>\n<\/strong><\/h6>\n<p>Sunkaraoke mp3 st\u00fadi\u00f3 \/ www.sunkaraoke.hu \/ Inf: Tel: 06 20 4275001<\/p>\n<p>&#8212;Intr\u00f3&#8212;<br \/>\n\u00c1llj meg \u00e9s n\u00e9zz bele egyszer a t\u00fck\u00f6rbe,<br \/>\nn\u00e9zz bele lassan m\u00e9lyen a szemedbe,<br \/>\nkeresd meg azt a gyermeket, ki valaha volt\u00e1l.<br \/>\nK\u00e9rdezd meg hogy most ez \u00e1lom vagy val\u00f3s\u00e1g,<br \/>\n\u00e9ltedben boldogs\u00e1g v\u00e1r vagy csal\u00f3d\u00e1s,<br \/>\ngondold \u00e1t eddigi \u00e9leted, s mi az ami b\u00e1nt.<br \/>\n\u00c9s akkor b\u00e1tran l\u00e9pj ki a vil\u00e1gba,<br \/>\nmutasd meg nem sz\u00fclett\u00e9l hi\u00e1ba,<br \/>\ns mindent el\u00e9rhetsz majd mindent megtehetek.<br \/>\nS ott lesz v\u00e1gyaid ajtaja kit\u00e1rva,<br \/>\nl\u00e9pj be \u00e9s mondd hogy ezt k\u00edv\u00e1ntam,<br \/>\ns hat\u00e1rt nem szab m\u00e1s csak a k\u00e9pzeleted!<br \/>\n&#8212;Sz\u00f3l\u00f3&#8212;<br \/>\nFordulj meg indulj el h\u00e1t a nagy \u00fatra,<br \/>\nvissza se n\u00e9zz az \u00fagyis csak leh\u00fazna,<br \/>\nszaladj h\u00e1t keresd a c\u00e9lodat m\u00edg megteheted.<br \/>\nKutasd a tervet keresd \u0151t ki\u00e1ltva,<br \/>\nne hallgass arra ki azt mondja hi\u00e1ba,<br \/>\nhisze egy elhib\u00e1zott sz\u00f3 mindent t\u00f6nkretehet.<br \/>\n\u00c9s akkor b\u00e1tran l\u00e9pj ki a vil\u00e1gba,<br \/>\nmutasd meg nem sz\u00fclett\u00e9l hi\u00e1ba,<br \/>\ns mindent el\u00e9rhetsz majd mindent megtehetek.<br \/>\nS ott lesz v\u00e1gyaid ajtaja kit\u00e1rva,<br \/>\nl\u00e9pj be \u00e9s mondd hogy ezt k\u00edv\u00e1ntam,<br \/>\ns hat\u00e1rt nem szab m\u00e1s csak a k\u00e9pzeleted!<br \/>\n\u00c9s akkor b\u00e1tran l\u00e9pj ki a vil\u00e1gba,<br \/>\nmutasd meg nem sz\u00fclett\u00e9l hi\u00e1ba,<br \/>\ns mindent el\u00e9rhetsz majd mindent megtehetek.<br \/>\nS ott lesz v\u00e1gyaid ajtaja kit\u00e1rva,<br \/>\nl\u00e9pj be \u00e9s mondd hogy ezt k\u00edv\u00e1ntam,<br \/>\ns hat\u00e1rt nem szab m\u00e1s csak a k\u00e9pzeleted!<br \/>\n\u00c9s akkor b\u00e1tran l\u00e9pj ki a vil\u00e1gba,<br \/>\nmutasd meg nem sz\u00fclett\u00e9l hi\u00e1ba,<br \/>\ns mindent el\u00e9rhetsz majd mindent megtehetek.<br \/>\nS ott lesz v\u00e1gyaid ajtaja kit\u00e1rva,<br \/>\nl\u00e9pj be \u00e9s mondd hogy ezt k\u00edv\u00e1ntam,<br \/>\ns hat\u00e1rt nem szab m\u00e1s csak a k\u00e9pzeleted!<br \/>\n&#8212;V\u00e9ge&#8212;<\/p>\n","protected":false},"featured_media":8738,"template":"","meta":{"site-sidebar-layout":"default","site-content-layout":"default","ast-site-content-layout":"default","site-content-style":"default","site-sidebar-style":"default","ast-global-header-display":"","ast-banner-title-visibility":"","ast-main-header-display":"","ast-hfb-above-header-display":"","ast-hfb-below-header-display":"","ast-hfb-mobile-header-display":"","site-post-title":"","ast-breadcrumbs-content":"","ast-featured-img":"","footer-sml-layout":"","theme-transparent-header-meta":"default","adv-header-id-meta":"","stick-header-meta":"","header-above-stick-meta":"","header-main-stick-meta":"","header-below-stick-meta":"","astra-migrate-meta-layouts":"set","ast-page-background-enabled":"default","ast-page-background-meta":{"desktop":{"background-color":"var(--ast-global-color-4)","background-image":"","background-repeat":"repeat","background-position":"center center","background-size":"auto","background-attachment":"scroll","background-type":"","background-media":"","overlay-type":"","overlay-color":"","overlay-opacity":"","overlay-gradient":""},"tablet":{"background-color":"","background-image":"","background-repeat":"repeat","background-position":"center center","background-size":"auto","background-attachment":"scroll","background-type":"","background-media":"","overlay-type":"","overlay-color":"","overlay-opacity":"","overlay-gradient":""},"mobile":{"background-color":"","background-image":"","background-repeat":"repeat","background-position":"center center","background-size":"auto","background-attachment":"scroll","background-type":"","background-media":"","overlay-type":"","overlay-color":"","overlay-opacity":"","overlay-gradient":""}},"ast-content-background-meta":{"desktop":{"background-color":"var(--ast-global-color-5)","background-image":"","background-repeat":"repeat","background-position":"center center","background-size":"auto","background-attachment":"scroll","background-type":"","background-media":"","overlay-type":"","overlay-color":"","overlay-opacity":"","overlay-gradient":""},"tablet":{"background-color":"var(--ast-global-color-5)","background-image":"","background-repeat":"repeat","background-position":"center center","background-size":"auto","background-attachment":"scroll","background-type":"","background-media":"","overlay-type":"","overlay-color":"","overlay-opacity":"","overlay-gradient":""},"mobile":{"background-color":"var(--ast-global-color-5)","background-image":"","background-repeat":"repeat","background-position":"center center","background-size":"auto","background-attachment":"scroll","background-type":"","background-media":"","overlay-type":"","overlay-color":"","overlay-opacity":"","overlay-gradient":""}}},"product_cat":[48],"product_tag":[],"class_list":["post-5722","product","type-product","status-publish","has-post-thumbnail","hentry","product_cat-sunkaraoke-dalok","desktop-align-left","tablet-align-left","mobile-align-left"],"_links":{"self":[{"href":"https:\/\/www.sunkaraoke.hu\/index.php\/wp-json\/wp\/v2\/product\/5722","targetHints":{"allow":["GET"]}}],"collection":[{"href":"https:\/\/www.sunkaraoke.hu\/index.php\/wp-json\/wp\/v2\/product"}],"about":[{"href":"https:\/\/www.sunkaraoke.hu\/index.php\/wp-json\/wp\/v2\/types\/product"}],"wp:featuredmedia":[{"embeddable":true,"href":"https:\/\/www.sunkaraoke.hu\/index.php\/wp-json\/wp\/v2\/media\/8738"}],"wp:attachment":[{"href":"https:\/\/www.sunkaraoke.hu\/index.php\/wp-json\/wp\/v2\/media?parent=5722"}],"wp:term":[{"taxonomy":"product_cat","embeddable":true,"href":"https:\/\/www.sunkaraoke.hu\/index.php\/wp-json\/wp\/v2\/product_cat?post=5722"},{"taxonomy":"product_tag","embeddable":true,"href":"https:\/\/www.sunkaraoke.hu\/index.php\/wp-json\/wp\/v2\/product_tag?post=5722"}],"curies":[{"name":"wp","href":"https:\/\/api.w.org\/{rel}","templated":true}]}}